{"id":7488,"date":"2025-01-08T16:59:19","date_gmt":"2025-01-08T08:59:19","guid":{"rendered":"https:\/\/taizyagromachine.com\/?post_type=product&#038;p=7488"},"modified":"2025-01-08T17:53:44","modified_gmt":"2025-01-08T09:53:44","slug":"automatic-soybean-thresher-machine","status":"publish","type":"product","link":"https:\/\/taizyagromachine.com\/vi\/product\/automatic-soybean-thresher-machine\/","title":{"rendered":"M\u00e1y tu\u1ed1t \u0111\u1eadu n\u00e0nh t\u1ef1 \u0111\u1ed9ng d\u00f9ng trong trang tr\u1ea1i"},"content":{"rendered":"<p class=\"translation-block\"><strong>M\u00e1y \u0111\u1eadp \u0111\u1eadu t\u01b0\u01a1ng<\/strong> n\u00e0y lo\u1ea1i b\u1ecf h\u1ea1t v\u00e0 v\u1ecf kh\u1ecfi \u0111\u1eadu n\u00e0nh, \u0111\u1eadu fava, \u0111\u1eadu th\u1eadn v\u00e0 c\u00e1c lo\u1ea1i c\u00e2y h\u1ecd \u0111\u1eadu kh\u00e1c. M\u00e1y c\u00f3 c\u00f4ng su\u1ea5t 500-700kg\/gi\u1edd. T\u1ef7 l\u1ec7 t\u00e1ch v\u1ecf \u226599%, t\u1ef7 l\u1ec7 v\u1ee1 \u22640,5% v\u00e0 t\u1ef7 l\u1ec7 t\u1ed5n th\u1ea5t t\u1ed5ng c\u1ed9ng \u22641,0%. <\/p>    <p>M\u00e1y \u0111\u1eadp \u0111\u1eadu c\u00f3 th\u1ec3 s\u1eed d\u1ee5ng \u0111\u1ed9ng c\u01a1 \u0111i\u1ec7n, \u0111\u1ed9ng c\u01a1 diesel ho\u1eb7c PTO \u0111\u1ec3 \u0111i\u1ec1u khi\u1ec3n n\u00f3. V\u1edbi ho\u1ea1t \u0111\u1ed9ng d\u1ec5 d\u00e0ng, c\u00e1c \u1ee9ng d\u1ee5ng r\u1ed9ng v\u00e0 hi\u1ec7u qu\u1ea3 cao, n\u00f3 ph\u1ed5 bi\u1ebfn trong c\u00e1c nh\u00e0 m\u00e1y ch\u1ebf bi\u1ebfn \u0111\u1eadu. N\u1ebfu quan t\u00e2m, ch\u00e0o m\u1eebng b\u1ea1n li\u00ean h\u1ec7 v\u1edbi ch\u00fang t\u00f4i b\u00e2y gi\u1edd tr\u01b0\u1edbc nhi\u1ec1u chi ti\u1ebft!<\/p>    <figure class=\"wp-block-embed is-type-video is-provider-youtube wp-block-embed-youtube wp-embed-aspect-16-9 wp-has-aspect-ratio\"><div class=\"wp-block-embed__wrapper\"> <iframe loading=\"lazy\" title=\"M\u00e1y tu\u1ed1t \u0111\u1eadu n\u00e0nh hi\u1ec7u qu\u1ea3 cao | M\u00e1y tu\u1ed1t \u0111\u1eadu \u0111a n\u0103ng nh\u1ecf \u0111\u1ec3 thu ho\u1ea1ch \u0111\u1eadu n\u00e0nh\" width=\"500\" height=\"281\" src=\"https:\/\/www.youtube.com\/embed\/O0HaKNz8GKQ?feature=oembed\" frameborder=\"0\" allow=\"accelerometer; autoplay; clipboard-write; encrypted-media; gyroscope; picture-in-picture; web-share\" referrerpolicy=\"strict-origin-when-cross-origin\" allowfullscreen><\/iframe> <\/div><figcaption class=\"wp-element-caption\">m\u00e1y tu\u1ed1t \u0111\u1eadu \u0111a n\u0103ng<\/figcaption><\/figure>    <h2 class=\"wp-block-heading\"><strong>\u01afu \u0111i\u1ec3m c\u1ee7a m\u00e1y tu\u1ed1t \u0111\u1eadu n\u00e0nh<\/strong><\/h2>    <ul class=\"wp-block-list\"> <li>N\u00f3 c\u00f3 th\u1ec3 <strong>\u0111\u1eadp 500-700kg \u0111\u1eadu m\u1ed7i gi\u1edd<\/strong>, n\u00e2ng cao hi\u1ec7u qu\u1ea3 l\u00e0m vi\u1ec7c, gi\u1ea3m lao \u0111\u1ed9ng th\u1ee7 c\u00f4ng.<\/li>    <li>M\u00e1y tu\u1ed1t \u0111\u1eadu n\u00e0nh n\u00e0y l\u00e0 <strong>th\u00edch h\u1ee3p cho t\u1ea5t c\u1ea3 c\u00e1c lo\u1ea1i c\u00e2y \u0111\u1eadu, nh\u01b0 \u0111\u1eadu fava, \u0111\u1eadu th\u1eadn, \u0111\u1eadu xanh<\/strong>, v\u00e2n v\u00e2n.<\/li>    <li>Th\u00f4ng qua thi\u1ebft k\u1ebf ch\u00ednh x\u00e1c, <strong>t\u1ed5n th\u1ea5t trong qu\u00e1 tr\u00ecnh \u0111\u1eadp l\u00e0 .0%<\/strong>, r\u1ea5t th\u1ea5p, \u0111\u1ea3m b\u1ea3o thu \u0111\u01b0\u1ee3c nhi\u1ec1u h\u1ea1t \u0111\u1eadu nguy\u00ean v\u1eb9n h\u01a1n.<\/li>    <li>M\u00e1y c\u00f3 m\u1ed9t <strong>c\u1ea5u tr\u00fac \u0111\u01a1n gi\u1ea3n, d\u1ec5 s\u1eed d\u1ee5ng<\/strong>, ph\u00f9 h\u1ee3p v\u1edbi nhi\u1ec1u c\u1ea5p \u0111\u1ed9 ng\u01b0\u1eddi d\u00f9ng kh\u00e1c nhau.<\/li>    <li>Ch\u00fang t\u00f4i c\u00f3 th\u1ec3 <strong>t\u00f9y ch\u1ec9nh \u0111i\u1ec7n \u00e1p m\u00e1y, ngu\u1ed3n, c\u1ea5u h\u00ecnh, m\u00e0u s\u1eafc,<\/strong> vv \u0111\u1ec3 \u0111\u00e1p \u1ee9ng nhu c\u1ea7u c\u1ee7a b\u1ea1n.<\/li> <\/ul>   <div class=\"wp-block-image\"> <figure class=\"aligncenter size-full\"><img loading=\"lazy\" decoding=\"async\" width=\"720\" height=\"540\" src=\"https:\/\/taizyagromachine.com\/wp-content\/uploads\/2025\/01\/small-scale-bean-thresher.webp\" alt=\"m\u00e1y tu\u1ed1t \u0111\u1eadu quy m\u00f4 nh\u1ecf\" class=\"wp-image-7497\" srcset=\"https:\/\/taizyagromachine.com\/wp-content\/uploads\/2025\/01\/small-scale-bean-thresher.webp 720w, https:\/\/taizyagromachine.com\/wp-content\/uploads\/2025\/01\/small-scale-bean-thresher-16x12.webp 16w\" sizes=\"auto, (max-width: 720px) 100vw, 720px\" \/><figcaption class=\"wp-element-caption\">m\u00e1y tu\u1ed1t \u0111\u1eadu quy m\u00f4 nh\u1ecf<\/figcaption><\/figure> <\/div>   <h2 class=\"wp-block-heading\"><strong>Th\u00f4ng s\u1ed1 k\u1ef9 thu\u1eadt c\u1ee7a m\u00e1y tu\u1ed1t \u0111\u1eadu n\u00e0nh<\/strong><\/h2>    <figure class=\"wp-block-table\"><table class=\"has-fixed-layout\"><tbody><tr><td>Ng\u01b0\u1eddi m\u1eabu<\/td><td>5TD-900<\/td><\/tr><tr><td>Dung t\u00edch<\/td><td>500-700kg\/gi\u1edd<\/td><\/tr><tr><td>S\u1ee9c m\u1ea1nh ph\u00f9 h\u1ee3p<\/td><td>\u0110\u1ed9ng c\u01a1 \u22657,5kw ho\u1eb7c \u0111\u1ed9ng c\u01a1 diesel 12-15 m\u00e3 l\u1ef1c ho\u1eb7c m\u00e1y k\u00e9o PTO <\/td><\/tr><tr><td>T\u1ef7 l\u1ec7 v\u1ee1<\/td><td>.50,5%<\/td><\/tr><tr><td>T\u1ef7 l\u1ec7 kh\u00f4ng b\u1ecb t\u01b0\u1edbc quy\u1ec1n s\u1edf h\u1eefu<\/td><td>.0%<\/td><\/tr><tr><td>T\u1ed5ng t\u1ef7 l\u1ec7 t\u1ed5n th\u1ea5t<\/td><td>.0%<\/td><\/tr><tr><td>T\u1ed1c \u0111\u1ed9 qu\u1ea1t<\/td><td>1000-1100r\/ph\u00fat<\/td><\/tr><tr><td>Qu\u1ea1t h\u00fat (qu\u1ea1t v\u1ec7 sinh) \u0111\u01b0\u1eddng k\u00ednh qu\u1ea1t<\/td><td>D=600mm<\/td><\/tr><tr><td>\u0110\u01b0\u1eddng k\u00ednh\/chi\u1ec1u d\u00e0i tr\u1ed1ng<\/td><td>D=520mm(ho\u1eb7c 500), L=900mm<\/td><\/tr><tr><td>Bi\u00ean \u0111\u1ed9 m\u00e0n h\u00ecnh rung<\/td><td>30mm<\/td><\/tr><tr><td>K\u00edch th\u01b0\u1edbc (bao g\u1ed3m l\u1ed1p v\u00e0 khung k\u00e9o)<\/td><td>340*170*140(ho\u1eb7c 156)cm<\/td><\/tr><tr><td>C\u00e2n n\u1eb7ng<\/td><td>400kg<\/td><\/tr><tr><td>K\u00edch th\u01b0\u1edbc \u0111\u00f3ng g\u00f3i<\/td><td>M\u00e1y \u0111\u01a1n trong h\u1ed9p g\u1ed7 (bao g\u1ed3m c\u1ea3 \u0111\u1ed9ng c\u01a1 diesel) 226 * 96 * 124cm<\/td><\/tr><\/tbody><\/table><figcaption class=\"wp-element-caption\">d\u1eef li\u1ec7u c\u1ee7a m\u00e1y tu\u1ed1t \u0111\u1eadu<\/figcaption><\/figure>    <h2 class=\"wp-block-heading\"><strong>\u1ee8ng d\u1ee5ng c\u1ee7a m\u00e1y tu\u1ed1t \u0111\u1eadu n\u00e0nh<\/strong><\/h2>    <p class=\"translation-block\">M\u00e1y \u0111\u1eadp ng\u0169 c\u1ed1c n\u00e0y kh\u00f4ng ch\u1ec9 d\u00f9ng cho <strong>\u0111\u1eadu n\u00e0nh<\/strong> m\u00e0 c\u00f2n cho <strong>\u0111\u1eadu fava<\/strong>, \u0111\u1eadu th\u1eadn, \u0111\u1eadu xanh, l\u00faa mi\u1ebfn, ng\u00f4, h\u01b0\u1edbng d\u01b0\u01a1ng, v.v.<\/p>    <p>C\u00e1c k\u1ecbch b\u1ea3n \u1ee9ng d\u1ee5ng ch\u00ednh bao g\u1ed3m:<\/p>    <ul class=\"wp-block-list\"> <li><strong>s\u1eed d\u1ee5ng trang tr\u1ea1i<\/strong>: gi\u00fap n\u00f4ng d\u00e2n n\u00e2ng cao hi\u1ec7u qu\u1ea3 c\u00f4ng vi\u1ec7c v\u00e0 \u0111\u1eadp l\u00faa nhanh<\/li>    <li><strong>Nh\u00e0 m\u00e1y ch\u1ebf bi\u1ebfn quy m\u00f4 nh\u1ecf<\/strong>: trong c\u00e1c nh\u00e0 m\u00e1y ch\u1ebf bi\u1ebfn s\u1ea3n ph\u1ea9m t\u1eeb \u0111\u1eadu n\u00e0nh, m\u00e1y tu\u1ed1t \u0111\u01b0\u1ee3c s\u1eed d\u1ee5ng \u0111\u1ec3 ch\u1ebf bi\u1ebfn nhanh \u0111\u1eadu n\u00e0nh \u0111\u1ec3 ch\u1ebf bi\u1ebfn ti\u1ebfp th\u00e0nh s\u1eefa \u0111\u1eadu n\u00e0nh, \u0111\u1eadu ph\u1ee5, v.v.<\/li>    <li><strong>X\u01b0\u1edfng gia \u0111\u00ecnh<\/strong>: th\u00edch h\u1ee3p cho s\u1ea3n xu\u1ea5t quy m\u00f4 nh\u1ecf v\u00e0 gi\u1ea3m b\u1edbt lao \u0111\u1ed9ng th\u1ee7 c\u00f4ng.<\/li> <\/ul>    <figure class=\"wp-block-gallery has-nested-images columns-4 is-cropped wp-block-gallery-2 is-layout-flex wp-block-gallery-is-layout-flex\"> <figure class=\"wp-block-image size-full\"><img loading=\"lazy\" decoding=\"async\" width=\"1320\" height=\"1342\" data-id=\"7496\" src=\"https:\/\/taizyagromachine.com\/wp-content\/uploads\/2025\/01\/soybeans.webp\" alt=\"\u0111\u1eadu n\u00e0nh\" class=\"wp-image-7496\" srcset=\"https:\/\/taizyagromachine.com\/wp-content\/uploads\/2025\/01\/soybeans.webp 1320w, https:\/\/taizyagromachine.com\/wp-content\/uploads\/2025\/01\/soybeans-12x12.webp 12w\" sizes=\"auto, (max-width: 1320px) 100vw, 1320px\" \/><figcaption class=\"wp-element-caption\">\u0111\u1eadu n\u00e0nh<\/figcaption><\/figure>    <figure class=\"wp-block-image size-full\"><img loading=\"lazy\" decoding=\"async\" width=\"889\" height=\"500\" data-id=\"7493\" src=\"https:\/\/taizyagromachine.com\/wp-content\/uploads\/2025\/01\/fava-beans.webp\" alt=\"\u0111\u1eadu fava\" class=\"wp-image-7493\" srcset=\"https:\/\/taizyagromachine.com\/wp-content\/uploads\/2025\/01\/fava-beans.webp 889w, https:\/\/taizyagromachine.com\/wp-content\/uploads\/2025\/01\/fava-beans-18x10.webp 18w\" sizes=\"auto, (max-width: 889px) 100vw, 889px\" \/><figcaption class=\"wp-element-caption\">\u0111\u1eadu fava<\/figcaption><\/figure>    <figure class=\"wp-block-image size-full\"><img loading=\"lazy\" decoding=\"async\" width=\"640\" height=\"500\" data-id=\"7494\" src=\"https:\/\/taizyagromachine.com\/wp-content\/uploads\/2025\/01\/kidney-beans.webp\" alt=\"\u0111\u1eadu t\u00e2y\" class=\"wp-image-7494\" srcset=\"https:\/\/taizyagromachine.com\/wp-content\/uploads\/2025\/01\/kidney-beans.webp 640w, https:\/\/taizyagromachine.com\/wp-content\/uploads\/2025\/01\/kidney-beans-15x12.webp 15w\" sizes=\"auto, (max-width: 640px) 100vw, 640px\" \/><figcaption class=\"wp-element-caption\">\u0111\u1eadu t\u00e2y<\/figcaption><\/figure>    <figure class=\"wp-block-image size-full\"><img loading=\"lazy\" decoding=\"async\" width=\"500\" height=\"334\" data-id=\"7495\" src=\"https:\/\/taizyagromachine.com\/wp-content\/uploads\/2025\/01\/mung-beans.webp\" alt=\"\u0111\u1eadu xanh\" class=\"wp-image-7495\" srcset=\"https:\/\/taizyagromachine.com\/wp-content\/uploads\/2025\/01\/mung-beans.webp 500w, https:\/\/taizyagromachine.com\/wp-content\/uploads\/2025\/01\/mung-beans-18x12.webp 18w\" sizes=\"auto, (max-width: 500px) 100vw, 500px\" \/><figcaption class=\"wp-element-caption\">\u0111\u1eadu xanh<\/figcaption><\/figure> <\/figure>    <h2 class=\"wp-block-heading\"><strong>C\u1ea5u t\u1ea1o c\u1ee7a m\u00e1y tu\u1ed1t \u0111\u1eadu n\u00e0nh<\/strong><\/h2>    <p>C\u1ea5u t\u1ea1o c\u1ee7a m\u00e1y tu\u1ed1t \u0111\u1eadu kh\u00f4 \u0111a n\u0103ng \u0111\u1ec3 b\u00e1n bao g\u1ed3m m\u1ed9t s\u1ed1 b\u1ed9 ph\u1eadn quan tr\u1ecdng, ch\u1ee9c n\u0103ng c\u1ee7a t\u1eebng b\u1ed9 ph\u1eadn nh\u01b0 sau:<\/p>    <ul class=\"wp-block-list\"> <li><strong>C\u1eeda v\u00e0o<\/strong>: cho \u0111\u1eadu n\u00e0nh v\u00e0o m\u00e1y \u0111\u1eadp.<\/li>    <li><strong>tr\u1ed1ng \u0111\u1eadp l\u00faa<\/strong>: ph\u1ea7n c\u1ed1t l\u00f5i c\u1ee7a qu\u00e1 tr\u00ecnh \u0111\u1eadp l\u00faa, t\u00e1ch \u0111\u1eadu n\u00e0nh ra kh\u1ecfi v\u1ecf b\u1eb1ng c\u00e1ch xoay.<\/li>    <li><strong>Thi\u1ebft b\u1ecb s\u00e0ng l\u1ecdc<\/strong>: s\u00e0ng l\u1ecdc t\u1ea1p ch\u1ea5t v\u00e0 t\u00e1ch \u0111\u1eadu n\u00e0nh ra kh\u1ecfi v\u1ecf.<\/li>    <li><strong>C\u1ea3ng x\u1ea3<\/strong>: \u0110\u1eadu \u0111\u00e3 \u0111\u1eadp \u0111\u01b0\u1ee3c th\u1ea3i qua c\u1ed5ng x\u1ea3 \u0111\u1ea3m b\u1ea3o s\u1ea1ch s\u1ebd v\u00e0 hi\u1ec7u qu\u1ea3.<\/li>    <li><strong>H\u1ec7 th\u1ed1ng \u0111i\u1ec7n<\/strong>: ch\u1ea1y b\u1eb1ng \u0111\u1ed9ng c\u01a1 \u0111i\u1ec7n ho\u1eb7c \u0111\u1ed9ng c\u01a1 diesel \u0111\u1ea3m b\u1ea3o cho m\u00e1y ho\u1ea1t \u0111\u1ed9ng \u1ed5n \u0111\u1ecbnh.<\/li> <\/ul>   <div class=\"wp-block-image\"> <figure class=\"aligncenter size-full\"><img loading=\"lazy\" decoding=\"async\" width=\"720\" height=\"540\" src=\"https:\/\/taizyagromachine.com\/wp-content\/uploads\/2025\/01\/bean-thresher-machine-for-sale.webp\" alt=\"C\u1ea7n b\u00e1n m\u00e1y tu\u1ed1t \u0111\u1eadu\" class=\"wp-image-7489\" srcset=\"https:\/\/taizyagromachine.com\/wp-content\/uploads\/2025\/01\/bean-thresher-machine-for-sale.webp 720w, https:\/\/taizyagromachine.com\/wp-content\/uploads\/2025\/01\/bean-thresher-machine-for-sale-16x12.webp 16w\" sizes=\"auto, (max-width: 720px) 100vw, 720px\" \/><figcaption class=\"wp-element-caption\">C\u1ea7n b\u00e1n m\u00e1y tu\u1ed1t \u0111\u1eadu<\/figcaption><\/figure> <\/div>   <h2 class=\"wp-block-heading\"><strong>M\u00e1y tu\u1ed1t \u0111\u1eadu n\u00e0nh ho\u1ea1t \u0111\u1ed9ng nh\u01b0 th\u1ebf n\u00e0o?<\/strong><\/h2>    <p>M\u00e1y tu\u1ed1t \u0111\u1eadu n\u00e0nh t\u00e1ch \u0111\u1eadu n\u00e0nh ra kh\u1ecfi v\u1ecf b\u1eb1ng c\u00e1ch quay c\u01a1 h\u1ecdc. \u0110\u1ea7u ti\u00ean, \u0111\u1eadu kh\u00f4 \u0111i v\u00e0o m\u00e1y tu\u1ed1t qua c\u1eeda v\u00e0o v\u00e0 c\u00e1c h\u1ea1t \u0111\u01b0\u1ee3c t\u00e1ch ra kh\u1ecfi v\u1ecf nh\u1edd t\u00e1c \u0111\u1ed9ng quay c\u1ee7a tr\u1ed1ng tu\u1ed1t. Sau \u0111\u00f3, thi\u1ebft b\u1ecb s\u00e0ng l\u1ecdc b\u00ean trong m\u00e1y s\u1ebd t\u00e1ch h\u1ea1t \u0111\u1eadu ra kh\u1ecfi t\u1ea1p ch\u1ea5t. Cu\u1ed1i c\u00f9ng, nh\u1eefng h\u1ea1t \u0111\u1eadu \u0111\u00e3 l\u00e0m s\u1ea1ch \u0111\u01b0\u1ee3c th\u1ea3i ra kh\u1ecfi c\u1ea3ng x\u1ea3 \u0111\u1ec3 ho\u00e0n t\u1ea5t qu\u00e1 tr\u00ecnh \u0111\u1eadp.<\/p>    <p>To\u00e0n b\u1ed9 qu\u00e1 tr\u00ecnh di\u1ec5n ra s\u1ea1ch s\u1ebd v\u00e0 nhanh ch\u00f3ng, \u0111\u1ed3ng th\u1eddi \u0111\u1ea3m b\u1ea3o t\u00ednh to\u00e0n v\u1eb9n c\u1ee7a h\u1ea1t \u0111\u1eadu.<\/p>    <h2 class=\"wp-block-heading\"><strong>Nh\u1eefng g\u00ec m\u00e0 gi\u00e1 m\u00e1y \u00e9p \u0111\u1eadu n\u00e0nh?<\/strong><\/h2>    <p>Gi\u00e1 m\u00e1y tu\u1ed1t \u0111\u1eadu n\u00e0nh thay \u0111\u1ed5i t\u00f9y theo h\u1ec7 th\u1ed1ng \u0111i\u1ec7n, c\u1ea5u h\u00ecnh m\u00e1y, th\u01b0\u01a1ng hi\u1ec7u v\u00e0 c\u00e1c y\u1ebfu t\u1ed1 kh\u00e1c.<\/p>    <p>Ba lo\u1ea1i c\u00f4ng su\u1ea5t c\u00f3 th\u1ec3 ph\u00f9 h\u1ee3p v\u1edbi m\u00e1y tu\u1ed1t, v\u00e0 gi\u00e1 c\u1ee7a m\u1ed7i lo\u1ea1i l\u00e0 kh\u00e1c nhau. H\u01a1n n\u1eefa, c\u1ea5u h\u00ecnh b\u00ean trong c\u1ee7a m\u00e1y h\u01a1i kh\u00e1c nhau t\u00f9y theo nguy\u00ean li\u1ec7u th\u00f4 \u0111\u01b0\u1ee3c \u0111\u1eadp v\u00e0 gi\u00e1 c\u1ea3 c\u0169ng kh\u00e1c nhau. Th\u00eam v\u00e0o \u0111\u00f3, thi\u1ebft b\u1ecb c\u1ee7a c\u00e1c th\u01b0\u01a1ng hi\u1ec7u n\u1ed5i ti\u1ebfng c\u00f3 d\u1ecbch v\u1ee5 h\u1eadu m\u00e3i t\u1ed1t, gi\u00e1 th\u00e0nh s\u1ebd cao h\u01a1n m\u1ed9t ch\u00fat so v\u1edbi nh\u1eefng thi\u1ebft b\u1ecb kh\u00e1c.<\/p>    <p>M\u00e1y tu\u1ed1t \u0111\u1eadu n\u00e0nh Taizy c\u1ee7a ch\u00fang t\u00f4i c\u00f3 gi\u00e1 c\u1ea3 h\u1ee3p l\u00fd v\u00e0 ti\u1ebft ki\u1ec7m chi ph\u00ed, ph\u00f9 h\u1ee3p v\u1edbi c\u00e1c trang tr\u1ea1i v\u00e0 nh\u00e0 ch\u1ebf bi\u1ebfn c\u00f3 quy m\u00f4 kh\u00e1c nhau. N\u1ebfu b\u1ea1n mu\u1ed1n bi\u1ebft gi\u00e1 m\u00e1y c\u1ee5 th\u1ec3, vui l\u00f2ng li\u00ean h\u1ec7 v\u1edbi ch\u00fang t\u00f4i \u0111\u1ec3 \u0111\u01b0\u1ee3c b\u00e1o gi\u00e1 chi ti\u1ebft!<\/p>   <div class=\"wp-block-image\"> <figure class=\"aligncenter size-full\"><img loading=\"lazy\" decoding=\"async\" width=\"720\" height=\"540\" src=\"https:\/\/taizyagromachine.com\/wp-content\/uploads\/2025\/01\/soybean-thresher-machine-in-the-factory.webp\" alt=\"m\u00e1y tu\u1ed1t \u0111\u1eadu n\u00e0nh trong nh\u00e0 m\u00e1y\" class=\"wp-image-7492\" srcset=\"https:\/\/taizyagromachine.com\/wp-content\/uploads\/2025\/01\/soybean-thresher-machine-in-the-factory.webp 720w, https:\/\/taizyagromachine.com\/wp-content\/uploads\/2025\/01\/soybean-thresher-machine-in-the-factory-16x12.webp 16w\" sizes=\"auto, (max-width: 720px) 100vw, 720px\" \/><figcaption class=\"wp-element-caption\">m\u00e1y tu\u1ed1t \u0111\u1eadu n\u00e0nh trong nh\u00e0 m\u00e1y<\/figcaption><\/figure> <\/div>   <h2 class=\"wp-block-heading\"><strong>T\u1ea1i sao ch\u1ecdn Taizy l\u00e0m nh\u00e0 cung c\u1ea5p m\u00e1y tu\u1ed1t \u0111\u1eadu n\u00e0nh?<\/strong><\/h2>    <p class=\"translation-block\">T\u1ea1i sao ch\u1ecdn Taizy l\u00e0m nh\u00e0 cung c\u1ea5p m\u00e1y \u0111\u1eadp \u0111\u1eadu t\u01b0\u01a1ng khi c\u00f3 r\u1ea5t nhi\u1ec1u nh\u00e0 cung c\u1ea5p <strong>m\u00e1y \u0111\u1eadp \u0111a n\u0103ng<\/strong> tr\u00ean th\u1ecb tr\u01b0\u1eddng? Ch\u1ee7 y\u1ebfu c\u00f3 c\u00e1c \u0111i\u1ec3m sau:<\/p>    <ul class=\"wp-block-list\"> <li><strong>\u0110\u1ea3m b\u1ea3o ch\u1ea5t l\u01b0\u1ee3ng<\/strong>: M\u00e1y \u0111\u1eadp Taize s\u01b0\u1eddn \u0111\u01b0\u1ee3c t\u00edch h\u1ee3p v\u1edbi ng\u00e0nh c\u00f4ng nghi\u1ec7p v\u00e0 th\u01b0\u01a1ng m\u1ea1i. Nh\u00e0 m\u00e1y c\u1ee7a ch\u00fang t\u00f4i s\u1ea3n xu\u1ea5t c\u00e1c thi\u1ebft b\u1ecb v\u1edbi c\u00e1c v\u1eadt li\u1ec7u ch\u1ea5t l\u01b0\u1ee3ng cao v\u1edbi c\u00e1c c\u1ea5u tr\u00fac ch\u1eafc ch\u1eafn \u0111\u1ec3 \u0111\u1ea3m b\u1ea3o ho\u1ea1t \u0111\u1ed9ng \u1ed5n \u0111\u1ecbnh l\u00e2u d\u00e0i.<\/li>    <li><strong>D\u1ecbch v\u1ee5 h\u1eadu m\u00e3i ho\u00e0n h\u1ea3o<\/strong>: ch\u00fang t\u00f4i cung c\u1ea5p m\u1ed9t lo\u1ea1t c\u00e1c d\u1ecbch v\u1ee5 nh\u01b0 l\u1eafp \u0111\u1eb7t v\u00e0 v\u1eadn h\u00e0nh thi\u1ebft b\u1ecb, \u0111\u00e0o t\u1ea1o v\u1eadn h\u00e0nh, h\u1ed7 tr\u1ee3 k\u1ef9 thu\u1eadt, v.v. \u0111\u1ec3 \u0111\u1ea3m b\u1ea3o kh\u00e1ch h\u00e0ng kh\u00f4ng ph\u1ea3i lo l\u1eafng.<\/li>    <li><strong>Gi\u1ea3i ph\u00e1p t\u00f9y ch\u1ec9nh<\/strong>: theo nhu c\u1ea7u c\u1ee7a kh\u00e1ch h\u00e0ng, ch\u00fang t\u00f4i cung c\u1ea5p c\u1ea5u h\u00ecnh thi\u1ebft b\u1ecb t\u00f9y ch\u1ec9nh \u0111\u1ec3 \u0111\u00e1p \u1ee9ng nhu c\u1ea7u s\u1ea3n xu\u1ea5t \u1edf c\u00e1c quy m\u00f4 kh\u00e1c nhau.<\/li> <\/ul>    <figure class=\"wp-block-gallery has-nested-images columns-default is-cropped wp-block-gallery-3 is-layout-flex wp-block-gallery-is-layout-flex\"> <figure class=\"wp-block-image size-large\"><img loading=\"lazy\" decoding=\"async\" width=\"720\" height=\"540\" data-id=\"7490\" src=\"https:\/\/taizyagromachine.com\/wp-content\/uploads\/2025\/01\/soya-beans-thresher-machine-manufacturer.webp\" alt=\"nh\u00e0 s\u1ea3n xu\u1ea5t m\u00e1y tu\u1ed1t \u0111\u1eadu n\u00e0nh\" class=\"wp-image-7490\" srcset=\"https:\/\/taizyagromachine.com\/wp-content\/uploads\/2025\/01\/soya-beans-thresher-machine-manufacturer.webp 720w, https:\/\/taizyagromachine.com\/wp-content\/uploads\/2025\/01\/soya-beans-thresher-machine-manufacturer-16x12.webp 16w\" sizes=\"auto, (max-width: 720px) 100vw, 720px\" \/><figcaption class=\"wp-element-caption\">nh\u00e0 s\u1ea3n xu\u1ea5t m\u00e1y tu\u1ed1t \u0111\u1eadu n\u00e0nh<\/figcaption><\/figure>    <figure class=\"wp-block-image size-large\"><img loading=\"lazy\" decoding=\"async\" width=\"720\" height=\"540\" data-id=\"7491\" src=\"https:\/\/taizyagromachine.com\/wp-content\/uploads\/2025\/01\/soybeans-thresher-in-stock.webp\" alt=\"m\u00e1y \u0111\u1eadp \u0111\u1eadu n\u00e0nh trong kho\" class=\"wp-image-7491\" srcset=\"https:\/\/taizyagromachine.com\/wp-content\/uploads\/2025\/01\/soybeans-thresher-in-stock.webp 720w, https:\/\/taizyagromachine.com\/wp-content\/uploads\/2025\/01\/soybeans-thresher-in-stock-16x12.webp 16w\" sizes=\"auto, (max-width: 720px) 100vw, 720px\" \/><figcaption class=\"wp-element-caption\">m\u00e1y \u0111\u1eadp \u0111\u1eadu n\u00e0nh trong kho<\/figcaption><\/figure> <\/figure>    <h2 class=\"wp-block-heading\"><strong>Li\u00ean h\u1ec7 v\u1edbi ch\u00fang t\u00f4i \u0111\u1ec3 bi\u1ebft th\u00eam chi ti\u1ebft!<\/strong><\/h2>    <p>N\u1ebfu b\u1ea1n c\u00f3 nhu c\u1ea7u mua m\u00e1y tu\u1ed1t \u0111\u1eadu n\u00e0nh ho\u1eb7c quan t\u00e2m \u0111\u1ebfn thi\u1ebft b\u1ecb c\u1ee7a ch\u00fang t\u00f4i h\u00e3y li\u00ean h\u1ec7 ngay v\u1edbi ch\u00fang t\u00f4i. Ch\u00fang t\u00f4i s\u1ebd cung c\u1ea5p cho b\u1ea1n th\u00f4ng tin chi ti\u1ebft v\u1ec1 s\u1ea3n ph\u1ea9m v\u00e0 b\u00e1o gi\u00e1 \u0111\u1ec3 gi\u00fap b\u1ea1n l\u1ef1a ch\u1ecdn m\u00e1y tu\u1ed1t l\u00faa ph\u00f9 h\u1ee3p nh\u1ea5t v\u00e0 gi\u00fap doanh nghi\u1ec7p n\u00f4ng nghi\u1ec7p c\u1ee7a b\u1ea1n ph\u00e1t tri\u1ec3n th\u00e0nh c\u00f4ng!<\/p>","protected":false},"excerpt":{"rendered":"<p>M\u00e1y Thresher \u0111\u1eadu t\u01b0\u01a1ng n\u00e0y lo\u1ea1i b\u1ecf h\u1ea1t v\u00e0 v\u1ecf t\u1eeb \u0111\u1eadu n\u00e0nh, r\u1ed9ng, \u0111\u1eadu th\u1eadn v\u00e0 c\u00e1c lo\u1ea1i c\u00e2y h\u1ecd \u0111\u1eadu kh\u00e1c.  N\u00f3 c\u00f3 c\u00f4ng su\u1ea5t 500-700kg\/h.<\/p>","protected":false},"author":1,"featured_media":7498,"parent":0,"template":"","tags":[241],"product-type":[22],"class_list":["post-7488","product","type-product","status-publish","has-post-thumbnail","hentry","tag-soybean","product-type-others"],"_links":{"self":[{"href":"https:\/\/taizyagromachine.com\/vi\/wp-json\/wp\/v2\/product\/7488","targetHints":{"allow":["GET"]}}],"collection":[{"href":"https:\/\/taizyagromachine.com\/vi\/wp-json\/wp\/v2\/product"}],"about":[{"href":"https:\/\/taizyagromachine.com\/vi\/wp-json\/wp\/v2\/types\/product"}],"author":[{"embeddable":true,"href":"https:\/\/taizyagromachine.com\/vi\/wp-json\/wp\/v2\/users\/1"}],"wp:featuredmedia":[{"embeddable":true,"href":"https:\/\/taizyagromachine.com\/vi\/wp-json\/wp\/v2\/media\/7498"}],"wp:attachment":[{"href":"https:\/\/taizyagromachine.com\/vi\/wp-json\/wp\/v2\/media?parent=7488"}],"wp:term":[{"taxonomy":"post_tag","embeddable":true,"href":"https:\/\/taizyagromachine.com\/vi\/wp-json\/wp\/v2\/tags?post=7488"},{"taxonomy":"product-type","embeddable":true,"href":"https:\/\/taizyagromachine.com\/vi\/wp-json\/wp\/v2\/product-type?post=7488"}],"curies":[{"name":"wp","href":"https:\/\/api.w.org\/{rel}","templated":true}]}}