{"id":7875,"date":"2025-04-17T17:29:23","date_gmt":"2025-04-17T09:29:23","guid":{"rendered":"https:\/\/taizyagromachine.com\/?post_type=product&#038;p=7875"},"modified":"2025-04-17T17:29:24","modified_gmt":"2025-04-17T09:29:24","slug":"combine-potato-harvester","status":"publish","type":"product","link":"https:\/\/taizyagromachine.com\/vi\/product\/combine-potato-harvester\/","title":{"rendered":"K\u1ebft h\u1ee3p m\u00e1y g\u1eb7t khoai t\u00e2y v\u1edbi m\u00e1y k\u00e9o"},"content":{"rendered":"<p class=\"translation-block\">M\u00e1y thu ho\u1ea1ch khoai t\u00e2y Taizy c\u00f3 th\u1ec3 \u0111\u01b0\u1ee3c s\u1eed d\u1ee5ng v\u1edbi m\u00e1y k\u00e9o b\u1ed1n b\u00e1nh \u0111\u1ec3 ho\u00e0n th\u00e0nh vi\u1ec7c \u0111\u00e0o, v\u1eadn chuy\u1ec3n, thu gom, ch\u1ea5t t\u1ea3i v\u00e0 c\u00e1c ho\u1ea1t \u0111\u1ed9ng kh\u00e1c c\u1ee7a khoai t\u00e2y c\u00f9ng m\u1ed9t l\u00fac. C\u00f4ng su\u1ea5t m\u00e1y k\u00e9o ph\u00f9 h\u1ee3p l\u00e0 \u2265 40 m\u00e3 l\u1ef1c (t\u00f9y thu\u1ed9c v\u00e0o m\u1eabu m\u00e1y), ho\u1ea1t \u0111\u1ed9ng l\u1eafp kh\u1edbp ti\u1ec7n l\u1ee3i v\u00e0 kh\u1ea3 n\u0103ng c\u01a1 \u0111\u1ed9ng cao.<\/p>    <p>M\u00e1y \u0111\u00e0o khoai t\u00e2y 3 \u0111i\u1ec3m n\u00e0y c\u00f3 th\u1ec3 thu ho\u1ea1ch 5-8 mu khoai t\u00e2y ho\u1eb7c khoai lang m\u1ed7i gi\u1edd, v\u00e0 t\u1ed1c \u0111\u1ed9 khoai t\u00e2y Ming l\u00e0 \u226596%, v\u00e0 t\u1ed1c \u0111\u1ed9 ph\u00e1 v\u1ee1 da l\u00e0 \u22642%. N\u00f3 c\u00f3 nh\u1eefng \u01b0u \u0111i\u1ec3m c\u1ee7a t\u1ea3i t\u1ef1 \u0111\u1ed9ng, hi\u1ec7u qu\u1ea3 thu ho\u1ea1ch cao, t\u1ed1c \u0111\u1ed9 ph\u00e1 v\u1ee1 th\u1ea5p, ch\u1ea1y \u00e1nh s\u00e1ng m\u00e0 kh\u00f4ng rung, kh\u00f4ng c\u1eafm c\u1ecf, r\u00f2 r\u1ec9 \u0111\u1ea5t nhanh v\u00e0 tu\u1ed5i th\u1ecd d\u00e0i. V\u00ec v\u1eady, c\u1ed7 m\u00e1y n\u00e0y l\u00e0 l\u00fd t\u01b0\u1edfng \u0111\u1ec3 thu ho\u1ea1ch thi\u1ebft b\u1ecb n\u00f4ng tr\u1ea1i. B\u1ea1n c\u00f3 quan t\u00e2m kh\u00f4ng? H\u00e3y li\u00ean l\u1ea1c v\u1edbi ch\u00fang t\u00f4i ngay b\u00e2y gi\u1edd \u0111\u1ec3 mua m\u1ed9t c\u00e1i!<\/p>    <figure class=\"wp-block-embed is-type-video is-provider-youtube wp-block-embed-youtube wp-embed-aspect-16-9 wp-has-aspect-ratio\"><div class=\"wp-block-embed__wrapper\"> <iframe loading=\"lazy\" title=\"Khoai t\u00e2y k\u1ebft h\u1ee3p Harvestester v\u1edbi m\u00e1y k\u00e9o | Thi\u1ebft b\u1ecb thu ho\u1ea1ch khoai t\u00e2y \u0111\u1ec3 \u0111\u00e0o khoai t\u00e2y #harvester\" width=\"500\" height=\"281\" src=\"https:\/\/www.youtube.com\/embed\/B5UAHV-4Zjw?feature=oembed\" frameborder=\"0\" allow=\"accelerometer; autoplay; clipboard-write; encrypted-media; gyroscope; picture-in-picture; web-share\" referrerpolicy=\"strict-origin-when-cross-origin\" allowfullscreen><\/iframe> <\/div><figcaption class=\"wp-element-caption\">Video m\u00e1y thu ho\u1ea1ch khoai t\u00e2y<\/figcaption><\/figure>    <h2 class=\"wp-block-heading\"><strong>\u01afu \u0111i\u1ec3m c\u1ee7a m\u00e1y g\u1eb7t khoai t\u00e2y \u0111\u1ec3 b\u00e1n<\/strong><\/h2>    <ul class=\"wp-block-list\"> <li>Th\u00f4ng qua ho\u1ea1t \u0111\u1ed9ng t\u1ef1 \u0111\u1ed9ng, khu v\u1ef1c ho\u1ea1t \u0111\u1ed9ng c\u00f3 th\u1ec3 \u0111\u1ea1t \u0111\u1ebfn <strong>5-8 mu m\u1ed7i gi\u1edd<\/strong>, m\u00e0 ti\u1ebft ki\u1ec7m \u0111\u00e1ng k\u1ec3 chi ph\u00ed lao \u0111\u1ed9ng v\u00e0 th\u1eddi gian.<\/li>    <li>N\u00f3 \u00e1p d\u1ee5ng a <strong>M\u00e2y rung + thi\u1ebft k\u1ebf c\u1ea5u tr\u00fac chuy\u1ec3n ph\u00e1t cao su m\u1ec1m<\/strong>, gi\u1ea3m thi\u1ec3u thi\u1ec7t h\u1ea1i cho c\u00e2y tr\u1ed3ng trong qu\u00e1 tr\u00ecnh thu ho\u1ea1ch, gi\u1eef cho s\u1ef1 xu\u1ea5t hi\u1ec7n c\u1ee7a khoai t\u00e2y nguy\u00ean v\u1eb9n.<\/li>    <li>Cho d\u00f9 \u0111\u00f3 l\u00e0 <strong>\u0110\u1ea5t c\u00e1t, \u0111\u1ea5t loamy ho\u1eb7c \u0111\u1ea5t s\u00e9t<\/strong>, m\u00e1y \u0111\u00e0o khoai t\u00e2y cho m\u00e1y k\u00e9o c\u00f3 th\u1ec3 duy tr\u00ec ho\u1ea1t \u0111\u1ed9ng \u1ed5n \u0111\u1ecbnh, ph\u00f9 h\u1ee3p cho c\u00e1c l\u00f4 \u0111\u1ea5t kh\u00e1c nhau.<\/li>    <li>M\u00e1y c\u00f3 m\u1ed9t <strong>Thi\u1ebft k\u1ebf c\u1ea5u tr\u00fac h\u1ee3p l\u00fd<\/strong>v\u00e0 n\u00f4ng d\u00e2n b\u00ecnh th\u01b0\u1eddng c\u0169ng c\u00f3 th\u1ec3 nhanh ch\u00f3ng b\u1eaft \u0111\u1ea7u, gi\u1ea3m ng\u01b0\u1ee1ng ho\u1ea1t \u0111\u1ed9ng.<\/li> <\/ul>    <figure class=\"wp-block-gallery has-nested-images columns-default is-cropped wp-block-gallery-2 is-layout-flex wp-block-gallery-is-layout-flex\"> <figure class=\"wp-block-image size-large\"><img loading=\"lazy\" decoding=\"async\" width=\"720\" height=\"540\" data-id=\"7879\" src=\"https:\/\/taizyagromachine.com\/wp-content\/uploads\/2025\/04\/potato-harvester-machine.webp\" alt=\"M\u00e1y thu ho\u1ea1ch khoai t\u00e2y\" class=\"wp-image-7879\" srcset=\"https:\/\/taizyagromachine.com\/wp-content\/uploads\/2025\/04\/potato-harvester-machine.webp 720w, https:\/\/taizyagromachine.com\/wp-content\/uploads\/2025\/04\/potato-harvester-machine-16x12.webp 16w\" sizes=\"auto, (max-width: 720px) 100vw, 720px\" \/><figcaption class=\"wp-element-caption\">M\u00e1y thu ho\u1ea1ch khoai t\u00e2y<\/figcaption><\/figure>    <figure class=\"wp-block-image size-full\"><img loading=\"lazy\" decoding=\"async\" width=\"720\" height=\"540\" data-id=\"7881\" src=\"https:\/\/taizyagromachine.com\/wp-content\/uploads\/2025\/04\/unique-peanut-digger-design.webp\" alt=\"Thi\u1ebft k\u1ebf m\u00e1y \u0111\u00e0o \u0111\u1eadu ph\u1ed9ng \u0111\u1ed9c \u0111\u00e1o\" class=\"wp-image-7881\" srcset=\"https:\/\/taizyagromachine.com\/wp-content\/uploads\/2025\/04\/unique-peanut-digger-design.webp 720w, https:\/\/taizyagromachine.com\/wp-content\/uploads\/2025\/04\/unique-peanut-digger-design-16x12.webp 16w\" sizes=\"auto, (max-width: 720px) 100vw, 720px\" \/><figcaption class=\"wp-element-caption\">Thi\u1ebft k\u1ebf m\u00e1y \u0111\u00e0o \u0111\u1eadu ph\u1ed9ng \u0111\u1ed9c \u0111\u00e1o<\/figcaption><\/figure> <\/figure>    <h2 class=\"wp-block-heading\"><strong>C\u00e1c th\u00f4ng s\u1ed1 k\u1ef9 thu\u1eadt c\u1ee7a m\u00e1y g\u1eb7t khoai t\u00e2y k\u1ebft h\u1ee3p<\/strong><\/h2>    <figure class=\"wp-block-table\"><table class=\"has-fixed-layout\"><tbody><tr><td>Ng\u01b0\u1eddi m\u1eabu<\/td><td>4UQL-1300<\/td><td>4UQL-1600<\/td><\/tr><tr><td>N\u0103ng su\u1ea5t<\/td><td>5-8mu\/h<\/td><td>5-8mu\/h<\/td><\/tr><tr><td>\u0110\u1ed9 s\u00e2u l\u00e0m vi\u1ec7c<\/td><td>250mm<\/td><td>250mm<\/td><\/tr><tr><td>Chi\u1ec1u r\u1ed9ng l\u00e0m vi\u1ec7c<\/td><td>1300mm<\/td><td>1600mm<\/td><\/tr><tr><td>Ming t\u1ef7 l\u1ec7 khoai t\u00e2y<\/td><td>\u226596%<\/td><td>\u226596%<\/td><\/tr><tr><td>T\u1ed1c \u0111\u1ed9 v\u1ee1 da<\/td><td>2%<\/td><td>2%<\/td><\/tr><tr><td>T\u1ed1c \u0111\u1ed9 PTO<\/td><td>560rpm<\/td><td>560rpm<\/td><\/tr><tr><td>S\u1ee9c m\u1ea1nh ph\u00f9 h\u1ee3p<\/td><td>\u226540hp<\/td><td>\u226560hp<\/td><\/tr><tr><td>T\u1ed5ng tr\u1ecdng l\u01b0\u1ee3ng c\u1ee7a t\u1ed5ng s\u1ed1 m\u00e1y<\/td><td>1700kg<\/td><td>1800kg<\/td><\/tr><tr><td>Tr\u1ecdng l\u01b0\u1ee3ng r\u00f2ng c\u1ee7a t\u1ed5ng s\u1ed1 m\u00e1y<\/td><td>1560kg<\/td><td>1660kg<\/td><\/tr><tr><td>k\u00edch th\u01b0\u1edbc t\u1ed5ng th\u1ec3<\/td><td>4500*4000*2700mm<\/td><td>4500*4000*2700mm<\/td><\/tr><tr><td>K\u00edch th\u01b0\u1edbc \u0111\u00f3ng g\u00f3i<\/td><td>3200*1800*1850mm<\/td><td>3250*2000*1950mm<\/td><\/tr><\/tbody><\/table><figcaption class=\"wp-element-caption\">Th\u00f4ng s\u1ed1 k\u1ef9 thu\u1eadt c\u1ee7a m\u00e1y g\u1eb7t khoai t\u00e2y k\u1ebft h\u1ee3p<\/figcaption><\/figure>    <h2 class=\"wp-block-heading\"><strong>C\u00e1c \u1ee9ng d\u1ee5ng c\u1ee7a m\u00e1y thu ho\u1ea1ch khoai t\u00e2y<\/strong><\/h2>    <p>M\u00e1y thu ho\u1ea1ch khoai t\u00e2y n\u00e0y ch\u1ee7 y\u1ebfu \u0111\u01b0\u1ee3c s\u1eed d\u1ee5ng \u0111\u1ec3 thu ho\u1ea1ch c\u00e1c lo\u1ea1i c\u00e2y th\u00e2n ng\u1ea7m nh\u01b0 khoai t\u00e2y, khoai lang, t\u1ecfi v\u00e0 c\u00e0 r\u1ed1t. N\u00f3 ph\u00f9 h\u1ee3p cho c\u00e1c trang tr\u1ea1i nh\u1ecf v\u00e0 v\u1eeba, h\u1ee3p t\u00e1c x\u00e3 tr\u1ed3ng khoai t\u00e2y, c\u00e1c c\u01a1 s\u1edf tr\u1ed3ng tr\u1ecdt l\u1edbn, c\u00e1c \u0111\u1ea1i l\u00fd m\u00e1y m\u00f3c n\u00f4ng nghi\u1ec7p, nh\u1eefng ng\u01b0\u1eddi xin tr\u1ee3 c\u1ea5p m\u00e1y m\u00f3c n\u00f4ng nghi\u1ec7p, v.v.<\/p>    <figure class=\"wp-block-gallery has-nested-images columns-default is-cropped wp-block-gallery-3 is-layout-flex wp-block-gallery-is-layout-flex\"> <figure class=\"wp-block-image size-large\"><img loading=\"lazy\" decoding=\"async\" width=\"750\" height=\"600\" data-id=\"7882\" src=\"https:\/\/taizyagromachine.com\/wp-content\/uploads\/2025\/04\/applications-of-sweet-potato-harvesting-machine.webp\" alt=\"C\u00e1c \u1ee9ng d\u1ee5ng c\u1ee7a m\u00e1y thu ho\u1ea1ch khoai lang\" class=\"wp-image-7882\" srcset=\"https:\/\/taizyagromachine.com\/wp-content\/uploads\/2025\/04\/applications-of-sweet-potato-harvesting-machine.webp 750w, https:\/\/taizyagromachine.com\/wp-content\/uploads\/2025\/04\/applications-of-sweet-potato-harvesting-machine-15x12.webp 15w\" sizes=\"auto, (max-width: 750px) 100vw, 750px\" \/><figcaption class=\"wp-element-caption\">C\u00e1c \u1ee9ng d\u1ee5ng c\u1ee7a m\u00e1y thu ho\u1ea1ch khoai lang<\/figcaption><\/figure>    <figure class=\"wp-block-image size-large\"><img loading=\"lazy\" decoding=\"async\" width=\"750\" height=\"600\" data-id=\"7883\" src=\"https:\/\/taizyagromachine.com\/wp-content\/uploads\/2025\/04\/working-scenes-of-3-point-hitch-peanut-digger-machine.webp\" alt=\"C\u1ea3nh ho\u1ea1t \u0111\u1ed9ng c\u1ee7a m\u00e1y \u0111\u00e0o \u0111\u1eadu ph\u1ed9ng 3 \u0111i\u1ec3m Hitch\" class=\"wp-image-7883\" srcset=\"https:\/\/taizyagromachine.com\/wp-content\/uploads\/2025\/04\/working-scenes-of-3-point-hitch-peanut-digger-machine.webp 750w, https:\/\/taizyagromachine.com\/wp-content\/uploads\/2025\/04\/working-scenes-of-3-point-hitch-peanut-digger-machine-15x12.webp 15w\" sizes=\"auto, (max-width: 750px) 100vw, 750px\" \/><figcaption class=\"wp-element-caption\">C\u1ea3nh ho\u1ea1t \u0111\u1ed9ng c\u1ee7a m\u00e1y \u0111\u00e0o \u0111\u1eadu ph\u1ed9ng 3 \u0111i\u1ec3m Hitch<\/figcaption><\/figure> <\/figure>    <h2 class=\"wp-block-heading\"><strong>Gi\u00e1 m\u00e1y thu ho\u1ea1ch khoai t\u00e2y l\u00e0 bao nhi\u00eau?<\/strong><\/h2>    <p>Gi\u00e1 c\u1ee7a m\u00e1y \u0111\u00e0o khoai t\u00e2y 3 \u0111i\u1ec3m ph\u1ee5 thu\u1ed9c v\u00e0o m\u00f4 h\u00ecnh c\u1ee7a m\u00e1y, c\u00e1c y\u00eau c\u1ea7u c\u1ea5u h\u00ecnh v\u00e0 t\u00f9y ch\u1ec9nh t\u00ednh n\u0103ng. Gi\u00e1 chung dao \u0111\u1ed9ng t\u1eeb v\u00e0i ngh\u00ecn \u0111\u1ebfn h\u00e0ng ch\u1ee5c ng\u00e0n \u0111\u00f4 la. V\u00ed d\u1ee5, gi\u00e1 c\u1ee7a m\u1ed9t m\u00e1y g\u1eb7t k\u1ebft h\u1ee3p c\u01a1 b\u1ea3n l\u00e0 th\u1ea5p, trong khi gi\u00e1 c\u1ee7a m\u1ed9t lo\u1ea1i k\u1ebft h\u1ee3p \u0111a ch\u1ee9c n\u0103ng v\u1edbi m\u1ed9t b\u0103ng t\u1ea3i l\u00e0 t\u01b0\u01a1ng \u0111\u1ed1i cao. \u0110\u1ec3 c\u00f3 \u0111\u01b0\u1ee3c m\u1ed9t b\u1ea3ng b\u00e1o gi\u00e1 c\u1ee5 th\u1ec3 v\u00e0 b\u1ea3ng so s\u00e1nh tham s\u1ed1, xin vui l\u00f2ng li\u00ean h\u1ec7 v\u1edbi ch\u00fang t\u00f4i v\u1edbi th\u00f4ng tin y\u00eau c\u1ea7u c\u1ee7a b\u1ea1n.<\/p>   <div class=\"wp-block-image\"> <figure class=\"aligncenter size-full\"><img loading=\"lazy\" decoding=\"async\" width=\"720\" height=\"540\" src=\"https:\/\/taizyagromachine.com\/wp-content\/uploads\/2025\/04\/single-row-potato-digger-for-tractor.webp\" alt=\"Diger khoai t\u00e2y \u0111\u01a1n h\u00e0ng cho m\u00e1y k\u00e9o\" class=\"wp-image-7880\" srcset=\"https:\/\/taizyagromachine.com\/wp-content\/uploads\/2025\/04\/single-row-potato-digger-for-tractor.webp 720w, https:\/\/taizyagromachine.com\/wp-content\/uploads\/2025\/04\/single-row-potato-digger-for-tractor-16x12.webp 16w\" sizes=\"auto, (max-width: 720px) 100vw, 720px\" \/><figcaption class=\"wp-element-caption\">Diger khoai t\u00e2y \u0111\u01a1n h\u00e0ng cho m\u00e1y k\u00e9o<\/figcaption><\/figure> <\/div>   <h2 class=\"wp-block-heading\"><strong>T\u1ea1i sao ch\u1ecdn Taizy trong s\u1ed1 nhi\u1ec1u nh\u00e0 s\u1ea3n xu\u1ea5t m\u00e1y thu ho\u1ea1ch khoai t\u00e2y?<\/strong><\/h2>    <p>Taizy c\u00f3 nhi\u1ec1u n\u0103m kinh nghi\u1ec7m trong s\u1ea3n xu\u1ea5t m\u00e1y m\u00f3c n\u00f4ng nghi\u1ec7p v\u00e0 c\u00e1c s\u1ea3n ph\u1ea9m c\u1ee7a ch\u00fang t\u00f4i \u0111\u01b0\u1ee3c xu\u1ea5t kh\u1ea9u sang h\u01a1n 80 qu\u1ed1c gia tr\u00ean to\u00e0n th\u1ebf gi\u1edbi v\u00e0 \u0111\u01b0\u1ee3c ng\u01b0\u1eddi d\u00f9ng tin t\u01b0\u1edfng. \u01afu \u0111i\u1ec3m c\u1ee7a ch\u00fang t\u00f4i bao g\u1ed3m:<\/p>    <ul class=\"wp-block-list\"> <li>\u0110\u1ed9i ng\u0169 k\u1ef9 thu\u1eadt chuy\u00ean nghi\u1ec7p, h\u1ed7 tr\u1ee3 d\u1ecbch v\u1ee5 t\u00f9y ch\u1ec9nh<\/li>    <li>Ki\u1ec3m so\u00e1t ch\u1ea5t l\u01b0\u1ee3ng nghi\u00eam ng\u1eb7t v\u00e0 bao b\u00ec v\u00e0 v\u1eadn chuy\u1ec3n \u0111\u00e1ng tin c\u1eady<\/li>    <li>To\u00e0n b\u1ed9 quy tr\u00ecnh h\u1ed7 tr\u1ee3 sau b\u00e1n h\u00e0ng v\u00e0 h\u01b0\u1edbng d\u1eabn video<\/li>    <li>Hi\u1ec7u su\u1ea5t \u1ed5n \u0111\u1ecbnh v\u00e0 hi\u1ec7u qu\u1ea3 v\u1ec1 chi ph\u00ed, ph\u00f9 h\u1ee3p cho ng\u01b0\u1eddi d\u00f9ng c\u00f3 quy m\u00f4 kh\u00e1c nhau<\/li> <\/ul>    <p>N\u1ebfu b\u1ea1n quan t\u00e2m \u0111\u1ebfn m\u00e1y g\u1eb7t khoai t\u00e2y, ch\u1ecdn Taizy l\u00e0 ch\u1ecdn ch\u1ea5t l\u01b0\u1ee3ng, d\u1ecbch v\u1ee5 v\u00e0 b\u1ea3o \u0111\u1ea3m.<\/p>   <div class=\"wp-block-image\"> <figure class=\"aligncenter size-full\"><img loading=\"lazy\" decoding=\"async\" width=\"720\" height=\"540\" src=\"https:\/\/taizyagromachine.com\/wp-content\/uploads\/2025\/04\/commercial-potato-combine-harvester.webp\" alt=\"M\u00e1y g\u1eb7t \u0111\u1eadp khoai t\u00e2y th\u01b0\u01a1ng m\u1ea1i\" class=\"wp-image-7885\" srcset=\"https:\/\/taizyagromachine.com\/wp-content\/uploads\/2025\/04\/commercial-potato-combine-harvester.webp 720w, https:\/\/taizyagromachine.com\/wp-content\/uploads\/2025\/04\/commercial-potato-combine-harvester-16x12.webp 16w\" sizes=\"auto, (max-width: 720px) 100vw, 720px\" \/><figcaption class=\"wp-element-caption\">M\u00e1y g\u1eb7t \u0111\u1eadp khoai t\u00e2y th\u01b0\u01a1ng m\u1ea1i<\/figcaption><\/figure> <\/div>   <h2 class=\"wp-block-heading\"><strong>Lo\u1ea1i kh\u00e1c: M\u00e1y thu ho\u1ea1ch khoai t\u00e2y nh\u1ecf<\/strong><\/h2>    <p class=\"translation-block\">\u0110\u1ed1i v\u1edbi n\u00f4ng d\u00e2n nh\u1ecf ho\u1eb7c ng\u01b0\u1eddi d\u00f9ng c\u00f3 di\u1ec7n t\u00edch \u0111\u1ea5t nh\u1ecf, ch\u00fang t\u00f4i c\u0169ng cung c\u1ea5p thi\u1ebft b\u1ecb thu ho\u1ea1ch khoai t\u00e2y nh\u1ecf c\u1ea7m tay. M\u00e1y c\u00f3 k\u00edch th\u01b0\u1edbc nh\u1ecf, tr\u1ecdng l\u01b0\u1ee3ng nh\u1eb9, v\u1eadn h\u00e0nh \u0111\u01a1n gi\u1ea3n, ph\u00f9 h\u1ee3p v\u1edbi m\u00e1y k\u00e9o <strong>lo\u1ea1i \u0111i b\u1ed9 15-20 m\u00e3 l\u1ef1c<\/strong>, l\u00e0 l\u1ef1a ch\u1ecdn l\u00fd t\u01b0\u1edfng cho c\u00e1c h\u1ed9 gia \u0111\u00ecnh tr\u1ed3ng tr\u1ecdt, trang tr\u1ea1i nh\u1ecf v\u00e0 ng\u01b0\u1eddi d\u00f9ng \u1edf v\u00f9ng n\u00fai.<\/p>   <div class=\"wp-block-image\"> <figure class=\"aligncenter size-full\"><img loading=\"lazy\" decoding=\"async\" width=\"720\" height=\"540\" src=\"https:\/\/taizyagromachine.com\/wp-content\/uploads\/2025\/04\/small-potato-harvesting-machine-with-two-wheel-tractor.webp\" alt=\"M\u00e1y thu ho\u1ea1ch khoai t\u00e2y nh\u1ecf v\u1edbi m\u00e1y k\u00e9o hai b\u00e1nh\" class=\"wp-image-7886\" srcset=\"https:\/\/taizyagromachine.com\/wp-content\/uploads\/2025\/04\/small-potato-harvesting-machine-with-two-wheel-tractor.webp 720w, https:\/\/taizyagromachine.com\/wp-content\/uploads\/2025\/04\/small-potato-harvesting-machine-with-two-wheel-tractor-16x12.webp 16w\" sizes=\"auto, (max-width: 720px) 100vw, 720px\" \/><figcaption class=\"wp-element-caption\">M\u00e1y thu ho\u1ea1ch khoai t\u00e2y nh\u1ecf v\u1edbi m\u00e1y k\u00e9o hai b\u00e1nh<\/figcaption><\/figure> <\/div>   <h2 class=\"wp-block-heading\"><strong>Li\u00ean h\u1ec7 v\u1edbi ch\u00fang t\u00f4i ngay b\u00e2y gi\u1edd \u0111\u1ec3 bi\u1ebft th\u00eam chi ti\u1ebft!<\/strong><\/h2>    <p class=\"translation-block\">Mu\u1ed1n bi\u1ebft th\u00eam th\u00f4ng tin v\u1ec1 m\u1eabu m\u00e3, gi\u00e1 c\u1ea3 ho\u1eb7c video c\u1ee7a m\u00e1y thu ho\u1ea1ch khoai t\u00e2y? \u0110\u1eebng ng\u1ea7n ng\u1ea1i li\u00ean h\u1ec7 v\u1edbi ch\u00fang t\u00f4i! Taizy cung c\u1ea5p t\u01b0 v\u1ea5n mi\u1ec5n ph\u00ed, \u0111\u1ec1 xu\u1ea5t ch\u01b0\u01a1ng tr\u00ecnh, tr\u00ecnh di\u1ec5n tr\u1ef1c tuy\u1ebfn \u0111\u1ec3 gi\u00fap b\u1ea1n ch\u1ecdn gi\u1ea3i ph\u00e1p thu ho\u1ea1ch <strong>khoai t\u00e2y<\/strong> ph\u00f9 h\u1ee3p.<\/p>   <div class=\"wp-block-image\"> <figure class=\"aligncenter size-full\"><img loading=\"lazy\" decoding=\"async\" width=\"720\" height=\"540\" src=\"https:\/\/taizyagromachine.com\/wp-content\/uploads\/2025\/04\/potato-harvesting.webp\" alt=\"Thu ho\u1ea1ch khoai t\u00e2y\" class=\"wp-image-7884\" srcset=\"https:\/\/taizyagromachine.com\/wp-content\/uploads\/2025\/04\/potato-harvesting.webp 720w, https:\/\/taizyagromachine.com\/wp-content\/uploads\/2025\/04\/potato-harvesting-16x12.webp 16w\" sizes=\"auto, (max-width: 720px) 100vw, 720px\" \/><figcaption class=\"wp-element-caption\">Thu ho\u1ea1ch khoai t\u00e2y<\/figcaption><\/figure> <\/div>","protected":false},"excerpt":{"rendered":"<p>M\u00e1y thu ho\u1ea1ch khoai t\u00e2y Taizy c\u00f3 th\u1ec3 ho\u00e0n th\u00e0nh vi\u1ec7c \u0111\u00e0o, v\u1eadn chuy\u1ec3n, thu gom, t\u1ea3i v\u00e0 c\u00e1c ho\u1ea1t \u0111\u1ed9ng kh\u00e1c trong m\u1ed9t l\u1ea7n, l\u00e0m vi\u1ec7c v\u1edbi m\u1ed9t chi\u1ebfc m\u00e1y k\u00e9o 4 b\u00e1nh. N\u00f3 c\u00f3 c\u00f4ng su\u1ea5t t\u1eeb 5-8 m\u1eabu\/gi\u1edd.<\/p>","protected":false},"author":1,"featured_media":7878,"parent":0,"template":"","tags":[242],"product-type":[22],"class_list":["post-7875","product","type-product","status-publish","has-post-thumbnail","hentry","tag-potato","product-type-others"],"_links":{"self":[{"href":"https:\/\/taizyagromachine.com\/vi\/wp-json\/wp\/v2\/product\/7875","targetHints":{"allow":["GET"]}}],"collection":[{"href":"https:\/\/taizyagromachine.com\/vi\/wp-json\/wp\/v2\/product"}],"about":[{"href":"https:\/\/taizyagromachine.com\/vi\/wp-json\/wp\/v2\/types\/product"}],"author":[{"embeddable":true,"href":"https:\/\/taizyagromachine.com\/vi\/wp-json\/wp\/v2\/users\/1"}],"wp:featuredmedia":[{"embeddable":true,"href":"https:\/\/taizyagromachine.com\/vi\/wp-json\/wp\/v2\/media\/7878"}],"wp:attachment":[{"href":"https:\/\/taizyagromachine.com\/vi\/wp-json\/wp\/v2\/media?parent=7875"}],"wp:term":[{"taxonomy":"post_tag","embeddable":true,"href":"https:\/\/taizyagromachine.com\/vi\/wp-json\/wp\/v2\/tags?post=7875"},{"taxonomy":"product-type","embeddable":true,"href":"https:\/\/taizyagromachine.com\/vi\/wp-json\/wp\/v2\/product-type?post=7875"}],"curies":[{"name":"wp","href":"https:\/\/api.w.org\/{rel}","templated":true}]}}