{"id":7953,"date":"2025-04-30T18:25:49","date_gmt":"2025-04-30T10:25:49","guid":{"rendered":"https:\/\/taizyagromachine.com\/?post_type=product&#038;p=7953"},"modified":"2025-05-06T14:43:41","modified_gmt":"2025-05-06T06:43:41","slug":"manure-and-fertilizer-spreader-truck","status":"publish","type":"product","link":"https:\/\/taizyagromachine.com\/vi\/product\/manure-and-fertilizer-spreader-truck\/","title":{"rendered":"Xe t\u1ea3i r\u1ea3i ph\u00e2n b\u00f3n v\u00e0 ph\u00e2n chu\u1ed3ng"},"content":{"rendered":"<p class=\"translation-block\">Xe <strong>r\u1ea3i ph\u00e2n b\u00f3n Taizy<\/strong> \u0111\u01b0\u1ee3c thi\u1ebft k\u1ebf \u0111\u1ec3 r\u1ea3i c\u00e1c lo\u1ea1i ph\u00e2n h\u1eefu c\u01a1 kh\u00f4 v\u00e0 \u01b0\u1edbt, ph\u00e2n b\u00f3n h\u1ea1t, ph\u00e2n b\u00f3n h\u1eefu c\u01a1, ph\u00e2n b\u00f3n h\u00f3a h\u1ecdc, v.v., tr\u00ean c\u00e1c c\u00e1nh \u0111\u1ed3ng n\u00f4ng tr\u1ea1i. N\u00f3 ph\u00f9 h\u1ee3p cho c\u00e1c h\u1ee3p t\u00e1c x\u00e3 ch\u0103n nu\u00f4i v\u00e0 c\u00e1c c\u01a1 s\u1edf tr\u1ed3ng tr\u1ecdt l\u1edbn.<\/p>    <p>M\u00e1y r\u1ea3i ph\u00e2n b\u00f3n n\u00e0y l\u00e0 lo\u1ea1i PTO, v\u1edbi m\u00e1y k\u00e9o c\u00f3 c\u00f4ng su\u1ea5t \u226550HP, c\u00f3 th\u1ec3 t\u00edch 3m\u00b3, 6m\u00b3, 8m\u00b3, 10m\u00b3 v\u00e0 12m\u00b3, v\u00e0 kho\u1ea3ng c\u00e1ch r\u1ea3i t\u1eeb 4-16m. M\u00e1y r\u1ea3i c\u00f3 th\u1ec3 n\u00e9m ph\u00e2n b\u00f3n c\u1ee7a m\u1ed9t xe t\u1ea3i trong v\u00f2ng 5-10 ph\u00fat, v\u1edbi c\u00f4ng su\u1ea5t kho\u1ea3ng 500 M\u1eabu m\u1ed7i ng\u00e0y.<\/p>    <p>To\u00e0n b\u1ed9 m\u00e1y \u0111\u01b0\u1ee3c \u0111i\u1ec1u khi\u1ec3n b\u1eb1ng th\u1ee7y l\u1ef1c, \u0111\u01b0\u1ee3c \u0111\u00fac nguy\u00ean kh\u1ed1i, kh\u00f4ng h\u00e0n, v\u00e0 b\u1ec1n b\u1ec9 h\u01a1n c\u0169ng nh\u01b0 ch\u1ed1ng \u0103n m\u00f2n t\u1ed1t h\u01a1n. N\u00f3 c\u00f3 th\u1ec3 ph\u00e2n ph\u1ed1i hi\u1ec7u qu\u1ea3 v\u00e0 \u0111\u1ed3ng \u0111\u1ec1u t\u1ea5t c\u1ea3 c\u00e1c lo\u1ea1i ph\u00e2n b\u00f3n h\u1ea1t, ph\u00e2n b\u00f3n h\u1eefu c\u01a1 v\u00e0 ph\u00e2n chu\u1ed3ng kh\u00f4, l\u00e0 c\u00f4ng c\u1ee5 l\u00fd t\u01b0\u1edfng \u0111\u1ec3 n\u00e2ng cao hi\u1ec7u qu\u1ea3 c\u1ee7a ph\u00e2n b\u00f3n n\u00f4ng nghi\u1ec7p v\u00e0 ti\u1ebft ki\u1ec7m nh\u00e2n l\u1ef1c. Quan t\u00e2m? Li\u00ean h\u1ec7 v\u1edbi ch\u00fang t\u00f4i \u0111\u1ec3 bi\u1ebft th\u00eam th\u00f4ng tin.<\/p>    <figure class=\"wp-block-embed is-type-video is-provider-youtube wp-block-embed-youtube wp-embed-aspect-16-9 wp-has-aspect-ratio\"><div class=\"wp-block-embed__wrapper\"> <iframe loading=\"lazy\" title=\"Xe t\u1ea3i r\u1ea3i ph\u00e2n b\u00f3n cung c\u1ea5p cho m\u00e1y k\u00e9o | Xe t\u1ea3i r\u1ea3i ph\u00e2n b\u00f3n ho\u1ea1t \u0111\u1ed9ng nh\u01b0 th\u1ebf n\u00e0o? Ph\u00e2n ng\u1ef1a v\u00e0 ph\u00e2n gia c\u1ea7m.\" width=\"500\" height=\"281\" src=\"https:\/\/www.youtube.com\/embed\/JDF1syW7Qso?feature=oembed\" frameborder=\"0\" allow=\"accelerometer; autoplay; clipboard-write; encrypted-media; gyroscope; picture-in-picture; web-share\" referrerpolicy=\"strict-origin-when-cross-origin\" allowfullscreen><\/iframe> <\/div><figcaption class=\"wp-element-caption\">video v\u1ec1 xe t\u1ea3i r\u1ea3i ph\u00e2n chu\u1ed3ng<\/figcaption><\/figure>    <h2 class=\"wp-block-heading\"><strong>L\u1ee3i \u00edch c\u1ee7a xe t\u1ea3i r\u1ea3i ph\u00e2n b\u00f3n 3 \u0111i\u1ec3m<\/strong><\/h2>    <ul class=\"wp-block-list\"> <li>Khung k\u00e9o c\u1ee7a m\u00e1y r\u1ea3i ph\u00e2n l\u00e0 m\u1ed9t <strong>\u1ed1ng vu\u00f4ng 20*20cm<\/strong>, ch\u1eafc ch\u1eafn v\u00e0 b\u1ec1n h\u01a1n.<\/li>    <li>Chu\u1ed7i c\u1ea5p ph\u00e2n b\u00f3n s\u1eed d\u1ee5ng m\u1ed9t <strong>\u1ed1ng vu\u00f4ng 4*6cm v\u1edbi \u0111\u1ed9 d\u00e0y 5mm<\/strong>l, v\u00e0 c<strong>kh\u00f3a x\u00edch \u00e1p d\u1ee5ng c\u1ea5p \u0111\u1ed9 khai th\u00e1c<\/strong>, \u0111i\u1ec1u n\u00e0y kh\u00f4ng d\u1ec5 b\u1ecb bi\u1ebfn d\u1ea1ng v\u00e0 g\u00e3y trong th\u1eddi gian d\u00e0i r\u1ea3i v\u00e0 cho ph\u00e2n b\u00f3n.<\/li>    <li>B\u00ecnh d\u1ea7u th\u1ee7y l\u1ef1c dung t\u00edch l\u1edbn \u0111\u01b0\u1ee3c trang b\u1ecb m\u1ed9t <strong>thi\u1ebft b\u1ecb l\u00e0m m\u00e1t b\u1eb1ng kh\u00f4ng kh\u00ed<\/strong>, \u0111i\u1ec1u n\u00e0y \u0111\u1ea3m b\u1ea3o l\u00e0m m\u00e1t d\u1ea7u th\u1ee7y l\u1ef1c.<\/li>    <li>Xe t\u1ea3i r\u1ea3i ph\u00e2n b\u00f3n ki\u1ec3u k\u00e9o c\u1ee7a ch\u00fang t\u00f4i \u0111\u01b0\u1ee3c trang b\u1ecb m\u1ed9t <strong>van \u0111i\u1ec1u khi\u1ec3n d\u00f2ng ch\u1ea3y (10 c\u1ea5p)<\/strong>, c\u00f3 th\u1ec3 \u0111i\u1ec1u ch\u1ec9nh. C\u00e0ng l\u1edbn s\u1ed1 b\u00e1nh r\u0103ng, t\u1ed1c \u0111\u1ed9 c\u00e0ng nhanh.<\/li>    <li>L\u1ea5y v\u00ed d\u1ee5 v\u1ec1 m\u1ed9t chi\u1ebfc xe t\u1ea3i r\u1ea3i ph\u00e2n 6m\u00b3, n\u00f3 \u0111\u01b0\u1ee3c trang b\u1ecb <strong>m\u1ed9t \u0111\u0129a \u0111\u00f4i \u0111\u01b0\u1eddng k\u00ednh 68cm, kho\u1ea3ng c\u00e1ch n\u00e9m t\u1eeb 4-15m<\/strong>, c\u00f3 th\u1ec3 \u0111i\u1ec1u ch\u1ec9nh t\u1ef1 do.<\/li> <\/ul>    <figure class=\"wp-block-gallery has-nested-images columns-default is-cropped wp-block-gallery-2 is-layout-flex wp-block-gallery-is-layout-flex\"> <figure class=\"wp-block-image size-large\"><img loading=\"lazy\" decoding=\"async\" width=\"720\" height=\"540\" data-id=\"7961\" src=\"https:\/\/taizyagromachine.com\/wp-content\/uploads\/2025\/04\/3-point-fertilizer-spreader-truck-1.webp\" alt=\"Xe t\u1ea3i r\u1ea3i ph\u00e2n b\u00f3n 3 \u0111i\u1ec3m\" class=\"wp-image-7961\" srcset=\"https:\/\/taizyagromachine.com\/wp-content\/uploads\/2025\/04\/3-point-fertilizer-spreader-truck-1.webp 720w, https:\/\/taizyagromachine.com\/wp-content\/uploads\/2025\/04\/3-point-fertilizer-spreader-truck-1-16x12.webp 16w\" sizes=\"auto, (max-width: 720px) 100vw, 720px\" \/><figcaption class=\"wp-element-caption\">Xe t\u1ea3i r\u1ea3i ph\u00e2n b\u00f3n 3 \u0111i\u1ec3m<\/figcaption><\/figure>    <figure class=\"wp-block-image size-large\"><img loading=\"lazy\" decoding=\"async\" width=\"720\" height=\"540\" data-id=\"7962\" src=\"https:\/\/taizyagromachine.com\/wp-content\/uploads\/2025\/04\/3-point-hitch-fertilizer-spreader.webp\" alt=\"M\u00e1y r\u1ea3i ph\u00e2n 3 \u0111i\u1ec3m g\u1eafn tr\u00ean m\u00e1y k\u00e9o\" class=\"wp-image-7962\" srcset=\"https:\/\/taizyagromachine.com\/wp-content\/uploads\/2025\/04\/3-point-hitch-fertilizer-spreader.webp 720w, https:\/\/taizyagromachine.com\/wp-content\/uploads\/2025\/04\/3-point-hitch-fertilizer-spreader-16x12.webp 16w\" sizes=\"auto, (max-width: 720px) 100vw, 720px\" \/><figcaption class=\"wp-element-caption\">M\u00e1y r\u1ea3i ph\u00e2n 3 \u0111i\u1ec3m g\u1eafn tr\u00ean m\u00e1y k\u00e9o<\/figcaption><\/figure> <\/figure>    <h2 class=\"wp-block-heading\"><strong>Th\u00f4ng s\u1ed1 k\u1ef9 thu\u1eadt c\u1ee7a xe t\u1ea3i r\u1ea3i ph\u00e2n b\u00f3n kh\u00f4.<\/strong><\/h2>    <p>M\u00e1y r\u1ea3i ph\u00e2n kh\u00f4 v\u00e0 ph\u00e2n l\u1ecfng c\u1ee7a ch\u00fang t\u00f4i cung c\u1ea5p nhi\u1ec1u t\u00f9y ch\u1ecdn c\u00f4ng su\u1ea5t, bao g\u1ed3m 3m\u00b3, 6m\u00b3, 8m\u00b3, 10m\u00b3 v\u00e0 12m\u00b3, c\u00f3 th\u1ec3 \u0111\u01b0\u1ee3c ch\u1ecdn t\u1ef1 do theo khu v\u1ef1c l\u00e0m vi\u1ec7c v\u00e0 lo\u1ea1i ph\u00e2n. D\u01b0\u1edbi \u0111\u00e2y l\u00e0 c\u00e1c th\u00f4ng s\u1ed1 c\u1ee7a ba m\u1eabu th\u01b0\u1eddng \u0111\u01b0\u1ee3c b\u00e1n \u0111\u1ec3 b\u1ea1n tham kh\u1ea3o.<\/p>    <figure class=\"wp-block-table\"><table class=\"has-fixed-layout\"><tbody><tr><td><strong>M\u1ee5c <\/strong><strong><\/strong><\/td><td><strong>2FGH-3<\/strong><strong><\/strong><\/td><td><strong>2FGH-6<\/strong><\/td><td><strong>2FGH-8<\/strong><\/td><\/tr><tr><td>Th\u1ec3 t\u00edch silo &nbsp;<\/td><td>3m\u00b3<\/td><td>6m\u00b3<\/td><td>8m\u00b3<\/td><\/tr><tr><td>K\u00edch th\u01b0\u1edbc t\u1ed5ng th\u1ec3<\/td><td>4850*1800*2050mm<\/td><td>5750*2050*2430mm<\/td><td>6350*2200*2430mm<\/td><\/tr><tr><td>H\u00ecnh th\u1ee9c c\u1ea5u tr\u00fac<\/td><td>Lo\u1ea1i h\u1ed9p<\/td><td>Lo\u1ea1i h\u1ed9p<\/td><td>Lo\u1ea1i h\u1ed9p<\/td><\/tr><tr><td>C\u00e1ch l\u00e0m vi\u1ec7c<\/td><td>N\u00e9m l\u1ea1i<\/td><td>N\u00e9m l\u1ea1i<\/td><td>N\u00e9m l\u1ea1i<\/td><\/tr><tr><td>Ph\u01b0\u01a1ng ph\u00e1p v\u1eadn chuy\u1ec3n ph\u00e2n b\u00f3n h\u1eefu c\u01a1<\/td><td>X\u00edch th\u1ee7y l\u1ef1c \u0111\u1ea9y<\/td><td>X\u00edch th\u1ee7y l\u1ef1c \u0111\u1ea9y<\/td><td>X\u00edch th\u1ee7y l\u1ef1c \u0111\u1ea9y<\/td><\/tr><tr><td>Lo\u1ea1i thi\u1ebft b\u1ecb r\u1ea3i<\/td><td>\u0110\u0129a \u0111\u00f4i ph\u00eda sau<\/td><td>\u0110\u0129a \u0111\u00f4i ph\u00eda sau<\/td><td>\u0110\u0129a \u0111\u00f4i ph\u00eda sau<\/td><\/tr><tr><td>Chi\u1ec1u r\u1ed9ng r\u1ea3i<\/td><td>&gt;=5m<\/td><td>&gt;=5m<\/td><td>&gt;=5m<\/td><\/tr><tr><td>S\u1ed1 l\u01b0\u1ee3ng \u0111\u0129a<\/td><td>2 c\u00e1i<\/td><td>2 c\u00e1i<\/td><td>2 c\u00e1i<\/td><\/tr><tr><td>L\u1ed1p xe<\/td><td>2 c\u00e1i<\/td><td>2 c\u00e1i<\/td><td>2 c\u00e1i<\/td><\/tr><tr><td>S\u1ed1 l\u1ed1p xe<\/td><td>20.5\/70-16<\/td><td>298\/60R22.5<\/td><td>295\/60R22.5<\/td><\/tr><tr><td>S\u1ee9c m\u1ea1nh ph\u00f9 h\u1ee3p<\/td><td>\u226550HP<\/td><td>\u226560.3kw<\/td><td>\u226570kw<\/td><\/tr><tr><td>Kh\u1ea3 n\u0103ng t\u1ea3i t\u1ed1i \u0111a<\/td><td>2400kg<\/td><td>4800kg<\/td><td>6000kg<\/td><\/tr><tr><td>Hi\u1ec7u qu\u1ea3 l\u00e0m vi\u1ec7c<\/td><td>Kho\u1ea3ng 5-10 ph\u00fat\/xe t\u1ea3i (th\u1eddi gian r\u1ea3i ph\u1ee5 thu\u1ed9c v\u00e0o c\u00e1c lo\u1ea1i ph\u00e2n b\u00f3n kh\u00e1c nhau)<\/td><td>Kho\u1ea3ng 5-10 ph\u00fat\/xe t\u1ea3i (th\u1eddi gian r\u1ea3i ph\u1ee5 thu\u1ed9c v\u00e0o c\u00e1c lo\u1ea1i ph\u00e2n b\u00f3n kh\u00e1c nhau)<\/td><td>Kho\u1ea3ng 5-10 ph\u00fat\/xe t\u1ea3i (th\u1eddi gian r\u1ea3i ph\u1ee5 thu\u1ed9c v\u00e0o c\u00e1c lo\u1ea1i ph\u00e2n b\u00f3n kh\u00e1c nhau)<\/td><\/tr><\/tbody><\/table><figcaption class=\"wp-element-caption\">c\u00e1c th\u00f4ng s\u1ed1 c\u1ee7a xe r\u1ea3i ph\u00e2n b\u00f3n kh\u00f4 v\u00e0 l\u1ecfng<\/figcaption><\/figure>    <figure class=\"wp-block-gallery has-nested-images columns-default is-cropped wp-block-gallery-3 is-layout-flex wp-block-gallery-is-layout-flex\"> <figure class=\"wp-block-image size-large\"><img loading=\"lazy\" decoding=\"async\" width=\"720\" height=\"540\" data-id=\"7956\" src=\"https:\/\/taizyagromachine.com\/wp-content\/uploads\/2025\/04\/pto-driven-manure-spreader-truck.webp\" alt=\"Xe r\u1ea3i ph\u00e2n ch\u1ea1y b\u1eb1ng PTO\" class=\"wp-image-7956\" srcset=\"https:\/\/taizyagromachine.com\/wp-content\/uploads\/2025\/04\/pto-driven-manure-spreader-truck.webp 720w, https:\/\/taizyagromachine.com\/wp-content\/uploads\/2025\/04\/pto-driven-manure-spreader-truck-16x12.webp 16w\" sizes=\"auto, (max-width: 720px) 100vw, 720px\" \/><figcaption class=\"wp-element-caption\">Xe r\u1ea3i ph\u00e2n ch\u1ea1y b\u1eb1ng PTO<\/figcaption><\/figure>    <figure class=\"wp-block-image size-large\"><img loading=\"lazy\" decoding=\"async\" width=\"720\" height=\"540\" data-id=\"7957\" src=\"https:\/\/taizyagromachine.com\/wp-content\/uploads\/2025\/04\/tractor-manure-spreader.webp\" alt=\"M\u00e1y k\u00e9o r\u1ea3i ph\u00e2n\" class=\"wp-image-7957\" srcset=\"https:\/\/taizyagromachine.com\/wp-content\/uploads\/2025\/04\/tractor-manure-spreader.webp 720w, https:\/\/taizyagromachine.com\/wp-content\/uploads\/2025\/04\/tractor-manure-spreader-16x12.webp 16w\" sizes=\"auto, (max-width: 720px) 100vw, 720px\" \/><figcaption class=\"wp-element-caption\">M\u00e1y k\u00e9o r\u1ea3i ph\u00e2n<\/figcaption><\/figure> <\/figure>    <h2 class=\"wp-block-heading\"><strong>\u1ee8ng d\u1ee5ng c\u1ee7a xe t\u1ea3i r\u1ea3i ph\u00e2n chu\u1ed3ng<\/strong><\/h2>    <p>Xe r\u1ea3i ph\u00e2n g\u1eafn tr\u00ean m\u00e1y k\u00e9o Taizy ph\u00f9 h\u1ee3p cho t\u1ea5t c\u1ea3 c\u00e1c lo\u1ea1i ph\u00e2n kh\u00f4 v\u00e0 \u01b0\u1edbt, ph\u00e2n h\u1eefu c\u01a1, ph\u00e2n b\u00f3n h\u1ea1t v\u00e0 ho\u1ea1t \u0111\u1ed9ng r\u1ea3i ph\u00e2n b\u00f3n h\u00f3a h\u1ecdc, \u0111\u01b0\u1ee3c s\u1eed d\u1ee5ng r\u1ed9ng r\u00e3i trong:<\/p>    <ul class=\"wp-block-list\"> <li>Ho\u1ea1t \u0111\u1ed9ng tr\u1ea3 ph\u00e2n b\u00f3n c\u1ee7a c\u00e1c trang tr\u1ea1i<\/li>    <li>R\u1ea3i ph\u00e2n h\u1eefu c\u01a1 t\u1ea1i c\u00e1c c\u01a1 s\u1edf tr\u1ed3ng tr\u1ecdt<\/li>    <li>D\u1ef1 \u00e1n \u1ee9ng d\u1ee5ng ph\u00e2n b\u00f3n quy m\u00f4 c\u1ee7a c\u00e1c h\u1ee3p t\u00e1c x\u00e3 n\u00f4ng nghi\u1ec7p<\/li> <\/ul>    <h2 class=\"wp-block-heading\"><strong>Gi\u00e1 m\u00e1y r\u1ea3i ph\u00e2n b\u00f3n g\u1eafn tr\u00ean xe t\u1ea3i l\u00e0 bao nhi\u00eau?<\/strong><\/h2>    <p>Gi\u00e1 xe r\u1ea3i ph\u00e2n b\u00f3n thay \u0111\u1ed5i t\u00f9y thu\u1ed9c v\u00e0o c\u00e1c c\u00f4ng su\u1ea5t kh\u00e1c nhau, c\u1ea5u h\u00ecnh v\u00e0 li\u1ec7u ch\u00fang c\u00f3 \u0111\u01b0\u1ee3c t\u00f9y ch\u1ec9nh hay kh\u00f4ng. V\u00ed d\u1ee5, gi\u00e1 c\u1ee7a m\u00e1y r\u1ea3i ph\u00e2n chu\u1ed3ng 6m\u00b3 v\u1edbi h\u1ec7 th\u1ed1ng v\u00edt \u0111\u1ee9ng s\u1ebd cao h\u01a1n so v\u1edbi m\u00e1y c\u00f3 \u0111i\u1ec1u khi\u1ec3n th\u1ee7y l\u1ef1c v\u00e0 h\u1ec7 th\u1ed1ng \u0111\u0129a \u0111\u00f4i.<\/p>    <p>Ch\u00fang t\u00f4i h\u1ed7 tr\u1ee3 c\u00e1c gi\u1ea3i ph\u00e1p t\u00f9y ch\u1ec9nh theo ng\u00e2n s\u00e1ch v\u00e0 nhu c\u1ea7u ho\u1ea1t \u0111\u1ed9ng c\u1ee7a kh\u00e1ch h\u00e0ng. Xin vui l\u00f2ng li\u00ean h\u1ec7 v\u1edbi ch\u00fang t\u00f4i \u0111\u1ec3 nh\u1eadn b\u00e1o gi\u00e1 v\u00e0 gi\u1ea3i ph\u00e1p v\u1eadn chuy\u1ec3n m\u1edbi nh\u1ea5t.<\/p>    <figure class=\"wp-block-gallery has-nested-images columns-default is-cropped wp-block-gallery-4 is-layout-flex wp-block-gallery-is-layout-flex\"> <figure class=\"wp-block-image size-large\"><img loading=\"lazy\" decoding=\"async\" width=\"720\" height=\"540\" data-id=\"7959\" src=\"https:\/\/taizyagromachine.com\/wp-content\/uploads\/2025\/04\/3-point-fertilizer-spreader-truck.webp\" alt=\"Xe t\u1ea3i r\u1ea3i ph\u00e2n b\u00f3n 3 \u0111i\u1ec3m\" class=\"wp-image-7959\" srcset=\"https:\/\/taizyagromachine.com\/wp-content\/uploads\/2025\/04\/3-point-fertilizer-spreader-truck.webp 720w, https:\/\/taizyagromachine.com\/wp-content\/uploads\/2025\/04\/3-point-fertilizer-spreader-truck-16x12.webp 16w\" sizes=\"auto, (max-width: 720px) 100vw, 720px\" \/><figcaption class=\"wp-element-caption\">Xe t\u1ea3i r\u1ea3i ph\u00e2n b\u00f3n 3 \u0111i\u1ec3m<\/figcaption><\/figure>    <figure class=\"wp-block-image size-large\"><img loading=\"lazy\" decoding=\"async\" width=\"720\" height=\"540\" data-id=\"7960\" src=\"https:\/\/taizyagromachine.com\/wp-content\/uploads\/2025\/04\/compact-manure-spreader-truck.webp\" alt=\"Xe r\u1ea3i ph\u00e2n nh\u1ecf g\u1ecdn\" class=\"wp-image-7960\" srcset=\"https:\/\/taizyagromachine.com\/wp-content\/uploads\/2025\/04\/compact-manure-spreader-truck.webp 720w, https:\/\/taizyagromachine.com\/wp-content\/uploads\/2025\/04\/compact-manure-spreader-truck-16x12.webp 16w\" sizes=\"auto, (max-width: 720px) 100vw, 720px\" \/><figcaption class=\"wp-element-caption\">Xe r\u1ea3i ph\u00e2n nh\u1ecf g\u1ecdn<\/figcaption><\/figure> <\/figure>    <h2 class=\"wp-block-heading\"><strong>M\u1eb9o ch\u1ecdn xe t\u1ea3i r\u1ea3i ph\u00e2n b\u00f3n n\u00f4ng tr\u1ea1i ph\u00f9 h\u1ee3p.<\/strong><\/h2>    <p>Theo kinh nghi\u1ec7m c\u1ee7a ch\u00fang t\u00f4i, d\u01b0\u1edbi \u0111\u00e2y l\u00e0 nh\u1eefng g\u1ee3i \u00fd mua s\u1eafm cho m\u1ed9t chi\u1ebfc xe t\u1ea3i r\u1ea3i ph\u00e2n b\u00f3n, ch\u1ee7 y\u1ebfu bao g\u1ed3m:<\/p>    <ul class=\"wp-block-list\"> <li>X\u00e1c \u0111\u1ecbnh c\u1ea3nh s\u1eed d\u1ee5ng v\u00e0 lo\u1ea1i ph\u00e2n b\u00f3n<\/li>    <li>L\u1ef1a ch\u1ecdn c\u00f4ng su\u1ea5t h\u1ee3p l\u00fd<\/li>    <li>Ch\u00fa \u00fd \u0111\u1ebfn chi\u1ec1u r\u1ed9ng v\u00e0 hi\u1ec7u qu\u1ea3 r\u1ea3i ph\u00e2n b\u00f3n<\/li>    <li>C\u00f4ng su\u1ea5t ph\u00f9 h\u1ee3p v\u1edbi m\u00e1y k\u00e9o<\/li>    <li>Ch\u00fa \u00fd \u0111\u1ebfn h\u1ec7 th\u1ed1ng th\u1ee7y l\u1ef1c v\u00e0 s\u1ef1 ti\u1ec7n l\u1ee3i trong v\u1eadn h\u00e0nh<\/li>    <li>Ch\u1ecdn nh\u00e0 cung c\u1ea5p \u0111\u00e1ng tin c\u1eady<\/li> <\/ul>    <p>Tr\u00ean \u0111\u00e2y l\u00e0 m\u1ed9t s\u1ed1 g\u1ee3i \u00fd khi b\u1ea1n \u0111i mua s\u1eafm. N\u1ebfu b\u1ea1n c\u1ea7n th\u00eam th\u00f4ng tin chi ti\u1ebft, xin vui l\u00f2ng li\u00ean h\u1ec7 v\u1edbi ch\u00fang t\u00f4i!<\/p>    <h2 class=\"wp-block-heading\"><strong>T\u1ea1i sao ch\u1ecdn Taizy l\u00e0m nh\u00e0 cung c\u1ea5p xe t\u1ea3i r\u1ea3i ph\u00e2n b\u00f3n?<\/strong><\/h2>    <p>Ch\u1ecdn Taizy trong s\u1ed1 nhi\u1ec1u nh\u00e0 cung c\u1ea5p xe t\u1ea3i r\u1ea3i ph\u00e2n b\u00f3n \u0111ang b\u00e1n l\u00e0 v\u00ec:<\/p>    <ul class=\"wp-block-list\"> <li><strong>Kinh nghi\u1ec7m phong ph\u00fa<\/strong>Nhi\u1ec1u n\u0103m kinh nghi\u1ec7m xu\u1ea5t kh\u1ea9u m\u00e1y m\u00f3c n\u00f4ng nghi\u1ec7p, s\u1ea3n ph\u1ea9m \u0111\u01b0\u1ee3c xu\u1ea5t kh\u1ea9u sang ch\u00e2u \u00c1, ch\u00e2u Phi, ch\u00e2u \u00c2u v\u00e0 c\u00e1c qu\u1ed1c gia kh\u00e1c.<\/li>    <li><strong>C\u00f4ng ngh\u1ec7 \u0111\u00e1ng tin c\u1eady<\/strong>S\u1eed d\u1ee5ng c\u00e1c th\u00e0nh ph\u1ea7n th\u01b0\u01a1ng hi\u1ec7u h\u00e0ng \u0111\u1ea7u, to\u00e0n b\u1ed9 xe r\u1ea3i ph\u00e2n b\u00f3n \u0111\u01b0\u1ee3c \u0111\u00fac th\u00e0nh m\u1ed9t kh\u1ed1i, tu\u1ed5i th\u1ecd s\u1eed d\u1ee5ng l\u00e2u h\u01a1n.<\/li>    <li><strong>H\u1ed7 tr\u1ee3 t\u00f9y ch\u1ec9nh<\/strong>: Ch\u00fang t\u00f4i cung c\u1ea5p c\u00e1c gi\u1ea3i ph\u00e1p \u0111\u1ed9c quy\u1ec1n theo \u0111\u1ecba h\u00ecnh, lo\u1ea1i c\u00e2y tr\u1ed3ng v\u00e0 y\u00eau c\u1ea7u c\u00f4ng su\u1ea5t c\u1ee7a kh\u00e1ch h\u00e0ng.<\/li>    <li><strong>B\u1ea3o \u0111\u1ea3m sau b\u00e1n h\u00e0ng<\/strong>Ph\u1ee5 ki\u1ec7n \u0111\u1ea7y \u0111\u1ee7, h\u01b0\u1edbng d\u1eabn video t\u1eeb xa v\u00e0 d\u1ecbch v\u1ee5 \u0111\u00e1ng tin c\u1eady h\u01a1n cho xe r\u1ea3i ph\u00e2n b\u00f3n Taizy.<\/li> <\/ul>    <figure class=\"wp-block-gallery has-nested-images columns-default is-cropped wp-block-gallery-5 is-layout-flex wp-block-gallery-is-layout-flex\"> <figure class=\"wp-block-image size-large\"><img loading=\"lazy\" decoding=\"async\" width=\"720\" height=\"540\" data-id=\"7963\" src=\"https:\/\/taizyagromachine.com\/wp-content\/uploads\/2025\/04\/three-point-hitch-fertilizer-spreader-truck.webp\" alt=\"Xe t\u1ea3i r\u1ea3i ph\u00e2n b\u00f3n ba \u0111i\u1ec3m m\u00f3c\" class=\"wp-image-7963\" srcset=\"https:\/\/taizyagromachine.com\/wp-content\/uploads\/2025\/04\/three-point-hitch-fertilizer-spreader-truck.webp 720w, https:\/\/taizyagromachine.com\/wp-content\/uploads\/2025\/04\/three-point-hitch-fertilizer-spreader-truck-16x12.webp 16w\" sizes=\"auto, (max-width: 720px) 100vw, 720px\" \/><figcaption class=\"wp-element-caption\">Xe t\u1ea3i r\u1ea3i ph\u00e2n b\u00f3n ba \u0111i\u1ec3m m\u00f3c<\/figcaption><\/figure>    <figure class=\"wp-block-image size-large\"><img loading=\"lazy\" decoding=\"async\" width=\"720\" height=\"540\" data-id=\"7964\" src=\"https:\/\/taizyagromachine.com\/wp-content\/uploads\/2025\/04\/truck-mounted-manure-spreader.webp\" alt=\"Xe t\u1ea3i g\u1eafn r\u1ea3i ph\u00e2n chu\u1ed3ng\" class=\"wp-image-7964\" srcset=\"https:\/\/taizyagromachine.com\/wp-content\/uploads\/2025\/04\/truck-mounted-manure-spreader.webp 720w, https:\/\/taizyagromachine.com\/wp-content\/uploads\/2025\/04\/truck-mounted-manure-spreader-16x12.webp 16w\" sizes=\"auto, (max-width: 720px) 100vw, 720px\" \/><figcaption class=\"wp-element-caption\">Xe t\u1ea3i g\u1eafn r\u1ea3i ph\u00e2n chu\u1ed3ng<\/figcaption><\/figure> <\/figure>    <h2 class=\"wp-block-heading\"><strong>Li\u00ean h\u1ec7 v\u1edbi ch\u00fang t\u00f4i \u0111\u1ec3 nh\u1eadn b\u00e1o gi\u00e1 mi\u1ec5n ph\u00ed v\u00e0 th\u00f4ng tin video!<\/strong><\/h2>    <p class=\"translation-block\">Cho d\u00f9 b\u1ea1n l\u00e0 h\u1ee3p t\u00e1c x\u00e3 n\u00f4ng nghi\u1ec7p, trang tr\u1ea1i hay khu v\u1ef1c tr\u1ed3ng tr\u1ecdt, Taizy \u0111\u1ec1u c\u00f3 gi\u1ea3i ph\u00e1p r\u1ea3i ph\u00e2n hi\u1ec7u qu\u1ea3 v\u00e0 b\u1ec1n b\u1ec9.<\/p>    <ul class=\"wp-block-list\"> <li>Giao ti\u1ebfp nhanh ch\u00f3ng qua WhatsApp, WeChat v\u00e0 email.<\/li>    <li>Video l\u00e0m vi\u1ec7c mi\u1ec5n ph\u00ed, danh s\u00e1ch ph\u1ee5 t\u00f9ng v\u00e0 k\u1ebf ho\u1ea1ch v\u1eadn chuy\u1ec3n.<\/li>    <li>D\u1ecbch v\u1ee5 m\u1ed9t k\u00e8m m\u1ed9t b\u1edfi c\u00e1c t\u01b0 v\u1ea5n vi\u00ean b\u00e1n h\u00e0ng chuy\u00ean nghi\u1ec7p \u0111\u1ec3 \u0111\u1ea3m b\u1ea3o mua s\u1eafm kh\u00f4ng lo l\u1eafng.<\/li> <\/ul>    <p class=\"translation-block\">Ch\u00fang t\u00f4i c\u0169ng c\u00f3 c\u00e1c m\u00e1y \u1ee7 chua kh\u00e1c \u0111\u1ec3 b\u00e1n, ch\u1eb3ng h\u1ea1n nh\u01b0 <a href=\"https:\/\/taizyagromachine.com\/vi\/product\/silage-baler\/\">m\u00e1y \u0111\u00f3ng ki\u1ec7n \u1ee7 chua<\/a>, <a href=\"https:\/\/taizyagromachine.com\/vi\/product\/straw-crushing-and-recycling-machine\/\">m\u00e1y thu ho\u1ea1ch \u1ee7 chua<\/a> cho cu\u1ed9c s\u1ed1ng n\u00f4ng nghi\u1ec7p c\u1ee7a b\u1ea1n. H\u00e3y li\u00ean h\u1ec7 v\u1edbi ch\u00fang t\u00f4i \u0111\u1ec3 bi\u1ebft th\u00eam chi ti\u1ebft!<\/p>","protected":false},"excerpt":{"rendered":"<p>Xe r\u1ea3i ph\u00e2n b\u00f3n Taizy \u0111\u01b0\u1ee3c s\u1eed d\u1ee5ng \u0111\u1ec3 r\u1ea3i c\u00e1c lo\u1ea1i ph\u00e2n kh\u00f4 v\u00e0 \u01b0\u1edbt, ph\u00e2n b\u00f3n h\u1ea1t, ph\u00e2n b\u00f3n h\u1eefu c\u01a1, ph\u00e2n b\u00f3n h\u00f3a h\u1ecdc, v.v., tr\u00ean c\u00e1c c\u00e1nh \u0111\u1ed3ng n\u00f4ng nghi\u1ec7p, v\u1edbi dung t\u00edch 3m\u00b3, 6m\u00b3, 8m\u00b3, 10m\u00b3 v\u00e0 12m\u00b3.<\/p>","protected":false},"author":1,"featured_media":7955,"parent":0,"template":"","tags":[116],"product-type":[19],"class_list":["post-7953","product","type-product","status-publish","has-post-thumbnail","hentry","tag-silage","product-type-silage-machine"],"_links":{"self":[{"href":"https:\/\/taizyagromachine.com\/vi\/wp-json\/wp\/v2\/product\/7953","targetHints":{"allow":["GET"]}}],"collection":[{"href":"https:\/\/taizyagromachine.com\/vi\/wp-json\/wp\/v2\/product"}],"about":[{"href":"https:\/\/taizyagromachine.com\/vi\/wp-json\/wp\/v2\/types\/product"}],"author":[{"embeddable":true,"href":"https:\/\/taizyagromachine.com\/vi\/wp-json\/wp\/v2\/users\/1"}],"wp:featuredmedia":[{"embeddable":true,"href":"https:\/\/taizyagromachine.com\/vi\/wp-json\/wp\/v2\/media\/7955"}],"wp:attachment":[{"href":"https:\/\/taizyagromachine.com\/vi\/wp-json\/wp\/v2\/media?parent=7953"}],"wp:term":[{"taxonomy":"post_tag","embeddable":true,"href":"https:\/\/taizyagromachine.com\/vi\/wp-json\/wp\/v2\/tags?post=7953"},{"taxonomy":"product-type","embeddable":true,"href":"https:\/\/taizyagromachine.com\/vi\/wp-json\/wp\/v2\/product-type?post=7953"}],"curies":[{"name":"wp","href":"https:\/\/api.w.org\/{rel}","templated":true}]}}