{"id":8326,"date":"2025-10-13T15:06:47","date_gmt":"2025-10-13T07:06:47","guid":{"rendered":"https:\/\/taizyagromachine.com\/?post_type=product&#038;p=8326"},"modified":"2025-10-13T16:49:26","modified_gmt":"2025-10-13T08:49:26","slug":"small-scale-grain-thresher-machine","status":"publish","type":"product","link":"https:\/\/taizyagromachine.com\/vi\/product\/small-scale-grain-thresher-machine\/","title":{"rendered":"M\u00e1y tu\u1ed1t th\u00f3c quy m\u00f4 nh\u1ecf"},"content":{"rendered":"<p class=\"translation-block\">M\u00e1y tu\u1ed1t ng\u0169 c\u1ed1c \u0111a ch\u1ee9c n\u0103ng Taizy MT-1500 k\u1ebft h\u1ee3p hi\u1ec7u su\u1ea5t cao v\u1edbi t\u00ednh \u0111a n\u0103ng, \u0111\u01b0\u1ee3c s\u1eed d\u1ee5ng r\u1ed9ng r\u00e3i \u0111\u1ec3 tu\u1ed1t ng\u00f4 (c\u00f3 n\u1eafp), k\u00ea, sorghum, \u0111\u1eadu, g\u1ea1o, l\u00faa m\u00ec v\u00e0 c\u00e1c ng\u0169 c\u1ed1c kh\u00e1c. N\u00f3 \u0111\u00e1p \u1ee9ng nhu c\u1ea7u ch\u1ebf bi\u1ebfn quanh n\u0103m cho nhi\u1ec1u c\u00e2y tr\u1ed3ng tr\u00ean m\u1ed9t n\u00f4ng tr\u1ea1i v\u1edbi m\u1ed9t m\u00e1y duy nh\u1ea5t. C\u00f4ng su\u1ea5t t\u1eeb 2-5t m\u1ed7i gi\u1edd, \u0111\u01b0\u1ee3c nhi\u1ec1u ng\u01b0\u1eddi \u01b0a th\u00edch cho D\u1ef1 \u00e1n Th\u1ea7u N\u00f4ng Nghi\u1ec7p.<\/p>    <p>M\u00e1y t\u00e1ch h\u1ea1t ng\u0169 c\u1ed1c n\u00e0y c\u00f3 th\u1ec3 diesel (kh\u1edfi \u0111\u1ed9ng \u0111i\u1ec7n) ho\u1eb7c \u0111\u1ed9ng c\u01a1 \u0111i\u1ec7n l\u00e0m ngu\u1ed3n \u0111i\u1ec7n, \u0111\u01b0\u1ee3c trang b\u1ecb b\u00e1nh xe l\u1edbn v\u00e0 khung, r\u1ea5t \u0111\u01b0\u1ee3c kh\u00e1ch h\u00e0ng ch\u00e2u Phi \u01b0a chu\u1ed9ng. D\u00f9 cho trang tr\u1ea1i gia \u0111\u00ecnh, h\u1ee3p t\u00e1c x\u00e3 hay c\u01a1 s\u1edf ch\u1ebf bi\u1ebfn ng\u0169 c\u1ed1c, m\u00e1y tu\u1ed1t th\u00f3c c\u1ee7a ch\u00fang t\u00f4i mang l\u1ea1i vi\u1ec7c tu\u1ed1t hi\u1ec7u qu\u1ea3, gi\u1ea3m chi ph\u00ed nh\u00e2n c\u00f4ng v\u00e0 t\u0103ng s\u1ea3n l\u01b0\u1ee3ng.<\/p>    <figure class=\"wp-block-embed is-type-video is-provider-youtube wp-block-embed-youtube wp-embed-aspect-16-9 wp-has-aspect-ratio\"><div class=\"wp-block-embed__wrapper\"> <iframe loading=\"lazy\" title=\"MT-1500 \u0111a ch\u1ee9c n\u0103ng m\u00e1y tu\u1ed1t th\u00f3c cho ng\u00f4, k\u00ea, sorghum | M\u00e1y tu\u1ed1t ng\u0169 c\u1ed1c \u0111a ng\u00f4i\" width=\"500\" height=\"281\" src=\"https:\/\/www.youtube.com\/embed\/q6hb9pE17o4?feature=oembed\" frameborder=\"0\" allow=\"accelerometer; autoplay; clipboard-write; encrypted-media; gyroscope; picture-in-picture; web-share\" referrerpolicy=\"strict-origin-when-cross-origin\" allowfullscreen><\/iframe> <\/div><figcaption class=\"wp-element-caption\">video ho\u1ea1t \u0111\u1ed9ng c\u1ee7a m\u00e1y tu\u1ed1t \u0111a ng\u0169 c\u1ed1c<\/figcaption><\/figure>    <h2 class=\"wp-block-heading\"><strong>\u01afu \u0111i\u1ec3m c\u1ee7a m\u00e1y tu\u1ed1t th\u00f3c \u0111a ch\u1ee9c n\u0103ng<\/strong><\/h2>    <p>Kh\u1ea3 n\u0103ng \u0111a v\u1ee5 h\u1ea1ng cao: \u0110\u00e1p \u1ee9ng nhu c\u1ea7u tu\u1ed1t cho nhi\u1ec1u lo\u1ea1i c\u00e2y tr\u1ed3ng (ng\u00f4, l\u00faa, g\u1ea1o, k\u00ea, m sorghum, \u0111\u1eadu, v.v.) theo c\u00e1c m\u00f9a kh\u00e1c nhau.<\/p>    <ul class=\"wp-block-list\"> <li>Thi\u1ebft k\u1ebf hai bu\u1ed3ng: Cho ph\u00e9p tu\u1ed1t b\u1ed5 sung \u0111\u1ec3 ng\u0169 c\u1ed1c s\u1ea1ch h\u01a1n v\u00e0 t\u1ed5n th\u1ea5t th\u1ea5p h\u01a1n.<\/li>    <li>H\u1ec7 th\u1ed1ng qu\u1ea1t \u0111\u00f4i: Lo\u1ea1i b\u1ecf t\u1ea1p ch\u1ea5t to\u00e0n di\u1ec7n v\u1edbi hi\u1ec7u qu\u1ea3 l\u00e0m s\u1ea1ch \u0111\u01b0\u1ee3c t\u0103ng c\u01b0\u1eddng.<\/li>    <li>K\u1ebft c\u1ea5u v\u1eefng ch\u1eafc: Khung chassis \u1ed5n \u0111\u1ecbnh v\u1edbi b\u00e1nh xe l\u1edbn cho \u0111\u1ecba h\u00ecnh n\u00f4ng th\u00f4n ho\u1eb7c kh\u00f4ng b\u1eb1ng ph\u1eb3ng.<\/li>    <li>Ho\u1ea1t \u0111\u1ed9ng v\u00e0 b\u1ea3o tr\u00ec d\u1ec5 d\u00e0ng: L\u00fd t\u01b0\u1edfng cho ng\u01b0\u1eddi n\u00f4ng d\u00e2n, h\u1ee3p t\u00e1c x\u00e3 v\u00e0 c\u00e1c khu ch\u1ebf bi\u1ebfn n\u00f4ng nghi\u1ec7p h\u00e0ng ng\u00e0y.<\/li> <\/ul>    <figure class=\"wp-block-gallery has-nested-images columns-default is-cropped wp-block-gallery-2 is-layout-flex wp-block-gallery-is-layout-flex\"> <figure class=\"wp-block-image size-large\"><img loading=\"lazy\" decoding=\"async\" width=\"720\" height=\"540\" data-id=\"8332\" src=\"https:\/\/taizyagromachine.com\/wp-content\/uploads\/2025\/10\/multi-crop-threshing-machine.webp\" alt=\"m\u00e1y tu\u1ed1t l\u00faa \u0111a n\u0103ng\" class=\"wp-image-8332\" srcset=\"https:\/\/taizyagromachine.com\/wp-content\/uploads\/2025\/10\/multi-crop-threshing-machine.webp 720w, https:\/\/taizyagromachine.com\/wp-content\/uploads\/2025\/10\/multi-crop-threshing-machine-16x12.webp 16w\" sizes=\"auto, (max-width: 720px) 100vw, 720px\" \/><figcaption class=\"wp-element-caption\">m\u00e1y tu\u1ed1t l\u00faa \u0111a n\u0103ng<\/figcaption><\/figure>    <figure class=\"wp-block-image size-large\"><img loading=\"lazy\" decoding=\"async\" width=\"720\" height=\"540\" data-id=\"8333\" src=\"https:\/\/taizyagromachine.com\/wp-content\/uploads\/2025\/10\/multifunctional-grain-thresher-machine-for-sale.webp\" alt=\"m\u00e1y tu\u1ed1t ng\u0169 c\u1ed1c \u0111a ch\u1ee9c n\u0103ng \u0111\u1ec3 b\u00e1n\" class=\"wp-image-8333\" srcset=\"https:\/\/taizyagromachine.com\/wp-content\/uploads\/2025\/10\/multifunctional-grain-thresher-machine-for-sale.webp 720w, https:\/\/taizyagromachine.com\/wp-content\/uploads\/2025\/10\/multifunctional-grain-thresher-machine-for-sale-16x12.webp 16w\" sizes=\"auto, (max-width: 720px) 100vw, 720px\" \/><figcaption class=\"wp-element-caption\">m\u00e1y tu\u1ed1t ng\u0169 c\u1ed1c \u0111a ch\u1ee9c n\u0103ng \u0111\u1ec3 b\u00e1n<\/figcaption><\/figure> <\/figure>    <figure class=\"wp-block-gallery has-nested-images columns-default is-cropped wp-block-gallery-3 is-layout-flex wp-block-gallery-is-layout-flex\"> <figure class=\"wp-block-image size-large\"><img loading=\"lazy\" decoding=\"async\" width=\"720\" height=\"540\" data-id=\"8336\" src=\"https:\/\/taizyagromachine.com\/wp-content\/uploads\/2025\/10\/new-type-multipurpose-threshing-machine.webp\" alt=\"m\u00e1y tu\u1ed1t m\u1edbi \u0111a ch\u1ee9c n\u0103ng\" class=\"wp-image-8336\" srcset=\"https:\/\/taizyagromachine.com\/wp-content\/uploads\/2025\/10\/new-type-multipurpose-threshing-machine.webp 720w, https:\/\/taizyagromachine.com\/wp-content\/uploads\/2025\/10\/new-type-multipurpose-threshing-machine-16x12.webp 16w\" sizes=\"auto, (max-width: 720px) 100vw, 720px\" \/><figcaption class=\"wp-element-caption\">m\u00e1y tu\u1ed1t m\u1edbi \u0111a ch\u1ee9c n\u0103ng<\/figcaption><\/figure>    <figure class=\"wp-block-image size-large\"><img loading=\"lazy\" decoding=\"async\" width=\"720\" height=\"540\" data-id=\"8334\" src=\"https:\/\/taizyagromachine.com\/wp-content\/uploads\/2025\/10\/multifunctional-thresher-machine-for-grains.webp\" alt=\"M\u00e1y tu\u1ed1t th\u00f3c \u0111a ch\u1ee9c n\u0103ng cho ng\u0169 c\u1ed1c\" class=\"wp-image-8334\" srcset=\"https:\/\/taizyagromachine.com\/wp-content\/uploads\/2025\/10\/multifunctional-thresher-machine-for-grains.webp 720w, https:\/\/taizyagromachine.com\/wp-content\/uploads\/2025\/10\/multifunctional-thresher-machine-for-grains-16x12.webp 16w\" sizes=\"auto, (max-width: 720px) 100vw, 720px\" \/><figcaption class=\"wp-element-caption\">M\u00e1y tu\u1ed1t th\u00f3c \u0111a ch\u1ee9c n\u0103ng cho ng\u0169 c\u1ed1c<\/figcaption><\/figure> <\/figure>    <h2 class=\"wp-block-heading\"><strong>Th\u00f4ng s\u1ed1 c\u1ee7a m\u00e1y tu\u1ed1t th\u00f3c<\/strong><\/h2>    <figure class=\"wp-block-table\"><table class=\"has-fixed-layout\"><tbody><tr><td>Ng\u01b0\u1eddi m\u1eabu<\/td><td>MT-1500<\/td><\/tr><tr><td>C\u1ea5u h\u00ecnh ngu\u1ed3n<\/td><td>\u0110\u1ed9ng c\u01a1 diesel: 15\u201318 hp, kh\u1edfi \u0111\u1ed9ng \u0111i\u1ec7n<br>\u0110\u1ed9ng c\u01a1 \u0111i\u1ec7n: Ba pha 7,5 kW<\/td><\/tr><tr><td>Dung t\u00edch<\/td><td>L\u00e0m: 3 t\/h<br>Ng\u00f4: 5t\/h<br>G\u1ea1o\/L\u00faa: 2t\/h<\/td><\/tr><tr><td>\u1ee8ng d\u1ee5ng<\/td><td>Ng\u00f4, k\u00ea, m\u1ef3, \u0111\u1eadu t\u01b0\u01a1ng, g\u1ea1o, l\u00faa m\u00ec, v.v.<\/td><\/tr><\/tbody><\/table><figcaption class=\"wp-element-caption\">th\u00f4ng s\u1ed1 k\u1ef9 thu\u1eadt c\u1ee7a m\u00e1y tu\u1ed1t ng\u0169 c\u1ed1c \u0111a ch\u1ee9c n\u0103ng<\/figcaption><\/figure>    <h2 class=\"wp-block-heading\"><strong>C\u1ea5u tr\u00fac c\u1ee7a m\u00e1y tu\u1ed1t ng\u0169 c\u1ed1c Taizy<\/strong><\/h2>    <p>L\u00e0 m\u1ed9t nh\u00e0 s\u1ea3n xu\u1ea5t v\u00e0 cung c\u1ea5p thi\u1ebft b\u1ecb n\u00f4ng nghi\u1ec7p chuy\u00ean nghi\u1ec7p, ch\u00fang t\u00f4i n\u00e2ng c\u1ea5p m\u00e1y \u0111\u1ec3 ph\u1ee5c v\u1ee5 t\u1ed1t h\u01a1n kh\u00e1ch h\u00e0ng ch\u00e2u Phi v\u00e0 c\u00e1c d\u1ef1 \u00e1n th\u1ea7u. C c\u1ea5u tr\u00fac bao g\u1ed3m \u0111\u1ea7u v\u00e0o, \u0111\u1ea7u ra, ngu\u1ed3n \u0111i\u1ec7n, khung, bu\u1ed3ng tu\u1ed1t, v.v. Vui l\u00f2ng tham kh\u1ea3o s\u01a1 \u0111\u1ed3 d\u01b0\u1edbi \u0111\u00e2y \u0111\u1ec3 bi\u1ebft chi ti\u1ebft.<\/p>    <div class=\"wp-block-columns is-layout-flex wp-container-core-columns-is-layout-9d6595d7 wp-block-columns-is-layout-flex\"> <div class=\"wp-block-column is-layout-flow wp-block-column-is-layout-flow\"> <figure class=\"wp-block-image size-full\"><img loading=\"lazy\" decoding=\"async\" width=\"720\" height=\"540\" src=\"https:\/\/taizyagromachine.com\/wp-content\/uploads\/2025\/10\/components-of-multi-grain-thresher.webp\" alt=\"C\u00e1c th\u00e0nh ph\u1ea7n c\u1ee7a m\u00e1y tu\u1ed1t \u0111a ng\u0169 c\u1ed1c\" class=\"wp-image-8327\" srcset=\"https:\/\/taizyagromachine.com\/wp-content\/uploads\/2025\/10\/components-of-multi-grain-thresher.webp 720w, https:\/\/taizyagromachine.com\/wp-content\/uploads\/2025\/10\/components-of-multi-grain-thresher-16x12.webp 16w\" sizes=\"auto, (max-width: 720px) 100vw, 720px\" \/><figcaption class=\"wp-element-caption\">C\u00e1c th\u00e0nh ph\u1ea7n c\u1ee7a m\u00e1y tu\u1ed1t \u0111a ng\u0169 c\u1ed1c<\/figcaption><\/figure> <\/div>    <div class=\"wp-block-column is-layout-flow wp-block-column-is-layout-flow\"> <figure class=\"wp-block-image size-full\"><img loading=\"lazy\" decoding=\"async\" width=\"720\" height=\"540\" src=\"https:\/\/taizyagromachine.com\/wp-content\/uploads\/2025\/10\/structure-of-grain-threshing-machine.webp\" alt=\"c\u1ea5u tr\u00fac c\u1ee7a m\u00e1y tu\u1ed1t th\u00f3c\" class=\"wp-image-8328\" srcset=\"https:\/\/taizyagromachine.com\/wp-content\/uploads\/2025\/10\/structure-of-grain-threshing-machine.webp 720w, https:\/\/taizyagromachine.com\/wp-content\/uploads\/2025\/10\/structure-of-grain-threshing-machine-16x12.webp 16w\" sizes=\"auto, (max-width: 720px) 100vw, 720px\" \/><figcaption class=\"wp-element-caption\">c\u1ea5u tr\u00fac c\u1ee7a m\u00e1y tu\u1ed1t th\u00f3c<\/figcaption><\/figure> <\/div> <\/div>    <h2 class=\"wp-block-heading\"><strong>T\u1ea1i sao m\u00e1y tu\u1ed1t ng\u0169 c\u1ed1c Taizy ph\u00f9 h\u1ee3p cho d\u1ef1 \u00e1n th\u1ea7u?<\/strong><\/h2>    <p>M\u00e1y tu\u1ed1t ng\u0169 c\u1ed1c \u0111a ch\u1ee9c n\u0103ng Taizy MT-1500 kh\u00f4ng ch\u1ec9 mang l\u1ea1i hi\u1ec7u su\u1ea5t v\u01b0\u1ee3t tr\u1ed9i m\u00e0 c\u00f2n c\u00f3 nhi\u1ec1u \u01b0u \u0111i\u1ec3m ph\u00f9 h\u1ee3p cho \u0111\u1ea5u th\u1ea7u qu\u1ed1c t\u1ebf v\u00e0 mua s\u1eafm d\u1ef1 \u00e1n n\u00f4ng nghi\u1ec7p:<\/p>    <ol class=\"wp-block-list\"> <li>K\u1ef9 thu\u1eadt ti\u00ean ti\u1ebfn v\u1edbi hi\u1ec7u su\u1ea5t \u1ed5n \u0111\u1ecbnh <ul class=\"wp-block-list\"> <li>R\u1ed9ng r\u00e3i tri\u1ec3n khai \u1edf ch\u00e2u Phi, Nam \u00c1 v\u00e0 c\u00e1c khu v\u1ef1c kh\u00e1c, m\u00e1y n\u00e0y v\u1eadn h\u00e0nh \u0111\u00e1ng tin c\u1eady v\u1edbi b\u1ea3o tr\u00ec \u0111\u01a1n gi\u1ea3n v\u00e0 s\u1ef1 t\u01b0\u01a1ng th\u00edch c\u1ee7a c\u00e1c th\u00e0nh ph\u1ea7n cao.<\/li> <\/ul> <\/li>    <li>Hi\u1ec7u qu\u1ea3 chi ph\u00ed cao <ul class=\"wp-block-list\"> <li>M\u1ed7i \u0111\u01a1n v\u1ecb ch\u1ec9 c\u00f3 gi\u00e1 v\u00e0i tr\u0103m \u0111\u00f4 la (kh\u00f4ng t\u00ednh ngu\u1ed3n \u0111i\u1ec7n), r\u1ebb h\u01a1n c\u00e1c thi\u1ebft b\u1ecb nh\u1eadp kh\u1ea9u t\u01b0\u01a1ng t\u1ef1. Hi\u1ec7u su\u1ea5t c\u1ee7a n\u00f3 t\u01b0\u01a1ng \u0111\u01b0\u01a1ng v\u1edbi c\u00e1c m\u1eabu \u0111\u01b0\u1ee3c \u0111\u1ea5u th\u1ea7u \u1edf ch\u00e2u Phi.<\/li> <\/ul> <\/li>    <li>Nhi\u1ec1u t\u00f9y ch\u1ecdn ngu\u1ed3n \u0111i\u1ec7n <ul class=\"wp-block-list\"> <li>Kh\u00e1ch h\u00e0ng c\u00f3 th\u1ec3 ch\u1ecdn \u0111\u1ed9ng c\u01a1 diesel ho\u1eb7c \u0111i\u1ec7n d\u1ef1a tr\u00ean \u0111i\u1ec1u ki\u1ec7n \u0111\u1ecba ph\u01b0\u01a1ng, \u0111\u00e1p \u1ee9ng nhu c\u1ea7u c\u1ee7a c\u00e1c khu v\u1ef1c kh\u00f4ng c\u00f3 \u0111i\u1ec7n ho\u1eb7c n\u00f4ng tr\u1ea1i l\u1edbn.<\/li> <\/ul> <\/li>    <li>Tu\u00e2n th\u1ee7 nhi\u1ec1u ti\u00eau chu\u1ea9n n\u00f4ng nghi\u1ec7p <ul class=\"wp-block-list\"> <li>C\u1ea5u tr\u00fac s\u1ea3n ph\u1ea9m \u0111\u00e1p \u1ee9ng y\u00eau c\u1ea7u xu\u1ea5t kh\u1ea9u v\u1edbi \u0111\u00f3ng g\u00f3i ti\u00eau chu\u1ea9n v\u00e0 cung c\u1ea5p CE, ISO v\u00e0 c\u00e1c ch\u1ee9ng nh\u1eadn kh\u00e1c, ph\u00f9 h\u1ee3p cho c\u00e1c d\u1ef1 \u00e1n vi\u1ec7n tr\u1ee3 v\u00e0 mua s\u1eafm c\u1ee7a ch\u00ednh ph\u1ee7.<\/li> <\/ul> <\/li> <\/ol>    <figure class=\"wp-block-gallery has-nested-images columns-default is-cropped wp-block-gallery-4 is-layout-flex wp-block-gallery-is-layout-flex\"> <figure class=\"wp-block-image size-large\"><img loading=\"lazy\" decoding=\"async\" width=\"720\" height=\"540\" data-id=\"8337\" src=\"https:\/\/taizyagromachine.com\/wp-content\/uploads\/2025\/10\/grain-thresher-with-traction.webp\" alt=\"m\u00e1y tu\u1ed1t th\u00f3c c\u00f3 truy\u1ec1n \u0111\u1ed9ng\" class=\"wp-image-8337\" srcset=\"https:\/\/taizyagromachine.com\/wp-content\/uploads\/2025\/10\/grain-thresher-with-traction.webp 720w, https:\/\/taizyagromachine.com\/wp-content\/uploads\/2025\/10\/grain-thresher-with-traction-16x12.webp 16w\" sizes=\"auto, (max-width: 720px) 100vw, 720px\" \/><figcaption class=\"wp-element-caption\">m\u00e1y tu\u1ed1t th\u00f3c c\u00f3 truy\u1ec1n \u0111\u1ed9ng<\/figcaption><\/figure>    <figure class=\"wp-block-image size-large\"><img loading=\"lazy\" decoding=\"async\" width=\"720\" height=\"540\" data-id=\"8338\" src=\"https:\/\/taizyagromachine.com\/wp-content\/uploads\/2025\/10\/multi-grain-threshing-machine-from-Taizy.webp\" alt=\"m\u00e1y tu\u1ed1t ng\u0169 c\u1ed1c nhi\u1ec1u h\u01b0\u01a1ng v\u1ecb t\u1eeb Taizy\" class=\"wp-image-8338\" srcset=\"https:\/\/taizyagromachine.com\/wp-content\/uploads\/2025\/10\/multi-grain-threshing-machine-from-Taizy.webp 720w, https:\/\/taizyagromachine.com\/wp-content\/uploads\/2025\/10\/multi-grain-threshing-machine-from-Taizy-16x12.webp 16w\" sizes=\"auto, (max-width: 720px) 100vw, 720px\" \/><figcaption class=\"wp-element-caption\">m\u00e1y tu\u1ed1t ng\u0169 c\u1ed1c nhi\u1ec1u h\u01b0\u01a1ng v\u1ecb t\u1eeb Taizy<\/figcaption><\/figure> <\/figure>    <figure class=\"wp-block-gallery has-nested-images columns-default is-cropped wp-block-gallery-5 is-layout-flex wp-block-gallery-is-layout-flex\"> <figure class=\"wp-block-image size-large\"><img loading=\"lazy\" decoding=\"async\" width=\"720\" height=\"540\" data-id=\"8341\" src=\"https:\/\/taizyagromachine.com\/wp-content\/uploads\/2025\/10\/multi-grain-thresher-for-corn.webp\" alt=\"m\u00e1y tu\u1ed1t \u0111a h\u1ea1t cho ng\u00f4\" class=\"wp-image-8341\" srcset=\"https:\/\/taizyagromachine.com\/wp-content\/uploads\/2025\/10\/multi-grain-thresher-for-corn.webp 720w, https:\/\/taizyagromachine.com\/wp-content\/uploads\/2025\/10\/multi-grain-thresher-for-corn-16x12.webp 16w\" sizes=\"auto, (max-width: 720px) 100vw, 720px\" \/><figcaption class=\"wp-element-caption\">m\u00e1y tu\u1ed1t \u0111a h\u1ea1t cho ng\u00f4<\/figcaption><\/figure>    <figure class=\"wp-block-image size-large\"><img loading=\"lazy\" decoding=\"async\" width=\"719\" height=\"540\" data-id=\"8340\" src=\"https:\/\/taizyagromachine.com\/wp-content\/uploads\/2025\/10\/grain-threshing-machine-for-millet.webp\" alt=\"M\u00e1y tu\u1ed1t th\u00f3c cho k\u00ea\" class=\"wp-image-8340\" srcset=\"https:\/\/taizyagromachine.com\/wp-content\/uploads\/2025\/10\/grain-threshing-machine-for-millet.webp 719w, https:\/\/taizyagromachine.com\/wp-content\/uploads\/2025\/10\/grain-threshing-machine-for-millet-16x12.webp 16w\" sizes=\"auto, (max-width: 719px) 100vw, 719px\" \/><figcaption class=\"wp-element-caption\">M\u00e1y tu\u1ed1t th\u00f3c cho k\u00ea<\/figcaption><\/figure>    <figure class=\"wp-block-image size-large\"><img loading=\"lazy\" decoding=\"async\" width=\"720\" height=\"540\" data-id=\"8339\" src=\"https:\/\/taizyagromachine.com\/wp-content\/uploads\/2025\/10\/crop-thresher-for-sorghum.webp\" alt=\"m\u00e1y t\u00e1ch th\u00f3c cho sorghum\" class=\"wp-image-8339\" srcset=\"https:\/\/taizyagromachine.com\/wp-content\/uploads\/2025\/10\/crop-thresher-for-sorghum.webp 720w, https:\/\/taizyagromachine.com\/wp-content\/uploads\/2025\/10\/crop-thresher-for-sorghum-16x12.webp 16w\" sizes=\"auto, (max-width: 720px) 100vw, 720px\" \/><figcaption class=\"wp-element-caption\">m\u00e1y t\u00e1ch th\u00f3c cho sorghum<\/figcaption><\/figure> <\/figure>    <h2 class=\"wp-block-heading\"><strong>L\u00e0m th\u1ebf n\u00e0o \u0111\u1ec3 \u0111\u1eb7t h\u00e0ng m\u00e1y tu\u1ed1t \u0111a d\u1ee5ng n\u00e0y t\u1eeb Taizy?<\/strong><\/h2>    <p>Vi\u1ec7c \u0111\u1eb7t h\u00e0ng m\u00e1y tu\u1ed1t th\u00f3c Taizy MT-1500 r\u1ea5t d\u1ec5 d\u00e0ng:<\/p>    <ol class=\"wp-block-list\"> <li>Li\u00ean h\u1ec7 ch\u00fang t\u00f4i <ul class=\"wp-block-list\"> <li>B\u1ea1n c\u00f3 th\u1ec3 li\u00ean h\u1ec7 Taizy qua email, WhatsApp ho\u1eb7c m\u1eabu tr\u00ean trang web ch\u00ednh th\u1ee9c.<\/li> <\/ul> <\/li>    <li>X\u00e1c nh\u1eadn y\u00eau c\u1ea7u <ul class=\"wp-block-list\"> <li>X\u00e1c \u0111\u1ecbnh c\u00e2y tr\u1ed3ng \u0111\u00edch (v\u00ed d\u1ee5 ng\u00f4, k\u00ea, g\u1ea1o), ngu\u1ed3n c\u1ea5p \u0111i\u1ec7n (\u0111\u1ed9ng c\u01a1 \u0111i\u1ec7n\/\u0111\u1ed9ng c\u01a1 diesel), v\u00e0 s\u1ea3n l\u01b0\u1ee3ng d\u1ef1 ki\u1ebfn. Ch\u00fang t\u00f4i s\u1ebd \u0111\u1ec1 xu\u1ea5t c\u1ea5u h\u00ecnh m\u00e1y t\u1ed1i \u01b0u.<\/li> <\/ul> <\/li>    <li>Tr\u00edch d\u1eabn &amp; h\u1ee3p \u0111\u1ed3ng <ul class=\"wp-block-list\"> <li>Ch\u00fang t\u00f4i s\u1ebd cung c\u1ea5p th\u00f4ng s\u1ed1 k\u1ef9 thu\u1eadt chi ti\u1ebft, gi\u00e1 c\u1ea3, th\u1eddi gian giao h\u00e0ng v\u00e0 s\u1eafp x\u1ebfp v\u1eadn chuy\u1ec3n.<\/li> <\/ul> <\/li>    <li>\u0110\u1eb7t c\u1ecdc &amp; s\u1ea3n xu\u1ea5t HO\u1eb6C thanh to\u00e1n \u0111\u1ea7y \u0111\u1ee7 <ul class=\"wp-block-list\"> <li>\u0110\u1eb7t c\u1ecdc v\u00e0 ch\u00fang t\u00f4i b\u1eaft \u0111\u1ea7u s\u1ea3n xu\u1ea5t. Sau khi s\u1ea3n xu\u1ea5t, ch\u00fang t\u00f4i quay video v\u00e0 ch\u1ee5p \u1ea3nh m\u00e1y \u0111\u1ec3 b\u1ea1n x\u00e1c nh\u1eadn.<\/li>    <li>Khi m\u00e1y \u0111ang t\u1ed3n kho, ch\u00fang t\u00f4i s\u1ebd \u0111\u00f3ng g\u00f3i h\u00e0ng h\u00f3a ngay khi nh\u1eadn \u0111\u01b0\u1ee3c \u0111\u1ea7y \u0111\u1ee7 thanh to\u00e1n c\u1ee7a b\u1ea1n.<\/li> <\/ul> <\/li>    <li>V\u1eadn chuy\u1ec3n &amp; d\u1ecbch v\u1ee5 sau b\u00e1n h\u00e0ng <ul class=\"wp-block-list\"> <li>Taizy duy tr\u00ec quy tr\u00ecnh xu\u1ea5t kh\u1ea9u \u0111\u00e3 \u0111\u01b0\u1ee3c ch\u1ee9ng minh v\u00e0 m\u1ea1ng l\u01b0\u1edbi h\u1ed7 tr\u1ee3 \u0111\u1ec3 \u0111\u1ea3m b\u1ea3o giao h\u00e0ng k\u1ecbp th\u1eddi, h\u01b0\u1edbng d\u1eabn k\u1ef9 thu\u1eadt v\u00e0 \u0111\u00e0o t\u1ea1o v\u1eadn h\u00e0nh.<\/li> <\/ul> <\/li> <\/ol>    <p>M\u00e1y tu\u1ed1t th\u00f3c c\u1ee7a ch\u00fang t\u00f4i t\u00edch h\u1ee3p hi\u1ec7u su\u1ea5t cao, kh\u1ea3 n\u0103ng th\u00edch nghi m\u1ea1nh v\u00e0 b\u1ea3o tr\u00ec th\u1ea5p, ph\u00f9 h\u1ee3p cho n\u00f4ng tr\u1ea1i, h\u1ee3p t\u00e1c x\u00e3 v\u00e0 doanh nghi\u1ec7p ch\u1ebf bi\u1ebfn n\u00f4ng nghi\u1ec7p \u1edf m\u1ecdi quy m\u00f4. D\u00f9 cho s\u1ea3n xu\u1ea5t trong n\u01b0\u1edbc hay c\u00e1c d\u1ef1 \u00e1n xu\u1ea5t kh\u1ea9u, n\u00f3 chi\u1ebfm \u0111\u01b0\u1ee3c l\u00f2ng tin th\u1ecb tr\u01b0\u1eddng v\u1edbi hi\u1ec7u su\u1ea5t xu\u1ea5t s\u1eafc v\u00e0 gi\u00e1 h\u1ee3p l\u00fd.<\/p>    <p>Ngo\u00e0i ra, ch\u00fang t\u00f4i c\u00f2n c\u00f3 c\u00e1c thi\u1ebft b\u1ecb ch\u1ebf bi\u1ebfn ng\u00f4 kh\u00e1c, ch\u1eb3ng h\u1ea1n:<\/p>    <ul class=\"wp-block-list\"> <li><a href=\"https:\/\/taizyagromachine.com\/vi\/product\/no-till-corn-planter-machine\/\">M\u00e1y tr\u1ed3ng ng\u00f4<\/a><\/li>    <li><a href=\"https:\/\/taizyagromachine.com\/vi\/product\/single-row-corn-harvester\/\">M\u00e1y g\u1eb7t ng\u00f4 h\u00e0ng \u0111\u01a1n<\/a><\/li>    <li><a href=\"https:\/\/taizyagromachine.com\/vi\/product\/fresh-corn-sheller\/\">M\u00e1y xay ng\u00f4 t\u01b0\u01a1i<\/a><\/li>    <li><a href=\"https:\/\/taizyagromachine.com\/vi\/product\/maize-grits-milling-machine\/\">M\u00e1y nghi\u1ec1n ng\u00f4<\/a><\/li> <\/ul>    <p>N\u1ebfu quan t\u00e2m, xin vui l\u00f2ng li\u00ean h\u1ec7 v\u1edbi ch\u00fang t\u00f4i b\u1ea5t k\u1ef3 l\u00fac n\u00e0o!<\/p>","protected":false},"excerpt":{"rendered":"<p>M\u00e1y th\u00f3c \u0111a ch\u1ee9c n\u0103ng Taizy MT-1500 m\u1edbi c\u00f3 hi\u1ec7u qu\u1ea3 x\u1eed l\u00fd ng\u00f4, k\u00ea, m\u00e3y, \u0111\u1eadu n\u00e0nh v\u00e0 c\u00e1c lo\u1ea1i c\u00e2y tr\u1ed3ng kh\u00e1c. Thi\u1ebft k\u1ebf hai bu\u1ed3ng v\u00e0 lu\u1ed3ng gi\u00f3 k\u00e9p \u0111\u1ea3m b\u1ea3o \u0111\u1ed9 s\u1ea1ch cao v\u00e0 lo\u1ea1i b\u1ecf t\u1ea1p ch\u1ea5t tri\u1ec7t \u0111\u1ec3. V\u1edbi c\u00e1c t\u00f9y ch\u1ecdn ngu\u1ed3n \u0111i\u1ec7n linh ho\u1ea1t v\u00e0 gi\u00e1 c\u1ea3 c\u1ea1nh tranh, n\u00f3 \u0111\u1eb7c bi\u1ec7t ph\u00f9 h\u1ee3p cho n\u00f4ng tr\u1ea1i v\u00e0 c\u00e1c d\u1ef1 \u00e1n mua s\u1eafm c\u1ee7a ch\u00ednh ph\u1ee7 \u1edf c\u00e1c th\u1ecb tr\u01b0\u1eddng ch\u00e2u Phi v\u00e0 Nam \u00c1.<\/p>","protected":false},"author":1,"featured_media":8346,"parent":0,"template":"","tags":[235],"product-type":[17],"class_list":["post-8326","product","type-product","status-publish","has-post-thumbnail","hentry","tag-corn","product-type-corn-machine"],"_links":{"self":[{"href":"https:\/\/taizyagromachine.com\/vi\/wp-json\/wp\/v2\/product\/8326","targetHints":{"allow":["GET"]}}],"collection":[{"href":"https:\/\/taizyagromachine.com\/vi\/wp-json\/wp\/v2\/product"}],"about":[{"href":"https:\/\/taizyagromachine.com\/vi\/wp-json\/wp\/v2\/types\/product"}],"author":[{"embeddable":true,"href":"https:\/\/taizyagromachine.com\/vi\/wp-json\/wp\/v2\/users\/1"}],"wp:featuredmedia":[{"embeddable":true,"href":"https:\/\/taizyagromachine.com\/vi\/wp-json\/wp\/v2\/media\/8346"}],"wp:attachment":[{"href":"https:\/\/taizyagromachine.com\/vi\/wp-json\/wp\/v2\/media?parent=8326"}],"wp:term":[{"taxonomy":"post_tag","embeddable":true,"href":"https:\/\/taizyagromachine.com\/vi\/wp-json\/wp\/v2\/tags?post=8326"},{"taxonomy":"product-type","embeddable":true,"href":"https:\/\/taizyagromachine.com\/vi\/wp-json\/wp\/v2\/product-type?post=8326"}],"curies":[{"name":"wp","href":"https:\/\/api.w.org\/{rel}","templated":true}]}}