{"id":8359,"date":"2025-10-22T14:52:26","date_gmt":"2025-10-22T06:52:26","guid":{"rendered":"https:\/\/taizyagromachine.com\/?post_type=product&#038;p=8359"},"modified":"2025-10-22T15:16:22","modified_gmt":"2025-10-22T07:16:22","slug":"multi-rice-and-wheat-thresher-machine","status":"publish","type":"product","link":"https:\/\/taizyagromachine.com\/vi\/product\/multi-rice-and-wheat-thresher-machine\/","title":{"rendered":"M\u00e1y r\u00fat l\u00faa v\u00e0 l\u00faa m\u00ec \u0111a n\u0103ng t\u1ef1 h\u00e0nh"},"content":{"rendered":"<p class=\"translation-block\">M\u00e1y s\u1ea5y l\u00faa v\u00e0 l\u00faa m\u00ec <strong>Taizy<\/strong> c\u00f3 th\u1ec3 x\u1eed l\u00fd kh\u00f4ng ch\u1ec9 l\u00faa v\u00e0 l\u00faa m\u00ec m\u00e0 c\u00f2n nhi\u1ec1u lo\u1ea1i c\u00e2y tr\u1ed3ng kh\u00e1c, bao g\u1ed3m m\u00eda, millet, quinoa, \u0111\u1eadu n\u00e0nh v\u00e0 c\u1ea3i d\u1ea7u. V\u1edbi c\u00e1c lo\u1ea1i h\u1ea1t kh\u00e1c nhau, b\u1ea1n c\u00f3 th\u1ec3 thay \u0111\u1ed5i l\u01b0\u1edbi th\u00edch h\u1ee3p. <\/p>    <p>M\u00e1y s\u1ea5y l\u00faa v\u00e0 l\u00faa m\u00ec \u0111a c\u00e2y tr\u1ed3ng n\u00e0y c\u00f3 th\u1ec3 s\u1eed d\u1ee5ng \u0111\u1ed9ng c\u01a1 x\u0103ng, diesel ho\u1eb7c \u0111\u1ed9ng c\u01a1 \u0111i\u1ec7n l\u00e0m ngu\u1ed3n n\u0103ng l\u01b0\u1ee3ng, t\u00f9y thu\u1ed9c v\u00e0o nhu c\u1ea7u c\u1ee7a b\u1ea1n. C\u00f4ng su\u1ea5t 600-800kg\/h, l\u1ed1p xe l\u1edbn, d\u1ec5 di chuy\u1ec3n. N\u1ebfu mu\u1ed1n bi\u1ebft th\u00eam chi ti\u1ebft, vui l\u00f2ng li\u00ean h\u1ec7 ngay!.<\/p>    <figure class=\"wp-block-embed is-type-video is-provider-youtube wp-block-embed-youtube wp-embed-aspect-16-9 wp-has-aspect-ratio\"><div class=\"wp-block-embed__wrapper\"> <iframe loading=\"lazy\" title=\"Video ho\u1ea1t \u0111\u1ed9ng c\u1ee7a m\u00e1y s\u1ea5y l\u00faa v\u00e0 l\u00faa m\u00ec \u0111a c\u00e2y tr\u1ed3ng | M\u00e1y s\u1ea5y hi\u1ec7u qu\u1ea3 cao\" width=\"500\" height=\"281\" src=\"https:\/\/www.youtube.com\/embed\/xAsettSXftw?feature=oembed\" frameborder=\"0\" allow=\"accelerometer; autoplay; clipboard-write; encrypted-media; gyroscope; picture-in-picture; web-share\" referrerpolicy=\"strict-origin-when-cross-origin\" allowfullscreen><\/iframe> <\/div><figcaption class=\"wp-element-caption\">Video v\u1ec1 m\u00e1y s\u1ea5y l\u00faa g\u1ea1o<\/figcaption><\/figure>    <h2 class=\"wp-block-heading\"><strong>\u01afu \u0111i\u1ec3m c\u1ee7a m\u00e1y s\u1ea5y l\u00faa v\u00e0 l\u00faa m\u00ec Taizy<\/strong><\/h2>    <ul class=\"wp-block-list\"> <li>N\u00f3 c\u00f3 th\u1ec3 x\u1eed l\u00fd <strong>600-800kg m\u1ed7i gi\u1edd<\/strong>, r\u1ea5t hi\u1ec7u qu\u1ea3 cho c\u00e1c trang tr\u1ea1i nh\u1ecf v\u00e0 v\u1eeba.<\/li>    <li>M\u00e1y x\u00e1t \u0111a ch\u1ee9c n\u0103ng n\u00e0y <strong>t\u00e1ch nhanh c\u00e1c lo\u1ea1i l\u00faa, l\u00faa m\u00ec, ng\u00f4, sorgum, quinoa, \u0111\u1eadu n\u00e0nh, millet, m\u00e8,<\/strong> v\u00e0 c\u00e1c lo\u1ea1i c\u00e2y tr\u1ed3ng kh\u00e1c, mang l\u1ea1i ch\u1ee9c n\u0103ng \u0111a d\u1ee5ng th\u1ef1c s\u1ef1.<\/li>    <li>V\u1edbi m\u1ed9t <strong>t\u1ef7 l\u1ec7 x\u00e1t v\u01b0\u1ee3t qu\u00e1 98%<\/strong> v\u00e0 m\u1ed9t <strong>t\u1ef7 l\u1ec7 v\u1ee1 d\u01b0\u1edbi 2%<\/strong>, n\u00f3 b\u1ea3o v\u1ec7 ch\u1ea5t l\u01b0\u1ee3ng h\u1ea1t m\u1ed9t c\u00e1ch hi\u1ec7u qu\u1ea3.<\/li>    <li>M\u00e1y x\u00e1t l\u00faa v\u00e0 l\u00faa m\u00ec Taizy c\u00f3 <strong>l\u1ed1p xe l\u1edbn<\/strong> v\u00e0 c\u1ea5u tr\u00fac nh\u1ecf g\u1ecdn, <strong>d\u1ec5 di chuy\u1ec3n<\/strong>, l\u00e0m cho n\u00f3 l\u00fd t\u01b0\u1edfng cho n\u00f4ng d\u00e2n c\u00e1 nh\u00e2n, h\u1ee3p t\u00e1c x\u00e3 v\u00e0 c\u00e1c trang tr\u1ea1i nh\u1ecf.<\/li> <\/ul>    <figure class=\"wp-block-gallery has-nested-images columns-default is-cropped wp-block-gallery-2 is-layout-flex wp-block-gallery-is-layout-flex\"> <figure class=\"wp-block-image size-large\"><img loading=\"lazy\" decoding=\"async\" width=\"720\" height=\"540\" data-id=\"8366\" src=\"https:\/\/taizyagromachine.com\/wp-content\/uploads\/2025\/10\/grain-threshing-machine-for-rice-wheat.webp\" alt=\"m\u00e1y s\u1ea5y l\u00faa g\u1ea1o cho l\u00faa v\u00e0 l\u00faa m\u00ec\" class=\"wp-image-8366\" srcset=\"https:\/\/taizyagromachine.com\/wp-content\/uploads\/2025\/10\/grain-threshing-machine-for-rice-wheat.webp 720w, https:\/\/taizyagromachine.com\/wp-content\/uploads\/2025\/10\/grain-threshing-machine-for-rice-wheat-16x12.webp 16w\" sizes=\"auto, (max-width: 720px) 100vw, 720px\" \/><figcaption class=\"wp-element-caption\">m\u00e1y s\u1ea5y l\u00faa g\u1ea1o cho l\u00faa v\u00e0 l\u00faa m\u00ec<\/figcaption><\/figure>    <figure class=\"wp-block-image size-large\"><img loading=\"lazy\" decoding=\"async\" width=\"720\" height=\"540\" data-id=\"8367\" src=\"https:\/\/taizyagromachine.com\/wp-content\/uploads\/2025\/10\/rice-and-wheat-threshing-machine-for-sale.webp\" alt=\"m\u00e1y s\u1ea5y l\u00faa v\u00e0 l\u00faa m\u00ec \u0111\u1ec3 b\u00e1n\" class=\"wp-image-8367\" srcset=\"https:\/\/taizyagromachine.com\/wp-content\/uploads\/2025\/10\/rice-and-wheat-threshing-machine-for-sale.webp 720w, https:\/\/taizyagromachine.com\/wp-content\/uploads\/2025\/10\/rice-and-wheat-threshing-machine-for-sale-16x12.webp 16w\" sizes=\"auto, (max-width: 720px) 100vw, 720px\" \/><figcaption class=\"wp-element-caption\">m\u00e1y s\u1ea5y l\u00faa v\u00e0 l\u00faa m\u00ec \u0111\u1ec3 b\u00e1n<\/figcaption><\/figure> <\/figure>    <figure class=\"wp-block-gallery has-nested-images columns-default is-cropped wp-block-gallery-3 is-layout-flex wp-block-gallery-is-layout-flex\"> <figure class=\"wp-block-image size-large\"><img loading=\"lazy\" decoding=\"async\" width=\"405\" height=\"540\" data-id=\"8364\" src=\"https:\/\/taizyagromachine.com\/wp-content\/uploads\/2025\/10\/multifunctional-thresher-for-rice-and-millet.webp\" alt=\"m\u00e1y s\u1ea5y \u0111a ch\u1ee9c n\u0103ng cho l\u00faa v\u00e0 millet\" class=\"wp-image-8364\" srcset=\"https:\/\/taizyagromachine.com\/wp-content\/uploads\/2025\/10\/multifunctional-thresher-for-rice-and-millet.webp 405w, https:\/\/taizyagromachine.com\/wp-content\/uploads\/2025\/10\/multifunctional-thresher-for-rice-and-millet-9x12.webp 9w\" sizes=\"auto, (max-width: 405px) 100vw, 405px\" \/><figcaption class=\"wp-element-caption\">m\u00e1y s\u1ea5y \u0111a ch\u1ee9c n\u0103ng cho l\u00faa v\u00e0 millet<\/figcaption><\/figure>    <figure class=\"wp-block-image size-large\"><img loading=\"lazy\" decoding=\"async\" width=\"473\" height=\"540\" data-id=\"8365\" src=\"https:\/\/taizyagromachine.com\/wp-content\/uploads\/2025\/10\/rice-wheat-thresher-for-beans-and-wheat.webp\" alt=\"m\u00e1y s\u1ea5y l\u00faa g\u1ea1o cho \u0111\u1eadu v\u00e0 l\u00faa m\u00ec\" class=\"wp-image-8365\" srcset=\"https:\/\/taizyagromachine.com\/wp-content\/uploads\/2025\/10\/rice-wheat-thresher-for-beans-and-wheat.webp 473w, https:\/\/taizyagromachine.com\/wp-content\/uploads\/2025\/10\/rice-wheat-thresher-for-beans-and-wheat-11x12.webp 11w\" sizes=\"auto, (max-width: 473px) 100vw, 473px\" \/><figcaption class=\"wp-element-caption\">m\u00e1y s\u1ea5y l\u00faa g\u1ea1o cho \u0111\u1eadu v\u00e0 l\u00faa m\u00ec<\/figcaption><\/figure>    <figure class=\"wp-block-image size-large\"><img loading=\"lazy\" decoding=\"async\" width=\"562\" height=\"540\" data-id=\"8363\" src=\"https:\/\/taizyagromachine.com\/wp-content\/uploads\/2025\/10\/multi-crop-thresher-for-sorghum-and-rapeseed.webp\" alt=\"m\u00e1y s\u1ea5y \u0111a c\u00e2y tr\u1ed3ng cho m\u00eda v\u00e0 c\u1ea3i d\u1ea7u\" class=\"wp-image-8363\" srcset=\"https:\/\/taizyagromachine.com\/wp-content\/uploads\/2025\/10\/multi-crop-thresher-for-sorghum-and-rapeseed.webp 562w, https:\/\/taizyagromachine.com\/wp-content\/uploads\/2025\/10\/multi-crop-thresher-for-sorghum-and-rapeseed-12x12.webp 12w\" sizes=\"auto, (max-width: 562px) 100vw, 562px\" \/><figcaption class=\"wp-element-caption\">m\u00e1y s\u1ea5y \u0111a c\u00e2y tr\u1ed3ng cho m\u00eda v\u00e0 c\u1ea3i d\u1ea7u<\/figcaption><\/figure> <\/figure>    <h2 class=\"wp-block-heading\"><strong>Th\u00f4ng s\u1ed1 c\u1ee7a m\u00e1y s\u1ea5y l\u00faa v\u00e0 l\u00faa m\u00ec \u0111a ch\u1ee9c n\u0103ng<\/strong><\/h2>    <p>M\u00e1y s\u1ea5y l\u00faa v\u00e0 l\u00faa m\u00ec \u0111a n\u0103ng Taizy thu\u1ed9c series 5TYC, v\u1edbi n\u0103ng su\u1ea5t theo gi\u1edd t\u1eeb 600kg \u0111\u1ebfn 800kg. M\u00e1y c\u00f3 th\u1ec3 trang b\u1ecb \u0111\u1ed9ng c\u01a1 diesel, \u0111i\u1ec7n ho\u1eb7c x\u0103ng \u0111\u1ec3 ph\u00f9 h\u1ee3p v\u1edbi c\u00e1c ngu\u1ed3n n\u0103ng l\u01b0\u1ee3ng kh\u00e1c nhau c\u1ee7a t\u1eebng qu\u1ed1c gia v\u00e0 khu v\u1ef1c. C\u1ea5u tr\u00fac thi\u1ebft k\u1ebf h\u1ee3p l\u00fd, c\u00f4ng su\u1ea5t l\u1edbn. Vui l\u00f2ng tham kh\u1ea3o b\u1ea3ng d\u01b0\u1edbi \u0111\u00e2y \u0111\u1ec3 bi\u1ebft th\u00eam.<\/p>    <figure class=\"wp-block-table\"><table class=\"has-fixed-layout\"><tbody><tr><td>Ng\u01b0\u1eddi m\u1eabu<\/td><td>5TYC1-90<\/td><\/tr><tr><td>Quy\u1ec1n l\u1ef1c<\/td><td>\u22659hp \u0111\u1ed9ng c\u01a1 diesel, lo\u1ea1i kh\u1edfi \u0111\u1ed9ng quay l\u1ea1i<br>\u0110\u1ed9ng c\u01a1 x\u0103ng 170F<\/td><\/tr><tr><td>Dung t\u00edch<\/td><td>600-800kg\/gi\u1edd<\/td><\/tr><tr><td>T\u1ed1c \u0111\u1ed9 \u0111\u1ecbnh m\u1ee9c<\/td><td>3600rpm<\/td><\/tr><tr><td>Cylinder s\u1ea5y<\/td><td>\u0110\u01b0\u1eddng k\u00ednh 360 * Chi\u1ec1u d\u00e0i 900mm<\/td><\/tr><tr><td>K\u00edch th\u01b0\u1edbc l\u01b0\u1edbi<\/td><td>870*610mm<\/td><\/tr><tr><td>C\u00e2n n\u1eb7ng<\/td><td>90kg kh\u00f4ng g\u1ed3m \u0111\u1ed9ng c\u01a1<\/td><\/tr><tr><td>K\u00edch th\u01b0\u1edbc t\u1ed5ng th\u1ec3 (L*W*H)<\/td><td>1640*1640*1280mm<\/td><\/tr><tr><td>T\u1ef7 l\u1ec7 \u0111\u1eadp<\/td><td>\u226598%<\/td><\/tr><tr><td>T\u1ef7 l\u1ec7 nghi\u1ec1n<\/td><td>2%<\/td><\/tr><tr><td>V\u1edbi c\u00e1c lo\u1ea1i l\u01b0\u1edbi kh\u00e1c nhau<\/td><td>L\u01b0\u1edbi 4mm cho c\u1ea3i d\u1ea7u, 6mm cho m\u00eda, 8mm cho l\u00faa m\u00ec, 8mm ho\u1eb7c 10mm cho g\u1ea1o, 10mm cho \u0111\u1eadu<\/td><\/tr><tr><td>S\u1ed1 l\u01b0\u1ee3ng\/20GP<\/td><td>24 chi\u1ebfc <\/td><\/tr><tr><td>S\u1ed1 l\u01b0\u1ee3ng\/40GP<\/td><td>66 chi\u1ebfc<\/td><\/tr><\/tbody><\/table><figcaption class=\"wp-element-caption\">Th\u00f4ng s\u1ed1 k\u1ef9 thu\u1eadt c\u1ee7a 5TYC1-90<\/figcaption><\/figure>    <h2 class=\"wp-block-heading\"><strong>Thi\u1ebft k\u1ebf c\u1ea5u tr\u00fac c\u1ee7a m\u00e1y s\u1ea5y l\u00faa m\u00ec<\/strong><\/h2>    <p>C\u1ea5u tr\u00fac c\u1ee7a m\u00e1y s\u1ea5y c\u00e2y tr\u1ed3ng \u0111a d\u1ee5ng n\u00e0y r\u1ea5t \u0111\u01a1n gi\u1ea3n, g\u1ed3m l\u1ed1i v\u00e0o, l\u1ed1i ra (r\u01a1m v\u00e0 h\u1ea1t), \u0111\u1ed9ng c\u01a1 ch\u00ednh, l\u1ed1p xe l\u1edbn, tr\u1ed1ng s\u1ea5y, cylinder s\u1ea5y v\u00e0 tay v\u1ecbn.<\/p>   <div class=\"wp-block-image\"> <figure class=\"aligncenter size-full\"><img loading=\"lazy\" decoding=\"async\" width=\"504\" height=\"540\" src=\"https:\/\/taizyagromachine.com\/wp-content\/uploads\/2025\/10\/structure-of-rice-and-wheat-thresher-machine.webp\" alt=\"C\u1ea5u tr\u00fac c\u1ee7a m\u00e1y s\u1ea5y l\u00faa v\u00e0 l\u00faa m\u00ec\" class=\"wp-image-8360\" srcset=\"https:\/\/taizyagromachine.com\/wp-content\/uploads\/2025\/10\/structure-of-rice-and-wheat-thresher-machine.webp 504w, https:\/\/taizyagromachine.com\/wp-content\/uploads\/2025\/10\/structure-of-rice-and-wheat-thresher-machine-11x12.webp 11w\" sizes=\"auto, (max-width: 504px) 100vw, 504px\" \/><figcaption class=\"wp-element-caption\">C\u1ea5u tr\u00fac c\u1ee7a m\u00e1y s\u1ea5y l\u00faa v\u00e0 l\u00faa m\u00ec<\/figcaption><\/figure> <\/div>   <ul class=\"wp-block-list\"> <li>M\u00e1y s\u1eed d\u1ee5ng h\u1ec7 th\u1ed1ng s\u1ea5y tr\u1ed1ng, t\u00edch h\u1ee3p v\u1edbi b\u1ed9 th\u1ed5i kh\u00ed m\u1ea1nh m\u1ebd v\u00e0 b\u1ed9 l\u01b0\u1edbi rung, cho ph\u00e9p t\u00e1ch h\u1ea1t kh\u1ecfi t\u1ea1p ch\u1ea5t hi\u1ec7u qu\u1ea3. <\/li>    <li>M\u1ed9t l\u1ed7 tho\u00e1t h\u1ea1t \u1edf ph\u00eda d\u01b0\u1edbi cho ph\u00e9p thu gom tr\u1ef1c ti\u1ebfp v\u00e0o t\u00fai, gi\u00fap qu\u00e1 tr\u00ecnh v\u1eadn h\u00e0nh hi\u1ec7u qu\u1ea3 h\u01a1n. <\/li>    <li>C\u1ea5u t\u1ea1o t\u1eeb th\u00e9p ch\u1ecbu l\u1ef1c cao, th\u00e2n m\u00e1y ch\u1ed1ng m\u00e0i m\u00f2n v\u00e0 \u0103n m\u00f2n, \u0111\u1ed9 b\u1ec1n cao. <\/li>    <li>Trang b\u1ecb l\u1ed1p xe r\u1ed9ng, th\u00edch \u1ee9ng v\u1edbi nhi\u1ec1u \u0111\u1ecba h\u00ecnh \u0111\u1ec3 n\u00e2ng cao kh\u1ea3 n\u0103ng di chuy\u1ec3n.<\/li> <\/ul>    <figure class=\"wp-block-gallery has-nested-images columns-default is-cropped wp-block-gallery-4 is-layout-flex wp-block-gallery-is-layout-flex\"> <figure class=\"wp-block-image size-large\"><img loading=\"lazy\" decoding=\"async\" width=\"540\" height=\"540\" data-id=\"8368\" src=\"https:\/\/taizyagromachine.com\/wp-content\/uploads\/2025\/10\/inner-design-of-rice-wheat-thresher.webp\" alt=\"Thi\u1ebft k\u1ebf b\u00ean trong c\u1ee7a m\u00e1y s\u1ea5y l\u00faa v\u00e0 l\u00faa m\u00ec\" class=\"wp-image-8368\" srcset=\"https:\/\/taizyagromachine.com\/wp-content\/uploads\/2025\/10\/inner-design-of-rice-wheat-thresher.webp 540w, https:\/\/taizyagromachine.com\/wp-content\/uploads\/2025\/10\/inner-design-of-rice-wheat-thresher-12x12.webp 12w\" sizes=\"auto, (max-width: 540px) 100vw, 540px\" \/><figcaption class=\"wp-element-caption\">Thi\u1ebft k\u1ebf b\u00ean trong c\u1ee7a m\u00e1y s\u1ea5y l\u00faa v\u00e0 l\u00faa m\u00ec<\/figcaption><\/figure>    <figure class=\"wp-block-image size-large\"><img loading=\"lazy\" decoding=\"async\" width=\"540\" height=\"540\" data-id=\"8369\" src=\"https:\/\/taizyagromachine.com\/wp-content\/uploads\/2025\/10\/working-scene-of-Taizy-rice-and-wheat-thresher-machine.webp\" alt=\"H\u00ecnh \u1ea3nh ho\u1ea1t \u0111\u1ed9ng c\u1ee7a m\u00e1y s\u1ea5y l\u00faa v\u00e0 l\u00faa m\u00ec Taizy\" class=\"wp-image-8369\" srcset=\"https:\/\/taizyagromachine.com\/wp-content\/uploads\/2025\/10\/working-scene-of-Taizy-rice-and-wheat-thresher-machine.webp 540w, https:\/\/taizyagromachine.com\/wp-content\/uploads\/2025\/10\/working-scene-of-Taizy-rice-and-wheat-thresher-machine-12x12.webp 12w\" sizes=\"auto, (max-width: 540px) 100vw, 540px\" \/><figcaption class=\"wp-element-caption\">H\u00ecnh \u1ea3nh ho\u1ea1t \u0111\u1ed9ng c\u1ee7a m\u00e1y s\u1ea5y l\u00faa v\u00e0 l\u00faa m\u00ec Taizy<\/figcaption><\/figure> <\/figure>    <h2 class=\"wp-block-heading\"><strong>What&#8217;s the rice and wheat thresher machine price?<\/strong><\/h2>    <p>M\u00e1y s\u1ea5y \u0111a ch\u1ee9c n\u0103ng c\u1ee7a Taizy n\u1ed5i ti\u1ebfng v\u1ec1 hi\u1ec7u qu\u1ea3 chi ph\u00ed cao. Gi\u00e1 c\u1ea3 thay \u0111\u1ed5i theo m\u1eabu m\u00e3, c\u00f4ng su\u1ea5t v\u00e0 c\u1ea5u h\u00ecnh. Thi\u1ebft b\u1ecb s\u1ea5y n\u00e0y ph\u00f9 h\u1ee3p cho h\u1ed9 gia \u0111\u00ecnh, h\u1ee3p t\u00e1c x\u00e3 ho\u1eb7c d\u1ef1 \u00e1n nh\u1ecf v\u1edbi gi\u00e1 c\u1ea3 ph\u1ea3i ch\u0103ng. Taizy cung c\u1ea5p gi\u00e1 tr\u1ef1c ti\u1ebfp t\u1eeb nh\u00e0 m\u00e1y c\u00f9ng d\u1ecbch v\u1ee5 t\u00f9y ch\u1ec9nh v\u00e0 h\u01b0\u1edbng d\u1eabn k\u1ef9 thu\u1eadt, gi\u00fap kh\u00e1ch h\u00e0ng y\u00ean t\u00e2m mua v\u00e0 v\u1eadn h\u00e0nh.<\/p>    <h2 class=\"wp-block-heading\"><strong>Taizy: nh\u00e0 s\u1ea3n xu\u1ea5t m\u00e1y s\u1ea5y l\u00faa v\u00e0 l\u00faa m\u00ec \u0111a c\u00e2y tr\u1ed3ng c\u00f3 uy t\u00edn<\/strong><\/h2>    <ul class=\"wp-block-list\"> <li>Taizy Machinery c\u00f3 h\u01a1n m\u1ed9t th\u1eadp k\u1ef7 kinh nghi\u1ec7m trong l\u0129nh v\u1ef1c m\u00e1y m\u00f3c n\u00f4ng nghi\u1ec7p, v\u1edbi s\u1ea3n ph\u1ea9m xu\u1ea5t kh\u1ea9u sang h\u01a1n 60 qu\u1ed1c gia \u1edf ch\u00e2u Phi, \u0110\u00f4ng Nam \u00c1, Trung \u0110\u00f4ng v\u00e0 Nam M\u1ef9. <\/li>    <li>C\u00f4ng ty kh\u00f4ng ch\u1ec9 cung c\u1ea5p thi\u1ebft b\u1ecb ch\u1ea5t l\u01b0\u1ee3ng cao m\u00e0 c\u00f2n cung c\u1ea5p d\u1ecbch v\u1ee5 l\u1eafp \u0111\u1eb7t v\u00e0 v\u1eadn h\u00e0nh, h\u1ed7 tr\u1ee3 sau b\u00e1n h\u00e0ng v\u00e0 cung c\u1ea5p ph\u1ee5 t\u00f9ng thay th\u1ebf. <\/li>    <li>V\u1edbi hi\u1ec7u su\u1ea5t \u1ed5n \u0111\u1ecbnh v\u00e0 tr\u1ea3i nghi\u1ec7m kh\u00e1ch h\u00e0ng xu\u1ea5t s\u1eafc, Taizy \u0111\u00e3 tr\u1edf th\u00e0nh \u0111\u1ed1i t\u00e1c \u0111\u00e1ng tin c\u1eady c\u1ee7a n\u00f4ng d\u00e2n to\u00e0n c\u1ea7u.<\/li>    <li>Ch\u00fang t\u00f4i cung c\u1ea5p gi\u1ea3i ph\u00e1p tr\u1ecdn g\u00f3i cho vi\u1ec7c tr\u1ed3ng l\u00faa v\u00e0 l\u00faa m\u00ec, ch\u1eb3ng h\u1ea1n nh\u01b0 <a href=\"https:\/\/taizyagromachine.com\/vi\/product\/wheat-planter\/\">m\u00e1y tr\u1ed3ng l\u00faa m\u00ec<\/a>, <a href=\"https:\/\/taizyagromachine.com\/vi\/product\/rice-combine-harvester\/\">m\u00e1y g\u1eb7t l\u00faa v\u00e0 l\u00faa m\u00ec<\/a>, m\u00e1y x\u00e1t l\u00faa v\u00e0 l\u00faa m\u00ec, m\u00e1y nghi\u1ec1n b\u1ed9t m\u00ec, v.v. <\/li> <\/ul>    <figure class=\"wp-block-gallery has-nested-images columns-2 is-cropped wp-block-gallery-5 is-layout-flex wp-block-gallery-is-layout-flex\"> <figure class=\"wp-block-image size-large\"><img loading=\"lazy\" decoding=\"async\" width=\"540\" height=\"540\" data-id=\"8373\" src=\"https:\/\/taizyagromachine.com\/wp-content\/uploads\/2025\/10\/rice-and-wheat-threshing-machine-factory-visit.webp\" alt=\"Th\u0103m nh\u00e0 m\u00e1y m\u00e1y s\u1ea5y l\u00faa v\u00e0 l\u00faa m\u00ec\" class=\"wp-image-8373\" srcset=\"https:\/\/taizyagromachine.com\/wp-content\/uploads\/2025\/10\/rice-and-wheat-threshing-machine-factory-visit.webp 540w, https:\/\/taizyagromachine.com\/wp-content\/uploads\/2025\/10\/rice-and-wheat-threshing-machine-factory-visit-12x12.webp 12w\" sizes=\"auto, (max-width: 540px) 100vw, 540px\" \/><figcaption class=\"wp-element-caption\">Th\u0103m nh\u00e0 m\u00e1y m\u00e1y s\u1ea5y l\u00faa v\u00e0 l\u00faa m\u00ec<\/figcaption><\/figure>    <figure class=\"wp-block-image size-large\"><img loading=\"lazy\" decoding=\"async\" width=\"540\" height=\"540\" data-id=\"8370\" src=\"https:\/\/taizyagromachine.com\/wp-content\/uploads\/2025\/10\/batch-of-thresher-machines-for-export.webp\" alt=\"L\u00f4 m\u00e1y s\u1ea5y \u0111\u1ec3 xu\u1ea5t kh\u1ea9u\" class=\"wp-image-8370\" srcset=\"https:\/\/taizyagromachine.com\/wp-content\/uploads\/2025\/10\/batch-of-thresher-machines-for-export.webp 540w, https:\/\/taizyagromachine.com\/wp-content\/uploads\/2025\/10\/batch-of-thresher-machines-for-export-12x12.webp 12w\" sizes=\"auto, (max-width: 540px) 100vw, 540px\" \/><figcaption class=\"wp-element-caption\">L\u00f4 m\u00e1y s\u1ea5y \u0111\u1ec3 xu\u1ea5t kh\u1ea9u<\/figcaption><\/figure>    <figure class=\"wp-block-image size-large\"><img loading=\"lazy\" decoding=\"async\" width=\"540\" height=\"540\" data-id=\"8371\" src=\"https:\/\/taizyagromachine.com\/wp-content\/uploads\/2025\/10\/dozens-of-threshers-ready-to-ship.webp\" alt=\"h\u00e0ng ch\u1ee5c m\u00e1y s\u1ea5y s\u1eb5n s\u00e0ng v\u1eadn chuy\u1ec3n\" class=\"wp-image-8371\" srcset=\"https:\/\/taizyagromachine.com\/wp-content\/uploads\/2025\/10\/dozens-of-threshers-ready-to-ship.webp 540w, https:\/\/taizyagromachine.com\/wp-content\/uploads\/2025\/10\/dozens-of-threshers-ready-to-ship-12x12.webp 12w\" sizes=\"auto, (max-width: 540px) 100vw, 540px\" \/><figcaption class=\"wp-element-caption\">h\u00e0ng ch\u1ee5c m\u00e1y s\u1ea5y s\u1eb5n s\u00e0ng v\u1eadn chuy\u1ec3n<\/figcaption><\/figure>    <figure class=\"wp-block-image size-large\"><img loading=\"lazy\" decoding=\"async\" width=\"540\" height=\"540\" data-id=\"8372\" src=\"https:\/\/taizyagromachine.com\/wp-content\/uploads\/2025\/10\/one-container-of-grain-rice-wheat-thresher.webp\" alt=\"m\u1ed9t container m\u00e1y s\u1ea5y l\u00faa g\u1ea1o\" class=\"wp-image-8372\" srcset=\"https:\/\/taizyagromachine.com\/wp-content\/uploads\/2025\/10\/one-container-of-grain-rice-wheat-thresher.webp 540w, https:\/\/taizyagromachine.com\/wp-content\/uploads\/2025\/10\/one-container-of-grain-rice-wheat-thresher-12x12.webp 12w\" sizes=\"auto, (max-width: 540px) 100vw, 540px\" \/><figcaption class=\"wp-element-caption\">m\u1ed9t container m\u00e1y s\u1ea5y l\u00faa g\u1ea1o<\/figcaption><\/figure> <\/figure>    <h2 class=\"wp-block-heading\"><strong>L\u00e0m th\u1ebf n\u00e0o \u0111\u1ec3 \u0111\u1eb7t h\u00e0ng nhanh m\u00e1y s\u1ea5y n\u00e0y?<\/strong><\/h2>    <p>Vi\u1ec7c \u0111\u1eb7t h\u00e0ng m\u00e1y s\u1ea5y l\u00faa v\u00e0 l\u00faa m\u00ec Taizy r\u1ea5t \u0111\u01a1n gi\u1ea3n:<\/p>    <ol class=\"wp-block-list\"> <li>Li\u00ean h\u1ec7 qua WhatsApp\/WeChat, trang web ho\u1eb7c email c\u1ee7a ch\u00fang t\u00f4i, ghi r\u00f5 m\u1eabu v\u00e0 lo\u1ea1i c\u00e2y tr\u1ed3ng y\u00eau c\u1ea7u.<\/li>    <li>Ch\u00fang t\u00f4i s\u1ebd cung c\u1ea5p b\u00e1o gi\u00e1 chi ti\u1ebft, th\u00f4ng s\u1ed1 k\u1ef9 thu\u1eadt m\u00e1y v\u00e0 c\u00e1c ph\u01b0\u01a1ng \u00e1n v\u1eadn chuy\u1ec3n.<\/li>    <li>Sau khi x\u00e1c nh\u1eadn \u0111\u01a1n h\u00e0ng, qu\u00e1 tr\u00ecnh s\u1ea3n xu\u1ea5t v\u00e0 v\u1eadn chuy\u1ec3n \u0111\u01b0\u1ee3c s\u1eafp x\u1ebfp, h\u1ed7 tr\u1ee3 v\u1eadn chuy\u1ec3n \u0111\u01b0\u1eddng bi\u1ec3n, \u0111\u01b0\u1eddng h\u00e0ng kh\u00f4ng v\u00e0 c\u00e1c ph\u01b0\u01a1ng th\u1ee9c v\u1eadn chuy\u1ec3n kh\u00e1c.<\/li>    <li>H\u01b0\u1edbng d\u1eabn l\u1eafp \u0111\u1eb7t v\u00e0 v\u1eadn h\u00e0nh sau khi giao h\u00e0ng \u0111\u1ea3m b\u1ea3o kh\u00e1ch h\u00e0ng s\u1eed d\u1ee5ng tr\u00f4i ch\u1ea3y.<\/li> <\/ol>    <p>C\u00e1c b\u01b0\u1edbc tr\u00ean tr\u00ecnh b\u00e0y quy tr\u00ecnh h\u1ee3p l\u00fd. \u0110\u1ec3 bi\u1ebft h\u01b0\u1edbng d\u1eabn \u0111\u1eb7t h\u00e0ng chi ti\u1ebft, vui l\u00f2ng li\u00ean h\u1ec7 ngay.<\/p>    <figure class=\"wp-block-gallery has-nested-images columns-default is-cropped wp-block-gallery-6 is-layout-flex wp-block-gallery-is-layout-flex\"> <figure class=\"wp-block-image size-large\"><img loading=\"lazy\" decoding=\"async\" width=\"540\" height=\"540\" data-id=\"8374\" src=\"https:\/\/taizyagromachine.com\/wp-content\/uploads\/2025\/10\/grain-threshing-machine-for-sale.webp\" alt=\"M\u00e1y s\u1ea5y th\u00f3c g\u1ea1o b\u00e1n\" class=\"wp-image-8374\" srcset=\"https:\/\/taizyagromachine.com\/wp-content\/uploads\/2025\/10\/grain-threshing-machine-for-sale.webp 540w, https:\/\/taizyagromachine.com\/wp-content\/uploads\/2025\/10\/grain-threshing-machine-for-sale-12x12.webp 12w\" sizes=\"auto, (max-width: 540px) 100vw, 540px\" \/><figcaption class=\"wp-element-caption\">M\u00e1y s\u1ea5y th\u00f3c g\u1ea1o b\u00e1n<\/figcaption><\/figure>    <figure class=\"wp-block-image size-large\"><img loading=\"lazy\" decoding=\"async\" width=\"540\" height=\"540\" data-id=\"8375\" src=\"https:\/\/taizyagromachine.com\/wp-content\/uploads\/2025\/10\/multi-crop-rice-and-wheat-thresher-machine.webp\" alt=\"m\u00e1y s\u1ea5y l\u00faa v\u00e0 l\u00faa m\u00ec \u0111a c\u00e2y tr\u1ed3ng\" class=\"wp-image-8375\" srcset=\"https:\/\/taizyagromachine.com\/wp-content\/uploads\/2025\/10\/multi-crop-rice-and-wheat-thresher-machine.webp 540w, https:\/\/taizyagromachine.com\/wp-content\/uploads\/2025\/10\/multi-crop-rice-and-wheat-thresher-machine-12x12.webp 12w\" sizes=\"auto, (max-width: 540px) 100vw, 540px\" \/><figcaption class=\"wp-element-caption\">m\u00e1y s\u1ea5y l\u00faa v\u00e0 l\u00faa m\u00ec \u0111a c\u00e2y tr\u1ed3ng<\/figcaption><\/figure> <\/figure>","protected":false},"excerpt":{"rendered":"<p>M\u00e1y xay l\u00faa g\u1ea1o v\u00e0 l\u00faa m\u00ec Taizy ph\u00f9 h\u1ee3p \u0111\u1ec3 xay l\u00faa, m\u00ec, s\u1eafn, millet, \u0111\u1eadu n\u00e0nh, quinoa, h\u1ea1t c\u1ea3i d\u1ea7u v\u00e0 c\u00e1c lo\u1ea1i c\u00e2y tr\u1ed3ng kh\u00e1c. N\u00f3 \u0111\u1ea1t c\u00f4ng su\u1ea5t x\u1eed l\u00fd 600-800 kg\/h, t\u1ef7 l\u1ec7 xay \u226598% v\u00e0 t\u1ef7 l\u1ec7 h\u1ea1t v\u1ee1 \u22642%.<\/p>","protected":false},"author":1,"featured_media":8362,"parent":0,"template":"","tags":[218,219],"product-type":[20],"class_list":["post-8359","product","type-product","status-publish","has-post-thumbnail","hentry","tag-rice","tag-wheat","product-type-rice-and-wheat-machine"],"_links":{"self":[{"href":"https:\/\/taizyagromachine.com\/vi\/wp-json\/wp\/v2\/product\/8359","targetHints":{"allow":["GET"]}}],"collection":[{"href":"https:\/\/taizyagromachine.com\/vi\/wp-json\/wp\/v2\/product"}],"about":[{"href":"https:\/\/taizyagromachine.com\/vi\/wp-json\/wp\/v2\/types\/product"}],"author":[{"embeddable":true,"href":"https:\/\/taizyagromachine.com\/vi\/wp-json\/wp\/v2\/users\/1"}],"wp:featuredmedia":[{"embeddable":true,"href":"https:\/\/taizyagromachine.com\/vi\/wp-json\/wp\/v2\/media\/8362"}],"wp:attachment":[{"href":"https:\/\/taizyagromachine.com\/vi\/wp-json\/wp\/v2\/media?parent=8359"}],"wp:term":[{"taxonomy":"post_tag","embeddable":true,"href":"https:\/\/taizyagromachine.com\/vi\/wp-json\/wp\/v2\/tags?post=8359"},{"taxonomy":"product-type","embeddable":true,"href":"https:\/\/taizyagromachine.com\/vi\/wp-json\/wp\/v2\/product-type?post=8359"}],"curies":[{"name":"wp","href":"https:\/\/api.w.org\/{rel}","templated":true}]}}