{"id":8541,"date":"2025-11-10T14:54:24","date_gmt":"2025-11-10T06:54:24","guid":{"rendered":"https:\/\/taizyagromachine.com\/?post_type=product&#038;p=8541"},"modified":"2025-11-10T16:01:01","modified_gmt":"2025-11-10T08:01:01","slug":"grain-and-grass-grinder-machine","status":"publish","type":"product","link":"https:\/\/taizyagromachine.com\/vi\/product\/grain-and-grass-grinder-machine\/","title":{"rendered":"M\u00e1y nghi\u1ec1n h\u1ea1t v\u00e0 c\u1ecf k\u1ebft h\u1ee3p"},"content":{"rendered":"<p class=\"translation-block\">Taizy <strong>m\u00e1y nghi\u1ec1n c\u1ecf<\/strong> k\u1ebft h\u1ee3p nghi\u1ec1n silage v\u00e0 xay ng\u0169 c\u1ed1c, c\u00f3 kh\u1ea3 n\u0103ng nghi\u1ec1n c\u1ecf \u0111\u1ed3ng th\u1eddi xay ng\u00f4, l\u00faa m\u00ec v\u00e0 \u0111\u1eadu n\u00e0nh. C\u1ecf \u0111\u1ea1t \u0111\u1ed9 m\u1ecbn \u0111\u1ed3ng \u0111\u1ec1u v\u1edbi k\u00edch th\u01b0\u1edbc h\u1ea1t 2-3mm, l\u00fd t\u01b0\u1edfng \u0111\u1ec3 cho l\u1ee3n, b\u00f2, c\u1eebu, g\u00e0, v\u1ecbt, ng\u1ed7ng v\u00e0 c\u00e1c lo\u1ea1i gia s\u00fac kh\u00e1c \u0103n.<\/p>    <p>M\u00e1y nghi\u1ec1n silage c\u00f3 c\u00f4ng su\u1ea5t 300-1500kg m\u1ed7i gi\u1edd, c\u1ea5u tr\u00fac nh\u1ecf g\u1ecdn, ho\u1ea1t \u0111\u1ed9ng \u0111\u01a1n gi\u1ea3n, h\u1ed7 tr\u1ee3 c\u1ea3 ngu\u1ed3n \u0111i\u1ec7n motor v\u00e0 diesel \u0111\u1ec3 linh ho\u1ea1t l\u1ef1a ch\u1ecdn theo nhu c\u1ea7u kh\u00e1ch h\u00e0ng. \u0110\u00e2y l\u00e0 gi\u1ea3i ph\u00e1p hi\u1ec7u qu\u1ea3 \u0111\u1ec3 nghi\u1ec1n ng\u0169 c\u1ed1c v\u00e0 th\u1ee9c \u0103n xanh. Li\u00ean h\u1ec7 v\u1edbi ch\u00fang t\u00f4i \u0111\u1ec3 bi\u1ebft th\u00eam chi ti\u1ebft!<\/p>    <figure class=\"wp-block-embed is-type-video is-provider-youtube wp-block-embed-youtube wp-embed-aspect-16-9 wp-has-aspect-ratio\"><div class=\"wp-block-embed__wrapper\"> <iframe loading=\"lazy\" title=\"M\u00e1y nghi\u1ec1n ng\u0169 c\u1ed1c v\u00e0 c\u1ecf hi\u1ec7u qu\u1ea3 | M\u00e1y nghi\u1ec1n th\u1ee9c \u0103n gia s\u00fac cho silage v\u00e0 ng\u00f4\" width=\"500\" height=\"281\" src=\"https:\/\/www.youtube.com\/embed\/_2AgSC_yXXE?feature=oembed\" frameborder=\"0\" allow=\"accelerometer; autoplay; clipboard-write; encrypted-media; gyroscope; picture-in-picture; web-share\" referrerpolicy=\"strict-origin-when-cross-origin\" allowfullscreen><\/iframe> <\/div><figcaption class=\"wp-element-caption\">video c\u1ee7a m\u00e1y nghi\u1ec1n c\u1ecf<\/figcaption><\/figure>    <h2 class=\"wp-block-heading\"><strong>\u01afu \u0111i\u1ec3m c\u1ee7a m\u00e1y nghi\u1ec1n ng\u0169 c\u1ed1c v\u00e0 c\u1ecf<\/strong><\/h2>    <ul class=\"wp-block-list\"> <li>M\u00e1y xay c\u1ecf c\u1ee7a ch\u00fang t\u00f4i c\u00f3 th\u1ec3 x\u1eed l\u00fd <strong>300-1500kg\/h<\/strong>, c\u00f3 hi\u1ec7u qu\u1ea3 cao.<\/li>    <li>c\u00e1c <strong>\u0111\u1ed9 m\u1ecbn<\/strong> c\u1ee7a c\u1ecf nghi\u1ec1n l\u00e0 <strong>2-3mm<\/strong>, m\u1ed9t h\u1ed7n h\u1ee3p b\u1ed9t m\u1ecbn, th\u00edch h\u1ee3p \u0111\u1ec3 cho gia c\u1ea7m, l\u1ee3n \u0103n, v.v.<\/li>    <li> M\u00e1y xay c\u1ecf t\u1ea5t c\u1ea3 trong m\u1ed9t <strong>k\u1ebft h\u1ee3p nghi\u1ec1n c\u1ecf v\u00e0 xay h\u1ea1t<\/strong>.<\/li>    <li>Ch\u00fang t\u00f4i c\u00f3 th\u1ec3 <strong>l\u1eafp \u0111\u1eb7t b\u1ed9 ph\u1eadn ly t\u00e2m v\u00e0 khung k\u00e9o<\/strong>, v\u00e0 <strong>t\u00f9y ch\u1ec9nh \u0111i\u1ec7n \u00e1p, m\u00e0u s\u1eafc c\u1ee7a m\u00e1y, <\/strong>etc., to meet customers&#8217; demands.<\/li> <\/ul>    <figure class=\"wp-block-gallery has-nested-images columns-default is-cropped wp-block-gallery-2 is-layout-flex wp-block-gallery-is-layout-flex\"> <figure class=\"wp-block-image size-large\"><img loading=\"lazy\" decoding=\"async\" width=\"720\" height=\"540\" data-id=\"8548\" src=\"https:\/\/taizyagromachine.com\/wp-content\/uploads\/2025\/11\/combined-grain-milling-and-silage-grinder.webp\" alt=\"m\u00e1y nghi\u1ec1n ng\u0169 c\u1ed1c v\u00e0 silage k\u1ebft h\u1ee3p\" class=\"wp-image-8548\" srcset=\"https:\/\/taizyagromachine.com\/wp-content\/uploads\/2025\/11\/combined-grain-milling-and-silage-grinder.webp 720w, https:\/\/taizyagromachine.com\/wp-content\/uploads\/2025\/11\/combined-grain-milling-and-silage-grinder-16x12.webp 16w\" sizes=\"auto, (max-width: 720px) 100vw, 720px\" \/><figcaption class=\"wp-element-caption\">m\u00e1y nghi\u1ec1n ng\u0169 c\u1ed1c v\u00e0 silage k\u1ebft h\u1ee3p<\/figcaption><\/figure>    <figure class=\"wp-block-image size-large\"><img loading=\"lazy\" decoding=\"async\" width=\"720\" height=\"540\" data-id=\"8550\" src=\"https:\/\/taizyagromachine.com\/wp-content\/uploads\/2025\/11\/silage-pulping-machine-with-tractor.webp\" alt=\"m\u00e1y nghi\u1ec1n silage c\u00f3 tractor\" class=\"wp-image-8550\" srcset=\"https:\/\/taizyagromachine.com\/wp-content\/uploads\/2025\/11\/silage-pulping-machine-with-tractor.webp 720w, https:\/\/taizyagromachine.com\/wp-content\/uploads\/2025\/11\/silage-pulping-machine-with-tractor-16x12.webp 16w\" sizes=\"auto, (max-width: 720px) 100vw, 720px\" \/><figcaption class=\"wp-element-caption\">m\u00e1y nghi\u1ec1n silage c\u00f3 tractor<\/figcaption><\/figure> <\/figure>    <figure class=\"wp-block-gallery has-nested-images columns-default is-cropped wp-block-gallery-3 is-layout-flex wp-block-gallery-is-layout-flex\"> <figure class=\"wp-block-image size-large\"><img loading=\"lazy\" decoding=\"async\" width=\"328\" height=\"720\" data-id=\"8553\" src=\"https:\/\/taizyagromachine.com\/wp-content\/uploads\/2025\/11\/small-Napier-grass-grinder-machine.webp\" alt=\"m\u00e1y nghi\u1ec1n c\u1ecf Napier nh\u1ecf\" class=\"wp-image-8553\" srcset=\"https:\/\/taizyagromachine.com\/wp-content\/uploads\/2025\/11\/small-Napier-grass-grinder-machine.webp 328w, https:\/\/taizyagromachine.com\/wp-content\/uploads\/2025\/11\/small-Napier-grass-grinder-machine-5x12.webp 5w\" sizes=\"auto, (max-width: 328px) 100vw, 328px\" \/><figcaption class=\"wp-element-caption\">m\u00e1y nghi\u1ec1n c\u1ecf Napier nh\u1ecf<\/figcaption><\/figure>    <figure class=\"wp-block-image size-large\"><img loading=\"lazy\" decoding=\"async\" width=\"540\" height=\"720\" data-id=\"8552\" src=\"https:\/\/taizyagromachine.com\/wp-content\/uploads\/2025\/11\/grass-grinder-machine-with-cyclone.webp\" alt=\"m\u00e1y nghi\u1ec1n c\u1ecf v\u1edbi khung qu\u1ea1t\" class=\"wp-image-8552\" srcset=\"https:\/\/taizyagromachine.com\/wp-content\/uploads\/2025\/11\/grass-grinder-machine-with-cyclone.webp 540w, https:\/\/taizyagromachine.com\/wp-content\/uploads\/2025\/11\/grass-grinder-machine-with-cyclone-9x12.webp 9w\" sizes=\"auto, (max-width: 540px) 100vw, 540px\" \/><figcaption class=\"wp-element-caption\">m\u00e1y nghi\u1ec1n c\u1ecf v\u1edbi khung qu\u1ea1t<\/figcaption><\/figure>    <figure class=\"wp-block-image size-large\"><img loading=\"lazy\" decoding=\"async\" width=\"479\" height=\"720\" data-id=\"8551\" src=\"https:\/\/taizyagromachine.com\/wp-content\/uploads\/2025\/11\/crushed-grass.webp\" alt=\"c\u1ecf nghi\u1ec1n n\u00e1t\" class=\"wp-image-8551\" srcset=\"https:\/\/taizyagromachine.com\/wp-content\/uploads\/2025\/11\/crushed-grass.webp 479w, https:\/\/taizyagromachine.com\/wp-content\/uploads\/2025\/11\/crushed-grass-8x12.webp 8w\" sizes=\"auto, (max-width: 479px) 100vw, 479px\" \/><figcaption class=\"wp-element-caption\">c\u1ecf nghi\u1ec1n n\u00e1t<\/figcaption><\/figure> <\/figure>    <h2 class=\"wp-block-heading\"><strong>Th\u00f4ng s\u1ed1 k\u1ef9 thu\u1eadt c\u1ee7a m\u00e1y nghi\u1ec1n silage v\u00e0 ng\u00f4 k\u1ebft h\u1ee3p<\/strong><\/h2>    <figure class=\"wp-block-table\"><table class=\"has-fixed-layout\"><tbody><tr><td>Ng\u01b0\u1eddi m\u1eabu<\/td><td>9RS-1000<\/td><td>9RS-1500<\/td><\/tr><tr><td>Quy\u1ec1n l\u1ef1c<\/td><td>\u0110\u1ed9ng c\u01a1 3-4kw<\/td><td>\u0111\u1ed9ng c\u01a1 7.5kw ho\u1eb7c \u0111\u1ed9ng c\u01a1 diesel 15hp<\/td><\/tr><tr><td>Dung t\u00edch<\/td><td>300-1000kg\/h<\/td><td>1000-1500kg\/gi\u1edd<\/td><\/tr><tr><td>K\u00edch c\u1ee1<\/td><td>1200*600*1000mm<\/td><td>1800*1600*1150mm<\/td><\/tr><tr><td>tr\u1ecdng l\u01b0\u1ee3ng t\u1ecbnh<\/td><td>90kg<\/td><td>310kg<\/td><\/tr><\/tbody><\/table><figcaption class=\"wp-element-caption\">Th\u00f4ng s\u1ed1 c\u1ee7a m\u00e1y nghi\u1ec1n silage c\u1ecf<\/figcaption><\/figure>    <figure class=\"wp-block-gallery has-nested-images columns-default is-cropped wp-block-gallery-4 is-layout-flex wp-block-gallery-is-layout-flex\"> <figure class=\"wp-block-image size-large\"><img loading=\"lazy\" decoding=\"async\" width=\"540\" height=\"540\" data-id=\"8545\" src=\"https:\/\/taizyagromachine.com\/wp-content\/uploads\/2025\/11\/9RS-1000-grain-and-grass-grinding-machine.webp\" alt=\"m\u00e1y nghi\u1ec1n ng\u0169 c\u1ed1c v\u00e0 c\u1ecf 9RS-1000\" class=\"wp-image-8545\" srcset=\"https:\/\/taizyagromachine.com\/wp-content\/uploads\/2025\/11\/9RS-1000-grain-and-grass-grinding-machine.webp 540w, https:\/\/taizyagromachine.com\/wp-content\/uploads\/2025\/11\/9RS-1000-grain-and-grass-grinding-machine-12x12.webp 12w\" sizes=\"auto, (max-width: 540px) 100vw, 540px\" \/><figcaption class=\"wp-element-caption\">m\u00e1y nghi\u1ec1n ng\u0169 c\u1ed1c v\u00e0 c\u1ecf 9RS-1000<\/figcaption><\/figure>    <figure class=\"wp-block-image size-large\"><img loading=\"lazy\" decoding=\"async\" width=\"540\" height=\"540\" data-id=\"8546\" src=\"https:\/\/taizyagromachine.com\/wp-content\/uploads\/2025\/11\/9RS-1500-grass-cutting-and-grinding-machine.webp\" alt=\"m\u00e1y nghi\u1ec1n c\u1ecf v\u00e0 c\u1eaft silage 9RS-1500\" class=\"wp-image-8546\" srcset=\"https:\/\/taizyagromachine.com\/wp-content\/uploads\/2025\/11\/9RS-1500-grass-cutting-and-grinding-machine.webp 540w, https:\/\/taizyagromachine.com\/wp-content\/uploads\/2025\/11\/9RS-1500-grass-cutting-and-grinding-machine-12x12.webp 12w\" sizes=\"auto, (max-width: 540px) 100vw, 540px\" \/><figcaption class=\"wp-element-caption\">m\u00e1y nghi\u1ec1n c\u1ecf v\u00e0 c\u1eaft silage 9RS-1500<\/figcaption><\/figure> <\/figure>    <h2 class=\"wp-block-heading\"><strong>\u1ee8ng d\u1ee5ng c\u1ee7a m\u00e1y nghi\u1ec1n ng\u0169 c\u1ed1c v\u00e0 c\u1ecf \u0111\u1ec3 b\u00e1n<\/strong><\/h2>    <p>Thi\u1ebft b\u1ecb n\u00e0y \u0111\u01b0\u1ee3c s\u1eed d\u1ee5ng r\u1ed9ng r\u00e3i trong c\u00e1c trang tr\u1ea1i ch\u0103n nu\u00f4i, nh\u00e0 m\u00e1y ch\u1ebf bi\u1ebfn th\u1ee9c \u0103n, h\u1ee3p t\u00e1c x\u00e3 n\u00f4ng nghi\u1ec7p v\u00e0 c\u00e1c c\u01a1 s\u1edf s\u1ea3n xu\u1ea5t silage.<\/p>    <p>C\u00e1c nguy\u00ean li\u1ec7u ph\u00f9 h\u1ee3p g\u1ed3m c\u00e1c lo\u1ea1i silage v\u00e0 ng\u0169 c\u1ed1c kh\u00e1c nhau nh\u01b0 c\u1ecf kh\u00f4, th\u00e2n ng\u00f4, c\u1ecf Napier, ng\u00f4, ng\u00f4 m\u1ea1ch, \u0111\u1eadu n\u00e0nh, r\u01a1m l\u00faa, r\u01a1m g\u1ea1o, v.v.<\/p>    <p>M\u00e1y nghi\u1ec1n c\u1ecf hi\u1ec7u qu\u1ea3 trong vi\u1ec7c xay v\u00e0 tr\u1ed9n th\u1ee9c \u0103n th\u00f4 c\u1ee9ng v\u1edbi ng\u0169 c\u1ed1c, n\u00e2ng cao kh\u1ea3 n\u0103ng ti\u00eau h\u00f3a v\u00e0 h\u1ea5p th\u1ee5 dinh d\u01b0\u1ee1ng. \u0110\u00e2y l\u00e0 thi\u1ebft b\u1ecb kh\u00f4ng th\u1ec3 thi\u1ebfu trong qu\u00e1 tr\u00ecnh ch\u1ebf bi\u1ebfn th\u1ee9c \u0103n hi\u1ec7n \u0111\u1ea1i. D\u00f9 x\u1eed l\u00fd nguy\u00ean li\u1ec7u kh\u00f4 hay \u01b0\u1edbt, m\u00e1y ho\u1ea1t \u0111\u1ed9ng hi\u1ec7u qu\u1ea3, gi\u00fap n\u00f4ng d\u00e2n t\u1ef1 ch\u1ee7 trong vi\u1ec7c cung c\u1ea5p th\u1ee9c \u0103n.<\/p>   <div class=\"wp-block-image\"> <figure class=\"aligncenter size-full\"><img loading=\"lazy\" decoding=\"async\" width=\"720\" height=\"540\" src=\"https:\/\/taizyagromachine.com\/wp-content\/uploads\/2025\/11\/grass-cutting-grinder-machine.webp\" alt=\"M\u00e1y nghi\u1ec1n c\u1eaft c\u1ecf\" class=\"wp-image-8557\" srcset=\"https:\/\/taizyagromachine.com\/wp-content\/uploads\/2025\/11\/grass-cutting-grinder-machine.webp 720w, https:\/\/taizyagromachine.com\/wp-content\/uploads\/2025\/11\/grass-cutting-grinder-machine-16x12.webp 16w\" sizes=\"auto, (max-width: 720px) 100vw, 720px\" \/><figcaption class=\"wp-element-caption\">M\u00e1y nghi\u1ec1n c\u1eaft c\u1ecf<\/figcaption><\/figure> <\/div>   <h2 class=\"wp-block-heading\"><strong>C\u00e1ch ho\u1ea1t \u0111\u1ed9ng c\u1ee7a m\u00e1y nghi\u1ec1n silage?<\/strong><\/h2>    <p>M\u00e1y nghi\u1ec1n c\u1ecf Napier s\u1eed d\u1ee5ng c\u00e1c b\u1ed9 l\u01b0\u1ee1i dao t\u1ed1c \u0111\u1ed9 cao \u0111\u1ec3 c\u1eaft v\u00e0 nghi\u1ec1n th\u1ee9c \u0103n xanh v\u00e0 ng\u0169 c\u1ed1c. Nguy\u00ean li\u1ec7u \u0111i v\u00e0o bu\u1ed3ng nghi\u1ec1n qua c\u1eeda c\u1ea5p li\u1ec7u, n\u01a1i ch\u00fang \u0111\u01b0\u1ee3c x\u1eed l\u00fd th\u00e0nh b\u1ed9t ho\u1eb7c b\u1ed9t nh\u1edd c\u00e1c l\u01b0\u1ee1i dao quay nhanh tr\u01b0\u1edbc khi \u0111\u01b0\u1ee3c x\u1ea3 ra qua c\u1eeda ra. M\u00e1y c\u00f3 ho\u1ea1t \u0111\u1ed9ng \u0111\u01a1n gi\u1ea3n v\u00e0 chi ph\u00ed b\u1ea3o tr\u00ec th\u1ea5p, ph\u00f9 h\u1ee3p cho c\u00e1c quy m\u00f4 n\u00f4ng nghi\u1ec7p kh\u00e1c nhau.<\/p>    <figure class=\"wp-block-gallery has-nested-images columns-default is-cropped wp-block-gallery-5 is-layout-flex wp-block-gallery-is-layout-flex\"> <figure class=\"wp-block-image size-large\"><img loading=\"lazy\" decoding=\"async\" width=\"438\" height=\"540\" data-id=\"8554\" src=\"https:\/\/taizyagromachine.com\/wp-content\/uploads\/2025\/11\/grain-and-forage-pulping-machine.webp\" alt=\"m\u00e1y nghi\u1ec1n x\u01a1 c\u1ecf v\u00e0 ng\u0169 c\u1ed1c\" class=\"wp-image-8554\" srcset=\"https:\/\/taizyagromachine.com\/wp-content\/uploads\/2025\/11\/grain-and-forage-pulping-machine.webp 438w, https:\/\/taizyagromachine.com\/wp-content\/uploads\/2025\/11\/grain-and-forage-pulping-machine-10x12.webp 10w\" sizes=\"auto, (max-width: 438px) 100vw, 438px\" \/><figcaption class=\"wp-element-caption\">m\u00e1y nghi\u1ec1n x\u01a1 c\u1ecf v\u00e0 ng\u0169 c\u1ed1c<\/figcaption><\/figure>    <figure class=\"wp-block-image size-large\"><img loading=\"lazy\" decoding=\"async\" width=\"540\" height=\"540\" data-id=\"8555\" src=\"https:\/\/taizyagromachine.com\/wp-content\/uploads\/2025\/11\/internal-structure-of-grinder.webp\" alt=\"C\u1ea5u tr\u00fac b\u00ean trong c\u1ee7a m\u00e1y nghi\u1ec1n\" class=\"wp-image-8555\" srcset=\"https:\/\/taizyagromachine.com\/wp-content\/uploads\/2025\/11\/internal-structure-of-grinder.webp 540w, https:\/\/taizyagromachine.com\/wp-content\/uploads\/2025\/11\/internal-structure-of-grinder-12x12.webp 12w\" sizes=\"auto, (max-width: 540px) 100vw, 540px\" \/><figcaption class=\"wp-element-caption\">C\u1ea5u tr\u00fac b\u00ean trong c\u1ee7a m\u00e1y nghi\u1ec1n<\/figcaption><\/figure> <\/figure>    <h2 class=\"wp-block-heading\"><strong>What&#8217;s the price of Taizy grain and grass grinder machine<\/strong><\/h2>    <p>Gi\u00e1 c\u1ee7a m\u00e1y nghi\u1ec1n th\u1ee9c \u0103n xanh ch\u1ee7 y\u1ebfu ph\u1ee5 thu\u1ed9c v\u00e0o m\u1eabu m\u00e1y, ngu\u1ed3n \u0111i\u1ec7n (\u0111\u1ed9ng c\u01a1 \u0111i\u1ec7n ho\u1eb7c \u0111\u1ed9ng c\u01a1 diesel), c\u1ea5u h\u00ecnh \u0111\u1ea7u ra, v\u00e0 c\u00f3 bao g\u1ed3m b\u1ed9 ly t\u00e2m ho\u1eb7c khung k\u00e9o hay kh\u00f4ng. C\u00e1c m\u1eabu nh\u1ecf h\u01a1n th\u01b0\u1eddng ti\u1ebft ki\u1ec7m chi ph\u00ed h\u01a1n, trong khi c\u00e1c m\u1eabu l\u1edbn h\u01a1n h\u1ed7 tr\u1ee3 s\u1ea3n l\u01b0\u1ee3ng cao v\u00e0 ho\u1ea1t \u0111\u1ed9ng li\u00ean t\u1ee5c k\u00e9o d\u00e0i. M\u00f4 h\u00ecnh b\u00e1n h\u00e0ng tr\u1ef1c ti\u1ebfp t\u1eeb nh\u00e0 m\u00e1y c\u1ee7a Taizy mang l\u1ea1i gi\u00e1 c\u1ea1nh tranh cho kh\u00e1ch h\u00e0ng, v\u1edbi d\u1ecbch v\u1ee5 v\u1eadn chuy\u1ec3n to\u00e0n c\u1ea7u v\u00e0 cung c\u1ea5p ph\u1ee5 t\u00f9ng thay th\u1ebf.<\/p>    <h2 class=\"wp-block-heading\"><strong>L\u00e0m th\u1ebf n\u00e0o \u0111\u1ec3 \u0111\u1eb7t h\u00e0ng t\u1eeb Taizy?<\/strong><\/h2>    <p>Kh\u00e1ch h\u00e0ng c\u00f3 th\u1ec3 li\u00ean h\u1ec7 tr\u1ef1c ti\u1ebfp qua email, WhatsApp\/WeChat ho\u1eb7c trang web ch\u00ednh th\u1ee9c c\u1ee7a ch\u00fang t\u00f4i \u0111\u1ec3 cung c\u1ea5p c\u00e1c y\u00eau c\u1ea7u v\u1ec1 c\u00f4ng su\u1ea5t, ngu\u1ed3n \u0111i\u1ec7n, \u1ee9ng d\u1ee5ng v\u00e0 t\u00f9y ch\u1ec9nh. Ch\u00fang t\u00f4i s\u1ebd \u0111\u1ec1 xu\u1ea5t m\u1eabu ph\u00f9 h\u1ee3p nh\u1ea5t v\u00e0 cung c\u1ea5p b\u00e1o gi\u00e1 chi ti\u1ebft c\u00f9ng gi\u1ea3i ph\u00e1p v\u1eadn chuy\u1ec3n. <\/p>    <p>M\u00e1y m\u00f3c c\u1ee7a Taizy cung c\u1ea5p t\u01b0 v\u1ea5n tr\u01b0\u1edbc b\u00e1n h\u00e0ng chuy\u00ean nghi\u1ec7p, h\u01b0\u1edbng d\u1eabn k\u1ef9 thu\u1eadt v\u00e0 d\u1ecbch v\u1ee5 h\u1eadu m\u00e3i cho kh\u00e1ch h\u00e0ng to\u00e0n c\u1ea7u, \u0111\u1ea3m b\u1ea3o mua s\u1eafm v\u00e0 s\u1eed d\u1ee5ng kh\u00f4ng lo l\u1eafng.<\/p>    <p>Ngo\u00e0i ra, ch\u00fang t\u00f4i c\u00f2n c\u00f3 c\u00e1c thi\u1ebft b\u1ecb x\u1eed l\u00fd silage kh\u00e1c \u0111\u1ec3 b\u00e1n, nh\u01b0<\/p>    <ul class=\"wp-block-list\"> <li><a href=\"https:\/\/taizyagromachine.com\/vi\/product\/forage-chopper-machine\/\">M\u00e1y c\u1eaft v\u1ecf tr\u1ea5u<\/a><\/li>    <li><a href=\"https:\/\/taizyagromachine.com\/vi\/product\/straw-cutting-machine\/\">M\u00e1y c\u1eaft v\u00e0 nh\u00e0o tr\u1ed9n c\u1ecf<\/a><\/li>    <li><a href=\"https:\/\/taizyagromachine.com\/vi\/product\/silage-baler\/\">M\u00e1y qu\u1ea5n bao b\u00ec r\u01a1m \u1ee7<\/a><\/li> <\/ul>    <p>N\u1ebfu b\u1ea1n \u0111ang t\u00ecm ki\u1ebfm m\u00e1y m\u00f3c x\u1eed l\u00fd silage, h\u00e3y li\u00ean h\u1ec7 v\u1edbi ch\u00fang t\u00f4i ngay l\u1eadp t\u1ee9c. Ch\u00fang t\u00f4i s\u1ebd cung c\u1ea5p gi\u1ea3i ph\u00e1p t\u1ed1t nh\u1ea5t \u0111\u1ec3 mang l\u1ea1i l\u1ee3i \u00edch cho doanh nghi\u1ec7p th\u1ee9c \u0103n xanh c\u1ee7a b\u1ea1n.<\/p>","protected":false},"excerpt":{"rendered":"<p>M\u00e1y xay th\u1ee9c \u0103n xanh Taizy l\u00e0 m\u1ed9t m\u00e1y ch\u1ebf bi\u1ebfn th\u1ee9c \u0103n \u0111a n\u0103ng c\u00f3 kh\u1ea3 n\u0103ng nghi\u1ec1n th\u1ee9c \u0103n xanh v\u00e0 ng\u0169 c\u1ed1c th\u00e0nh c\u00e1c h\u1ea1t m\u1ecbn \u0111\u1ed3ng \u0111\u1ec1u, d\u1ec5 ti\u00eau h\u00f3a. V\u1edbi nhi\u1ec1u c\u1ea5u h\u00ecnh t\u00f9y ch\u1ec9nh, n\u00f3 l\u00e0 gi\u1ea3i ph\u00e1p l\u00fd t\u01b0\u1edfng cho vi\u1ec7c ch\u1ebf bi\u1ebfn th\u1ee9c \u0103n t\u1ea1i trang tr\u1ea1i.<\/p>","protected":false},"author":1,"featured_media":8543,"parent":0,"template":"","tags":[116],"product-type":[19],"class_list":["post-8541","product","type-product","status-publish","has-post-thumbnail","hentry","tag-silage","product-type-silage-machine"],"_links":{"self":[{"href":"https:\/\/taizyagromachine.com\/vi\/wp-json\/wp\/v2\/product\/8541","targetHints":{"allow":["GET"]}}],"collection":[{"href":"https:\/\/taizyagromachine.com\/vi\/wp-json\/wp\/v2\/product"}],"about":[{"href":"https:\/\/taizyagromachine.com\/vi\/wp-json\/wp\/v2\/types\/product"}],"author":[{"embeddable":true,"href":"https:\/\/taizyagromachine.com\/vi\/wp-json\/wp\/v2\/users\/1"}],"wp:featuredmedia":[{"embeddable":true,"href":"https:\/\/taizyagromachine.com\/vi\/wp-json\/wp\/v2\/media\/8543"}],"wp:attachment":[{"href":"https:\/\/taizyagromachine.com\/vi\/wp-json\/wp\/v2\/media?parent=8541"}],"wp:term":[{"taxonomy":"post_tag","embeddable":true,"href":"https:\/\/taizyagromachine.com\/vi\/wp-json\/wp\/v2\/tags?post=8541"},{"taxonomy":"product-type","embeddable":true,"href":"https:\/\/taizyagromachine.com\/vi\/wp-json\/wp\/v2\/product-type?post=8541"}],"curies":[{"name":"wp","href":"https:\/\/api.w.org\/{rel}","templated":true}]}}