{"id":8567,"date":"2025-11-19T16:53:20","date_gmt":"2025-11-19T08:53:20","guid":{"rendered":"https:\/\/taizyagromachine.com\/?post_type=product&#038;p=8567"},"modified":"2025-11-19T17:25:01","modified_gmt":"2025-11-19T09:25:01","slug":"hay-bale-shredder","status":"publish","type":"product","link":"https:\/\/taizyagromachine.com\/vi\/product\/hay-bale-shredder\/","title":{"rendered":"M\u00e1y xay x\u00e1t r\u01a1m"},"content":{"rendered":"<p class=\"translation-block\">Taizy <strong>hay bale shredder<\/strong> can crush and grind hay bale, straw bale, or straw into small pieces of 3-10cm. It&#8217;s used on big livestock farms to process hay and straw with a capacity of 2-18t per hour. This hay bale grinder commonly uses an electric motor as power, and has two discharging ways(top or bottom discharge). Also, the machine has a traction frame and tyres, easy to move. For livetsock farming, it&#8217;s ideal for bales processing.<\/p>    <figure class=\"wp-block-embed is-type-video is-provider-youtube wp-block-embed-youtube wp-embed-aspect-16-9 wp-has-aspect-ratio\"><div class=\"wp-block-embed__wrapper\"> <iframe loading=\"lazy\" title=\"Hay bale crusher | Grass bale shredder working test: complete straw &amp; hay bale crusher solution\" width=\"500\" height=\"281\" src=\"https:\/\/www.youtube.com\/embed\/22SeCz3fZuo?feature=oembed\" frameborder=\"0\" allow=\"accelerometer; autoplay; clipboard-write; encrypted-media; gyroscope; picture-in-picture; web-share\" referrerpolicy=\"strict-origin-when-cross-origin\" allowfullscreen><\/iframe> <\/div><figcaption class=\"wp-element-caption\">Video ho\u1ea1t \u0111\u1ed9ng c\u1ee7a m\u00e1y nghi\u1ec1n bao c\u1ecf<\/figcaption><\/figure>    <h2 class=\"wp-block-heading\"><strong>\u1ee8ng d\u1ee5ng c\u1ee7a m\u00e1y xay x\u00e9 bao c\u1ecf \u0111i\u1ec7n Taizy<\/strong><\/h2>    <p>M\u00e1y x\u00e9 x\u00e9 bao r\u01a1m ch\u1ee7 y\u1ebfu d\u00f9ng \u0111\u1ec3 nhanh ch\u00f3ng th\u00e1o d\u1ee1 v\u00e0 x\u00e9 nh\u1ecf c\u00e1c bao c\u1ecf tr\u00f2n ho\u1eb7c vu\u00f4ng th\u00e0nh th\u1ee9c \u0103n \u0111\u1ed3ng \u0111\u1ec1u. Ph\u00f9 h\u1ee3p cho:<\/p>    <ul class=\"wp-block-list\"> <li>Cho \u0103n gia s\u00fac nh\u01b0 b\u00f2, c\u1eebu, ng\u1ef1a, l\u1ea1c \u0111\u00e0<\/li>    <li>Ti\u1ec1n x\u1eed l\u00fd cho silage, c\u1ecf kh\u00f4, c\u1ecf linh l\u0103ng, r\u01a1m, v\u00e0 c\u00e1c v\u1eadt li\u1ec7u kh\u00e1c<\/li>    <li>Ti\u1ec1n x\u1eed l\u00fd tr\u01b0\u1edbc m\u00e1y tr\u1ed9n TMR<\/li>    <li>Xay b\u1ed9t c\u1ecf v\u00e0 nghi\u1ec1n nguy\u00ean li\u1ec7u cho nh\u00e0 m\u00e1y th\u1ee9c \u0103n<\/li> <\/ul>    <p>M\u00e1y x\u00e9 x\u00e9 bao c\u1ecf nh\u1ecf c\u1ee7a Taizy c\u00f3 th\u1ec3 x\u1eed l\u00fd 2000\u201318000kg bao m\u1ed7i l\u1ea7n, x\u00e9 th\u00e0nh c\u00e1c m\u1ea3nh 3-10cm, kh\u00f4ng l\u00e0m h\u1ecfng s\u1ee3i c\u1ecf, gi\u00fap th\u1ee9c \u0103n d\u1ec5 ti\u00eau h\u01a1n.<\/p>   <div class=\"wp-block-image\"> <figure class=\"aligncenter size-full\"><img loading=\"lazy\" decoding=\"async\" width=\"720\" height=\"540\" src=\"https:\/\/taizyagromachine.com\/wp-content\/uploads\/2025\/11\/applications-of-straw-hay-bale-grinder.webp\" alt=\"\u1ee9ng d\u1ee5ng c\u1ee7a m\u00e1y nghi\u1ec1n bao c\u1ecf r\u01a1m\" class=\"wp-image-8571\" srcset=\"https:\/\/taizyagromachine.com\/wp-content\/uploads\/2025\/11\/applications-of-straw-hay-bale-grinder.webp 720w, https:\/\/taizyagromachine.com\/wp-content\/uploads\/2025\/11\/applications-of-straw-hay-bale-grinder-16x12.webp 16w\" sizes=\"auto, (max-width: 720px) 100vw, 720px\" \/><figcaption class=\"wp-element-caption\">\u1ee9ng d\u1ee5ng c\u1ee7a m\u00e1y nghi\u1ec1n bao c\u1ecf r\u01a1m<\/figcaption><\/figure> <\/div>   <p>Ngo\u00e0i ra, m\u00e1y nghi\u1ec1n \u0111\u0129a n\u00e0y c\u00f2n \u0111\u01b0\u1ee3c s\u1eed d\u1ee5ng r\u1ed9ng r\u00e3i trong:<\/p>    <ul class=\"wp-block-list\"> <li>C\u00e1c trang tr\u1ea1i quy m\u00f4 l\u1edbn (trang tr\u1ea1i b\u00f2, c\u1eebu, l\u1ea1c \u0111\u00e0) <ul class=\"wp-block-list\"> <li>X\u1eed l\u00fd h\u00e0ng ng\u00e0y l\u01b0\u1ee3ng l\u1edbn th\u1ee9c \u0103n xanh c\u1ea7n t\u1ed1c \u0111\u1ed9 v\u00e0 ti\u1ebft ki\u1ec7m lao \u0111\u1ed9ng.<\/li> <\/ul> <\/li>    <li>Nh\u00e0 m\u00e1y ch\u1ebf bi\u1ebfn th\u1ee9c \u0103n <ul class=\"wp-block-list\"> <li>L\u00e0 b\u01b0\u1edbc chu\u1ea9n b\u1ecb s\u01a1 b\u1ed9 cho nghi\u1ec1n th\u1ee9c \u0103n xanh v\u00e0 tr\u1ed9n th\u1ee9c \u0103n.<\/li> <\/ul> <\/li>    <li>H\u1ee3p t\u00e1c x\u00e3 n\u00f4ng nghi\u1ec7p <ul class=\"wp-block-list\"> <li>Cung c\u1ea5p d\u1ecbch v\u1ee5 nghi\u1ec1n bao cho n\u00f4ng d\u00e2n \u0111\u1ecba ph\u01b0\u01a1ng.<\/li> <\/ul> <\/li>    <li>TMR k\u1ebft h\u1ee3p v\u1edbi m\u00e1y tr\u1ed9n th\u1ee9c \u0103n <ul class=\"wp-block-list\"> <li>Vi\u1ec7c t\u00edch h\u1ee3p th\u1ee9c \u0103n xanh nghi\u1ec1n v\u00e0o h\u1ed7n h\u1ee3p TMR n\u00e2ng cao hi\u1ec7u qu\u1ea3 dinh d\u01b0\u1ee1ng.<\/li> <\/ul> <\/li> <\/ul>    <h2 class=\"wp-block-heading\"><strong>\u01afu \u0111i\u1ec3m c\u1ee7a m\u00e1y nghi\u1ec1n x\u00e9 x\u00e9 bao c\u1ecf v\u00e0 c\u1ecf<\/strong><\/h2>    <ul class=\"wp-block-list\"> <li>N\u00f3 c\u00f3 th\u1ec3 <strong>X\u1eed l\u00fd bao tr\u00f2n &amp; vu\u00f4ng, r\u01a1m, th\u00e2n c\u00e2y, v.v.<\/strong>, ph\u00f9 h\u1ee3p v\u1edbi t\u1ea5t c\u1ea3 c\u00e1c lo\u1ea1i bao, c\u00f3 kh\u1ea3 n\u0103ng th\u00edch \u1ee9ng cao, \u0111\u00e1p \u1ee9ng m\u1ecdi nhu c\u1ea7u x\u1eed l\u00fd th\u1ee9c \u0103n xanh tr\u00ean trang tr\u1ea1i ch\u1ec9 v\u1edbi m\u1ed9t m\u00e1y.<\/li>    <li>C\u00e1c m\u0169i khoan b\u00ean trong m\u00e1y l\u00e0 <strong>L\u00e0m b\u1eb1ng th\u00e9p 65Mn<\/strong>, \u0111\u1ed9 c\u1ee9ng cao v\u00e0 ch\u1ed1ng m\u00e0i m\u00f2n, mang l\u1ea1i <strong>nhanh h\u01a1n 30% so v\u1edbi c\u00e1c m\u00e1y x\u00e9 c\u1ecf truy\u1ec1n th\u1ed1ng<\/strong> so v\u1edbi c\u00e1c m\u00e1y truy\u1ec1n th\u1ed1ng.<\/li>    <li>M\u00e1y x\u00e9 x\u00e9 bao c\u1ecf c\u1ee7a ch\u00fang t\u00f4i c\u00f3 \u0111\u1eb7c \u0111i\u1ec3m <strong>c\u1eeda n\u1ea1p d\u1ea1ng th\u00f9ng<\/strong>v\u00e0 c\u1ee7a n\u00f3 <strong>b\u0103ng chuy\u1ec1n x\u00edch ch\u1ecbu t\u1ea3i n\u1eb7ng<\/strong> D\u1ec5 d\u00e0ng x\u00e9 qua c\u00e1c bao d\u00e0y \u0111\u1eb7c.<\/li>    <li>To\u00e0n b\u1ed9 thi\u1ebft b\u1ecb c\u00f3 \u0111\u1eb7c \u0111i\u1ec3m <strong>t\u1ea5m th\u00e9p d\u00e0y (5mm)<\/strong> v\u00e0 c\u00e1c m\u0169i khoan c\u00f3 th\u1ec3 thay th\u1ebf, ph\u00f9 h\u1ee3p cho s\u1eed d\u1ee5ng l\u00e2u d\u00e0i, c\u01b0\u1eddng \u0111\u1ed9 cao.<\/li>    <li>K\u00edch th\u01b0\u1edbc s\u1ea3n ph\u1ea9m cu\u1ed1i c\u00f9ng <strong>3-10cm<\/strong>, \u0111i\u1ec1u ch\u1ec9nh theo lo\u1ea1i \u0111\u1ed9ng v\u1eadt. V\u00ed d\u1ee5, 2\u20133cm (c\u1eebu), 3\u20135cm (b\u00f2), 5\u20138cm (ng\u1ef1a), v.v.<\/li>    <li>N\u00f3 <strong>\u0111\u1ea7u ra t\u1eeb 2 \u0111\u1ebfn 18 t\u1ea5n m\u1ed7i gi\u1edd<\/strong>, v\u00e0 b\u1ea1n c\u00f3 th\u1ec3 ch\u1ecdn d\u1ef1a tr\u00ean nhu c\u1ea7u c\u1ee7a m\u00ecnh.<\/li> <\/ul>    <figure class=\"wp-block-gallery has-nested-images columns-default is-cropped wp-block-gallery-2 is-layout-flex wp-block-gallery-is-layout-flex\"> <figure class=\"wp-block-image size-large\"><img loading=\"lazy\" decoding=\"async\" width=\"720\" height=\"540\" data-id=\"8578\" src=\"https:\/\/taizyagromachine.com\/wp-content\/uploads\/2025\/11\/quality-hay-bale-chopper-for-sale.webp\" alt=\"M\u00e1y c\u1eaft bao c\u1ecf ch\u1ea5t l\u01b0\u1ee3ng \u0111\u1ec3 b\u00e1n\" class=\"wp-image-8578\" srcset=\"https:\/\/taizyagromachine.com\/wp-content\/uploads\/2025\/11\/quality-hay-bale-chopper-for-sale.webp 720w, https:\/\/taizyagromachine.com\/wp-content\/uploads\/2025\/11\/quality-hay-bale-chopper-for-sale-16x12.webp 16w\" sizes=\"auto, (max-width: 720px) 100vw, 720px\" \/><figcaption class=\"wp-element-caption\">M\u00e1y c\u1eaft bao c\u1ecf ch\u1ea5t l\u01b0\u1ee3ng \u0111\u1ec3 b\u00e1n<\/figcaption><\/figure>    <figure class=\"wp-block-image size-large\"><img loading=\"lazy\" decoding=\"async\" width=\"720\" height=\"540\" data-id=\"8579\" src=\"https:\/\/taizyagromachine.com\/wp-content\/uploads\/2025\/11\/straw-bale-shredder-from-Taizy.webp\" alt=\"M\u00e1y x\u00e9 x\u00e9 bao r\u01a1m c\u1ee7a Taizy\" class=\"wp-image-8579\" srcset=\"https:\/\/taizyagromachine.com\/wp-content\/uploads\/2025\/11\/straw-bale-shredder-from-Taizy.webp 720w, https:\/\/taizyagromachine.com\/wp-content\/uploads\/2025\/11\/straw-bale-shredder-from-Taizy-16x12.webp 16w\" sizes=\"auto, (max-width: 720px) 100vw, 720px\" \/><figcaption class=\"wp-element-caption\">M\u00e1y x\u00e9 x\u00e9 bao r\u01a1m c\u1ee7a Taizy<\/figcaption><\/figure> <\/figure>    <h2 class=\"wp-block-heading\"><strong>Th\u00f4ng s\u1ed1 k\u1ef9 thu\u1eadt c\u1ee7a m\u00e1y xay x\u00e9 bao r\u01a1m tr\u00f2n<\/strong><\/h2>    <figure class=\"wp-block-table\"><table class=\"has-fixed-layout\"><tbody><tr><td>Ng\u01b0\u1eddi m\u1eabu<\/td><td>S\u1ee9c m\u1ea1nh ph\u00f9 h\u1ee3p<\/td><td>Dung t\u00edch<\/td><td>K\u00edch th\u01b0\u1edbc nghi\u1ec1n<\/td><td>C\u00e2n n\u1eb7ng<\/td><\/tr><tr><td>9FL-200<\/td><td>22KW<\/td><td>2-3t\/gi\u1edd<\/td><td>3-10cm<\/td><td>1.1T<\/td><\/tr><tr><td>9FL-240<\/td><td>37KW<\/td><td>5-8 t\/h<\/td><td>3-10cm<\/td><td>2T<\/td><\/tr><tr><td>9FL-260<\/td><td>75KW<\/td><td>6-10 t\/h<\/td><td>3-10cm<\/td><td>3T<\/td><\/tr><tr><td>9FL-300<\/td><td>90-110KW<\/td><td>8-12 t\/h<\/td><td>3-10cm<\/td><td>6T<\/td><\/tr><tr><td>9FL-350<\/td><td>55KW (song song)<\/td><td>12-18 t\/h<\/td><td>3-10cm<\/td><td>8T<\/td><\/tr><\/tbody><\/table><figcaption class=\"wp-element-caption\">Th\u00f4ng s\u1ed1 k\u1ef9 thu\u1eadt c\u1ee7a m\u00e1y nghi\u1ec1n bao c\u1ecf<\/figcaption><\/figure>    <h2 class=\"wp-block-heading\"><strong>C\u00e1c lo\u1ea1i m\u00e1y x\u00e9 x\u00e9 bao r\u01a1m kh\u00e1c nhau<\/strong><\/h2>    <p>D\u1ef1a tr\u00ean c\u00e1c c\u1ea5u h\u00ecnh kh\u00e1c nhau, c\u00f3 th\u1ec3 chia th\u00e0nh nhi\u1ec1u lo\u1ea1i:<\/p>    <ul class=\"wp-block-list\"> <li>M\u00e1y nghi\u1ec1n bao c\u1ecf r\u01a1m v\u1edbi x\u1ea3 tr\u00ean<\/li>    <li>M\u00e1y nghi\u1ec1n bao c\u1ecf v\u1edbi x\u1ea3 \u0111\u00e1y<\/li>    <li>M\u00e1y nghi\u1ec1n bao c\u1ecf c\u00f3 b\u1ed9 phun kh\u00ed xo\u00e1y<\/li>    <li>m\u00e1y x\u00e9 x\u00e9 bao c\u1ecf c\u00f3 khung k\u00e9o v\u00e0 l\u1ed1p<\/li> <\/ul>    <div class=\"wp-block-columns is-layout-flex wp-container-core-columns-is-layout-9d6595d7 wp-block-columns-is-layout-flex\"> <div class=\"wp-block-column is-layout-flow wp-block-column-is-layout-flow\"> <figure class=\"wp-block-image size-full\"><img loading=\"lazy\" decoding=\"async\" width=\"720\" height=\"540\" src=\"https:\/\/taizyagromachine.com\/wp-content\/uploads\/2025\/11\/hay-bale-crusher-with-upper-discharge.webp\" alt=\"m\u00e1y nghi\u1ec1n bao c\u1ecf v\u1edbi x\u1ea3 tr\u00ean\" class=\"wp-image-8573\" srcset=\"https:\/\/taizyagromachine.com\/wp-content\/uploads\/2025\/11\/hay-bale-crusher-with-upper-discharge.webp 720w, https:\/\/taizyagromachine.com\/wp-content\/uploads\/2025\/11\/hay-bale-crusher-with-upper-discharge-16x12.webp 16w\" sizes=\"auto, (max-width: 720px) 100vw, 720px\" \/><figcaption class=\"wp-element-caption\">m\u00e1y nghi\u1ec1n bao c\u1ecf v\u1edbi x\u1ea3 tr\u00ean<\/figcaption><\/figure> <\/div>    <div class=\"wp-block-column is-layout-flow wp-block-column-is-layout-flow\"> <figure class=\"wp-block-image size-full\"><img loading=\"lazy\" decoding=\"async\" width=\"720\" height=\"540\" src=\"https:\/\/taizyagromachine.com\/wp-content\/uploads\/2025\/11\/hay-bale-shredder-with-bottom-discharge.webp\" alt=\"m\u00e1y x\u00e9 x\u00e9 bao c\u1ecf v\u1edbi x\u1ea3 \u0111\u00e1y\" class=\"wp-image-8574\" srcset=\"https:\/\/taizyagromachine.com\/wp-content\/uploads\/2025\/11\/hay-bale-shredder-with-bottom-discharge.webp 720w, https:\/\/taizyagromachine.com\/wp-content\/uploads\/2025\/11\/hay-bale-shredder-with-bottom-discharge-16x12.webp 16w\" sizes=\"auto, (max-width: 720px) 100vw, 720px\" \/><figcaption class=\"wp-element-caption\">m\u00e1y x\u00e9 x\u00e9 bao c\u1ecf v\u1edbi x\u1ea3 \u0111\u00e1y<\/figcaption><\/figure> <\/div> <\/div>    <div class=\"wp-block-columns is-layout-flex wp-container-core-columns-is-layout-9d6595d7 wp-block-columns-is-layout-flex\"> <div class=\"wp-block-column is-layout-flow wp-block-column-is-layout-flow\"> <figure class=\"wp-block-image size-full\"><img loading=\"lazy\" decoding=\"async\" width=\"720\" height=\"540\" src=\"https:\/\/taizyagromachine.com\/wp-content\/uploads\/2025\/11\/hay-bale-grinder-with-cyclone.webp\" alt=\"m\u00e1y nghi\u1ec1n bao c\u1ecf v\u1edbi b\u1ed9 phun kh\u00ed xo\u00e1y\" class=\"wp-image-8576\" srcset=\"https:\/\/taizyagromachine.com\/wp-content\/uploads\/2025\/11\/hay-bale-grinder-with-cyclone.webp 720w, https:\/\/taizyagromachine.com\/wp-content\/uploads\/2025\/11\/hay-bale-grinder-with-cyclone-16x12.webp 16w\" sizes=\"auto, (max-width: 720px) 100vw, 720px\" \/><figcaption class=\"wp-element-caption\">m\u00e1y nghi\u1ec1n bao c\u1ecf v\u1edbi b\u1ed9 phun kh\u00ed xo\u00e1y<\/figcaption><\/figure> <\/div>    <div class=\"wp-block-column is-layout-flow wp-block-column-is-layout-flow\"> <figure class=\"wp-block-image size-full\"><img loading=\"lazy\" decoding=\"async\" width=\"720\" height=\"540\" src=\"https:\/\/taizyagromachine.com\/wp-content\/uploads\/2025\/11\/straw-bale-crusher-with-traction-and-tires.webp\" alt=\"m\u00e1y nghi\u1ec1n bao c\u1ecf c\u00f3 h\u1ec7 th\u1ed1ng k\u00e9o v\u00e0 l\u1ed1p\" class=\"wp-image-8577\" srcset=\"https:\/\/taizyagromachine.com\/wp-content\/uploads\/2025\/11\/straw-bale-crusher-with-traction-and-tires.webp 720w, https:\/\/taizyagromachine.com\/wp-content\/uploads\/2025\/11\/straw-bale-crusher-with-traction-and-tires-16x12.webp 16w\" sizes=\"auto, (max-width: 720px) 100vw, 720px\" \/><figcaption class=\"wp-element-caption\">m\u00e1y nghi\u1ec1n bao c\u1ecf c\u00f3 h\u1ec7 th\u1ed1ng k\u00e9o v\u00e0 l\u1ed1p<\/figcaption><\/figure> <\/div> <\/div>    <h2 class=\"wp-block-heading\"><strong>M\u00e1y x\u00e9 x\u00e9 bao c\u1ecf Taizy ho\u1ea1t \u0111\u1ed9ng nh\u01b0 th\u1ebf n\u00e0o?<\/strong><\/h2>    <p>M\u00e1y x\u00e9 x\u00e9 bao c\u1ecf tr\u00f2n Taizy s\u1eed d\u1ee5ng h\u1ec7 th\u1ed1ng x\u00e9 v\u00e0 x\u00e9 t\u1ec9 m\u1ec9 hi\u1ec7u qu\u1ea3 cao \u0111\u1ec3 ph\u00e1 v\u1ee1 nhanh c\u00e1c bao d\u00e0y \u0111\u1eb7c th\u00e0nh c\u00e1c ph\u1ea7n \u0111\u1ed3ng \u0111\u1ec1u \u0111\u1ec3 l\u00e0m th\u1ee9c \u0103n. Quy tr\u00ecnh t\u1ed5ng th\u1ec3 nh\u01b0 sau:<\/p>    <ol class=\"wp-block-list\"> <li>\u0110\u01b0a bao ho\u1eb7c r\u01a1m v\u00e0o c\u1eeda n\u1ea1p.<\/li>    <li>Nghi\u1ec1n v\u00e0 nh\u00e0o tr\u1ed9n bao \/ r\u01a1m b\u1eb1ng m\u0169i khoan.<\/li>    <li>X\u1ea3 c\u00e1c m\u1ea3nh nh\u1ecf ra kh\u1ecfi c\u1eeda<\/li> <\/ol>    <h2 class=\"wp-block-heading\"><strong>What&#8217;s the hay bale crusher price?<\/strong><\/h2>    <p>C\u00e1c y\u1ebfu t\u1ed1 \u1ea3nh h\u01b0\u1edfng \u0111\u1ebfn gi\u00e1 c\u1ee7a m\u00e1y x\u00e9 x\u00e9 bao c\u1ecf l\u00e0:<\/p>    <ul class=\"wp-block-list\"> <li>Dung t\u00edch k\u00edch th\u01b0\u1edbc bao c\u1ecf<\/li>    <li>Lo\u1ea1i ngu\u1ed3n \u0111i\u1ec7n (\u0111\u1ed9ng c\u01a1 \u0111i\u1ec7n \/ \u0111\u1ed9ng c\u01a1 diesel)<\/li>    <li>Y\u00eau c\u1ea7u v\u1ec1 khung k\u00e9o, b\u0103ng t\u1ea3i, m\u00e0u t\u00f9y ch\u1ec9nh, ho\u1eb7c \u0111i\u1ec7n \u00e1p<\/li>    <li>T\u00edch h\u1ee3p v\u1edbi TMR ho\u1eb7c thi\u1ebft b\u1ecb kh\u00e1c<\/li> <\/ul>    <p>Even a single difference in specifications will affect the machine&#8217;s price. For detailed pricing information, please feel free to contact us. We will provide you with a detailed quotation based on your specific requirements.<\/p>    <h2 class=\"wp-block-heading\"><strong>Kh\u00e1ch h\u00e0ng tham quan: Th\u0103m nh\u00e0 m\u00e1y m\u00e1y nghi\u1ec1n bao c\u1ecf Taizy<\/strong><\/h2>    <p>Recently, overseas clients visited the Taizy factory, focusing their tour on our hay bale shredder production line. On-site, they examined key details such as equipment structure, blade materials, and power configurations, and observed live shredding demonstrations. They expressed high satisfaction with the machine&#8217;s efficiency and the fineness of the finished product. This visit further solidified the clients&#8217; recognition of Taize&#8217;s manufacturing capabilities, laying a strong foundation for future collaboration.<\/p>    <figure class=\"wp-block-gallery has-nested-images columns-default is-cropped wp-block-gallery-3 is-layout-flex wp-block-gallery-is-layout-flex\"> <figure class=\"wp-block-image size-large\"><img loading=\"lazy\" decoding=\"async\" width=\"720\" height=\"540\" data-id=\"8582\" src=\"https:\/\/taizyagromachine.com\/wp-content\/uploads\/2025\/11\/hay-bale-tub-grinder-customer-visit.webp\" alt=\"Kh\u00e1ch h\u00e0ng th\u0103m quan m\u00e1y nghi\u1ec1n bao c\u1ecf\" class=\"wp-image-8582\" srcset=\"https:\/\/taizyagromachine.com\/wp-content\/uploads\/2025\/11\/hay-bale-tub-grinder-customer-visit.webp 720w, https:\/\/taizyagromachine.com\/wp-content\/uploads\/2025\/11\/hay-bale-tub-grinder-customer-visit-16x12.webp 16w\" sizes=\"auto, (max-width: 720px) 100vw, 720px\" \/><figcaption class=\"wp-element-caption\">Kh\u00e1ch h\u00e0ng th\u0103m quan m\u00e1y nghi\u1ec1n bao c\u1ecf<\/figcaption><\/figure>    <figure class=\"wp-block-image size-large\"><img loading=\"lazy\" decoding=\"async\" width=\"720\" height=\"540\" data-id=\"8583\" src=\"https:\/\/taizyagromachine.com\/wp-content\/uploads\/2025\/11\/straw-hay-bale-shredder-factory-visit.webp\" alt=\"Kh\u00e1ch h\u00e0ng th\u0103m nh\u00e0 m\u00e1y m\u00e1y nghi\u1ec1n r\u01a1m kh\u00f4\" class=\"wp-image-8583\" srcset=\"https:\/\/taizyagromachine.com\/wp-content\/uploads\/2025\/11\/straw-hay-bale-shredder-factory-visit.webp 720w, https:\/\/taizyagromachine.com\/wp-content\/uploads\/2025\/11\/straw-hay-bale-shredder-factory-visit-16x12.webp 16w\" sizes=\"auto, (max-width: 720px) 100vw, 720px\" \/><figcaption class=\"wp-element-caption\">Kh\u00e1ch h\u00e0ng th\u0103m nh\u00e0 m\u00e1y m\u00e1y nghi\u1ec1n r\u01a1m kh\u00f4<\/figcaption><\/figure> <\/figure>    <h2 class=\"wp-block-heading\"><strong>C\u1ea5u h\u00ecnh thi\u1ebft b\u1ecb cho m\u00e1y nghi\u1ec1n \u1ed1ng bao c\u1ecf nh\u1ecf<\/strong><\/h2>    <p>L\u00e0 nh\u00e0 s\u1ea3n xu\u1ea5t v\u00e0 cung c\u1ea5p m\u00e1y m\u00f3c n\u00f4ng nghi\u1ec7p chuy\u00ean nghi\u1ec7p, ch\u00fang t\u00f4i c\u00f3 th\u1ec3 cung c\u1ea5p c\u00e1c c\u1ea5u h\u00ecnh kh\u00e1c nhau \u0111\u1ec3 d\u1ec5 d\u00e0ng x\u1eed l\u00fd bao, nh\u01b0:<\/p>    <ul class=\"wp-block-list\"> <li>M\u00e1y x\u00e9 x\u00e9 bao c\u1ecf\u2192m\u00e1y \u0111\u00f3ng bao<\/li>    <li>M\u00e1y nghi\u1ec1n bao c\u1ecf\u2192<a href=\"https:\/\/taizyagromachine.com\/vi\/product\/silage-spreader-feed-spreader-mixer\/\">m\u00e1y r\u1ea3i th\u1ee9c \u0103n \u1ee7 chua<\/a><\/li>    <li>M\u00e1y nghi\u1ec1n bao c\u1ecf\u2192b\u1ed9 h\u00fat b\u1ee5i<\/li> <\/ul>   <div class=\"wp-block-image\"> <figure class=\"aligncenter size-full\"><img loading=\"lazy\" decoding=\"async\" width=\"720\" height=\"290\" src=\"https:\/\/taizyagromachine.com\/wp-content\/uploads\/2025\/11\/hay-bale-shredder-and-hydraulic-bagging-machine.webp\" alt=\"M\u00e1y x\u00e9 x\u00e9 bao c\u1ecf v\u00e0 m\u00e1y \u0111\u00f3ng g\u00f3i b\u1eb1ng th\u1ee7y l\u1ef1c\" class=\"wp-image-8572\" srcset=\"https:\/\/taizyagromachine.com\/wp-content\/uploads\/2025\/11\/hay-bale-shredder-and-hydraulic-bagging-machine.webp 720w, https:\/\/taizyagromachine.com\/wp-content\/uploads\/2025\/11\/hay-bale-shredder-and-hydraulic-bagging-machine-18x7.webp 18w\" sizes=\"auto, (max-width: 720px) 100vw, 720px\" \/><figcaption class=\"wp-element-caption\">M\u00e1y x\u00e9 x\u00e9 bao c\u1ecf v\u00e0 m\u00e1y \u0111\u00f3ng g\u00f3i b\u1eb1ng th\u1ee7y l\u1ef1c<\/figcaption><\/figure> <\/div>  <div class=\"wp-block-image\"> <figure class=\"aligncenter size-full\"><img loading=\"lazy\" decoding=\"async\" width=\"720\" height=\"290\" src=\"https:\/\/taizyagromachine.com\/wp-content\/uploads\/2025\/11\/straw-bale-chopper-with-dust-collector.webp\" alt=\"M\u00e1y c\u1eaft bao r\u01a1m c\u00f3 b\u1ed9 h\u00fat b\u1ee5i\" class=\"wp-image-8581\" srcset=\"https:\/\/taizyagromachine.com\/wp-content\/uploads\/2025\/11\/straw-bale-chopper-with-dust-collector.webp 720w, https:\/\/taizyagromachine.com\/wp-content\/uploads\/2025\/11\/straw-bale-chopper-with-dust-collector-18x7.webp 18w\" sizes=\"auto, (max-width: 720px) 100vw, 720px\" \/><figcaption class=\"wp-element-caption\">M\u00e1y c\u1eaft bao r\u01a1m c\u00f3 b\u1ed9 h\u00fat b\u1ee5i<\/figcaption><\/figure> <\/div>   <h2 class=\"wp-block-heading\"><strong>T\u1ea1i sao ch\u1ecdn m\u00e1y x\u00e9 x\u00e9 bao c\u1ecf c\u1ee7a ch\u00fang t\u00f4i?<\/strong><\/h2>    <ul class=\"wp-block-list\"> <li>\u2714 22 n\u0103m kinh nghi\u1ec7m trong l\u0129nh v\u1ef1c m\u00e1y m\u00f3c, xu\u1ea5t kh\u1ea9u sang h\u01a1n 80 qu\u1ed1c gia tr\u00ean th\u1ebf gi\u1edbi<\/li>    <li>\u2714 C\u00f3 th\u1ec3 t\u00f9y ch\u1ec9nh (m\u00e0u s\u1eafc, \u0111i\u1ec7n \u00e1p, ngu\u1ed3n \u0111i\u1ec7n, c\u1ea5u tr\u00fac x\u1ea3)<\/li>    <li>\u2714 Cung c\u1ea5p video th\u1eed nghi\u1ec7m ho\u1ea1t \u0111\u1ed9ng   b\u00e1o c\u00e1o ki\u1ec3m tra nh\u00e0 m\u00e1y<\/li>    <li>\u2714 Cung c\u1ea5p ph\u1ee5 t\u00f9ng thay th\u1ebf phong ph\u00fa v\u00e0 ph\u1ea3n h\u1ed3i sau b\u00e1n h\u00e0ng nhanh<\/li>    <li>\u2714 C\u00f3 th\u1ec3 k\u1ebft h\u1ee3p v\u1edbi c\u00e1c b\u1ed9 thi\u1ebft b\u1ecb silage ho\u00e0n ch\u1ec9nh (m\u00e1y \u0111\u00f3ng bao, phun ph\u00e2n, v.v.)<\/li> <\/ul>    <figure class=\"wp-block-gallery aligncenter has-nested-images columns-default is-cropped wp-block-gallery-4 is-layout-flex wp-block-gallery-is-layout-flex\"> <figure class=\"wp-block-image size-full\"><img loading=\"lazy\" decoding=\"async\" width=\"720\" height=\"540\" data-id=\"8587\" src=\"https:\/\/taizyagromachine.com\/wp-content\/uploads\/2025\/11\/round-hay-bale-crusher-manufacturer.webp\" alt=\"Nh\u00e0 s\u1ea3n xu\u1ea5t m\u00e1y nghi\u1ec1n bao c\u1ecf tr\u00f2n\" class=\"wp-image-8587\" srcset=\"https:\/\/taizyagromachine.com\/wp-content\/uploads\/2025\/11\/round-hay-bale-crusher-manufacturer.webp 720w, https:\/\/taizyagromachine.com\/wp-content\/uploads\/2025\/11\/round-hay-bale-crusher-manufacturer-16x12.webp 16w\" sizes=\"auto, (max-width: 720px) 100vw, 720px\" \/><figcaption class=\"wp-element-caption\">Nh\u00e0 s\u1ea3n xu\u1ea5t m\u00e1y nghi\u1ec1n bao c\u1ecf tr\u00f2n<\/figcaption><\/figure>    <figure class=\"wp-block-image size-full\"><img loading=\"lazy\" decoding=\"async\" width=\"720\" height=\"540\" data-id=\"8585\" src=\"https:\/\/taizyagromachine.com\/wp-content\/uploads\/2025\/11\/hay-grass-straw-bale-shredder-delivery.webp\" alt=\"Giao h\u00e0ng m\u00e1y x\u00e9 x\u00e9 bao c\u1ecf c\u1ecf, r\u01a1m\" class=\"wp-image-8585\" srcset=\"https:\/\/taizyagromachine.com\/wp-content\/uploads\/2025\/11\/hay-grass-straw-bale-shredder-delivery.webp 720w, https:\/\/taizyagromachine.com\/wp-content\/uploads\/2025\/11\/hay-grass-straw-bale-shredder-delivery-16x12.webp 16w\" sizes=\"auto, (max-width: 720px) 100vw, 720px\" \/><figcaption class=\"wp-element-caption\">Giao h\u00e0ng m\u00e1y x\u00e9 x\u00e9 bao c\u1ecf c\u1ecf, r\u01a1m<\/figcaption><\/figure> <\/figure>    <h2 class=\"wp-block-heading\"><strong>L\u00e0m th\u1ebf n\u00e0o \u0111\u1ec3 mua m\u00e1y nghi\u1ec1n bao c\u1ecf vu\u00f4ng &amp; tr\u00f2n c\u1ee7a Taizy?<\/strong><\/h2>    <p>V\u1ec1 gi\u00e1 c\u1ea3, th\u00f4ng s\u1ed1 k\u1ef9 thu\u1eadt, ph\u00ed v\u1eadn chuy\u1ec3n ho\u1eb7c video, vui l\u00f2ng li\u00ean h\u1ec7 v\u1edbi ch\u00fang t\u00f4i:<\/p>    <ul class=\"wp-block-list\"> <li>\ud83d\udce9 Email: info@taizyagromachine.com<\/li>    <li>\ud83d\udcde WhatsApp: <a href=\"https:\/\/wa.me\/+8613673689272\" target=\"_blank\" rel=\"noopener\">+86 136 7368 9272<\/a><\/li>    <li>\ud83c\udf10 Trang web: <a href=\"https:\/\/taizyagromachine.com\/vi\/\">www.taizyagromachine.com<\/a><\/li> <\/ul>    <p>Ch\u00fang t\u00f4i s\u1ebd ph\u1ea3n h\u1ed3i v\u1edbi b\u00e1o gi\u00e1 v\u00e0 \u0111\u1ec1 xu\u1ea5t k\u1ef9 thu\u1eadt trong v\u00f2ng 1 gi\u1edd.<\/p>","protected":false},"excerpt":{"rendered":"<p>M\u00e1y x\u00e9 x\u00e9 bao c\u1ecf c\u1ee7a Taizy nghi\u1ec1n v\u00e0 x\u00e9 nh\u1ecf bao c\u1ecf, r\u01a1m th\u00e0nh c\u00e1c m\u1ea3nh nh\u1ecf 3-10cm, c\u00f4ng su\u1ea5t 2-18 t\u1ea5n m\u1ed7i gi\u1edd, d\u00f9ng trong c\u00e1c trang tr\u1ea1i ch\u0103n nu\u00f4i l\u1edbn.<\/p>","protected":false},"author":1,"featured_media":8570,"parent":0,"template":"","tags":[116],"product-type":[19],"class_list":["post-8567","product","type-product","status-publish","has-post-thumbnail","hentry","tag-silage","product-type-silage-machine"],"_links":{"self":[{"href":"https:\/\/taizyagromachine.com\/vi\/wp-json\/wp\/v2\/product\/8567","targetHints":{"allow":["GET"]}}],"collection":[{"href":"https:\/\/taizyagromachine.com\/vi\/wp-json\/wp\/v2\/product"}],"about":[{"href":"https:\/\/taizyagromachine.com\/vi\/wp-json\/wp\/v2\/types\/product"}],"author":[{"embeddable":true,"href":"https:\/\/taizyagromachine.com\/vi\/wp-json\/wp\/v2\/users\/1"}],"wp:featuredmedia":[{"embeddable":true,"href":"https:\/\/taizyagromachine.com\/vi\/wp-json\/wp\/v2\/media\/8570"}],"wp:attachment":[{"href":"https:\/\/taizyagromachine.com\/vi\/wp-json\/wp\/v2\/media?parent=8567"}],"wp:term":[{"taxonomy":"post_tag","embeddable":true,"href":"https:\/\/taizyagromachine.com\/vi\/wp-json\/wp\/v2\/tags?post=8567"},{"taxonomy":"product-type","embeddable":true,"href":"https:\/\/taizyagromachine.com\/vi\/wp-json\/wp\/v2\/product-type?post=8567"}],"curies":[{"name":"wp","href":"https:\/\/api.w.org\/{rel}","templated":true}]}}