{"id":8608,"date":"2025-11-27T16:29:30","date_gmt":"2025-11-27T08:29:30","guid":{"rendered":"https:\/\/taizyagromachine.com\/?post_type=product&#038;p=8608"},"modified":"2025-11-28T16:51:55","modified_gmt":"2025-11-28T08:51:55","slug":"rice-wheat-thresher","status":"publish","type":"product","link":"https:\/\/taizyagromachine.com\/vi\/product\/rice-wheat-thresher\/","title":{"rendered":"M\u00e1y xay l\u00faa m\u00ec nh\u1ecf g\u1ecdn"},"content":{"rendered":"<p class=\"translation-block\">M\u00e1y xay l\u00faa g\u1ea1o v\u00e0 l\u00faa m\u00ec 5TD-100 n\u00e0y nhanh ch\u00f3ng v\u00e0 hi\u1ec7u qu\u1ea3 t\u00e1ch h\u1ea1t kh\u1ecfi v\u1ecf tr\u1ea5u, nh\u01b0 g\u1ea1o, l\u00faa m\u00ec, \u0111\u1eadu n\u00e0nh. N\u00f3 c\u00f3 th\u1ec3 ho\u00e0n th\u00e0nh xay, t\u00e1ch v\u00e0 s\u00e0ng l\u1ecdc trong m\u1ed9t l\u1ea7n duy nh\u1ea5t, v\u1edbi c\u00f4ng su\u1ea5t 800-1500kg\/h, gi\u00fap t\u0103ng n\u0103ng su\u1ea5t x\u1eed l\u00fd trong m\u00f9a v\u1ee5 cao.<\/p>    <p>M\u00e1y xay l\u00faa g\u1ea1o v\u00e0 l\u00faa m\u00ec Taizy c\u00f3 th\u1ec3 d\u00f9ng \u0111\u1ed9ng c\u01a1 diesel ho\u1eb7c \u0111\u1ed9ng c\u01a1 \u0111i\u1ec7n l\u00e0m ngu\u1ed3n n\u0103ng l\u01b0\u1ee3ng, v\u00e0 c\u00f3 th\u1ec3 trang b\u1ecb l\u1ed1p l\u1edbn v\u00e0 khung k\u00e9o \u0111\u1ec3 \u0111\u00e1p \u1ee9ng c\u00e1c y\u00eau c\u1ea7u kh\u00e1c nhau. N\u1ebfu quan t\u00e2m \u0111\u1ebfn m\u00e1y n\u00e0y, vui l\u00f2ng li\u00ean h\u1ec7 v\u1edbi ch\u00fang t\u00f4i b\u1ea5t c\u1ee9 l\u00fac n\u00e0o \u0111\u1ec3 bi\u1ebft th\u00eam chi ti\u1ebft!<\/p>    <figure class=\"wp-block-embed is-type-video is-provider-youtube wp-block-embed-youtube wp-embed-aspect-16-9 wp-has-aspect-ratio\"><div class=\"wp-block-embed__wrapper\"> <iframe loading=\"lazy\" title=\"M\u00e1y xay l\u00faa g\u1ea1o v\u00e0 l\u00faa hi\u1ec7u qu\u1ea3 | Th\u1eed nghi\u1ec7m xay th\u00f3c t\u1ed1c \u0111\u1ed9 cao 5TD-100\" width=\"500\" height=\"281\" src=\"https:\/\/www.youtube.com\/embed\/5-jE9pHMT_s?feature=oembed\" frameborder=\"0\" allow=\"accelerometer; autoplay; clipboard-write; encrypted-media; gyroscope; picture-in-picture; web-share\" referrerpolicy=\"strict-origin-when-cross-origin\" allowfullscreen><\/iframe> <\/div><figcaption class=\"wp-element-caption\">video v\u1ec1 m\u00e1y xay l\u00faa g\u1ea1o<\/figcaption><\/figure>    <h2 class=\"wp-block-heading\"><strong>\u01afu \u0111i\u1ec3m c\u1ee7a m\u00e1y xay l\u00faa g\u1ea1o v\u00e0 l\u00faa m\u00ec Taizy<\/strong><\/h2>    <ul class=\"wp-block-list\"> <li>N\u0103ng su\u1ea5t cao v\u00e0 hi\u1ec7u qu\u1ea3 cao cho c\u00e1c trang tr\u1ea1i gia \u0111\u00ecnh, nh\u00e0 m\u00e1y ch\u1ebf bi\u1ebfn nh\u1ecf v\u00e0 nh\u00e0 ph\u00e2n ph\u1ed1i <ul class=\"wp-block-list\"> <li>S\u1ea3n l\u01b0\u1ee3ng g\u1ea1o\/l\u00faa m\u00ec: 800\u20131500 kg\/h<\/li>    <li>S\u1ea3n l\u01b0\u1ee3ng \u0111\u1eadu n\u00e0nh: 400\u2013500 kg\/h<\/li> <\/ul> <\/li>    <li>T\u00f9y ch\u1ecdn ngu\u1ed3n \u0111i\u1ec7n k\u00e9p \u0111\u1ec3 linh ho\u1ea1t h\u01a1n, th\u00edch h\u1ee3p cho khu v\u1ef1c kh\u00f4ng c\u00f3 \u0111i\u1ec7n l\u01b0\u1edbi v\u00e0 v\u1eadn h\u00e0nh ngo\u00e0i \u0111\u1ed3ng, n\u00e2ng cao t\u00ednh th\u1ef1c ti\u1ec5n <ul class=\"wp-block-list\"> <li>\u0110\u1ed9ng c\u01a1 diesel \u226512\u201315 HP<\/li>    <li>ho\u1eb7c \u0111\u1ed9ng c\u01a1 \u0111i\u1ec7n \u22657.5 kW<\/li> <\/ul> <\/li>    <li>Xay s\u1ea1ch, kh\u00f4ng m\u1ea5t h\u1ea1t \u0111\u1ec3 c\u00e2y tr\u1ed3ng s\u1ea1ch h\u01a1n <ul class=\"wp-block-list\"> <li>T\u1ed1c \u0111\u1ed9 tr\u1ee5c ch\u00ednh ch\u00ednh: 1100 r\/min \u0111\u1ec3 xay ho\u00e0n ch\u1ec9nh h\u01a1n<\/li>    <li>Thi\u1ebft k\u1ebf qu\u1ea1t \u0111\u00f4i cung c\u1ea5p lu\u1ed3ng kh\u00ed cao v\u00e0 t\u00e1ch s\u1ea1ch h\u01a1n<\/li>    <li>M\u00e0n h\u00ecnh rung: 300 dao \u0111\u1ed9ng\/ph\u00fat, bi\u00ean \u0111\u1ed9 30mm<\/li> <\/ul> <\/li>    <li>Thi\u1ebft k\u1ebf c\u1ea5u tr\u00fac h\u1ee3p l\u00fd, d\u1ec5 di chuy\u1ec3n \u0111\u1ec3 d\u1ec5 v\u1eadn chuy\u1ec3n &amp; l\u1eafp \u0111\u1eb7t <ul class=\"wp-block-list\"> <li>Khung chassis th\u00e1o r\u1eddi \u0111\u1ec3 d\u1ec5 v\u1eadn chuy\u1ec3n<\/li>    <li>L\u1ed1p l\u1edbn v\u00e0 khung k\u00e9o d\u1ec5 di chuy\u1ec3n <\/li> <\/ul> <\/li>    <li>M\u1ed9t m\u00e1y xay \u0111a c\u00e2y tr\u1ed3ng ph\u00f9 h\u1ee3p cho nhi\u1ec1u lo\u1ea1i h\u1ea1t <ul class=\"wp-block-list\"> <li>l\u00faa g\u1ea1o<\/li>    <li>L\u00faa m\u00ec<\/li>    <li>\u0110\u1eadu n\u00e0nh<\/li>    <li>L\u00faa m\u1ea1ch<\/li>    <li>C\u00e2y c\u1ea3i d\u1ea7u, v.v.<\/li> <\/ul> <\/li>    <li>Gi\u1ea3m chi ph\u00ed lao \u0111\u1ed9ng v\u00e0 th\u1eddi gian <ul class=\"wp-block-list\"> <li>Xay c\u01a1 h\u1ecdc: 800\u20131500 kg\/h, hi\u1ec7u qu\u1ea3 t\u0103ng 10\u201315 l\u1ea7n ho\u1eb7c h\u01a1n<\/li> <\/ul> <\/li> <\/ul>    <figure class=\"wp-block-gallery has-nested-images columns-default is-cropped wp-block-gallery-2 is-layout-flex wp-block-gallery-is-layout-flex\"> <figure class=\"wp-block-image size-large\"><img loading=\"lazy\" decoding=\"async\" width=\"720\" height=\"540\" data-id=\"8622\" src=\"https:\/\/taizyagromachine.com\/wp-content\/uploads\/2025\/11\/small-rice-wheat-thresher-for-sale-from-Taizy.webp\" alt=\"M\u00e1y xay l\u00faa g\u1ea1o v\u00e0 l\u00faa m\u00ec nh\u1ecf \u0111\u1ec3 b\u00e1n t\u1eeb Taizy\" class=\"wp-image-8622\" srcset=\"https:\/\/taizyagromachine.com\/wp-content\/uploads\/2025\/11\/small-rice-wheat-thresher-for-sale-from-Taizy.webp 720w, https:\/\/taizyagromachine.com\/wp-content\/uploads\/2025\/11\/small-rice-wheat-thresher-for-sale-from-Taizy-16x12.webp 16w\" sizes=\"auto, (max-width: 720px) 100vw, 720px\" \/><figcaption class=\"wp-element-caption\">M\u00e1y xay l\u00faa g\u1ea1o v\u00e0 l\u00faa m\u00ec nh\u1ecf \u0111\u1ec3 b\u00e1n t\u1eeb Taizy<\/figcaption><\/figure>    <figure class=\"wp-block-image size-large\"><img loading=\"lazy\" decoding=\"async\" width=\"720\" height=\"540\" data-id=\"8621\" src=\"https:\/\/taizyagromachine.com\/wp-content\/uploads\/2025\/11\/affordable-paddy-rice-wheat-threshing-machinery.webp\" alt=\"M\u00e1y xay l\u00faa g\u1ea1o v\u00e0 l\u00faa m\u00ec gi\u00e1 c\u1ea3 ph\u1ea3i ch\u0103ng\" class=\"wp-image-8621\" srcset=\"https:\/\/taizyagromachine.com\/wp-content\/uploads\/2025\/11\/affordable-paddy-rice-wheat-threshing-machinery.webp 720w, https:\/\/taizyagromachine.com\/wp-content\/uploads\/2025\/11\/affordable-paddy-rice-wheat-threshing-machinery-16x12.webp 16w\" sizes=\"auto, (max-width: 720px) 100vw, 720px\" \/><figcaption class=\"wp-element-caption\">M\u00e1y xay l\u00faa g\u1ea1o v\u00e0 l\u00faa m\u00ec gi\u00e1 c\u1ea3 ph\u1ea3i ch\u0103ng<\/figcaption><\/figure> <\/figure>    <figure class=\"wp-block-gallery has-nested-images columns-default is-cropped wp-block-gallery-3 is-layout-flex wp-block-gallery-is-layout-flex\"> <figure class=\"wp-block-image size-large\"><img loading=\"lazy\" decoding=\"async\" width=\"720\" height=\"540\" data-id=\"8616\" src=\"https:\/\/taizyagromachine.com\/wp-content\/uploads\/2025\/11\/mini-rice-wheat-threshing-machine-with-diesel-engine.webp\" alt=\"m\u00e1y xay l\u00faa g\u1ea1o v\u00e0 l\u00faa m\u00ec mini ch\u1ea1y \u0111\u1ed9ng c\u01a1 diesel\" class=\"wp-image-8616\" srcset=\"https:\/\/taizyagromachine.com\/wp-content\/uploads\/2025\/11\/mini-rice-wheat-threshing-machine-with-diesel-engine.webp 720w, https:\/\/taizyagromachine.com\/wp-content\/uploads\/2025\/11\/mini-rice-wheat-threshing-machine-with-diesel-engine-16x12.webp 16w\" sizes=\"auto, (max-width: 720px) 100vw, 720px\" \/><figcaption class=\"wp-element-caption\">m\u00e1y xay l\u00faa g\u1ea1o v\u00e0 l\u00faa m\u00ec mini ch\u1ea1y \u0111\u1ed9ng c\u01a1 diesel<\/figcaption><\/figure>    <figure class=\"wp-block-image size-large\"><img loading=\"lazy\" decoding=\"async\" width=\"720\" height=\"540\" data-id=\"8617\" src=\"https:\/\/taizyagromachine.com\/wp-content\/uploads\/2025\/11\/small-thresher-for-rice-wheat.webp\" alt=\"m\u00e1y xay nh\u1ecf cho l\u00faa g\u1ea1o v\u00e0 l\u00faa m\u00ec\" class=\"wp-image-8617\" srcset=\"https:\/\/taizyagromachine.com\/wp-content\/uploads\/2025\/11\/small-thresher-for-rice-wheat.webp 720w, https:\/\/taizyagromachine.com\/wp-content\/uploads\/2025\/11\/small-thresher-for-rice-wheat-16x12.webp 16w\" sizes=\"auto, (max-width: 720px) 100vw, 720px\" \/><figcaption class=\"wp-element-caption\">m\u00e1y xay nh\u1ecf cho l\u00faa g\u1ea1o v\u00e0 l\u00faa m\u00ec<\/figcaption><\/figure> <\/figure>    <h2 class=\"wp-block-heading\"><strong>Th\u00f4ng s\u1ed1 k\u1ef9 thu\u1eadt c\u1ee7a m\u00e1y xay l\u00faa g\u1ea1o v\u00e0 l\u00faa m\u00ec<\/strong><\/h2>    <figure class=\"wp-block-table\"><table class=\"has-fixed-layout\"><tbody><tr><td>Ng\u01b0\u1eddi m\u1eabu<\/td><td>5TD-100<\/td><\/tr><tr><td>Dung t\u00edch<\/td><td>G\u1ea1o, l\u00faa m\u00ec: 800\u20131500 kg\/h<br>\u0110\u1eadu n\u00e0nh: 400\u2013500 kg\/h<\/td><\/tr><tr><td>Y\u00eau c\u1ea7u c\u00f4ng su\u1ea5t<\/td><td>\u0110\u1ed9ng c\u01a1 diesel \u226512-15 hp ho\u1eb7c \u0111\u1ed9ng c\u01a1 \u0111i\u1ec7n \u22657.5 kW<\/td><\/tr><tr><td>T\u1ed1c \u0111\u1ed9 tr\u1ee5c ch\u00ednh<\/td><td>1100 r\/min<\/td><\/tr><tr><td>T\u1ed1c \u0111\u1ed9 qu\u1ea1t<\/td><td>1100 r\/min (Qu\u1ea1t \u0111\u00f4i)<\/td><\/tr><tr><td>C\u00e2n n\u1eb7ng<\/td><td>300 kg (Kh\u00f4ng bao g\u1ed3m l\u1ed1p chassis)<\/td><\/tr><tr><td>k\u00edch th\u01b0\u1edbc t\u1ed5ng th\u1ec3<\/td><td>2300*1570*1170 mm (Kh\u00f4ng bao g\u1ed3m k\u00edch th\u01b0\u1edbc \u0111\u1ed9ng c\u01a1 diesel chassis)<\/td><\/tr><tr><td>K\u00edch th\u01b0\u1edbc \u0111\u00f3ng g\u00f3i<\/td><td>1400*850*1200 mm (Kh\u00f4ng bao g\u1ed3m k\u00edch th\u01b0\u1edbc \u0111\u1ed9ng c\u01a1 diesel chassis)<\/td><\/tr><\/tbody><\/table><figcaption class=\"wp-element-caption\">Th\u00f4ng s\u1ed1 k\u1ef9 thu\u1eadt c\u1ee7a m\u00e1y xay l\u00faa g\u1ea1o v\u00e0 l\u00faa m\u00ec<\/figcaption><\/figure>    <h2 class=\"wp-block-heading\"><strong>M\u00e1y xay \u0111a l\u00faa g\u1ea1o v\u00e0 l\u00faa m\u00ec n\u00e0y ho\u1ea1t \u0111\u1ed9ng nh\u01b0 th\u1ebf n\u00e0o?<\/strong><\/h2>    <p>M\u00e1y xay n\u00e0y cho l\u00faa v\u00e0 m\u00ec g\u1ed3m b\u1ed1n b\u01b0\u1edbc: cho \u0103n, xay, t\u00e1ch, l\u00e0m s\u1ea1ch, \u0111\u1ea1t hi\u1ec7u qu\u1ea3 xay nhanh, s\u1ea1ch v\u00e0 gi\u1ea3m v\u1ee1 h\u1ea1t. Qu\u00e1 tr\u00ecnh l\u00e0m vi\u1ec7c chi ti\u1ebft c\u1ee7a m\u00e1y nh\u01b0 sau:<\/p>    <ol class=\"wp-block-list\"> <li>V\u1eadt li\u1ec7u cho \u0103n <ul class=\"wp-block-list\"> <li>V\u1eadt li\u1ec7u c\u00e2y tr\u1ed3ng nh\u01b0 g\u1ea1o, l\u00faa m\u00ec, millet, \u0111\u1eadu n\u00e0nh \u0111\u01b0\u1ee3c \u0111\u01b0a v\u00e0o c\u1eeda n\u1ea1p. M\u00e1y t\u1ef1 \u0111\u1ed9ng chuy\u1ec3n r\u01a1m v\u00e0o bu\u1ed3ng xay.<\/li> <\/ul> <\/li>    <li>Xay tr\u1ed1ng <ul class=\"wp-block-list\"> <li>C\u00e2y tr\u1ed3ng \u0111i v\u00e0o tr\u1ed1ng xay t\u1ed1c \u0111\u1ed9 cao. Qua t\u00e1c \u0111\u1ed9ng, ma s\u00e1t v\u00e0 n\u00e9n, h\u1ea1t \u0111\u01b0\u1ee3c t\u00e1ch kh\u1ecfi th\u00e2n v\u00e0 \u0111\u1ea7u.<\/li> <\/ul> <\/li>    <li>Ph\u00e2n lo\u1ea1i t\u1ea1p ch\u1ea5t <ul class=\"wp-block-list\"> <li>Thi\u1ebft b\u1ecb t\u00e1ch s\u01a1 b\u1ed9 t\u00e1ch r\u01a1m kh\u1ecfi h\u1ea1t, trong khi c\u00e1c t\u1ea1p ch\u1ea5t l\u1edbn \u0111\u01b0\u1ee3c \u0111\u1ea9y ra b\u1eb1ng qu\u1ea1t ho\u1eb7c m\u00e0n h\u00ecnh.<\/li> <\/ul> <\/li>    <li>L\u00e0m s\u1ea1ch qu\u1ea1t <ul class=\"wp-block-list\"> <li>Hai qu\u1ea1t t\u1ed1c \u0111\u1ed9 cao th\u1ed5i bay t\u1ea1p ch\u1ea5t nh\u1eb9 (v\u1ecf tr\u1ea5u, l\u00e1, m\u1ea3nh r\u01a1m m\u1ecbn), trong khi h\u1ea1t n\u1eb7ng r\u01a1i v\u00e0o m\u00e1ng thu.<\/li> <\/ul> <\/li>    <li>S\u1ea3n ph\u1ea9m ho\u00e0n ch\u1ec9nh <ul class=\"wp-block-list\"> <li>K\u1ebft qu\u1ea3 l\u00e0 h\u1ea1t s\u1ea1ch, t\u00e1ch r\u1eddi ho\u00e0n to\u00e0n, hi\u1ec7u qu\u1ea3 xay cao v\u00e0 t\u1ef7 l\u1ec7 v\u1ee1 th\u1ea5p.<\/li> <\/ul> <\/li> <\/ol>    <figure class=\"wp-block-gallery has-nested-images columns-default is-cropped wp-block-gallery-4 is-layout-flex wp-block-gallery-is-layout-flex\"> <figure class=\"wp-block-image size-large\"><img loading=\"lazy\" decoding=\"async\" width=\"720\" height=\"540\" data-id=\"8614\" src=\"https:\/\/taizyagromachine.com\/wp-content\/uploads\/2025\/11\/screen-and-inner-structure-of-multi-crop-thresher.webp\" alt=\"M\u00e0n h\u00ecnh v\u00e0 c\u1ea5u tr\u00fac b\u00ean trong c\u1ee7a m\u00e1y xay \u0111a c\u00e2y tr\u1ed3ng\" class=\"wp-image-8614\" srcset=\"https:\/\/taizyagromachine.com\/wp-content\/uploads\/2025\/11\/screen-and-inner-structure-of-multi-crop-thresher.webp 720w, https:\/\/taizyagromachine.com\/wp-content\/uploads\/2025\/11\/screen-and-inner-structure-of-multi-crop-thresher-16x12.webp 16w\" sizes=\"auto, (max-width: 720px) 100vw, 720px\" \/><figcaption class=\"wp-element-caption\">M\u00e0n h\u00ecnh v\u00e0 c\u1ea5u tr\u00fac b\u00ean trong c\u1ee7a m\u00e1y xay \u0111a c\u00e2y tr\u1ed3ng<\/figcaption><\/figure>    <figure class=\"wp-block-image size-large\"><img loading=\"lazy\" decoding=\"async\" width=\"720\" height=\"540\" data-id=\"8613\" src=\"https:\/\/taizyagromachine.com\/wp-content\/uploads\/2025\/11\/double-fans-of-rice-wheat-thresher-machine.webp\" alt=\"qu\u1ea1t \u0111\u00f4i c\u1ee7a m\u00e1y xay l\u00faa g\u1ea1o v\u00e0 l\u00faa m\u00ec\" class=\"wp-image-8613\" srcset=\"https:\/\/taizyagromachine.com\/wp-content\/uploads\/2025\/11\/double-fans-of-rice-wheat-thresher-machine.webp 720w, https:\/\/taizyagromachine.com\/wp-content\/uploads\/2025\/11\/double-fans-of-rice-wheat-thresher-machine-16x12.webp 16w\" sizes=\"auto, (max-width: 720px) 100vw, 720px\" \/><figcaption class=\"wp-element-caption\">qu\u1ea1t \u0111\u00f4i c\u1ee7a m\u00e1y xay l\u00faa g\u1ea1o v\u00e0 l\u00faa m\u00ec<\/figcaption><\/figure> <\/figure>    <figure class=\"wp-block-gallery has-nested-images columns-default is-cropped wp-block-gallery-5 is-layout-flex wp-block-gallery-is-layout-flex\"> <figure class=\"wp-block-image size-large\"><img loading=\"lazy\" decoding=\"async\" width=\"720\" height=\"540\" data-id=\"8624\" src=\"https:\/\/taizyagromachine.com\/wp-content\/uploads\/2025\/11\/multifunctional-rice-and-wheat-thresher.webp\" alt=\"m\u00e1y xay l\u00faa g\u1ea1o v\u00e0 l\u00faa m\u00ec \u0111a ch\u1ee9c n\u0103ng\" class=\"wp-image-8624\" srcset=\"https:\/\/taizyagromachine.com\/wp-content\/uploads\/2025\/11\/multifunctional-rice-and-wheat-thresher.webp 720w, https:\/\/taizyagromachine.com\/wp-content\/uploads\/2025\/11\/multifunctional-rice-and-wheat-thresher-16x12.webp 16w\" sizes=\"auto, (max-width: 720px) 100vw, 720px\" \/><figcaption class=\"wp-element-caption\">m\u00e1y xay l\u00faa g\u1ea1o v\u00e0 l\u00faa m\u00ec \u0111a ch\u1ee9c n\u0103ng<\/figcaption><\/figure>    <figure class=\"wp-block-image size-large\"><img loading=\"lazy\" decoding=\"async\" width=\"720\" height=\"540\" data-id=\"8625\" src=\"https:\/\/taizyagromachine.com\/wp-content\/uploads\/2025\/11\/paddy-rice-and-wheat-thresher.webp\" alt=\"m\u00e1y xay l\u00faa g\u1ea1o v\u00e0 l\u00faa m\u00ec\" class=\"wp-image-8625\" srcset=\"https:\/\/taizyagromachine.com\/wp-content\/uploads\/2025\/11\/paddy-rice-and-wheat-thresher.webp 720w, https:\/\/taizyagromachine.com\/wp-content\/uploads\/2025\/11\/paddy-rice-and-wheat-thresher-16x12.webp 16w\" sizes=\"auto, (max-width: 720px) 100vw, 720px\" \/><figcaption class=\"wp-element-caption\">m\u00e1y xay l\u00faa g\u1ea1o v\u00e0 l\u00faa m\u00ec<\/figcaption><\/figure> <\/figure>    <h2 class=\"wp-block-heading\"><strong>Gi\u00e1 m\u00e1y xay l\u00faa g\u1ea1o v\u00e0 l\u00faa m\u00ec l\u00e0 bao nhi\u00eau?<\/strong><\/h2>    <p>\u0110\u00e2y l\u00e0 m\u1ed9t trong nh\u1eefng c\u00e2u h\u1ecfi ph\u1ed5 bi\u1ebfn v\u00e0 quan tr\u1ecdng nh\u1ea5t \u0111\u1ed1i v\u1edbi kh\u00e1ch h\u00e0ng. C\u00e1c y\u1ebfu t\u1ed1 \u1ea3nh h\u01b0\u1edfng \u0111\u1ebfn gi\u00e1 m\u00e1y xay \u0111a c\u00e2y tr\u1ed3ng n\u00e0y bao g\u1ed3m:<\/p>    <ul class=\"wp-block-list\"> <li>L\u1ef1a ch\u1ecdn \u0111\u1ed9ng c\u01a1: diesel ho\u1eb7c \u0111\u1ed9ng c\u01a1 \u0111i\u1ec7n<\/li>    <li>C\u00f3 c\u1ea7n chassis kh\u00f4ng<\/li>    <li>Y\u00eau c\u1ea7u \u0111\u00f3ng g\u00f3i v\u00e0 kho\u1ea3ng c\u00e1ch v\u1eadn chuy\u1ec3n<\/li>    <li>Y\u00eau c\u1ea7u ph\u1ee5 ki\u1ec7n (m\u00e0n h\u00ecnh, b\u1ed9 d\u1ee5ng c\u1ee5, v\u1ecf b\u1ea3o v\u1ec7, v.v.)<\/li> <\/ul>    <p>Th\u00f4ng th\u01b0\u1eddng, gi\u00e1 dao \u0111\u1ed9ng t\u1eeb v\u00e0i tr\u0103m \u0111\u1ebfn h\u01a1n m\u1ed9t ngh\u00ecn USD. Ch\u00fang t\u00f4i khuy\u00ean b\u1ea1n li\u00ean h\u1ec7 \u0111\u1ec3 cung c\u1ea5p chi ti\u1ebft v\u1ec1 c\u00e2y tr\u1ed3ng v\u00e0 y\u00eau c\u1ea7u c\u1ee7a b\u1ea1n \u0111\u1ec3 c\u00f3 b\u00e1o gi\u00e1 ch\u00ednh x\u00e1c.<\/p>    <h2 class=\"wp-block-heading\"><strong>L\u00e0m th\u1ebf n\u00e0o \u0111\u1ec3 ch\u1ecdn m\u00e1y xay ph\u00f9 h\u1ee3p cho l\u00faa v\u00e0 m\u00ec?<\/strong><\/h2>    <p>\u0110\u1ec3 tr\u00e1nh mua nh\u1ea7m m\u00e1y, kh\u00e1ch h\u00e0ng th\u01b0\u1eddng xem x\u00e9t c\u00e1c \u0111i\u1ec3m sau:<\/p>    <ol class=\"wp-block-list\"> <li>C\u00f3 ph\u00f9 h\u1ee3p v\u1edbi s\u1ea3n l\u01b0\u1ee3ng h\u00e0ng gi\u1edd c\u1ee7a h\u1ecd hay kh\u00f4ng<\/li>    <li>C\u00f3 ph\u00f9 h\u1ee3p v\u1edbi lo\u1ea1i c\u00e2y tr\u1ed3ng c\u1ee7a h\u1ecd hay kh\u00f4ng<\/li>    <li>Ngu\u1ed3n n\u0103ng l\u01b0\u1ee3ng c\u00f3 ph\u00f9 h\u1ee3p v\u1edbi \u0111i\u1ec1u ki\u1ec7n \u0111\u1ecba ph\u01b0\u01a1ng hay kh\u00f4ng<\/li>    <li>D\u1ec5 d\u00e0ng di chuy\u1ec3n v\u00e0 v\u1eadn h\u00e0nh hay kh\u00f4ng<\/li>    <li>D\u1ec5 d\u00e0ng c\u00f3 s\u1eb5n ph\u1ee5 t\u00f9ng thay th\u1ebf hay kh\u00f4ng<\/li> <\/ol>    <p>\u0110\u1ed9i ng\u0169 Taizy c\u1ee7a ch\u00fang t\u00f4i c\u00f3 th\u1ec3 cung c\u1ea5p c\u00e1c gi\u1ea3i ph\u00e1p chuy\u00ean nghi\u1ec7p d\u1ef1a tr\u00ean h\u00ecnh \u1ea3nh c\u00e2y tr\u1ed3ng, y\u00eau c\u1ea7u n\u0103ng su\u1ea5t v\u00e0 ng\u00e2n s\u00e1ch c\u1ee7a b\u1ea1n.<\/p>    <h2 class=\"wp-block-heading\"><strong>T\u1ea1i sao ch\u1ecdn Taizy l\u00e0m nh\u00e0 cung c\u1ea5p m\u00e1y xay l\u00faa g\u1ea1o v\u00e0 l\u00faa m\u00ec?<\/strong><\/h2>    <p>\u2714 H\u01a1n 15 n\u0103m kinh nghi\u1ec7m s\u1ea3n xu\u1ea5t m\u00e1y xay \u0111a h\u1ea1t<\/p>    <p>\u2714 Xu\u1ea5t kh\u1ea9u sang h\u01a1n 80 qu\u1ed1c gia tr\u00ean to\u00e0n th\u1ebf gi\u1edbi, \u0111\u01b0\u1ee3c tin d\u00f9ng b\u1edfi n\u00f4ng d\u00e2n v\u00e0 nh\u00e0 ph\u00e2n ph\u1ed1i<\/p>    <p>\u2714 H\u1ed7 tr\u1ee3 OEM \/ M\u00e0ng l\u01b0\u1edbi t\u00f9y ch\u1ec9nh<\/p>    <p>\u2714 Cung c\u1ea5p video l\u1eafp \u0111\u1eb7t, h\u01b0\u1edbng d\u1eabn v\u1eadn h\u00e0nh v\u00e0 d\u1ecbch v\u1ee5 h\u1eadu m\u00e3i<\/p>    <p>\u2714 Ch\u1ea5t l\u01b0\u1ee3ng \u1ed5n \u0111\u1ecbnh v\u00e0 tu\u1ed5i th\u1ecd m\u00e1y d\u00e0i<\/p>    <p>Ch\u00fang t\u00f4i cam k\u1ebft cung c\u1ea5p c\u00e1c gi\u1ea3i ph\u00e1p m\u00e1y m\u00f3c n\u00f4ng nghi\u1ec7p hi\u1ec7u qu\u1ea3 v\u00e0 \u0111\u00e1ng tin c\u1eady cho ng\u01b0\u1eddi d\u00f9ng to\u00e0n c\u1ea7u.<\/p>    <figure class=\"wp-block-gallery has-nested-images columns-default is-cropped wp-block-gallery-6 is-layout-flex wp-block-gallery-is-layout-flex\"> <figure class=\"wp-block-image size-large\"><img loading=\"lazy\" decoding=\"async\" width=\"720\" height=\"540\" data-id=\"8619\" src=\"https:\/\/taizyagromachine.com\/wp-content\/uploads\/2025\/11\/rice-wheat-thresher-for-sale-in-packing-process.webp\" alt=\"m\u00e1y xay l\u00faa g\u1ea1o v\u00e0 l\u00faa m\u00ec \u0111ang trong qu\u00e1 tr\u00ecnh \u0111\u00f3ng g\u00f3i b\u00e1n h\u00e0ng\" class=\"wp-image-8619\" srcset=\"https:\/\/taizyagromachine.com\/wp-content\/uploads\/2025\/11\/rice-wheat-thresher-for-sale-in-packing-process.webp 720w, https:\/\/taizyagromachine.com\/wp-content\/uploads\/2025\/11\/rice-wheat-thresher-for-sale-in-packing-process-16x12.webp 16w\" sizes=\"auto, (max-width: 720px) 100vw, 720px\" \/><figcaption class=\"wp-element-caption\">m\u00e1y xay l\u00faa g\u1ea1o v\u00e0 l\u00faa m\u00ec \u0111ang trong qu\u00e1 tr\u00ecnh \u0111\u00f3ng g\u00f3i b\u00e1n h\u00e0ng<\/figcaption><\/figure>    <figure class=\"wp-block-image size-large\"><img loading=\"lazy\" decoding=\"async\" width=\"720\" height=\"540\" data-id=\"8618\" src=\"https:\/\/taizyagromachine.com\/wp-content\/uploads\/2025\/11\/multi-grain-threshing-machine-in-wooden-crate.webp\" alt=\"m\u00e1y xay \u0111a h\u1ea1t trong h\u1ed9p g\u1ed7\" class=\"wp-image-8618\" srcset=\"https:\/\/taizyagromachine.com\/wp-content\/uploads\/2025\/11\/multi-grain-threshing-machine-in-wooden-crate.webp 720w, https:\/\/taizyagromachine.com\/wp-content\/uploads\/2025\/11\/multi-grain-threshing-machine-in-wooden-crate-16x12.webp 16w\" sizes=\"auto, (max-width: 720px) 100vw, 720px\" \/><figcaption class=\"wp-element-caption\">m\u00e1y xay \u0111a h\u1ea1t trong h\u1ed9p g\u1ed7<\/figcaption><\/figure> <\/figure>    <h2 class=\"wp-block-heading\"><strong>Mu\u1ed1n nh\u1eadn b\u00e1o gi\u00e1 nhanh? Li\u00ean h\u1ec7 v\u1edbi ch\u00fang t\u00f4i ngay!<\/strong><\/h2>    <p>N\u1ebfu b\u1ea1n c\u1ea7n bi\u1ebft:<\/p>    <ul class=\"wp-block-list\"> <li>Gi\u00e1 m\u1edbi nh\u1ea5t<\/li>    <li>Chi ph\u00ed v\u1eadn chuy\u1ec3n<\/li>    <li>Ngu\u1ed3n n\u0103ng l\u01b0\u1ee3ng \u0111\u1ec1 xu\u1ea5t<\/li>    <li>Whether it&#8217;s suitable for your crops<\/li>    <li>Tr\u00ecnh di\u1ec5n video<\/li> <\/ul>    <p class=\"translation-block\">Feel free to contact us anytime. We&#8217;ll provide a professional quotation as soon as possible. Besides, we have <a href=\"https:\/\/taizyagromachine.com\/vi\/product\/rice-combine-harvester\/\">combine harvester<\/a>, <a href=\"https:\/\/taizyagromachine.com\/vi\/product\/wheat-planter\/\">wheat planter machine<\/a>, etc. for sale to provide the one-stop solution!<\/p>","protected":false},"excerpt":{"rendered":"<p>M\u1ed9t m\u00e1y s\u00e0ng g\u1eb7t l\u00faa m\u00ec gi\u00fap n\u00f4ng d\u00e2n nhanh ch\u00f3ng t\u00e1ch h\u1ea1t kh\u1ecfi th\u00e2n c\u00e2y, gi\u1ea3m c\u00f4ng lao \u0111\u1ed9ng v\u00e0 c\u1ea3i thi\u1ec7n hi\u1ec7u qu\u1ea3. H\u01b0\u1edbng d\u1eabn n\u00e0y gi\u1ea3i th\u00edch \u01b0u \u0111i\u1ec3m, c\u1ea5u tr\u00fac, gi\u00e1 c\u1ea3 v\u00e0 t\u1ea1i sao Taizy l\u00e0 nh\u00e0 cung c\u1ea5p \u0111\u00e1ng tin c\u1eady cho c\u00e1c m\u00e1y th\u00e1o s\u00e0ng h\u1ea1t hi\u1ec7u su\u1ea5t cao.<\/p>","protected":false},"author":1,"featured_media":8610,"parent":0,"template":"","tags":[218,219],"product-type":[20],"class_list":["post-8608","product","type-product","status-publish","has-post-thumbnail","hentry","tag-rice","tag-wheat","product-type-rice-and-wheat-machine"],"_links":{"self":[{"href":"https:\/\/taizyagromachine.com\/vi\/wp-json\/wp\/v2\/product\/8608","targetHints":{"allow":["GET"]}}],"collection":[{"href":"https:\/\/taizyagromachine.com\/vi\/wp-json\/wp\/v2\/product"}],"about":[{"href":"https:\/\/taizyagromachine.com\/vi\/wp-json\/wp\/v2\/types\/product"}],"author":[{"embeddable":true,"href":"https:\/\/taizyagromachine.com\/vi\/wp-json\/wp\/v2\/users\/1"}],"wp:featuredmedia":[{"embeddable":true,"href":"https:\/\/taizyagromachine.com\/vi\/wp-json\/wp\/v2\/media\/8610"}],"wp:attachment":[{"href":"https:\/\/taizyagromachine.com\/vi\/wp-json\/wp\/v2\/media?parent=8608"}],"wp:term":[{"taxonomy":"post_tag","embeddable":true,"href":"https:\/\/taizyagromachine.com\/vi\/wp-json\/wp\/v2\/tags?post=8608"},{"taxonomy":"product-type","embeddable":true,"href":"https:\/\/taizyagromachine.com\/vi\/wp-json\/wp\/v2\/product-type?post=8608"}],"curies":[{"name":"wp","href":"https:\/\/api.w.org\/{rel}","templated":true}]}}