{"id":8627,"date":"2025-12-04T13:22:32","date_gmt":"2025-12-04T05:22:32","guid":{"rendered":"https:\/\/taizyagromachine.com\/?post_type=product&#038;p=8627"},"modified":"2025-12-04T16:00:49","modified_gmt":"2025-12-04T08:00:49","slug":"automatic-cocoa-pod-splitting-machine","status":"publish","type":"product","link":"https:\/\/taizyagromachine.com\/vi\/product\/automatic-cocoa-pod-splitting-machine\/","title":{"rendered":"M\u00e1y t\u00e1ch v\u1ecf ca cao t\u1ef1 \u0111\u1ed9ng"},"content":{"rendered":"<p class=\"translation-block\">Taizy <strong>m\u00e1y t\u00e1ch h\u1ea1t cacao<\/strong> l\u00e0 thi\u1ebft b\u1ecb ch\u1ebf bi\u1ebfn h\u1ea1t d\u00f9ng \u0111\u1ec3 n\u1ee9t v\u1ee1 h\u1ea1t cacao, t\u00e1ch ch\u00fang ra v\u00e0 t\u00e1ch v\u1ecf kh\u1ecfi nh\u00e2n cacao. V\u1edbi c\u1ea5u tr\u00fac \u0111\u01a1n gi\u1ea3n v\u00e0 hi\u1ec7u qu\u1ea3 cao, \u0111\u00e2y l\u00e0 m\u1ed9t trong nh\u1eefng thi\u1ebft b\u1ecb quan tr\u1ecdng nh\u1ea5t trong d\u00e2y chuy\u1ec1n ch\u1ebf bi\u1ebfn cacao s\u01a1 b\u1ed9.<\/p>    <p>N\u00f3 thay th\u1ebf ph\u01b0\u01a1ng ph\u00e1p n\u1ee9t v\u1ee1 th\u1ee7 c\u00f4ng truy\u1ec1n th\u1ed1ng, t\u0103ng n\u0103ng su\u1ea5t x\u1eed l\u00fd \u0111\u00e1ng k\u1ec3 (300-1000kg\/h) trong khi gi\u1eef nguy\u00ean v\u1eb9n h\u1ea1t ca cao. \u0110i\u1ec1u n\u00e0y t\u1ea1o n\u1ec1n t\u1ea3ng cho c\u00e1c giai \u0111o\u1ea1n ti\u1ebfp theo nh\u01b0 rang, xay, chi\u1ebft xu\u1ea5t d\u1ea7u ho\u1eb7c s\u1ea3n xu\u1ea5t s\u00f4 c\u00f4 la.<\/p>    <figure class=\"wp-block-embed is-type-video is-provider-youtube wp-block-embed-youtube wp-embed-aspect-16-9 wp-has-aspect-ratio\"><div class=\"wp-block-embed__wrapper\"> <iframe loading=\"lazy\" title=\"M\u00e1y m\u1edf v\u1ecf h\u1ea1t cacao tuy\u1ec7t v\u1eddi | M\u00e1y n\u1ee9t v\u1ee1 h\u1ea1t cacao nhanh ch\u00f3ng \u0111\u1ec3 m\u1edf v\u1ecf v\u00e0 t\u00e1ch h\u1ea1t\" width=\"500\" height=\"281\" src=\"https:\/\/www.youtube.com\/embed\/iFeTgLBExrc?feature=oembed\" frameborder=\"0\" allow=\"accelerometer; autoplay; clipboard-write; encrypted-media; gyroscope; picture-in-picture; web-share\" referrerpolicy=\"strict-origin-when-cross-origin\" allowfullscreen><\/iframe> <\/div><figcaption class=\"wp-element-caption\">video ho\u1ea1t \u0111\u1ed9ng c\u1ee7a m\u00e1y t\u00e1ch h\u1ea1t cacao<\/figcaption><\/figure>    <h2 class=\"wp-block-heading\"><strong>\u01afu \u0111i\u1ec3m c\u1ee7a m\u00e1y t\u00e1ch v\u1ecf ca cao t\u1ef1 \u0111\u1ed9ng m\u1edbi<\/strong><\/h2>    <p>M\u00e1y t\u00e1ch v\u1ecf ca cao t\u1ef1 \u0111\u1ed9ng c\u1ee7a ch\u00fang t\u00f4i c\u00f3 c\u00e1c \u01b0u \u0111i\u1ec3m thu h\u00fat kh\u00e1ch h\u00e0ng:<\/p>    <ul class=\"wp-block-list\"> <li>N\u00f3 c\u00f3 th\u1ec3 n\u1ee9t v\u1ee1 300\u20131000 kg v\u1ecf ca cao m\u1ed7i gi\u1edd, nhanh h\u01a1n th\u1ee7 c\u00f4ng 10\u201320 l\u1ea7n, hi\u1ec7u qu\u1ea3 cao.<\/li>    <li>\u00c1p d\u1ee5ng ph\u01b0\u01a1ng ph\u00e1p n\u1ee9t v\u1ee1 ho\u00e0n to\u00e0n b\u1eb1ng c\u01a1 kh\u00ed, m\u00e1y t\u00e1ch v\u1ecf h\u1ea1t ca cao n\u00e0y lo\u1ea1i b\u1ecf nhu c\u1ea7u d\u00f9ng dao r\u1ef1a c\u1ea7m tay, tr\u00e1nh ch\u1ea5n th\u01b0\u01a1ng tay.<\/li>    <li>C\u00e1c g\u00f3c c\u1ea1nh c\u1ee7a l\u01b0\u1ee1i dao \u0111\u00e3 \u0111\u01b0\u1ee3c t\u1ed1i \u01b0u h\u00f3a \u0111\u1ec3 \u0111\u1ea3m b\u1ea3o h\u1ea1t ca cao c\u00f2n nguy\u00ean v\u1eb9n 99,9%, thu\u1eadn ti\u1ec7n cho qu\u00e1 tr\u00ecnh l\u00ean men ho\u1eb7c s\u1ea5y kh\u00f4.<\/li>    <li>M\u00e1y n\u1ee9t v\u1ee1 v\u1ecf ca cao c\u00f3 th\u1ec3 \u0111i\u1ec1u ch\u1ec9nh kho\u1ea3ng c\u00e1ch n\u1ee9t theo h\u1ea1t ca cao, ph\u00f9 h\u1ee3p v\u1edbi nhi\u1ec1u lo\u1ea1i t\u1eeb ch\u00e2u Phi, \u0110\u00f4ng Nam \u00c1 v\u00e0 c\u00e1c khu v\u1ef1c kh\u00e1c.<\/li>    <li>Kh\u1edfi \u0111\u1ed9ng m\u1ed9t n\u00fat, c\u1ea5u tr\u00fac \u0111\u01a1n gi\u1ea3n, d\u1ec5 v\u1ec7 sinh. Ch\u1ec9 c\u1ea7n m\u1ed9t ng\u01b0\u1eddi v\u1eadn h\u00e0nh.<\/li>    <li>V\u1eadt li\u1ec7u c\u1ee7a m\u00e1y l\u00e0 th\u00e9p kh\u00f4ng g\u1ec9 ho\u1eb7c th\u00e9p carbon, \u0111\u1ea3m b\u1ea3o v\u1ec7 sinh an to\u00e0n th\u1ef1c ph\u1ea9m.<\/li>    <li>Ch\u00fang t\u00f4i c\u00f3 th\u1ec3 t\u00f9y ch\u1ec9nh c\u00e1c m\u00f4 h\u00ecnh kh\u00e1c nhau d\u1ef1a tr\u00ean y\u00eau c\u1ea7u th\u1ef1c t\u1ebf c\u1ee7a kh\u00e1ch h\u00e0ng v\u00e0 h\u1ed7 tr\u1ee3 t\u00f9y ch\u1ec9nh v\u1ec1 \u0111i\u1ec7n \u00e1p, v\u1eadt li\u1ec7u, c\u1ea5u tr\u00fac.<\/li> <\/ul>   <div class=\"wp-block-image\"> <figure class=\"aligncenter size-full\"><img loading=\"lazy\" decoding=\"async\" width=\"720\" height=\"540\" src=\"https:\/\/taizyagromachine.com\/wp-content\/uploads\/2025\/12\/automatic-cocoa-pods-opening-machine-for-cocoa-pod-splitting.webp\" alt=\"M\u00e1y m\u1edf v\u1ecf ca cao t\u1ef1 \u0111\u1ed9ng cho v\u1ee1 v\u1ecf ca cao\" class=\"wp-image-8629\" srcset=\"https:\/\/taizyagromachine.com\/wp-content\/uploads\/2025\/12\/automatic-cocoa-pods-opening-machine-for-cocoa-pod-splitting.webp 720w, https:\/\/taizyagromachine.com\/wp-content\/uploads\/2025\/12\/automatic-cocoa-pods-opening-machine-for-cocoa-pod-splitting-16x12.webp 16w\" sizes=\"auto, (max-width: 720px) 100vw, 720px\" \/><figcaption class=\"wp-element-caption\">M\u00e1y m\u1edf v\u1ecf ca cao t\u1ef1 \u0111\u1ed9ng cho v\u1ee1 v\u1ecf ca cao<\/figcaption><\/figure> <\/div>   <h2 class=\"wp-block-heading\"><strong>Th\u00f4ng s\u1ed1 k\u1ef9 thu\u1eadt c\u1ee7a m\u00e1y n\u1ee9t v\u1ee1 v\u1ecf ca cao<\/strong><\/h2>    <p>We have two cocoa pod crushers for sale: a large one and a small one. The main difference between them is their processing capacity. We can customize the voltage according to the customer&#8217;s usage requirements.<\/p>    <p class=\"translation-block\"><strong>Th\u00f4ng s\u1ed1 k\u1ef9 thu\u1eadt c\u1ee7a m\u00f4 h\u00ecnh l\u1edbn<\/strong>:<\/p>    <figure class=\"wp-block-table\"><table class=\"has-fixed-layout\"><tbody><tr><td>T\u00ean m\u00e1y<\/td><td>Tham s\u1ed1<\/td><\/tr><tr><td>M\u00e1y c\u1eaft v\u1ecf ca cao<\/td><td>S\u1ea3n l\u01b0\u1ee3ng: Kho\u1ea3ng 800 kg\/h<br>C\u00f4ng su\u1ea5t: 0.75 kW<br>\u0110i\u1ec7n \u00e1p: 380 V, 50 Hz<br>K\u00edch th\u01b0\u1edbc: 1.6 \u00d7 0.6 \u00d7 2 m<br>V\u1eadt li\u1ec7u: Th\u00e9p carbon<br>Tr\u1ecdng l\u01b0\u1ee3ng: 160 kg<\/td><\/tr><tr><td>M\u00e1y t\u00e1ch v\u1ecf v\u00e0 h\u1ea1t ca cao<\/td><td>C\u00f4ng su\u1ea5t: Kho\u1ea3ng 1000 kg\/h<br>C\u00f4ng su\u1ea5t: 1.1 kW<br>\u0110i\u1ec7n \u00e1p: 380 V, 50 Hz<br>K\u00edch th\u01b0\u1edbc b\u00ean ngo\u00e0i: 2.8 \u00d7 1.1 \u00d7 2.2 m<br>V\u1eadt li\u1ec7u: Th\u00e9p kh\u00f4ng g\u1ec9 (b\u1ec1 m\u1eb7t ti\u1ebfp x\u00fac th\u1ef1c ph\u1ea9m) &amp; Th\u00e9p carbon (b\u1ed9 ph\u1eadn truy\u1ec1n \u0111\u1ed9ng v\u00e0 khung)<br>Tr\u1ecdng l\u01b0\u1ee3ng: 380 kg<\/td><\/tr><\/tbody><\/table><figcaption class=\"wp-element-caption\">Th\u00f4ng s\u1ed1 k\u1ef9 thu\u1eadt c\u1ee7a m\u00e1y t\u00e1ch v\u1ecf ca cao l\u1edbn<\/figcaption><\/figure>    <p class=\"translation-block\"><strong>Th\u00f4ng s\u1ed1 k\u1ef9 thu\u1eadt c\u1ee7a m\u00f4 h\u00ecnh nh\u1ecf<\/strong>:<\/p>    <figure class=\"wp-block-table\"><table class=\"has-fixed-layout\"><tbody><tr><td>T\u00ean m\u00e1y<\/td><td>Tham s\u1ed1<\/td><\/tr><tr><td>M\u00e1y m\u1edf v\u1ecf ca cao<\/td><td>S\u1ea3n l\u01b0\u1ee3ng: Kho\u1ea3ng 300\u2013400 kg\/h<br>C\u00f4ng su\u1ea5t: 0.75 kW<br>\u0110i\u1ec7n \u00e1p: 380 V, 50 Hz<br>K\u00edch th\u01b0\u1edbc: 1.6 \u00d7 0.6 \u00d7 1.6 m<br>V\u1eadt li\u1ec7u: B\u0103ng t\u1ea3i th\u00e9p kh\u00f4ng g\u1ec9 201; khung th\u00e9p carbon v\u00e0 c\u00e1c b\u1ed9 ph\u1eadn truy\u1ec1n \u0111\u1ed9ng<br>Tr\u1ecdng l\u01b0\u1ee3ng: 150 kg<\/td><\/tr><tr><td>M\u00e1y t\u00e1ch v\u1ecf v\u00e0 h\u1ea1t ca cao<\/td><td>S\u1ea3n l\u01b0\u1ee3ng: 300\u2013400 kg\/h<br>C\u00f4ng su\u1ea5t: 1.1 kW<br>\u0110i\u1ec7n \u00e1p: 380 V, 50 Hz<br>K\u00edch th\u01b0\u1edbc: 2 \u00d7 1.3 \u00d7 1.7 m<br>V\u1eadt li\u1ec7u: Th\u00e9p kh\u00f4ng g\u1ec9 201 (b\u1ed9 ph\u1eadn ti\u1ebfp x\u00fac th\u1ef1c ph\u1ea9m (l\u1ed3ng, ph\u1ec5u)); Th\u00e9p carbon (b\u1ed9 ph\u1eadn truy\u1ec1n \u0111\u1ed9ng, khung)<br>Tr\u1ecdng l\u01b0\u1ee3ng: 180 kg<\/td><\/tr><\/tbody><\/table><figcaption class=\"wp-element-caption\">Th\u00f4ng s\u1ed1 k\u1ef9 thu\u1eadt c\u1ee7a m\u00e1y t\u00e1ch v\u1ecf ca cao nh\u1ecf<\/figcaption><\/figure>    <h2 class=\"wp-block-heading\"><strong>\u1ee8ng d\u1ee5ng c\u1ee7a m\u00e1y t\u00e1ch v\u1ecf ca cao ch\u00e2u Phi<\/strong><\/h2>    <p>M\u00e1y t\u00e1ch v\u1ecf ca cao n\u00e0y \u0111\u01b0\u1ee3c s\u1eed d\u1ee5ng r\u1ed9ng r\u00e3i trong:<\/p>    <ul class=\"wp-block-list\"> <li>Trang tr\u1ea1i ca cao<\/li>    <li>H\u1ee3p t\u00e1c x\u00e3 n\u00f4ng nghi\u1ec7p<\/li>    <li>C\u00e1c tr\u1ea1m ch\u1ebf bi\u1ebfn ca cao ch\u00ednh<\/li>    <li>Nh\u00e0 cung c\u1ea5p nguy\u00ean li\u1ec7u l\u00e0m s\u00f4 c\u00f4 la<\/li>    <li>C\u00e1c nh\u00e0 m\u00e1y ch\u1ebf bi\u1ebfn ca cao nh\u1ecf v\u00e0 v\u1eeba<\/li> <\/ul>    <p>It&#8217;s applied in the following processes:<\/p>    <p>\u2714 N\u1ee9t v\u1ee1 v\u1ecf ca cao t\u01b0\u01a1i<\/p>    <p>\u2714 Thu ho\u1ea1ch to\u00e0n b\u1ed9 h\u1ea1t ca cao \u0111\u1ec3 l\u00ean men<\/p>    <p>\u2714 N\u00e2ng cao hi\u1ec7u qu\u1ea3 ch\u1ebf bi\u1ebfn t\u1ea1i trang tr\u1ea1i<\/p>    <p>\u2714 C\u1ea3i thi\u1ec7n ch\u1ea5t l\u01b0\u1ee3ng h\u1ea1t ca cao (n\u1ee9t \u0111\u1ec1u m\u00e0 kh\u00f4ng l\u00e0m h\u1ecfng h\u1ea1t)<\/p>   <div class=\"wp-block-image\"> <figure class=\"aligncenter size-full\"><img loading=\"lazy\" decoding=\"async\" width=\"820\" height=\"450\" src=\"https:\/\/taizyagromachine.com\/wp-content\/uploads\/2025\/12\/applications-of-fresh-cocoa-pod-splitting-machine.webp\" alt=\"\u1ee9ng d\u1ee5ng c\u1ee7a m\u00e1y t\u00e1ch h\u1ea1t cacao t\u01b0\u01a1i\" class=\"wp-image-8632\" srcset=\"https:\/\/taizyagromachine.com\/wp-content\/uploads\/2025\/12\/applications-of-fresh-cocoa-pod-splitting-machine.webp 820w, https:\/\/taizyagromachine.com\/wp-content\/uploads\/2025\/12\/applications-of-fresh-cocoa-pod-splitting-machine-18x10.webp 18w\" sizes=\"auto, (max-width: 820px) 100vw, 820px\" \/><figcaption class=\"wp-element-caption\">\u1ee9ng d\u1ee5ng c\u1ee7a m\u00e1y t\u00e1ch h\u1ea1t cacao t\u01b0\u01a1i<\/figcaption><\/figure> <\/div>   <h2 class=\"wp-block-heading\"><strong>M\u00e1y t\u00e1ch v\u1ecf ca cao Taizy ho\u1ea1t \u0111\u1ed9ng nh\u01b0 th\u1ebf n\u00e0o?<\/strong><\/h2>    <p>Quy tr\u00ecnh l\u00e0m vi\u1ec7c c\u1ee7a m\u00e1y t\u00e1ch v\u1ecf ca cao c\u1ee7a ch\u00fang t\u00f4i nh\u01b0 sau:<\/p>    <ol class=\"wp-block-list\"> <li>Ph\u00e2n ph\u1ed1i th\u1ee7 c\u00f4ng: \u0110\u1eb7t v\u1ecf ca cao t\u01b0\u01a1i v\u00e0o c\u1eeda c\u1ea5p li\u1ec7u.<\/li>    <li>V\u1ecb tr\u00ed t\u1ef1 \u0111\u1ed9ng: Thi\u1ebft b\u1ecb t\u1ef1 \u0111\u1ed9ng \u0111i\u1ec1u ch\u1ec9nh v\u1ecb tr\u00ed d\u1ef1a tr\u00ean h\u00ecnh d\u1ea1ng.<\/li>    <li>B\u1ed9 ph\u1eadn c\u1eaft: L\u01b0\u1ee1i dao quay \u0111\u1ec3 c\u1eaft v\u1ecf ch\u00ednh x\u00e1c theo trung t\u00e2m.<\/li>    <li>Ph\u00e2n lo\u1ea1i v\u1ecf: V\u1ecf v\u1ecf v\u00e0 h\u1ea1t ca cao \u0111\u01b0\u1ee3c t\u1ef1 \u0111\u1ed9ng t\u00e1ch ra.<\/li>    <li>L\u1ea5y h\u1ea1t nguy\u00ean v\u1eb9n: H\u1ea1t ca cao \u0111\u01b0\u1ee3c thu h\u1ed3i nguy\u00ean v\u1eb9n m\u00e0 kh\u00f4ng b\u1ecb v\u1ee1 ho\u1eb7c bi\u1ebfn d\u1ea1ng<\/li> <\/ol>    <p>To\u00e0n b\u1ed9 qu\u00e1 tr\u00ecnh c\u1ee7a m\u00e1y ch\u1ebf bi\u1ebfn h\u1ea1t ca cao t\u01b0\u01a1i n\u00e0y ho\u00e0n to\u00e0n t\u1ef1 \u0111\u1ed9ng, gi\u1ea3m \u0111\u00e1ng k\u1ec3 y\u00eau c\u1ea7u v\u1ec1 lao \u0111\u1ed9ng v\u00e0 t\u1ed5n th\u1ea5t v\u1eadt li\u1ec7u.<\/p>    <figure class=\"wp-block-gallery has-nested-images columns-default is-cropped wp-block-gallery-2 is-layout-flex wp-block-gallery-is-layout-flex\"> <figure class=\"wp-block-image size-large\"><img loading=\"lazy\" decoding=\"async\" width=\"720\" height=\"540\" data-id=\"8633\" src=\"https:\/\/taizyagromachine.com\/wp-content\/uploads\/2025\/12\/blade-of-machine-for-cocoa-pod-opening.webp\" alt=\"L\u01b0\u1ee1i dao c\u1ee7a m\u00e1y m\u1edf v\u1ecf h\u1ea1t cacao\" class=\"wp-image-8633\" srcset=\"https:\/\/taizyagromachine.com\/wp-content\/uploads\/2025\/12\/blade-of-machine-for-cocoa-pod-opening.webp 720w, https:\/\/taizyagromachine.com\/wp-content\/uploads\/2025\/12\/blade-of-machine-for-cocoa-pod-opening-16x12.webp 16w\" sizes=\"auto, (max-width: 720px) 100vw, 720px\" \/><figcaption class=\"wp-element-caption\">L\u01b0\u1ee1i dao c\u1ee7a m\u00e1y m\u1edf v\u1ecf h\u1ea1t cacao<\/figcaption><\/figure>    <figure class=\"wp-block-image size-large\"><img loading=\"lazy\" decoding=\"async\" width=\"720\" height=\"540\" data-id=\"8634\" src=\"https:\/\/taizyagromachine.com\/wp-content\/uploads\/2025\/12\/cocoa-pod-and-kernel-separator.webp\" alt=\"m\u00e1y t\u00e1ch h\u1ea1t cacao v\u00e0 nh\u00e2n\" class=\"wp-image-8634\" srcset=\"https:\/\/taizyagromachine.com\/wp-content\/uploads\/2025\/12\/cocoa-pod-and-kernel-separator.webp 720w, https:\/\/taizyagromachine.com\/wp-content\/uploads\/2025\/12\/cocoa-pod-and-kernel-separator-16x12.webp 16w\" sizes=\"auto, (max-width: 720px) 100vw, 720px\" \/><figcaption class=\"wp-element-caption\">m\u00e1y t\u00e1ch h\u1ea1t cacao v\u00e0 nh\u00e2n<\/figcaption><\/figure> <\/figure>    <h2 class=\"wp-block-heading\"><strong>Gi\u00e1 c\u1ee7a m\u00e1y b\u00f3c v\u1ecf h\u1ea1t ca cao l\u00e0 bao nhi\u00eau?<\/strong><\/h2>    <p>Gi\u00e1 m\u00e1y n\u1ee9t v\u1ee1 h\u1ea1t ca cao t\u01b0\u01a1i c\u1ee7a Taizy b\u1ecb \u1ea3nh h\u01b0\u1edfng b\u1edfi c\u00e1c y\u1ebfu t\u1ed1 sau:<\/p>    <ul class=\"wp-block-list\"> <li>C\u00f4ng su\u1ea5t s\u1ea3n xu\u1ea5t v\u00e0 k\u00edch th\u01b0\u1edbc m\u1eabu<\/li>    <li>Y\u00eau c\u1ea7u v\u1ec1 c\u1ea5u tr\u00fac to\u00e0n b\u1ed9 b\u1eb1ng th\u00e9p kh\u00f4ng g\u1ec9<\/li>    <li>Th\u00f4ng s\u1ed1 \u0111i\u1ec7n \u00e1p t\u00f9y ch\u1ec9nh (v\u00ed d\u1ee5, 380V ph\u1ed5 bi\u1ebfn \u1edf ch\u00e2u Phi)<\/li>    <li>C\u1ea7n m\u1ed9t d\u00e2y chuy\u1ec1n ch\u1ebf bi\u1ebfn ca cao ho\u00e0n ch\u1ec9nh (l\u00e0m v\u1ecf, s\u1ea5y kh\u00f4, ph\u00e2n lo\u1ea1i kh\u00ed, v.v.)<\/li>    <li>Xu\u1ea5t kh\u1ea9u \u0111\u1ebfn c\u00e1c c\u1ea3ng xa (\u1ea3nh h\u01b0\u1edfng \u0111\u1ebfn chi ph\u00ed v\u1eadn chuy\u1ec3n)<\/li> <\/ul>    <p>M\u1ed7i y\u1ebfu t\u1ed1 kh\u00e1c nhau, d\u1eabn \u0111\u1ebfn gi\u00e1 m\u00e1y cu\u1ed1i c\u00f9ng kh\u00e1c nhau. \u0110\u1ec3 bi\u1ebft gi\u00e1 chi ti\u1ebft c\u1ee7a m\u00e1y t\u00e1ch v\u1ecf ca cao, vui l\u00f2ng li\u00ean h\u1ec7 v\u1edbi ch\u00fang t\u00f4i b\u1ea5t c\u1ee9 l\u00fac n\u00e0o!<\/p>   <div class=\"wp-block-image\"> <figure class=\"aligncenter size-full\"><img loading=\"lazy\" decoding=\"async\" width=\"720\" height=\"540\" src=\"https:\/\/taizyagromachine.com\/wp-content\/uploads\/2025\/12\/African-fresh-cocoa-pod-breaking-opening-peeling-machine.webp\" alt=\"M\u00e1y m\u1edf v\u1ecf h\u1ea1t cacao t\u01b0\u01a1i ch\u00e2u Phi\" class=\"wp-image-8630\" srcset=\"https:\/\/taizyagromachine.com\/wp-content\/uploads\/2025\/12\/African-fresh-cocoa-pod-breaking-opening-peeling-machine.webp 720w, https:\/\/taizyagromachine.com\/wp-content\/uploads\/2025\/12\/African-fresh-cocoa-pod-breaking-opening-peeling-machine-16x12.webp 16w\" sizes=\"auto, (max-width: 720px) 100vw, 720px\" \/><figcaption class=\"wp-element-caption\">M\u00e1y m\u1edf v\u1ecf h\u1ea1t cacao t\u01b0\u01a1i ch\u00e2u Phi<\/figcaption><\/figure> <\/div>   <h2 class=\"wp-block-heading\"><strong>T\u1ea1i sao ch\u1ecdn m\u00e1y t\u00e1ch v\u1ecf ca cao Taizy?<\/strong><\/h2>    <p>Taizy, l\u00e0 nh\u00e0 s\u1ea3n xu\u1ea5t m\u00e1y n\u1ee9t v\u1ee1 h\u1ea1t ca cao t\u1ed1t nh\u1ea5t, l\u00e0 nh\u00e0 cung c\u1ea5p \u0111\u00e1ng tin c\u1eady cho kh\u00e1ch h\u00e0ng to\u00e0n c\u1ea7u v\u1ec1 ch\u1ebf bi\u1ebfn h\u1ea1t ca cao, v\u00ec:<\/p>    <ul class=\"wp-block-list\"> <li>H\u01a1n 20 n\u0103m kinh nghi\u1ec7m xu\u1ea5t kh\u1ea9u thi\u1ebft b\u1ecb ch\u1ebf bi\u1ebfn ca cao<\/li>    <li>Numerous verified case studies from African clients (Ghana, C\u00f4te d&#8217;Ivoire, Nigeria, Cameroon)<\/li>    <li>D\u1ecbch v\u1ee5 ph\u1ee5 t\u00f9ng thay th\u1ebf cho l\u01b0\u1ee1i dao, m\u00e0n h\u00ecnh, v.v.<\/li>    <li>H\u1ed7 tr\u1ee3 t\u00f9y ch\u1ec9nh OEM\/ODM<\/li>    <li>H\u01b0\u1edbng d\u1eabn l\u1eafp \u0111\u1eb7t qua video v\u00e0 h\u1ed7 tr\u1ee3 k\u1ef9 thu\u1eadt t\u1eeb xa<\/li>    <li>C\u00f3 s\u1eb5n d\u00e2y chuy\u1ec1n ch\u1ebf bi\u1ebfn ca cao s\u01a1 c\u1ea5p<\/li> <\/ul>    <p>Taizy chuy\u00ean v\u1ec1 m\u00e1y m\u00f3c ch\u1ebf bi\u1ebfn n\u00f4ng nghi\u1ec7p v\u00e0 th\u1ef1c ph\u1ea9m v\u1edbi h\u1ec7 th\u1ed1ng ki\u1ec3m so\u00e1t ch\u1ea5t l\u01b0\u1ee3ng to\u00e0n di\u1ec7n. \u0110\u1ed1i v\u1edbi b\u1ea5t k\u1ef3 nhu c\u1ea7u thi\u1ebft b\u1ecb li\u00ean quan n\u00e0o, vui l\u00f2ng li\u00ean h\u1ec7 v\u1edbi ch\u00fang t\u00f4i.<\/p>    <h2 class=\"wp-block-heading\"><strong>Tr\u01b0\u1eddng h\u1ee3p th\u00e0nh c\u00f4ng: M\u00e1y n\u1ee9t v\u1ee1 h\u1ea1t ca cao \u0111\u00e3 b\u00e1n cho Philippines<\/strong><\/h2>    <p>Kh\u00e1ch h\u00e0ng Philippines l\u00e0 nh\u00e0 m\u00e1y ch\u1ebf bi\u1ebfn th\u1ef1c ph\u1ea9m v\u1eeba, y\u00eau c\u1ea7u ch\u1ebf bi\u1ebfn quy m\u00f4 l\u1edbn c\u00e1c v\u1ecf ca cao t\u01b0\u01a1i \u0111\u1ec3 l\u00ean men h\u1ea1t ca cao. C\u00e1c m\u1ed1i quan t\u00e2m ch\u00ednh bao g\u1ed3m:<\/p>    <ul class=\"wp-block-list\"> <li>Li\u1ec7u m\u00e1y t\u00e1ch v\u1ecf ca cao c\u00f3 th\u1ec3 x\u1eed l\u00fd h\u1ea1t m\u00e0 kh\u00f4ng g\u00e2y h\u01b0 h\u1ecfng kh\u00f4ng<\/li>    <li>T\u01b0\u01a1ng th\u00edch v\u1edbi \u0111i\u1ec7n \u00e1p \u0111\u1ecba ph\u01b0\u01a1ng (220V)<\/li>    <li>S\u1ea3n l\u01b0\u1ee3ng theo gi\u1edd th\u1ef1c t\u1ebf<\/li>    <li>C\u00f3 s\u1eb5n video tr\u00ecnh di\u1ec5n n\u1ee9t v\u1ee1<\/li>    <li>C\u00f3 th\u1ec3 v\u1eadn chuy\u1ec3n nhanh ch\u00f3ng kh\u00f4ng<\/li> <\/ul>    <p>Sau khi nh\u1eadn \u0111\u01b0\u1ee3c video v\u1eadn h\u00e0nh th\u1eed c\u1ee7a m\u00e1y t\u00e1ch h\u1ea1t ca cao, kh\u00e1ch h\u00e0ng x\u00e1c nh\u1eadn:<\/p>    <p>\u2714 N\u1ee9t v\u1ee1 \u0111\u1ed3ng \u0111\u1ec1u<\/p>    <p>\u2714 Nguy\u00ean v\u1eb9n h\u1ea1t cao<\/p>    <p>\u2714 \u0110\u00e1p \u1ee9ng y\u00eau c\u1ea7u v\u1ec1 s\u1ea3n l\u01b0\u1ee3ng c\u1ee7a h\u1ecd<\/p>    <p>H\u1ecd cu\u1ed1i c\u00f9ng \u0111\u00e3 mua 2 thi\u1ebft b\u1ecb lo\u1ea1i b\u1ecf v\u1ecf h\u1ea1t ca cao v\u00e0 b\u00e0y t\u1ecf \u00fd \u0111\u1ecbnh mua m\u1ed9t d\u00e2y chuy\u1ec1n ch\u1ebf bi\u1ebfn ca cao ho\u00e0n ch\u1ec9nh trong t\u01b0\u01a1ng lai.<\/p>    <figure class=\"wp-block-gallery has-nested-images columns-default is-cropped wp-block-gallery-3 is-layout-flex wp-block-gallery-is-layout-flex\"> <figure class=\"wp-block-image size-large\"><img loading=\"lazy\" decoding=\"async\" width=\"720\" height=\"540\" data-id=\"8637\" src=\"https:\/\/taizyagromachine.com\/wp-content\/uploads\/2025\/12\/industrial-cocoa-bean-shelling-machine.webp\" alt=\"M\u00e1y t\u00e1ch v\u1ecf h\u1ea1t cacao c\u00f4ng nghi\u1ec7p\" class=\"wp-image-8637\" srcset=\"https:\/\/taizyagromachine.com\/wp-content\/uploads\/2025\/12\/industrial-cocoa-bean-shelling-machine.webp 720w, https:\/\/taizyagromachine.com\/wp-content\/uploads\/2025\/12\/industrial-cocoa-bean-shelling-machine-16x12.webp 16w\" sizes=\"auto, (max-width: 720px) 100vw, 720px\" \/><figcaption class=\"wp-element-caption\">M\u00e1y t\u00e1ch v\u1ecf h\u1ea1t cacao c\u00f4ng nghi\u1ec7p<\/figcaption><\/figure>    <figure class=\"wp-block-image size-large\"><img loading=\"lazy\" decoding=\"async\" width=\"720\" height=\"540\" data-id=\"8636\" src=\"https:\/\/taizyagromachine.com\/wp-content\/uploads\/2025\/12\/cocoa-pod-splitting-machine-packing-with-wood-crate.webp\" alt=\"M\u00e1y t\u00e1ch h\u1ea1t cacao \u0111\u00f3ng g\u00f3i b\u1eb1ng th\u00f9ng g\u1ed7\" class=\"wp-image-8636\" srcset=\"https:\/\/taizyagromachine.com\/wp-content\/uploads\/2025\/12\/cocoa-pod-splitting-machine-packing-with-wood-crate.webp 720w, https:\/\/taizyagromachine.com\/wp-content\/uploads\/2025\/12\/cocoa-pod-splitting-machine-packing-with-wood-crate-16x12.webp 16w\" sizes=\"auto, (max-width: 720px) 100vw, 720px\" \/><figcaption class=\"wp-element-caption\">M\u00e1y t\u00e1ch h\u1ea1t cacao \u0111\u00f3ng g\u00f3i b\u1eb1ng th\u00f9ng g\u1ed7<\/figcaption><\/figure> <\/figure>    <h2 class=\"wp-block-heading\"><strong><strong>L\u00e0m th\u1ebf n\u00e0o \u0111\u1ec3 nh\u1eadn b\u00e1o gi\u00e1?<\/strong><\/strong><\/h2>    <p>\u0110\u1ec3 cung c\u1ea5p cho b\u1ea1n m\u00e1y t\u00e1ch v\u1ecf ca cao ph\u00f9 h\u1ee3p nh\u1ea5t, vui l\u00f2ng cho ch\u00fang t\u00f4i bi\u1ebft:<\/p>    <ul class=\"wp-block-list\"> <li>Kh\u1ed1i l\u01b0\u1ee3ng x\u1eed l\u00fd h\u1ea1t ca cao d\u1ef1 ki\u1ebfn (h\u00e0ng ng\u00e0y\/h\u00e0ng gi\u1edd)<\/li>    <li>C\u00f3 c\u1ea7n xu\u1ea5t kh\u1ea9u sang \u0111i\u1ec7n \u00e1p \u0111\u1ecba ph\u01b0\u01a1ng (v\u00ed d\u1ee5, 220V\/380V) kh\u00f4ng<\/li>    <li>C\u00f3 c\u1ea7n m\u1ed9t d\u00e2y chuy\u1ec1n s\u1ea3n xu\u1ea5t ch\u1ebf bi\u1ebfn ca cao ho\u00e0n ch\u1ec9nh kh\u00f4ng<\/li>    <li>C\u00f3 y\u00eau c\u1ea7u x\u00e2y d\u1ef1ng b\u1eb1ng th\u00e9p kh\u00f4ng g\u1ec9 kh\u00f4ng<\/li>    <li>C\u1ea3ng giao h\u00e0ng ho\u1eb7c qu\u1ed1c gia \u0111\u00edch<\/li> <\/ul>    <p>Ch\u00fang t\u00f4i s\u1ebd:<\/p>    <p>\u2713 Cung c\u1ea5p b\u00e1o gi\u00e1 trong v\u00f2ng 24 gi\u1edd<\/p>    <p>\u2713 Cung c\u1ea5p video, t\u00e0i li\u1ec7u k\u1ef9 thu\u1eadt v\u00e0 c\u00e1c nghi\u00ean c\u1ee9u \u0111i\u1ec3n h\u00ecnh v\u1ec1 v\u1eadn h\u00e0nh<\/p>    <p>\u2713 H\u1ed7 tr\u1ee3 h\u1ee3p t\u00e1c b\u00e1n bu\u00f4n v\u00e0 ph\u00e2n ph\u1ed1i<\/p>","protected":false},"excerpt":{"rendered":"<p>Taizy Cocoa Pod Splitter ho\u1ea1t \u0111\u1ed9ng hi\u1ec7u qu\u1ea3 v\u00e0 an to\u00e0n, nhanh ch\u00f3ng t\u00e1ch h\u1ea1t cacao m\u00e0 kh\u00f4ng g\u00e2y h\u01b0 h\u1ecfng. Ph\u00f9 h\u1ee3p cho qu\u00e1 tr\u00ecnh ch\u1ebf bi\u1ebfn cacao \u1edf Ch\u00e2u Phi v\u00e0 Ch\u00e2u \u00c1. C\u00f3 th\u1ec3 t\u00f9y ch\u1ec9nh, th\u00edch \u1ee9ng v\u1edbi \u0111i\u1ec7n \u00e1p, k\u00e8m theo video th\u1eed nghi\u1ec7m v\u00e0 c\u00e1c nghi\u00ean c\u1ee9u \u0111i\u1ec3n h\u00ecnh v\u1ec1 v\u1eadn chuy\u1ec3n.<\/p>","protected":false},"author":1,"featured_media":8628,"parent":0,"template":"","tags":[245],"product-type":[22],"class_list":["post-8627","product","type-product","status-publish","has-post-thumbnail","hentry","tag-cocoa-pod","product-type-others"],"_links":{"self":[{"href":"https:\/\/taizyagromachine.com\/vi\/wp-json\/wp\/v2\/product\/8627","targetHints":{"allow":["GET"]}}],"collection":[{"href":"https:\/\/taizyagromachine.com\/vi\/wp-json\/wp\/v2\/product"}],"about":[{"href":"https:\/\/taizyagromachine.com\/vi\/wp-json\/wp\/v2\/types\/product"}],"author":[{"embeddable":true,"href":"https:\/\/taizyagromachine.com\/vi\/wp-json\/wp\/v2\/users\/1"}],"wp:featuredmedia":[{"embeddable":true,"href":"https:\/\/taizyagromachine.com\/vi\/wp-json\/wp\/v2\/media\/8628"}],"wp:attachment":[{"href":"https:\/\/taizyagromachine.com\/vi\/wp-json\/wp\/v2\/media?parent=8627"}],"wp:term":[{"taxonomy":"post_tag","embeddable":true,"href":"https:\/\/taizyagromachine.com\/vi\/wp-json\/wp\/v2\/tags?post=8627"},{"taxonomy":"product-type","embeddable":true,"href":"https:\/\/taizyagromachine.com\/vi\/wp-json\/wp\/v2\/product-type?post=8627"}],"curies":[{"name":"wp","href":"https:\/\/api.w.org\/{rel}","templated":true}]}}