{"id":8928,"date":"2026-03-02T16:42:42","date_gmt":"2026-03-02T08:42:42","guid":{"rendered":"https:\/\/taizyagromachine.com\/product\/\/"},"modified":"2026-03-02T17:39:37","modified_gmt":"2026-03-02T09:39:37","slug":"cattle-farm-manure-cleaning-machine-manure-collector","status":"publish","type":"product","link":"https:\/\/taizyagromachine.com\/vi\/product\/cattle-farm-manure-cleaning-machine-manure-collector\/","title":{"rendered":"M\u00e1y l\u00e0m s\u1ea1ch ph\u00e2n gia s\u00fac"},"content":{"rendered":"<p class=\"translation-block\">M\u00e1y l\u00e0m s\u1ea1ch ph\u00e2n c\u1ee7a Taizy  \u0111\u01b0\u1ee3c thi\u1ebft k\u1ebf v\u1edbi ch\u1ee9c n\u0103ng lo\u1ea1i b\u1ecf ph\u00e2n, v\u1eadn chuy\u1ec3n v\u00e0 t\u1ef1 x\u1ea3 cho c\u00e1c ho\u1ea1t \u0111\u1ed9ng ch\u0103n nu\u00f4i quy m\u00f4 l\u1edbn, nh\u01b0 b\u00f2, s\u1eefa v\u00e0 c\u1eebu. N\u00f3 ho\u1ea1t \u0111\u1ed9ng v\u1edbi xe t\u1ea3i ba ho\u1eb7c b\u1ed1n b\u00e1nh b\u1eb1ng \u0111\u1ed9ng c\u01a1 diesel, x\u1eed l\u00fd ph\u00e2n \u0111\u1ed9ng v\u1eadt hi\u1ec7u qu\u1ea3 trong v\u00f2ng 3-5 ph\u00fat ho\u1eb7c 5-8 ph\u00fat m\u1ed7i xe, t\u00f9y thu\u1ed9c v\u00e0o \u0111\u1ed9 d\u00e0y c\u1ee7a ph\u00e2n.<\/p>    <p>Dung t\u00edch ph\u1ed5 bi\u1ebfn c\u1ee7a n\u00f3 l\u00e0 3m\u00b3, 5m\u00b3, v.v. So v\u1edbi ph\u01b0\u01a1ng ph\u00e1p l\u00e0m s\u1ea1ch th\u1ee7 c\u00f4ng truy\u1ec1n th\u1ed1ng, m\u00e1y thu ph\u00e2n trong chu\u1ed3ng tr\u1ea1i n\u00e2ng cao \u0111\u00e1ng k\u1ec3 hi\u1ec7u qu\u1ea3 l\u00e0m s\u1ea1ch, gi\u1ea3m chi ph\u00ed lao \u0111\u1ed9ng, c\u1ea3i thi\u1ec7n v\u1ec7 sinh trang tr\u1ea1i v\u00e0 gi\u1ea3m s\u1ef1 ph\u00e1t tri\u1ec3n c\u1ee7a amoniac v\u00e0 vi khu\u1ea9n. \u0110i\u1ec1u n\u00e0y d\u1eabn \u0111\u1ebfn s\u1ee9c kh\u1ecfe \u0111\u1ed9ng v\u1eadt t\u1ed1t h\u01a1n v\u00e0 qu\u1ea3n l\u00fd trang tr\u1ea1i chu\u1ea9n h\u00f3a h\u01a1n. <\/p>    <p>L\u00e0 thi\u1ebft b\u1ecb thi\u1ebft y\u1ebfu cho c\u00e1c trang tr\u1ea1i hi\u1ec7n \u0111\u1ea1i theo \u0111u\u1ed5i qu\u1ea3n l\u00fd c\u01a1 gi\u1edbi h\u00f3a v\u00e0 t\u1ef1 \u0111\u1ed9ng h\u00f3a, m\u00e1y l\u00e0m s\u1ea1ch chu\u1ed3ng b\u00f2 n\u00e0y \u0111\u00e3 tr\u1edf th\u00e0nh l\u1ef1a ch\u1ecdn ch\u00ednh \u0111\u1ec3 n\u00e2ng cao hi\u1ec7u qu\u1ea3 s\u1ea3n xu\u1ea5t v\u00e0 t\u1ed1i \u01b0u h\u00f3a chi ph\u00ed v\u1eadn h\u00e0nh.<\/p>    <figure class=\"wp-block-embed is-type-video is-provider-youtube wp-block-embed-youtube wp-embed-aspect-16-9 wp-has-aspect-ratio\"><div class=\"wp-block-embed__wrapper\"> <iframe loading=\"lazy\" title=\"Video ho\u1ea1t \u0111\u1ed9ng c\u1ee7a m\u00e1y l\u00e0m s\u1ea1ch ph\u00e2n Diesel | M\u00e1y thu ph\u00e2n t\u1ef1 \u0111\u1ed9ng cho trang tr\u1ea1i gia s\u00fac #ph\u00e2n\" width=\"500\" height=\"281\" src=\"https:\/\/www.youtube.com\/embed\/5JxMkd7zD5o?feature=oembed\" frameborder=\"0\" allow=\"accelerometer; autoplay; clipboard-write; encrypted-media; gyroscope; picture-in-picture; web-share\" referrerpolicy=\"strict-origin-when-cross-origin\" allowfullscreen><\/iframe> <\/div><figcaption class=\"wp-element-caption\">video c\u1ee7a m\u00e1y thu ph\u00e2n h\u1eefu c\u01a1<\/figcaption><\/figure>    <h2 class=\"wp-block-heading\"><strong>M\u00e1y l\u00e0m s\u1ea1ch ph\u00e2n l\u00e0 g\u00ec?<\/strong><\/h2>    <p>M\u00e1y l\u00e0m s\u1ea1ch ph\u00e2n l\u00e0 thi\u1ebft b\u1ecb t\u1ef1 \u0111\u1ed9ng \u0111\u01b0\u1ee3c thi\u1ebft k\u1ebf \u0111\u1eb7c bi\u1ec7t \u0111\u1ec3 l\u00e0m s\u1ea1ch ph\u00e2n v\u00e0 ch\u1ea5t th\u1ea3i trong c\u00e1c c\u01a1 s\u1edf ch\u0103n nu\u00f4i nh\u01b0 chu\u1ed3ng b\u00f2 v\u00e0 chu\u1ed3ng c\u1eebu. Ch\u1ee9c n\u0103ng ch\u00ednh c\u1ee7a n\u00f3 l\u00e0 lo\u1ea1i b\u1ecf ph\u00e2n \u0111\u1ed9ng v\u1eadt \u0111\u1ecbnh k\u1ef3 ho\u1eb7c li\u00ean t\u1ee5c, duy tr\u00ec s\u00e0n chu\u1ed3ng s\u1ea1ch s\u1ebd v\u00e0 kh\u00f4 r\u00e1o, \u0111\u1ed3ng th\u1eddi n\u00e2ng cao ti\u00eau chu\u1ea9n v\u1ec7 sinh chung trong m\u00f4i tr\u01b0\u1eddng ch\u0103n nu\u00f4i.<\/p>    <p>Ph\u00e2n \u0111\u01b0\u1ee3c thu gom qua tr\u1ee5c v\u00edt ph\u00eda tr\u01b0\u1edbc v\u00e0 v\u1eadn chuy\u1ec3n qua h\u1ec7 th\u1ed1ng b\u0103ng chuy\u1ec1n x\u00edch c\u00e0o v\u00e0o th\u00f9ng ch\u1ee9a \u0111\u1ec3 x\u1eed l\u00fd t\u1eadp trung. Do \u0111\u00f3, n\u00f3 c\u00f2n \u0111\u01b0\u1ee3c g\u1ecdi l\u00e0 m\u00e1y c\u00e0o ph\u00e2n t\u1ef1 \u0111\u1ed9ng ho\u1eb7c m\u00e1y lo\u1ea1i b\u1ecf ph\u00e2n trong chu\u1ed3ng.<\/p>   <div class=\"wp-block-image\"> <figure class=\"aligncenter size-full\"><img loading=\"lazy\" decoding=\"async\" width=\"720\" height=\"540\" src=\"https:\/\/taizyagromachine.com\/wp-content\/uploads\/2026\/03\/cow-manure-cleaning-machine.jpg\" alt=\"M\u00e1y l\u00e0m s\u1ea1ch ph\u00e2n b\u00f2\" class=\"wp-image-8939\" srcset=\"https:\/\/taizyagromachine.com\/wp-content\/uploads\/2026\/03\/cow-manure-cleaning-machine.jpg 720w, https:\/\/taizyagromachine.com\/wp-content\/uploads\/2026\/03\/cow-manure-cleaning-machine-16x12.jpg 16w\" sizes=\"auto, (max-width: 720px) 100vw, 720px\" \/><figcaption class=\"wp-element-caption\">M\u00e1y l\u00e0m s\u1ea1ch ph\u00e2n b\u00f2<\/figcaption><\/figure> <\/div>   <h2 class=\"wp-block-heading\"><strong>\u01afu \u0111i\u1ec3m c\u1ed1t l\u00f5i c\u1ee7a m\u00e1y l\u00e0m s\u1ea1ch ph\u00e2n b\u00f2<\/strong><\/h2>    <ul class=\"wp-block-list\"> <li>Ho\u1ea1t \u0111\u1ed9ng t\u1ef1 \u0111\u1ed9ng ho\u00e0n to\u00e0n v\u1edbi m\u1ed9t ng\u01b0\u1eddi<\/li>    <li>Lo\u1ea1i b\u1ecf ch\u1ea5t th\u1ea3i gia s\u00fac hi\u1ec7u qu\u1ea3 v\u1edbi 3-5 ph\u00fat ho\u1eb7c 5-8 ph\u00fat m\u1ed7i xe<\/li>    <li>T\u1ef7 l\u1ec7 s\u1ea1ch \u226599% \u0111\u1ec3 n\u00e2ng cao v\u1ec7 sinh chu\u1ed3ng tr\u1ea1i v\u00e0 s\u1ee9c kh\u1ecfe \u0111\u1ed9ng v\u1eadt<\/li>    <li>T\u00f9y ch\u1ecdn xe t\u1ea3i: xe t\u1ea3i 3 b\u00e1nh ho\u1eb7c 4 b\u00e1nh c\u00f3 s\u1eb5n<\/li>    <li>C\u1ea5u tr\u00fac b\u1ec1n b\u1ec9 v\u1edbi khung th\u00e9p gia c\u1ed1 v\u00e0 thi\u1ebft k\u1ebf dao c\u1eaft ch\u1ed1ng m\u00e0i m\u00f2n cho s\u1eed d\u1ee5ng l\u00e2u d\u00e0i<\/li>    <li>Ph\u00f9 h\u1ee3p cho c\u00e1c trang tr\u1ea1i s\u1eefa v\u1eeba v\u00e0 l\u1edbn<\/li> <\/ul>    <h2 class=\"wp-block-heading\"><strong>Th\u00f4ng s\u1ed1 k\u1ef9 thu\u1eadt c\u1ee7a m\u00e1y l\u00e0m s\u1ea1ch ph\u00e2n<\/strong><\/h2>    <div class=\"wp-block-columns is-layout-flex wp-container-core-columns-is-layout-9d6595d7 wp-block-columns-is-layout-flex\"> <div class=\"wp-block-column is-layout-flow wp-block-column-is-layout-flow\"><div class=\"wp-block-image\"> <figure class=\"aligncenter size-full\"><img loading=\"lazy\" decoding=\"async\" width=\"720\" height=\"540\" src=\"https:\/\/taizyagromachine.com\/wp-content\/uploads\/2026\/03\/three-wheel-paddock-manure-collector.jpg\" alt=\"m\u00e1y thu ph\u00e2n trong chu\u1ed3ng ba b\u00e1nh\" class=\"wp-image-8933\" srcset=\"https:\/\/taizyagromachine.com\/wp-content\/uploads\/2026\/03\/three-wheel-paddock-manure-collector.jpg 720w, https:\/\/taizyagromachine.com\/wp-content\/uploads\/2026\/03\/three-wheel-paddock-manure-collector-16x12.jpg 16w\" sizes=\"auto, (max-width: 720px) 100vw, 720px\" \/><figcaption class=\"wp-element-caption\">m\u00e1y thu ph\u00e2n trong chu\u1ed3ng ba b\u00e1nh<\/figcaption><\/figure> <\/div><\/div>    <div class=\"wp-block-column is-vertically-aligned-center is-layout-flow wp-block-column-is-layout-flow\"> <p class=\"has-text-align-center translation-block\"><strong>Th\u00f4ng s\u1ed1 k\u1ef9 thu\u1eadt m\u00e1y thu ph\u00e2n 3cbm<\/strong><\/p>    <ul class=\"wp-block-list\"> <li>M\u1eabu: QF-3<\/li>    <li>K\u00edch th\u01b0\u1edbc: 4500*1450*2450mm<\/li>    <li>C\u00f4ng su\u1ea5t: 25hp \u0111\u1ed9ng c\u01a1 diesel<\/li>    <li>Ch\u1ea1y b\u1ed9: Xe ba b\u00e1nh<\/li>    <li>C\u00f4ng su\u1ea5t s\u1ea3n xu\u1ea5t: 3-5 ph\u00fat m\u1ed7i xe<\/li>    <li>Th\u1ec3 t\u00edch xe \u0111\u1ea9y: 3m\u00b3<\/li>    <li>Xe ba b\u00e1nh: Futian Five Star<\/li> <\/ul> <\/div> <\/div>    <div class=\"wp-block-columns is-layout-flex wp-container-core-columns-is-layout-9d6595d7 wp-block-columns-is-layout-flex\"> <div class=\"wp-block-column is-layout-flow wp-block-column-is-layout-flow\"><div class=\"wp-block-image\"> <figure class=\"aligncenter size-full\"><img loading=\"lazy\" decoding=\"async\" width=\"720\" height=\"540\" src=\"https:\/\/taizyagromachine.com\/wp-content\/uploads\/2026\/03\/four-wheel-cattle-farm-cleaning-machine.jpg\" alt=\"m\u00e1y l\u00e0m s\u1ea1ch chu\u1ed3ng tr\u1ea1i b\u1ed1n b\u00e1nh\" class=\"wp-image-8936\" srcset=\"https:\/\/taizyagromachine.com\/wp-content\/uploads\/2026\/03\/four-wheel-cattle-farm-cleaning-machine.jpg 720w, https:\/\/taizyagromachine.com\/wp-content\/uploads\/2026\/03\/four-wheel-cattle-farm-cleaning-machine-16x12.jpg 16w\" sizes=\"auto, (max-width: 720px) 100vw, 720px\" \/><figcaption class=\"wp-element-caption\">m\u00e1y l\u00e0m s\u1ea1ch chu\u1ed3ng tr\u1ea1i b\u1ed1n b\u00e1nh<\/figcaption><\/figure> <\/div><\/div>    <div class=\"wp-block-column is-vertically-aligned-center is-layout-flow wp-block-column-is-layout-flow\"> <p class=\"has-text-align-center translation-block\"><strong>Th\u00f4ng s\u1ed1 k\u1ef9 thu\u1eadt m\u00e1y l\u00e0m ph\u00e2n chu\u1ed3ng 5cbm<\/strong><\/p>    <ul class=\"wp-block-list\"> <li>M\u1eabu: QF-5<\/li>    <li>Th\u1ec3 t\u00edch xe \u0111\u1ea9y: 5m\u00b3<\/li>    <li>K\u00edch th\u01b0\u1edbc: 5200*2200*2600mm<\/li>    <li>Chi\u1ec1u r\u1ed9ng l\u00e0m s\u1ea1ch ph\u00e2n: 2000mm<\/li>    <li>C\u00f4ng su\u1ea5t s\u1ea3n xu\u1ea5t: 5-8 ph\u00fat m\u1ed7i xe ((t\u00f9y thu\u1ed9c v\u00e0o \u0111\u1ed9 d\u00e0y c\u1ee7a l\u1edbp ph\u00e2n))<\/li>    <li>Tr\u1ecdng l\u01b0\u1ee3ng: 3500kg<\/li>    <li>T\u1ed1c \u0111\u1ed9 l\u00e1i: \u226430km\/h<\/li>    <li>S\u1ed1 l\u01b0\u1ee3ng l\u1ed1p xe: 4 chi\u1ebfc<\/li>    <li>H\u1ec7 th\u1ed1ng thu gom ph\u00e2n: Thu gom b\u1eb1ng m\u00e1y khu\u1ea5y ph\u00eda tr\u01b0\u1edbc, b\u0103ng chuy\u1ec1n x\u00edch c\u00e0o<\/li>    <li>Ph\u01b0\u01a1ng ph\u00e1p x\u1ea3 ph\u00e2n sau xe \u0111\u1ea9y: Xe n\u00e2ng h\u1ea1 th\u1ee7y l\u1ef1c<\/li> <\/ul> <\/div> <\/div>    <h2 class=\"wp-block-heading\"><strong>M\u00e1y c\u00e0o ph\u00e2n s\u1eefa ho\u1ea1t \u0111\u1ed9ng nh\u01b0 th\u1ebf n\u00e0o?<\/strong><\/h2>    <p>M\u00e1y l\u00e0m s\u1ea1ch ph\u00e2n t\u1ef1 \u0111\u1ed9ng ch\u1ee7 y\u1ebfu ho\u1ea1t \u0111\u1ed9ng qua h\u1ec7 th\u1ed1ng thu gom tr\u1ee5c v\u00edt, b\u0103ng chuy\u1ec1n x\u00edch c\u00e0o, thu gom b\u1eb1ng xe v\u00e0 x\u1ea3 th\u1ee7y l\u1ef1c. Quy tr\u00ecnh ch\u00ednh nh\u01b0 sau:<\/p>    <ol class=\"wp-block-list\"> <li>M\u1ed9t ng\u01b0\u1eddi b\u1eaft \u0111\u1ea7u m\u00e1y thu ph\u00e2n cho trang tr\u1ea1i s\u1eefa.<\/li>    <li>Khi ng\u01b0\u1eddi l\u00e1i xe ti\u1ebfn v\u1ec1 ph\u00eda tr\u01b0\u1edbc, tr\u1ee5c v\u00edt ph\u00eda tr\u01b0\u1edbc thu th\u1eadp ch\u1ea5t th\u1ea3i.<\/li>    <li>Sau \u0111\u00f3, ch\u1ea5t th\u1ea3i thu th\u1eadp \u0111\u01b0\u1ee3c \u0111\u01b0\u1ee3c v\u1eadn chuy\u1ec3n \u0111\u1ebfn xe \u0111\u1ea9y qua h\u1ec7 th\u1ed1ng b\u0103ng chuy\u1ec1n x\u00edch c\u00e0o.<\/li>    <li>C\u1ea7n tr\u1ee5c v\u00e0 dao c\u1eaft x\u00edch ho\u1ea1t \u0111\u1ed9ng li\u00ean t\u1ee5c khi m\u00e1y di chuy\u1ec3n v\u1ec1 ph\u00eda tr\u01b0\u1edbc, thu th\u1eadp ph\u00e2n \u0111\u1ed9ng v\u1eadt v\u00e0o xe cho \u0111\u1ebfn khi \u0111\u1ea7y<\/li>    <li>Cu\u1ed1i c\u00f9ng, c\u01a1 ch\u1ebf n\u00e2ng h\u1ea1 th\u1ee7y l\u1ef1c t\u1ef1 \u0111\u1ed9ng x\u1ea3 n\u1ed9i dung, ho\u00e0n th\u00e0nh chu tr\u00ecnh l\u00e0m s\u1ea1ch ph\u00e2n. Sau \u0111\u00f3, m\u00e1y ti\u1ebfn t\u1edbi v\u00f2ng ho\u1ea1t \u0111\u1ed9ng ti\u1ebfp theo.<\/li> <\/ol>    <figure class=\"wp-block-gallery has-nested-images columns-default is-cropped wp-block-gallery-2 is-layout-flex wp-block-gallery-is-layout-flex\"> <figure class=\"wp-block-image size-large\"><img loading=\"lazy\" decoding=\"async\" width=\"720\" height=\"540\" data-id=\"8941\" src=\"https:\/\/taizyagromachine.com\/wp-content\/uploads\/2026\/03\/efficient-barn-cleaning-equipment-for-manure-removal.jpg\" alt=\"Thi\u1ebft b\u1ecb l\u00e0m s\u1ea1ch chu\u1ed3ng hi\u1ec7u qu\u1ea3 \u0111\u1ec3 lo\u1ea1i b\u1ecf ph\u00e2n\" class=\"wp-image-8941\" srcset=\"https:\/\/taizyagromachine.com\/wp-content\/uploads\/2026\/03\/efficient-barn-cleaning-equipment-for-manure-removal.jpg 720w, https:\/\/taizyagromachine.com\/wp-content\/uploads\/2026\/03\/efficient-barn-cleaning-equipment-for-manure-removal-16x12.jpg 16w\" sizes=\"auto, (max-width: 720px) 100vw, 720px\" \/><figcaption class=\"wp-element-caption\">Thi\u1ebft b\u1ecb l\u00e0m s\u1ea1ch chu\u1ed3ng hi\u1ec7u qu\u1ea3 \u0111\u1ec3 lo\u1ea1i b\u1ecf ph\u00e2n<\/figcaption><\/figure>    <figure class=\"wp-block-image size-large\"><img loading=\"lazy\" decoding=\"async\" width=\"720\" height=\"540\" data-id=\"8942\" src=\"https:\/\/taizyagromachine.com\/wp-content\/uploads\/2026\/03\/Hydraulic-tipper-truck.jpg\" alt=\"Xe t\u1ea3i ben th\u1ee7y l\u1ef1c\" class=\"wp-image-8942\" srcset=\"https:\/\/taizyagromachine.com\/wp-content\/uploads\/2026\/03\/Hydraulic-tipper-truck.jpg 720w, https:\/\/taizyagromachine.com\/wp-content\/uploads\/2026\/03\/Hydraulic-tipper-truck-16x12.jpg 16w\" sizes=\"auto, (max-width: 720px) 100vw, 720px\" \/><figcaption class=\"wp-element-caption\">Xe t\u1ea3i ben th\u1ee7y l\u1ef1c<\/figcaption><\/figure> <\/figure>    <h2 class=\"wp-block-heading\"><strong>C\u00e1c t\u00ecnh hu\u1ed1ng \u1ee9ng d\u1ee5ng c\u1ee7a m\u00e1y thu ph\u00e2n Taizy<\/strong><\/h2>    <p>V\u1edbi s\u1ef1 ph\u00e1t tri\u1ec3n c\u1ee7a n\u00f4ng nghi\u1ec7p quy m\u00f4 l\u1edbn, thi\u1ebft b\u1ecb lo\u1ea1i b\u1ecf ph\u00e2n t\u1ef1 \u0111\u1ed9ng \u0111\u00e3 \u0111\u01b0\u1ee3c \u00e1p d\u1ee5ng r\u1ed9ng r\u00e3i trong nhi\u1ec1u m\u00f4i tr\u01b0\u1eddng ch\u0103n nu\u00f4i kh\u00e1c nhau. L\u00e0 m\u00e1y lo\u1ea1i b\u1ecf ph\u00e2n hi\u1ec7u qu\u1ea3, n\u00f3 \u0111\u00f3ng vai tr\u00f2 quan tr\u1ecdng trong nhi\u1ec1u k\u1ecbch b\u1ea3n n\u00f4ng nghi\u1ec7p. <\/p>    <ul class=\"wp-block-list\"> <li>C\u00e1c trang tr\u1ea1i s\u1eefa<\/li>    <li>Nh\u00e0 b\u00f2<\/li>    <li>C\u00e1c trang tr\u1ea1i ch\u0103n nu\u00f4i<\/li>    <li>C\u00e1c c\u01a1 s\u1edf ch\u0103n nu\u00f4i hi\u1ec7n \u0111\u1ea1i<\/li> <\/ul>    <h2 class=\"wp-block-heading\"><strong>Gi\u00e1 m\u00e1y l\u00e0m s\u1ea1ch ph\u00e2n b\u00f2 Taizy l\u00e0 bao nhi\u00eau?<\/strong><\/h2>    <p>Khi ch\u1ecdn thi\u1ebft b\u1ecb l\u00e0m s\u1ea1ch ph\u00e2n, kh\u00e1ch h\u00e0ng th\u01b0\u1eddng t\u1eadp trung v\u00e0o c\u00e1c c\u00e2u h\u1ecfi c\u1ed1t l\u00f5i: gi\u00e1 c\u1ea3 v\u00e0 t\u00f9y ch\u1ec9nh.<\/p>    <p class=\"translation-block\"><strong>Gi\u00e1 m\u00e1y thu ph\u00e2n c\u1ee7a Taizy l\u00e0 bao nhi\u00eau?<\/strong><\/p>    <p>C\u00e1c y\u1ebfu t\u1ed1 ch\u00ednh \u1ea3nh h\u01b0\u1edfng \u0111\u1ebfn gi\u00e1 m\u00e1y l\u00e0m s\u1ea1ch ph\u00e2n g\u1ed3m:<\/p>    <ul class=\"wp-block-list\"> <li>Th\u1ec3 t\u00edch xe \u0111\u1ea9y m\u00e1y<\/li>    <li>S\u1ed1 l\u01b0\u1ee3ng l\u1ed1p xe c\u1ee7a ph\u01b0\u01a1ng ti\u1ec7n<\/li>    <li>C\u1ea5u h\u00ecnh m\u00e1y b\u01a1m diesel<\/li>    <li>Cung c\u1ea5p ph\u1ee5 t\u00f9ng<\/li>    <li>Kho\u1ea3ng c\u00e1ch v\u1eadn chuy\u1ec3n<\/li> <\/ul>    <p>Th\u00f4ng th\u01b0\u1eddng, c\u00e1c c\u1ea5u h\u00ecnh cao h\u01a1n v\u00e0 c\u00e1c l\u1ed1i \u0111i d\u00e0i h\u01a1n l\u00e0m t\u0103ng t\u1ed5ng chi ph\u00ed thi\u1ebft b\u1ecb l\u00e0m s\u1ea1ch trang tr\u1ea1i s\u1eefa. Do \u0111\u00f3, vi\u1ec7c l\u1ef1a ch\u1ecdn gi\u1ea3i ph\u00e1p d\u1ef1a tr\u00ean nhu c\u1ea7u th\u1ef1c t\u1ebf \u0111\u01b0\u1ee3c khuy\u1ebfn ngh\u1ecb h\u01a1n l\u00e0 ch\u1ec9 theo \u0111u\u1ed5i gi\u00e1 r\u1ebb<\/p>   <div class=\"wp-block-image\"> <figure class=\"aligncenter size-full\"><img loading=\"lazy\" decoding=\"async\" width=\"720\" height=\"540\" src=\"https:\/\/taizyagromachine.com\/wp-content\/uploads\/2026\/03\/cattle-farm-manure-cleaning-equipment.jpg\" alt=\"Thi\u1ebft b\u1ecb l\u00e0m s\u1ea1ch ph\u00e2n gia s\u00fac\" class=\"wp-image-8943\" srcset=\"https:\/\/taizyagromachine.com\/wp-content\/uploads\/2026\/03\/cattle-farm-manure-cleaning-equipment.jpg 720w, https:\/\/taizyagromachine.com\/wp-content\/uploads\/2026\/03\/cattle-farm-manure-cleaning-equipment-16x12.jpg 16w\" sizes=\"auto, (max-width: 720px) 100vw, 720px\" \/><figcaption class=\"wp-element-caption\">Thi\u1ebft b\u1ecb l\u00e0m s\u1ea1ch ph\u00e2n gia s\u00fac<\/figcaption><\/figure> <\/div>   <h2 class=\"wp-block-heading\"><strong>T\u1ea1i sao ch\u1ecdn m\u00e1y c\u00e0o ph\u00e2n t\u1ef1 \u0111\u1ed9ng c\u1ee7a ch\u00fang t\u00f4i?<\/strong><\/h2>    <p>C\u00e1c gi\u1ea3i ph\u00e1p lo\u1ea1i b\u1ecf ph\u00e2n c\u1ee7a ch\u00fang t\u00f4i d\u00e0nh ri\u00eang cho c\u00e1c trang tr\u1ea1i hi\u1ec7n \u0111\u1ea1i, c\u00e2n b\u1eb1ng gi\u1eefa hi\u1ec7u qu\u1ea3, chi ph\u00ed v\u00e0 ho\u1ea1t \u0111\u1ed9ng \u1ed5n \u0111\u1ecbnh l\u00e2u d\u00e0i. Ch\u00fang l\u00e0 thi\u1ebft b\u1ecb x\u1eed l\u00fd ch\u1ea5t th\u1ea3i ch\u0103n nu\u00f4i hi\u1ec7n \u0111\u1ea1i \u0111\u00e1ng tin c\u1eady.<\/p>    <p>\u2714 Gi\u1ea3i ph\u00e1p qu\u1ea3n l\u00fd ph\u00e2n hi\u1ec7u qu\u1ea3 v\u1ec1 chi ph\u00ed<\/p>    <p>\u2714 Gi\u1ea3m lao \u0111\u1ed9ng t\u1edbi 40-60%<\/p>    <p>\u2714 N\u00e2ng cao hi\u1ec7u qu\u1ea3 trang tr\u1ea1i<\/p>    <p>\u2714 Thi\u1ebft b\u1ecb x\u1eed l\u00fd ch\u1ea5t th\u1ea3i ch\u0103n nu\u00f4i hi\u1ec7n \u0111\u1ea1i<\/p>    <h2 class=\"wp-block-heading\"><strong>C\u00e1c c\u00e2u h\u1ecfi th\u01b0\u1eddng g\u1eb7p (FAQ) v\u1ec1 m\u00e1y l\u00e0m s\u1ea1ch ph\u00e2n c\u1ee7a Taizy<\/strong><\/h2>   <div id=\"rank-math-faq\" class=\"rank-math-block\"> <div class=\"rank-math-list\"> <div id=\"faq-question-1772440719924\" class=\"rank-math-list-item\"> <h3 class=\"rank-math-question\">S\u1ef1 kh\u00e1c bi\u1ec7t gi\u1eefa m\u00e1y ph\u00e2n ph\u1ed1i ph\u00e2n v\u00e0 m\u00e1y l\u00e0m s\u1ea1ch ph\u00e2n l\u00e0 g\u00ec?<\/h3> <div class=\"rank-math-answer\">  <p class=\"translation-block\">The two serve entirely different functions:<br \/><strong><a href=\"https:\/\/taizyagromachine.com\/vi\/product\/manure-and-fertilizer-spreader-truck\/\">Manure spreader<\/a><\/strong>: Primarily used to evenly distribute fermented manure across farmland for fertilization purposes.<br \/><strong>Manure cleaning machine<\/strong>: Employed inside cattle or sheep barns to collect and remove fecal waste from the floor.<\/p>  <\/div> <\/div> <div id=\"faq-question-1772440837790\" class=\"rank-math-list-item\"> <h3 class=\"rank-math-question\">M\u00e1y c\u00e0o ph\u00e2n t\u1ef1 \u0111\u1ed9ng c\u00f3 ph\u00f9 h\u1ee3p cho c\u00e1c trang tr\u1ea1i nh\u1ecf kh\u00f4ng?<\/h3> <div class=\"rank-math-answer\">  <p>V\u00e2ng, n\u00f3 c\u0169ng ph\u00f9 h\u1ee3p v\u1edbi c\u00e1c trang tr\u1ea1i quy m\u00f4 trung b\u00ecnh v\u00e0 l\u1edbn.<\/p>  <\/div> <\/div> <div id=\"faq-question-1772440877524\" class=\"rank-math-list-item\"> <h3 class=\"rank-math-question\">T\u1ea7n su\u1ea5t ho\u1ea1t \u0111\u1ed9ng c\u1ee7a m\u00e1y lo\u1ea1i b\u1ecf ph\u00e2n trong chu\u1ed3ng n\u00ean l\u00e0 bao l\u00e2u?<\/h3> <div class=\"rank-math-answer\">  <p>T\u1ea7n su\u1ea5t ho\u1ea1t \u0111\u1ed9ng ph\u1ee5 thu\u1ed9c v\u00e0o m\u1eadt \u0111\u1ed9 \u0111\u00e0n v\u00e0 \u0111i\u1ec1u ki\u1ec7n m\u00f4i tr\u01b0\u1eddng theo m\u00f9a.<\/p>  <\/div> <\/div> <div id=\"faq-question-1772440918053\" class=\"rank-math-list-item\"> <h3 class=\"rank-math-question\">C\u00f3 th\u1ec3 ho\u1ea1t \u0111\u1ed9ng trong \u0111i\u1ec1u ki\u1ec7n ph\u00e2n \u01b0\u1edbt kh\u00f4ng?<\/h3> <div class=\"rank-math-answer\">  <p>C\u00f3. M\u00e1y l\u00e0m s\u1ea1ch ph\u00e2n c\u1ee7a Taizy \u0111\u01b0\u1ee3c thi\u1ebft k\u1ebf \u0111\u1ec3 x\u1eed l\u00fd m\u00f4i tr\u01b0\u1eddng ph\u00e2n \u01b0\u1edbt.<\/p>  <\/div> <\/div> <\/div> <\/div>","protected":false},"excerpt":{"rendered":"<p>M\u00e1y l\u00e0m s\u1ea1ch ph\u00e2n Taizy \u0111\u01b0\u1ee3c thi\u1ebft k\u1ebf v\u1edbi ch\u1ee9c n\u0103ng lo\u1ea1i b\u1ecf ph\u00e2n, v\u1eadn chuy\u1ec3n v\u00e0 t\u1ef1 x\u1ea3, v\u1edbi 3-5 ph\u00fat ho\u1eb7c 5-8 ph\u00fat cho m\u1ed7i xe t\u1ea3i cho trang tr\u1ea1i gia s\u00fac.<\/p>","protected":false},"author":1,"featured_media":8929,"parent":0,"template":"","tags":[116],"product-type":[19],"class_list":["post-8928","product","type-product","status-publish","has-post-thumbnail","hentry","tag-silage","product-type-silage-machine"],"_links":{"self":[{"href":"https:\/\/taizyagromachine.com\/vi\/wp-json\/wp\/v2\/product\/8928","targetHints":{"allow":["GET"]}}],"collection":[{"href":"https:\/\/taizyagromachine.com\/vi\/wp-json\/wp\/v2\/product"}],"about":[{"href":"https:\/\/taizyagromachine.com\/vi\/wp-json\/wp\/v2\/types\/product"}],"author":[{"embeddable":true,"href":"https:\/\/taizyagromachine.com\/vi\/wp-json\/wp\/v2\/users\/1"}],"wp:featuredmedia":[{"embeddable":true,"href":"https:\/\/taizyagromachine.com\/vi\/wp-json\/wp\/v2\/media\/8929"}],"wp:attachment":[{"href":"https:\/\/taizyagromachine.com\/vi\/wp-json\/wp\/v2\/media?parent=8928"}],"wp:term":[{"taxonomy":"post_tag","embeddable":true,"href":"https:\/\/taizyagromachine.com\/vi\/wp-json\/wp\/v2\/tags?post=8928"},{"taxonomy":"product-type","embeddable":true,"href":"https:\/\/taizyagromachine.com\/vi\/wp-json\/wp\/v2\/product-type?post=8928"}],"curies":[{"name":"wp","href":"https:\/\/api.w.org\/{rel}","templated":true}]}}