{"id":9040,"date":"2026-04-03T18:02:13","date_gmt":"2026-04-03T10:02:13","guid":{"rendered":"https:\/\/taizyagromachine.com\/product\/peanut-peeling-machine-for-roasted-peanuts\/"},"modified":"2026-04-07T10:39:20","modified_gmt":"2026-04-07T02:39:20","slug":"roasted-peanut-peeling-machine","status":"publish","type":"product","link":"https:\/\/taizyagromachine.com\/vi\/product\/roasted-peanut-peeling-machine\/","title":{"rendered":"M\u00e1y b\u00f3c v\u1ecf \u0111\u1eadu ph\u1ed9ng cho \u0111\u1eadu ph\u1ed9ng rang"},"content":{"rendered":"<p class=\"translation-block\">Taizy <strong>M\u00e1y b\u00f3c v\u1ecf \u0111\u1eadu ph\u1ed9ng<\/strong>, c\u00f2n g\u1ecdi l\u00e0 <strong>m\u00e1y b\u00f3c v\u1ecf \u0111\u1eadu ph\u1ed9ng rang<\/strong> ho\u1eb7c <strong>m\u00e1y lo\u1ea1i b\u1ecf v\u1ecf \u0111\u1eadu<\/strong>, l\u00e0 thi\u1ebft b\u1ecb b\u00f3c v\u1ecf kh\u00f4 ti\u00ean ti\u1ebfn nh\u1ea5t cho \u0111\u1eadu ph\u1ed9ng rang. V\u1edbi c\u1ea5u tr\u00fac h\u1ee3p l\u00fd, ho\u1ea1t \u0111\u1ed9ng tr\u01a1n tru, tu\u1ed5i th\u1ecd cao v\u00e0 t\u1ef7 l\u1ec7 b\u00f3c v\u1ecf cao, m\u00e1y n\u00e0y l\u00e0 thi\u1ebft y\u1ebfu cho c\u00e1c nh\u00e0 m\u00e1y ch\u1ebf bi\u1ebfn th\u1ef1c ph\u1ea9m, nh\u00e0 m\u00e1y ch\u1ebf bi\u1ebfn h\u1ea1t, nh\u00e0 s\u1ea3n xu\u1ea5t \u0111\u1ed3 \u0103n v\u1eb7t v\u00e0 ng\u00e0nh b\u00e1nh m\u00ec c\u1ea7n v\u1ecf \u0111\u1eadu ph\u1ed9ng \u0111\u00e3 b\u00f3c cho s\u1ea3n ph\u1ea9m c\u1ee7a h\u1ecd.<\/p>    <p class=\"translation-block\">Our groundnut peeling machine achieves a <strong>peeling rate of 96-98%<\/strong> with adjustable breakage rates depending on peanut variety and roasting degree. Multiple units can be combined for higher capacity, and the peeling quality meets export standards. <\/p>    <p>Whether you are producing milky white peanuts, peanut butter, peanut milk, or peanut granules, our peeling machine delivers consistent and reliable results.<\/p>    <figure class=\"wp-block-embed is-type-video is-provider-youtube wp-block-embed-youtube wp-embed-aspect-16-9 wp-has-aspect-ratio\"><div class=\"wp-block-embed__wrapper\"> <iframe loading=\"lazy\" title=\"M\u00e1y b\u00f3c v\u1ecf \u0111\u1eadu ph\u1ed9ng t\u1ef1 \u0111\u1ed9ng | Qu\u00e1 tr\u00ecnh b\u00f3c v\u1ecf nhanh, h\u00e0i l\u00f2ng!#\u0111\u1eaduph\u1ed9ng #b\u00f3c v\u1ecf\" width=\"500\" height=\"281\" src=\"https:\/\/www.youtube.com\/embed\/gPExOa3LTvU?feature=oembed\" frameborder=\"0\" allow=\"accelerometer; autoplay; clipboard-write; encrypted-media; gyroscope; picture-in-picture; web-share\" referrerpolicy=\"strict-origin-when-cross-origin\" allowfullscreen><\/iframe> <\/div><figcaption class=\"wp-element-caption\">video ho\u1ea1t \u0111\u1ed9ng c\u1ee7a m\u00e1y b\u00f3c v\u1ecf \u0111\u1eadu ph\u1ed9ng<\/figcaption><\/figure>    <h2 class=\"wp-block-heading\"><strong>M\u00e1y b\u00f3c v\u1ecf \u0111\u1eadu ph\u1ed9ng l\u00e0 g\u00ec?<\/strong><\/h2>    <p>M\u00e1y b\u00f3c v\u1ecf \u0111\u1eadu ph\u1ed9ng l\u00e0 thi\u1ebft b\u1ecb c\u01a1 kh\u00ed lo\u1ea1i b\u1ecf l\u1edbp v\u1ecf \u0111\u1ecf (testa) t\u1eeb \u0111\u1eadu ph\u1ed9ng rang th\u00f4ng qua s\u1ef1 k\u1ebft h\u1ee3p c\u1ee7a ma s\u00e1t, lu\u1ed3ng kh\u00ed v\u00e0 rung \u0111\u1ed9ng. Kh\u00f4ng gi\u1ed1ng nh\u01b0 m\u00e1y t\u00e1ch v\u1ecf \u0111\u1eadu, m\u00e1y b\u00f3c v\u1ecf ch\u1ec9 l\u00e0m vi\u1ec7c tr\u00ean \u0111\u1eadu \u0111\u00e3 rang \u0111\u1ec3 lo\u1ea1i b\u1ecf l\u1edbp v\u1ecf m\u1ecfng \u0111\u1ecf.<\/p>    <p>M\u00e1y ho\u1ea1t \u0111\u1ed9ng b\u1eb1ng c\u00e1ch \u0111\u01b0a \u0111\u1eadu ph\u1ed9ng rang v\u00e0o bu\u1ed3ng b\u00f3c v\u1ecf, n\u01a1i ch\u00fang tr\u1ea3i qua ma s\u00e1t nh\u1eb9 v\u00e0 ph\u00e2n t\u00e1ch b\u1eb1ng kh\u00ed. V\u1ecf \u0111\u1ecf \u0111\u01b0\u1ee3c lo\u1ea1i b\u1ecf v\u00e0 t\u00e1ch ra kh\u1ecfi h\u1ea1t \u0111\u1eadu tr\u1eafng th\u00f4ng qua h\u1ec7 th\u1ed1ng ph\u00e2n t\u00e1ch kh\u00ed t\u00edch h\u1ee3p, cho ra \u0111\u1eadu ph\u1ed9ng s\u1ea1ch, kh\u00f4ng v\u1ecf, s\u1eb5n s\u00e0ng cho x\u1eed l\u00fd ho\u1eb7c \u0111\u00f3ng g\u00f3i ti\u1ebfp theo.<\/p>   <div class=\"wp-block-image\"> <figure class=\"aligncenter size-full\"><img loading=\"lazy\" decoding=\"async\" width=\"720\" height=\"540\" src=\"https:\/\/taizyagromachine.com\/wp-content\/uploads\/2026\/04\/roasted-groundnut-peeling-machine.webp\" alt=\"m\u00e1y b\u00f3c v\u1ecf \u0111\u1eadu ph\u1ed9ng rang\" class=\"wp-image-9045\" srcset=\"https:\/\/taizyagromachine.com\/wp-content\/uploads\/2026\/04\/roasted-groundnut-peeling-machine.webp 720w, https:\/\/taizyagromachine.com\/wp-content\/uploads\/2026\/04\/roasted-groundnut-peeling-machine-16x12.webp 16w\" sizes=\"auto, (max-width: 720px) 100vw, 720px\" \/><figcaption class=\"wp-element-caption\">m\u00e1y b\u00f3c v\u1ecf \u0111\u1eadu ph\u1ed9ng rang<\/figcaption><\/figure> <\/div>   <h2 class=\"wp-block-heading\"><strong>Th\u00f4ng s\u1ed1 k\u1ef9 thu\u1eadt c\u1ee7a m\u00e1y b\u00f3c v\u1ecf \u0111\u1eadu ph\u1ed9ng Taizy<\/strong><\/h2>    <figure class=\"wp-block-table\"><table class=\"has-fixed-layout\"><thead><tr><th>Ng\u01b0\u1eddi m\u1eabu<\/th><th>C\u00f4ng su\u1ea5t (kg\/h)<\/th><th>C\u00f4ng su\u1ea5t (kW)<\/th><th>K\u00edch th\u01b0\u1edbc (mm)<\/th><th>Tr\u1ecdng l\u01b0\u1ee3ng t\u1ecbnh (kg)<\/th><th>Tr\u1ecdng l\u01b0\u1ee3ng t\u1ecbnh (kg)<\/th><th>T\u1ef7 l\u1ec7 b\u00f3c v\u1ecf<\/th><th>T\u1ef7 l\u1ec7 n\u1eeda v\u1ecf<\/th><\/tr><\/thead><tbody><tr><td>HT-1<\/td><td>200<\/td><td>0.75<\/td><td>1100\u00d7400\u00d71100<\/td><td>110<\/td><td>130<\/td><td>98%<\/td><td>2-60%<\/td><\/tr><tr><td>HT-2<\/td><td>400<\/td><td>1.5<\/td><td>1100\u00d7600\u00d71100<\/td><td>200<\/td><td>260<\/td><td>96%<\/td><td>5-20%<\/td><\/tr><tr><td>HT-3<\/td><td>600<\/td><td>2.61<\/td><td>1180\u00d7900\u00d71100<\/td><td>300<\/td><td>370<\/td><td>96%<\/td><td>5-20%<\/td><\/tr><\/tbody><\/table><figcaption class=\"wp-element-caption\">Th\u00f4ng s\u1ed1 k\u1ef9 thu\u1eadt c\u1ee7a m\u00e1y b\u00f3c v\u1ecf \u0111\u1eadu ph\u1ed9ng<\/figcaption><\/figure>    <p class=\"translation-block\"><strong>Ghi ch\u00fa:<\/strong><\/p>    <ul class=\"wp-block-list\"> <li>T\u1ea5t c\u1ea3 c\u00e1c m\u1eabu \u0111\u1ec1u c\u00f3 c\u1ea5u tr\u00fac b\u1eb1ng th\u00e9p kh\u00f4ng g\u1ec9 \u0111\u1ec3 \u0111\u1ea3m b\u1ea3o an to\u00e0n th\u1ef1c ph\u1ea9m v\u00e0 tu\u1ed5i th\u1ecd l\u00e2u d\u00e0i.<\/li>    <li>Nhi\u1ec1u thi\u1ebft b\u1ecb c\u00f3 th\u1ec3 k\u1ebft h\u1ee3p \u0111\u1ec3 \u0111\u00e1p \u1ee9ng y\u00eau c\u1ea7u c\u00f4ng su\u1ea5t cao h\u01a1n<\/li>    <li>Ch\u1ea5t l\u01b0\u1ee3ng b\u00f3c v\u1ecf \u0111\u00e1p \u1ee9ng ti\u00eau chu\u1ea9n xu\u1ea5t kh\u1ea9u qu\u1ed1c t\u1ebf<\/li>    <li>T\u1ef7 l\u1ec7 v\u1ee1 thay \u0111\u1ed5i d\u1ef1a tr\u00ean gi\u1ed1ng \u0111\u1eadu v\u00e0 m\u1ee9c \u0111\u1ed9 rang<\/li>    <li>K\u00edch th\u01b0\u1edbc \u0111\u00f3ng g\u00f3i l\u1edbn h\u01a1n k\u00edch th\u01b0\u1edbc r\u00f2ng kho\u1ea3ng 100-150mm cho t\u1eebng m\u1eabu m\u00e3<\/li> <\/ul>   <div class=\"wp-block-image\"> <figure class=\"aligncenter size-full\"><img loading=\"lazy\" decoding=\"async\" width=\"720\" height=\"540\" src=\"https:\/\/taizyagromachine.com\/wp-content\/uploads\/2026\/04\/industrial-peanut-peeling-machine.webp\" alt=\"m\u00e1y b\u00f3c v\u1ecf \u0111\u1eadu ph\u1ed9ng c\u00f4ng nghi\u1ec7p\" class=\"wp-image-9044\" srcset=\"https:\/\/taizyagromachine.com\/wp-content\/uploads\/2026\/04\/industrial-peanut-peeling-machine.webp 720w, https:\/\/taizyagromachine.com\/wp-content\/uploads\/2026\/04\/industrial-peanut-peeling-machine-16x12.webp 16w\" sizes=\"auto, (max-width: 720px) 100vw, 720px\" \/><figcaption class=\"wp-element-caption\">m\u00e1y b\u00f3c v\u1ecf \u0111\u1eadu ph\u1ed9ng c\u00f4ng nghi\u1ec7p<\/figcaption><\/figure> <\/div>   <h2 class=\"wp-block-heading\"><strong>C\u00e1c l\u1ee3i \u00edch ch\u00ednh c\u1ee7a m\u00e1y b\u00f3c v\u1ecf \u0111\u1eadu ph\u1ed9ng<\/strong><\/h2>    <ul class=\"wp-block-list\"> <li><strong>Ti\u1ebft ki\u1ec7m n\u0103ng l\u01b0\u1ee3ng<\/strong>: Ti\u00eau th\u1ee5 \u0111i\u1ec7n n\u0103ng th\u1ea5p (0.75-2.61kW) gi\u00fap gi\u1ea3m chi ph\u00ed v\u1eadn h\u00e0nh.<\/li>    <li><strong>C\u00f4ng ngh\u1ec7 b\u00f3c v\u1ecf kh\u00f4 ti\u00ean ti\u1ebfn<\/strong>: Thi\u1ebft b\u1ecb b\u00f3c v\u1ecf kh\u00f4 ti\u00ean ti\u1ebfn nh\u1ea5t cho \u0111\u1eadu ph\u1ed9ng rang, \u0111\u1ea3m b\u1ea3o b\u00f3c v\u1ecf hi\u1ec7u qu\u1ea3 v\u00e0 s\u1ea1ch s\u1ebd.<\/li>    <li><strong>T\u1ef7 l\u1ec7 b\u00f3c v\u1ecf cao<\/strong>: T\u1ef7 l\u1ec7 b\u00f3c v\u1ecf 96-98% \u0111\u00e1p \u1ee9ng ti\u00eau chu\u1ea9n xu\u1ea5t kh\u1ea9u qu\u1ed1c t\u1ebf cho ch\u1ea5t l\u01b0\u1ee3ng cao c\u1ea5p.<\/li>    <li><strong>Thi\u1ebft k\u1ebf c\u1ea5u tr\u00fac h\u1ee3p l\u00fd<\/strong>: C\u1ea5u tr\u00fac \u0111\u01b0\u1ee3c thi\u1ebft k\u1ebf t\u1ed1t \u0111\u1ea3m b\u1ea3o ho\u1ea1t \u0111\u1ed9ng tr\u01a1n tru v\u00e0 hi\u1ec7u su\u1ea5t \u1ed5n \u0111\u1ecbnh.<\/li>    <li><strong>Th\u1eddi gian s\u1eed d\u1ee5ng l\u00e2u d\u00e0i<\/strong>: V\u1eadt li\u1ec7u ch\u1ea5t l\u01b0\u1ee3ng cao v\u00e0 c\u1ea5u tr\u00fac b\u1ec1n \u0111\u1ea3m b\u1ea3o ho\u1ea1t \u0111\u1ed9ng l\u00e2u d\u00e0i.<\/li>    <li><strong>\u0110i\u1ec1u ch\u1ec9nh t\u1ef7 l\u1ec7 v\u1ee1<\/strong>: T\u1ef7 l\u1ec7 v\u1ee1 (t\u1ef7 l\u1ec7 n\u1eeda v\u1ecf) t\u1eeb 2-60% (t\u00f9y theo gi\u1ed1ng \u0111\u1eadu v\u00e0 m\u1ee9c \u0111\u1ed9 rang) c\u00f3 th\u1ec3 t\u1ed1i \u01b0u h\u00f3a cho c\u00e1c \u1ee9ng d\u1ee5ng kh\u00e1c nhau.<\/li>    <li><strong>Gi\u1ea3i ph\u00e1p m\u1edf r\u1ed9ng<\/strong>: Nhi\u1ec1u thi\u1ebft b\u1ecb c\u00f3 th\u1ec3 k\u1ebft h\u1ee3p \u0111\u1ec3 \u0111\u00e1p \u1ee9ng y\u00eau c\u1ea7u c\u00f4ng su\u1ea5t cao h\u01a1n.<\/li>    <li><strong>C\u1ea5u tr\u00fac \u0111\u1ea1t ti\u00eau chu\u1ea9n th\u1ef1c ph\u1ea9m<\/strong>: V\u1eadt li\u1ec7u th\u00e9p kh\u00f4ng g\u1ec9 \u0111\u00e1p \u1ee9ng ti\u00eau chu\u1ea9n an to\u00e0n th\u1ef1c ph\u1ea9m.<\/li>    <li><strong>: D\u1ec5 v\u1eadn h\u00e0nh<\/strong>: \u0110i\u1ec1u khi\u1ec3n \u0111\u01a1n gi\u1ea3n v\u00e0 y\u00eau c\u1ea7u \u0111\u00e0o t\u1ea1o t\u1ed1i thi\u1ec3u cho ng\u01b0\u1eddi v\u1eadn h\u00e0nh.<\/li>    <li><strong>D\u1ec5 l\u00e0m s\u1ea1ch<\/strong>: B\u1ec1 m\u1eb7t m\u1ecbn v\u00e0 thi\u1ebft k\u1ebf d\u1ec5 ti\u1ebfp c\u1eadn cho ph\u00e9p l\u00e0m s\u1ea1ch nhanh ch\u00f3ng v\u00e0 k\u1ef9 l\u01b0\u1ee1ng.<\/li> <\/ul>    <h2 class=\"wp-block-heading\"><strong>M\u00e1y b\u00f3c v\u1ecf \u0111\u1eadu ph\u1ed9ng ho\u1ea1t \u0111\u1ed9ng nh\u01b0 th\u1ebf n\u00e0o?<\/strong><\/h2>    <p>Qu\u00e1 tr\u00ecnh b\u00f3c v\u1ecf g\u1ed3m nhi\u1ec1u giai \u0111o\u1ea1n:<\/p>    <ol class=\"wp-block-list\"> <li><strong>cho \u0103n<\/strong>: \u0110\u1eadu ph\u1ed9ng rang \u0111\u01b0\u1ee3c \u0111\u01b0a v\u00e0o m\u00e1y qua h\u1ec7 th\u1ed1ng ph\u1ec5u ho\u1eb7c b\u0103ng chuy\u1ec1n.<\/li>    <li><strong>Bu\u1ed3ng b\u00f3c v\u1ecf<\/strong>: \u0110\u1eadu ph\u1ed9ng \u0111i v\u00e0o tr\u1ed1ng quay ho\u1eb7c bu\u1ed3ng n\u01a1i ch\u00fang c\u1ecd x\u00e1t v\u00e0o nhau v\u00e0 th\u00e0nh tr\u1ed1ng, l\u00e0m v\u1ecf v\u1ee1 v\u00e0 t\u00e1ch ra.<\/li>    <li><strong>Ph\u00e2n lo\u1ea1i kh\u00ed<\/strong>: Qu\u1ea1t t\u00edch h\u1ee3p t\u1ea1o lu\u1ed3ng kh\u00ed mang v\u1ecf \u0111\u1eadu nh\u1eb9 \u0111i trong khi h\u1ea1t \u0111\u1eadu n\u1eb7ng h\u01a1n r\u01a1i xu\u1ed1ng.<\/li>    <li><strong>Thu th\u1eadp<\/strong>: \u0110\u1eadu ph\u1ed9ng \u0111\u00e3 b\u00f3c v\u1ecf \u0111\u01b0\u1ee3c thu th\u1eadp trong m\u1ed9t container, trong khi v\u1ecf \u0111\u01b0\u1ee3c thu th\u1eadp ri\u00eang \u0111\u1ec3 x\u1eed l\u00fd ho\u1eb7c s\u1eed d\u1ee5ng l\u00e0m ph\u1ee5 ph\u1ea9m.<\/li>    <li><strong>Ki\u1ec3m so\u00e1t ch\u1ea5t l\u01b0\u1ee3ng<\/strong>: M\u1ed9t s\u1ed1 m\u1eabu c\u00f3 h\u1ec7 th\u1ed1ng ph\u00e2n lo\u1ea1i ph\u1ee5 \u0111\u1ec3 lo\u1ea1i b\u1ecf \u0111\u1eadu ch\u01b0a b\u00f3c v\u1ecf \u0111\u1ec3 x\u1eed l\u00fd l\u1ea1i.<\/li> <\/ol>   <div class=\"wp-block-image\"> <figure class=\"aligncenter size-full\"><img loading=\"lazy\" decoding=\"async\" width=\"720\" height=\"540\" src=\"https:\/\/taizyagromachine.com\/wp-content\/uploads\/2026\/04\/peanut-skin-removing-machine-for-sale.webp\" alt=\"m\u00e1y lo\u1ea1i b\u1ecf v\u1ecf \u0111\u1eadu ph\u1ed9ng \u0111\u1ec3 b\u00e1n\" class=\"wp-image-9047\" srcset=\"https:\/\/taizyagromachine.com\/wp-content\/uploads\/2026\/04\/peanut-skin-removing-machine-for-sale.webp 720w, https:\/\/taizyagromachine.com\/wp-content\/uploads\/2026\/04\/peanut-skin-removing-machine-for-sale-16x12.webp 16w\" sizes=\"auto, (max-width: 720px) 100vw, 720px\" \/><figcaption class=\"wp-element-caption\">m\u00e1y lo\u1ea1i b\u1ecf v\u1ecf \u0111\u1eadu ph\u1ed9ng \u0111\u1ec3 b\u00e1n<\/figcaption><\/figure> <\/div>   <h2 class=\"wp-block-heading\"><strong>\u1ee8ng d\u1ee5ng v\u00e0 ng\u00e0nh c\u00f4ng nghi\u1ec7p<\/strong><\/h2>    <h3 class=\"wp-block-heading\"><strong>S\u1ea3n xu\u1ea5t b\u01a1 \u0111\u1eadu ph\u1ed9ng<\/strong><\/h3>    <p>\u0110\u1eadu ph\u1ed9ng \u0111\u00e3 b\u00f3c v\u1ecf l\u00e0 th\u00e0nh ph\u1ea7n ch\u00ednh c\u1ee7a b\u01a1 \u0111\u1eadu ph\u1ed9ng m\u1ecbn. Vi\u1ec7c lo\u1ea1i b\u1ecf v\u1ecf \u0111\u1ecf \u0111\u1ea3m b\u1ea3o m\u00e0u s\u1eafc \u0111\u1ed3ng nh\u1ea5t v\u00e0 lo\u1ea1i b\u1ecf v\u1ecb \u0111\u1eafng t\u1eeb v\u1ecf, mang l\u1ea1i b\u01a1 \u0111\u1eadu ph\u1ed9ng ch\u1ea5t l\u01b0\u1ee3ng cao.<\/p>    <h3 class=\"wp-block-heading\"><strong>Ng\u00e0nh c\u00f4ng nghi\u1ec7p \u0111\u1ed3 \u0103n v\u1eb7t<\/strong><\/h3>    <p>\u0110\u1eadu ph\u1ed9ng \u0111\u00e3 qua x\u1eed l\u00fd nhi\u1ec7t \u0111\u01b0\u1ee3c s\u1eed d\u1ee5ng trong nhi\u1ec1u s\u1ea3n ph\u1ea9m \u0111\u1ed3 \u0103n v\u1eb7t bao g\u1ed3m:<\/p>    <ul class=\"wp-block-list\"> <li>\u0110\u1eadu ph\u1ed9ng rang v\u00e0 mu\u1ed1i<\/li>    <li>\u0110\u1ed3 \u0103n v\u1eb7t c\u00f3 v\u1ecb<\/li>    <li>T\u1ed5 \u0111\u1eadu v\u00e0 thanh<\/li>    <li>Tr\u1ed9n trail<\/li> <\/ul>    <h3 class=\"wp-block-heading\"><strong>B\u00e1nh m\u00ec v\u00e0 k\u1eb9o<\/strong><\/h3>    <p>C\u00e1c th\u00e0nh ph\u1ea7n c\u1ea7n thi\u1ebft c\u1ee7a \u0111\u1eadu ph\u1ed9ng \u0111\u00e3 b\u00f3c v\u1ecf l\u00e0 g\u00ec?<\/p>    <ul class=\"wp-block-list\"> <li>S\u1ea3n ph\u1ea9m b\u00e1nh m\u00ec (b\u00e1nh quy, b\u00e1nh kem, b\u00e1nh m\u00ec)<\/li>    <li>\u0110\u1eadu ph\u1ed9ng ph\u1ee7 socola<\/li>    <li>K\u1eb9o nougat v\u00e0 thanh k\u1eb9o<\/li>    <li>Trang tr\u00ed kem<\/li> <\/ul>    <h3 class=\"wp-block-heading\"><strong>C\u00e1c \u1ee9ng d\u1ee5ng kh\u00e1c<\/strong><\/h3>    <ul class=\"wp-block-list\"> <li>S\u1ea3n xu\u1ea5t b\u1ed9t \u0111\u1eadu ph\u1ed9ng<\/li>    <li>Chi\u1ebft xu\u1ea5t d\u1ea7u \u0111\u1eadu ph\u1ed9ng (ti\u1ec1n x\u1eed l\u00fd)<\/li>    <li>S\u1ea3n xu\u1ea5t b\u1ed9t protein<\/li>    <li>Th\u00e0nh ph\u1ea7n th\u1ee9c \u0103n ch\u0103n nu\u00f4i<\/li> <\/ul>    <h2 class=\"wp-block-heading\"><strong>D\u00e2y chuy\u1ec1n ch\u1ebf bi\u1ebfn \u0111\u1eadu ph\u1ed9ng ho\u00e0n ch\u1ec9nh<\/strong><\/h2>    <p>M\u00e1y b\u00f3c v\u1ecf \u0111\u1eadu ph\u1ed9ng c\u1ee7a ch\u00fang t\u00f4i c\u00f3 th\u1ec3 t\u00edch h\u1ee3p v\u00e0o d\u00e2y chuy\u1ec1n ch\u1ebf bi\u1ebfn \u0111\u1eadu ph\u1ed9ng ho\u00e0n ch\u1ec9nh bao g\u1ed3m:<\/p>    <ol class=\"wp-block-list\"> <li><strong><a href=\"https:\/\/taizyagromachine.com\/vi\/product\/groundnut-sheller\/\">M\u00e1y xay l\u1ea1c<\/a><\/strong> &#8211; Remove hard shells from raw peanuts<\/li>    <li><strong>M\u00e1y rang \u0111\u1eadu ph\u1ed9ng<\/strong> &#8211; Roast peanuts to perfection<\/li>    <li><strong>M\u00e1y b\u00f3c v\u1ecf \u0111\u1eadu ph\u1ed9ng<\/strong> &#8211; Remove red skins from roasted peanuts<\/li>    <li><strong>M\u00e1y ph\u00e2n lo\u1ea1i<\/strong> &#8211; Remove defects and unpeeled peanuts<\/li>    <li><strong>M\u00e1y \u0111\u00f3ng g\u00f3i<\/strong> &#8211; Package finished products<\/li> <\/ol>    <p>Gi\u1ea3i ph\u00e1p t\u00edch h\u1ee3p n\u00e0y cung c\u1ea5p quy tr\u00ecnh l\u00e0m vi\u1ec7c li\u1ec1n m\u1ea1ch t\u1eeb \u0111\u1eadu ph\u1ed9ng nguy\u00ean li\u1ec7u \u0111\u1ebfn s\u1ea3n ph\u1ea9m \u0111\u00e3 b\u00f3c v\u1ecf ho\u00e0n ch\u1ec9nh, t\u1ed1i \u0111a h\u00f3a hi\u1ec7u qu\u1ea3 v\u00e0 ch\u1ea5t l\u01b0\u1ee3ng s\u1ea3n ph\u1ea9m.<\/p>    <h2 class=\"wp-block-heading\"><strong>C\u00e2u chuy\u1ec7n th\u00e0nh c\u00f4ng c\u1ee7a kh\u00e1ch h\u00e0ng: M\u00e1y b\u00f3c v\u1ecf \u0111\u1eadu ph\u1ed9ng rang<\/strong><\/h2>    <p>C\u00e1c m\u00e1y b\u00f3c v\u1ecf \u0111\u1eadu ph\u1ed9ng c\u1ee7a ch\u00fang t\u00f4i \u0111\u00e3 \u0111\u01b0\u1ee3c xu\u1ea5t kh\u1ea9u th\u00e0nh c\u00f4ng sang h\u01a1n 30 qu\u1ed1c gia, bao g\u1ed3m M\u1ef9, Canada, \u00dac, \u1ea4n \u0110\u1ed9, Nigeria, Ghana v\u00e0 kh\u1eafp \u0110\u00f4ng Nam \u00c1.<\/p>    <h3 class=\"wp-block-heading\"><strong>Nghi\u00ean c\u1ee9u \u0111i\u1ec3n h\u00ecnh: Nh\u00e0 m\u00e1y b\u01a1 \u0111\u1eadu ph\u1ed9ng t\u1ea1i Nigeria<\/strong><\/h3>    <p>A peanut butter manufacturer in Lagos, Nigeria purchased our 600 model to expand their production capacity. The machine&#8217;s high peeling rate and consistent performance allowed them to increase output by 40% while maintaining premium product quality. The customer reported significant labor cost savings and improved product consistency.<\/p>    <h3 class=\"wp-block-heading\"><strong>Nghi\u00ean c\u1ee9u \u0111i\u1ec3n h\u00ecnh: C\u00f4ng ty \u0111\u1ed3 \u0103n v\u1eb7t t\u1ea1i \u1ea4n \u0110\u1ed9<\/strong><\/h3>    <p>M\u1ed9t nh\u00e0 s\u1ea3n xu\u1ea5t \u0111\u1ed3 \u0103n v\u1eb7t l\u1edbn t\u1ea1i Mumbai \u0111\u00e3 t\u00edch h\u1ee3p m\u00e1y b\u00f3c v\u1ecf \u0111\u1eadu ph\u1ed9ng c\u1ee7a ch\u00fang t\u00f4i v\u00e0o d\u00e2y chuy\u1ec1n s\u1ea3n xu\u1ea5t \u0111\u1eadu ph\u1ed9ng c\u00f3 gia v\u1ecb c\u1ee7a h\u1ecd. K\u1ebft c\u1ea5u th\u00e9p kh\u00f4ng g\u1ec9 v\u00e0 t\u00ednh n\u0103ng d\u1ec5 l\u00e0m s\u1ea1ch \u0111\u00e1p \u1ee9ng ti\u00eau chu\u1ea9n v\u1ec7 sinh nghi\u00eam ng\u1eb7t c\u1ee7a h\u1ecd, trong khi hi\u1ec7u qu\u1ea3 b\u00f3c v\u1ecf cao \u0111\u00e3 n\u00e2ng cao n\u0103ng su\u1ea5t t\u1ed5ng th\u1ec3 c\u1ee7a h\u1ecd l\u00ean 15%.<\/p>   <div class=\"wp-block-image\"> <figure class=\"aligncenter size-full\"><img loading=\"lazy\" decoding=\"async\" width=\"720\" height=\"540\" src=\"https:\/\/taizyagromachine.com\/wp-content\/uploads\/2026\/04\/peanut-skin-remover-used-in-groundnut-processing.webp\" alt=\"m\u00e1y lo\u1ea1i b\u1ecf v\u1ecf \u0111\u1eadu ph\u1ed9ng d\u00f9ng trong ch\u1ebf bi\u1ebfn \u0111\u1eadu ph\u1ed9ng\" class=\"wp-image-9046\" srcset=\"https:\/\/taizyagromachine.com\/wp-content\/uploads\/2026\/04\/peanut-skin-remover-used-in-groundnut-processing.webp 720w, https:\/\/taizyagromachine.com\/wp-content\/uploads\/2026\/04\/peanut-skin-remover-used-in-groundnut-processing-16x12.webp 16w\" sizes=\"auto, (max-width: 720px) 100vw, 720px\" \/><figcaption class=\"wp-element-caption\">m\u00e1y lo\u1ea1i b\u1ecf v\u1ecf \u0111\u1eadu ph\u1ed9ng d\u00f9ng trong ch\u1ebf bi\u1ebfn \u0111\u1eadu ph\u1ed9ng<\/figcaption><\/figure> <\/div>   <h2 class=\"wp-block-heading\"><strong>C\u00e1c c\u00e2u h\u1ecfi th\u01b0\u1eddng g\u1eb7p v\u1ec1 m\u00e1y b\u00f3c v\u1ecf \u0111\u1eadu ph\u1ed9ng<\/strong><\/h2>   <div id=\"rank-math-faq\" class=\"rank-math-block\"> <div class=\"rank-math-list\"> <div id=\"faq-001\" class=\"rank-math-list-item\"> <h3 class=\"rank-math-question\"><strong>S\u1ef1 kh\u00e1c bi\u1ec7t gi\u1eefa m\u00e1y b\u00f3c v\u1ecf \u0111\u1eadu ph\u1ed9ng v\u00e0 t\u00e1ch v\u1ecf \u0111\u1eadu ph\u1ed9ng l\u00e0 g\u00ec?<\/strong><\/h3> <div class=\"rank-math-answer\">  <p>M\u00e1y t\u00e1ch v\u1ecf \u0111\u1eadu ph\u1ed9ng lo\u1ea1i \u0111\u1ea5t l\u1ea5y v\u1ecf c\u1ee9ng t\u1eeb \u0111\u1eadu ph\u1ed9ng t\u01b0\u01a1i, trong khi m\u00e1y b\u00f3c v\u1ecf \u0111\u1eadu ph\u1ed9ng lo\u1ea1i b\u1ecf l\u1edbp v\u1ecf \u0111\u1ecf m\u1ecfng t\u1eeb \u0111\u1eadu ph\u1ed9ng rang. \u0110\u00e2y l\u00e0 hai lo\u1ea1i m\u00e1y kh\u00e1c nhau \u0111\u01b0\u1ee3c s\u1eed d\u1ee5ng \u1edf c\u00e1c giai \u0111o\u1ea1n kh\u00e1c nhau c\u1ee7a qu\u00e1 tr\u00ecnh x\u1eed l\u00fd \u0111\u1eadu ph\u1ed9ng.<\/p>  <\/div> <\/div> <div id=\"faq-002\" class=\"rank-math-list-item\"> <h3 class=\"rank-math-question\"><strong>T\u1ef7 l\u1ec7 b\u00f3c v\u1ecf c\u1ee7a m\u00e1y lo\u1ea1i b\u1ecf v\u1ecf \u0111\u1eadu ph\u1ed9ng c\u1ee7a b\u1ea1n l\u00e0 g\u00ec?<\/strong><\/h3> <div class=\"rank-math-answer\">  <p>Our peanut peeling machines achieve a peeling rate of 96-98% depending on the model. The HT-1 model achieves 98% peeling rate, while HT-2 and HT-3models achieve 96% peeling rate. All models meet international export standards.<\/p>  <\/div> <\/div> <div id=\"faq-003\" class=\"rank-math-list-item\"> <h3 class=\"rank-math-question\"><strong>T\u1ef7 l\u1ec7 v\u1ee1 l\u00e0 g\u00ec v\u00e0 l\u00e0m th\u1ebf n\u00e0o \u0111\u1ec3 ki\u1ec3m so\u00e1t?<\/strong><\/h3> <div class=\"rank-math-answer\">  <p>The breakage rate (half-piece rate) varies from 2-60% depending on peanut variety and roasting degree. For HT-1, it ranges from 2-60%; for HT-2 and HT-3, it ranges from 5-20%. <br \/>Vi\u1ec7c rang \u0111\u00fang c\u00e1ch v\u00e0 ch\u1ecdn c\u00e0i \u0111\u1eb7t m\u00e1y ph\u00f9 h\u1ee3p c\u00f3 th\u1ec3 t\u1ed1i \u01b0u h\u00f3a t\u1ef7 l\u1ec7 v\u1ee1 cho \u1ee9ng d\u1ee5ng c\u1ee7a b\u1ea1n.<\/p>  <\/div> <\/div> <div id=\"faq-004\" class=\"rank-math-list-item\"> <h3 class=\"rank-math-question\"><strong>C\u00f3 th\u1ec3 k\u1ebft h\u1ee3p nhi\u1ec1u m\u00e1y \u0111\u1ec3 t\u0103ng c\u00f4ng su\u1ea5t kh\u00f4ng?<\/strong><\/h3> <div class=\"rank-math-answer\">  <p>C\u00f3, nhi\u1ec1u m\u00e1y b\u00f3c v\u1ecf \u0111\u1eadu ph\u1ed9ng c\u00f3 th\u1ec3 k\u1ebft h\u1ee3p song song \u0111\u1ec3 \u0111\u1ea1t c\u00f4ng su\u1ea5t cao h\u01a1n. Gi\u1ea3i ph\u00e1p m\u1edf r\u1ed9ng n\u00e0y cho ph\u00e9p b\u1ea1n b\u1eaft \u0111\u1ea7u v\u1edbi m\u1ed9t thi\u1ebft b\u1ecb v\u00e0 m\u1edf r\u1ed9ng khi doanh nghi\u1ec7p c\u1ee7a b\u1ea1n ph\u00e1t tri\u1ec3n, ph\u00f9 h\u1ee3p cho c\u1ea3 doanh nghi\u1ec7p nh\u1ecf v\u00e0 ho\u1ea1t \u0111\u1ed9ng th\u01b0\u01a1ng m\u1ea1i l\u1edbn.<\/p>  <\/div> <\/div> <div id=\"faq-005\" class=\"rank-math-list-item\"> <h3 class=\"rank-math-question\"><strong>Y\u00eau c\u1ea7u v\u1ec1 ngu\u1ed3n \u0111i\u1ec7n cho t\u1eebng m\u1eabu l\u00e0 g\u00ec?<\/strong><\/h3> <div class=\"rank-math-answer\">  <p>Power requirements vary by model: HT-1 requires 0.75kW, HT-2 requires 1.5kW, and HT-3 requires 2.61kW. <br \/>T\u1ea5t c\u1ea3 c\u00e1c m\u1eabu \u0111\u1ec1u c\u00f3 th\u1ec3 ho\u1ea1t \u0111\u1ed9ng tr\u00ean ngu\u1ed3n \u0111i\u1ec7n m\u1ed9t pha ho\u1eb7c ba pha ti\u00eau chu\u1ea9n. Ch\u00fang t\u00f4i c\u00f3 th\u1ec3 t\u00f9y ch\u1ec9nh \u0111i\u1ec7n \u00e1p theo y\u00eau c\u1ea7u c\u1ee7a t\u1eebng qu\u1ed1c gia (110V\/220V\/380V).<\/p>  <\/div> <\/div> <div id=\"faq-006\" class=\"rank-math-list-item\"> <h3 class=\"rank-math-question\"><strong>K\u00edch th\u01b0\u1edbc v\u00e0 tr\u1ecdng l\u01b0\u1ee3ng c\u1ee7a t\u1eebng m\u1eabu m\u00e3 l\u00e0 g\u00ec?<\/strong><\/h3> <div class=\"rank-math-answer\">  <p>HT-1: 1100\u00d7400\u00d71100mm, net weight 110kg, gross weight 130kg. <br \/>HT-2: 1100\u00d7600\u00d71100mm, net weight 200kg, gross weight 260kg. <br \/>HT-3: 1180\u00d7900\u00d71100mm, net weight 300kg, gross weight 370kg. <br \/>K\u00edch th\u01b0\u1edbc \u0111\u00f3ng g\u00f3i l\u1edbn h\u01a1n k\u00edch th\u01b0\u1edbc r\u00f2ng kho\u1ea3ng 100-150mm.<\/p>  <\/div> <\/div> <div id=\"faq-007\" class=\"rank-math-list-item\"> <h3 class=\"rank-math-question\"><strong>C\u00e1c s\u1ea3n ph\u1ea9m c\u00f3 th\u1ec3 l\u00e0m t\u1eeb \u0111\u1eadu ph\u1ed9ng \u0111\u00e3 b\u00f3c v\u1ecf l\u00e0 g\u00ec?<\/strong><\/h3> <div class=\"rank-math-answer\">  <p>\u0110\u1eadu ph\u1ed9ng \u0111\u00e3 b\u00f3c v\u1ecf \u0111\u01b0\u1ee3c s\u1eed d\u1ee5ng \u0111\u1ec3 l\u00e0m \u0111\u1eadu ph\u1ed9ng tr\u1eafng s\u1eefa, b\u01a1 \u0111\u1eadu ph\u1ed9ng, s\u1eefa \u0111\u1eadu ph\u1ed9ng, h\u1ea1t \u0111\u1eadu ph\u1ed9ng, \u0111\u1ed3 \u0103n v\u1eb7t, nguy\u00ean li\u1ec7u b\u00e1nh m\u00ec, k\u1eb9o v\u00e0 b\u1ed9t \u0111\u1eadu ph\u1ed9ng. <br \/>Ch\u1ea5t l\u01b0\u1ee3ng b\u00f3c v\u1ecf \u0111\u00e1p \u1ee9ng ti\u00eau chu\u1ea9n xu\u1ea5t kh\u1ea9u, ph\u00f9 h\u1ee3p cho th\u1ecb tr\u01b0\u1eddng trong v\u00e0 ngo\u00e0i n\u01b0\u1edbc.<\/p>  <\/div> <\/div> <\/div> <\/div>   <h2 class=\"wp-block-heading\">Mua m\u00e1y b\u00f3c v\u1ecf \u0111\u1eadu ph\u1ed9ng ngay h\u00f4m nay<\/h2>    <p>S\u1eb5n s\u00e0ng n\u00e2ng cao hi\u1ec7u qu\u1ea3 x\u1eed l\u00fd \u0111\u1eadu ph\u1ed9ng c\u1ee7a b\u1ea1n? Li\u00ean h\u1ec7 v\u1edbi ch\u00fang t\u00f4i h\u00f4m nay \u0111\u1ec3 \u0111\u01b0\u1ee3c t\u01b0 v\u1ea5n mi\u1ec5n ph\u00ed v\u00e0 b\u00e1o gi\u00e1. \u0110\u1ed9i ng\u0169 c\u1ee7a ch\u00fang t\u00f4i s\u1ebd gi\u00fap b\u1ea1n ch\u1ecdn m\u1eabu ph\u00f9 h\u1ee3p v\u1edbi nhu c\u1ea7u v\u00e0 y\u00eau c\u1ea7u s\u1ea3n xu\u1ea5t c\u1ee7a b\u1ea1n.<\/p>    <p class=\"translation-block\"><strong>Th\u00f4ng tin li\u00ean h\u1ec7:<\/strong><\/p>    <ul class=\"wp-block-list\"> <li>WhatsApp: <a href=\"https:\/\/wa.me\/+8613673689272\" target=\"_blank\" rel=\"noopener\">+86 136 7368 9272<\/a><\/li>    <li>Email: info@taizyagromachine.com<\/li>    <li>Trang web: <a href=\"https:\/\/taizyagromachine.com\/vi\/\">taizyagromachine.com<\/a><\/li> <\/ul>    <p>Ch\u00fang t\u00f4i cung c\u1ea5p d\u1ecbch v\u1ee5 v\u1eadn chuy\u1ec3n to\u00e0n c\u1ea7u, h\u01b0\u1edbng d\u1eabn l\u1eafp \u0111\u1eb7t v\u00e0 h\u1ed7 tr\u1ee3 sau b\u00e1n h\u00e0ng \u0111\u1ec3 \u0111\u1ea3m b\u1ea3o th\u00e0nh c\u00f4ng c\u1ee7a b\u1ea1n v\u1edbi thi\u1ebft b\u1ecb c\u1ee7a ch\u00fang t\u00f4i.<\/p>","protected":false},"excerpt":{"rendered":"<p>Peanut peeling machine is designed to remove the red skin from roasted peanuts efficiently. High peeling rate \u226598%, low damage rate. Ideal for peanut butter production, snack processing, and bakery industry.<\/p>","protected":false},"author":1,"featured_media":9042,"parent":0,"template":"","tags":[247,250,246,249,248],"product-type":[21],"class_list":["post-9040","product","type-product","status-publish","has-post-thumbnail","hentry","tag-peanut","tag-peanut-blanching-machine","tag-peanut-peeling-machine","tag-peanut-skin-remover","tag-roasted-peanut-peeling-machine","product-type-peanut-machine"],"_links":{"self":[{"href":"https:\/\/taizyagromachine.com\/vi\/wp-json\/wp\/v2\/product\/9040","targetHints":{"allow":["GET"]}}],"collection":[{"href":"https:\/\/taizyagromachine.com\/vi\/wp-json\/wp\/v2\/product"}],"about":[{"href":"https:\/\/taizyagromachine.com\/vi\/wp-json\/wp\/v2\/types\/product"}],"author":[{"embeddable":true,"href":"https:\/\/taizyagromachine.com\/vi\/wp-json\/wp\/v2\/users\/1"}],"wp:featuredmedia":[{"embeddable":true,"href":"https:\/\/taizyagromachine.com\/vi\/wp-json\/wp\/v2\/media\/9042"}],"wp:attachment":[{"href":"https:\/\/taizyagromachine.com\/vi\/wp-json\/wp\/v2\/media?parent=9040"}],"wp:term":[{"taxonomy":"post_tag","embeddable":true,"href":"https:\/\/taizyagromachine.com\/vi\/wp-json\/wp\/v2\/tags?post=9040"},{"taxonomy":"product-type","embeddable":true,"href":"https:\/\/taizyagromachine.com\/vi\/wp-json\/wp\/v2\/product-type?post=9040"}],"curies":[{"name":"wp","href":"https:\/\/api.w.org\/{rel}","templated":true}]}}